{"id":4333,"date":"2022-07-23T02:03:57","date_gmt":"2022-07-23T02:03:57","guid":{"rendered":"https:\/\/moverdb.com\/?page_id=4333"},"modified":"2026-01-08T13:20:02","modified_gmt":"2026-01-08T13:20:02","slug":"island","status":"publish","type":"page","link":"https:\/\/moverdb.com\/da\/container-shipping\/iceland\/","title":{"rendered":"2023 S\u00f8fragt containerforsendelsespriser til og fra Island"},"content":{"rendered":"<div class=\"wp-block-image\">\r\n<figure class=\"aligncenter size-full\"><img loading=\"lazy\" decoding=\"async\" width=\"1000\" height=\"664\" src=\"https:\/\/moverdb.com\/wp-content\/uploads\/iceland.jpg\" alt=\"Luftfoto af Reykjavik, Island om vinteren\" class=\"wp-image-4328\" srcset=\"https:\/\/moverdb.com\/wp-content\/uploads\/iceland.jpg 1000w, https:\/\/moverdb.com\/wp-content\/uploads\/iceland-300x200.jpg 300w, https:\/\/moverdb.com\/wp-content\/uploads\/iceland-18x12.jpg 18w, https:\/\/moverdb.com\/wp-content\/uploads\/iceland-600x398.jpg 600w\" sizes=\"auto, (max-width: 1000px) 100vw, 1000px\" \/><\/figure>\r\n<\/div>\r\n\r\n\r\n<p><strong><a href=\"https:\/\/moverdb.com\/da\/moving-to-iceland\/\" data-internallinksmanager029f6b8e52c=\"434\" title=\"Flytter du til Island? 2026 Leveomkostninger og tips til flytning\">Island<\/a><\/strong> f\u00e5r de fleste mennesker, der aldrig har v\u00e6ret der, til at t\u00e6nke p\u00e5 kulde og is, men sp\u00f8rg enhver udl\u00e6nding, der bor der, og de vil fort\u00e6lle dig, at det faktisk er et af de smukkeste steder p\u00e5 jorden.<\/p>\r\n\r\n\r\n\r\n<p>Dette nordiske land er ber\u00f8mt for sine naturlige udsigter fyldt med gletsjere, gejsere, vulkaner og varme kilder. Livskvaliteten i Island er ogs\u00e5 us\u00e6dvanligt h\u00f8jt vurderet p\u00e5 alle lister derude. Landet tilbyder gode jobmuligheder, h\u00f8je l\u00f8nninger, fremragende sociale ydelser, stor sikkerhed og meget mere.<\/p>\r\n\r\n\r\n\r\n<p>Det er un\u00f8dvendigt at sige, at det kan v\u00e6re en smule dyrt at f\u00e5 transporteret dine ejendele til denne nordeurop\u00e6iske \u00f8.<\/p>\r\n\r\n\r\n\r\n<p>I denne artikel har vi vist alle de laveste Island <a href=\"https:\/\/moverdb.com\/da\/container-shipping\/\" data-internallinksmanager029f6b8e52c=\"3\" title=\"Diagram over internationale containerpriser: April 2026\">priser for containertransport<\/a> som vi kunne finde til og fra Reykjav\u00ed, Island.<\/p>\r\n\r\n\r\n\r\n<p>Du kan ogs\u00e5 f\u00e5 et pr\u00e6cist pristilbud p\u00e5 forsendelse til eller fra din lokation ved at bruge vores gratis tilbudsapparat \u00f8verst p\u00e5 denne side.<\/p>\r\n\r\n\r\n\r\n<div id=\"ez-toc-container\" class=\"ez-toc-v2_0_82_2 ez-toc-wrap-left counter-hierarchy ez-toc-counter ez-toc-transparent ez-toc-container-direction\">\n<div class=\"ez-toc-title-container\">\n<p class=\"ez-toc-title\" style=\"cursor:inherit\">Sektioner<\/p>\n<span class=\"ez-toc-title-toggle\"><a href=\"#\" class=\"ez-toc-pull-right ez-toc-btn ez-toc-btn-xs ez-toc-btn-default ez-toc-toggle\" aria-label=\"Toggle indholdsfortegnelse\"><span class=\"ez-toc-js-icon-con\"><span class=\"\"><span class=\"eztoc-hide\" style=\"display:none;\">Toggle<\/span><span class=\"ez-toc-icon-toggle-span\"><svg style=\"fill: #999;color:#999\" xmlns=\"http:\/\/www.w3.org\/2000\/svg\" class=\"list-377408\" width=\"20px\" height=\"20px\" viewbox=\"0 0 24 24\" fill=\"none\"><path d=\"M6 6H4v2h2V6zm14 0H8v2h12V6zM4 11h2v2H4v-2zm16 0H8v2h12v-2zM4 16h2v2H4v-2zm16 0H8v2h12v-2z\" fill=\"currentColor\"><\/path><\/svg><svg style=\"fill: #999;color:#999\" class=\"arrow-unsorted-368013\" xmlns=\"http:\/\/www.w3.org\/2000\/svg\" width=\"10px\" height=\"10px\" viewbox=\"0 0 24 24\" version=\"1.2\" baseprofile=\"tiny\"><path d=\"M18.2 9.3l-6.2-6.3-6.2 6.3c-.2.2-.3.4-.3.7s.1.5.3.7c.2.2.4.3.7.3h11c.3 0 .5-.1.7-.3.2-.2.3-.5.3-.7s-.1-.5-.3-.7zM5.8 14.7l6.2 6.3 6.2-6.3c.2-.2.3-.5.3-.7s-.1-.5-.3-.7c-.2-.2-.4-.3-.7-.3h-11c-.3 0-.5.1-.7.3-.2.2-.3.5-.3.7s.1.5.3.7z\"\/><\/svg><\/span><\/span><\/span><\/a><\/span><\/div>\n<nav><ul class='ez-toc-list ez-toc-list-level-1 eztoc-toggle-hide-by-default' ><li class='ez-toc-page-1 ez-toc-heading-level-2'><a class=\"ez-toc-link ez-toc-heading-1\" href=\"https:\/\/moverdb.com\/da\/container-shipping\/iceland\/#Shipping_Container_Costs_to_Iceland_Reykjavik\" >Omkostninger til forsendelse af containere til Island (Reykjav\u00edk)<\/a><\/li><li class='ez-toc-page-1 ez-toc-heading-level-2'><a class=\"ez-toc-link ez-toc-heading-2\" href=\"https:\/\/moverdb.com\/da\/container-shipping\/iceland\/#Shipping_Container_Costs_from_Iceland_Reykjavik\" >Omkostninger til skibscontainere fra Island (Reykjav\u00edk)<\/a><ul class='ez-toc-list-level-3' ><li class='ez-toc-heading-level-3'><a class=\"ez-toc-link ez-toc-heading-3\" href=\"https:\/\/moverdb.com\/da\/container-shipping\/iceland\/#Notes_about_data\" >Bem\u00e6rkninger om data:<\/a><\/li><\/ul><\/li><li class='ez-toc-page-1 ez-toc-heading-level-2'><a class=\"ez-toc-link ez-toc-heading-4\" href=\"https:\/\/moverdb.com\/da\/container-shipping\/iceland\/#Other_Useful_Guides_to_Iceland\" >Andre nyttige guider til Island<\/a><\/li><\/ul><\/nav><\/div>\n<h2 class=\"wp-block-heading\"><span class=\"ez-toc-section\" id=\"Shipping_Container_Costs_to_Iceland_Reykjavik\"><\/span>Omkostninger til forsendelse af containere til Island (Reykjav\u00edk)<span class=\"ez-toc-section-end\"><\/span><\/h2>\r\n\r\n\r\n<div class=\"wp-block-image\">\r\n<figure class=\"aligncenter size-large\"><img loading=\"lazy\" decoding=\"async\" width=\"1024\" height=\"539\" src=\"https:\/\/moverdb.com\/wp-content\/uploads\/Shipping-Container-Costs-to-Iceland-1024x539.png\" alt=\"Omkostninger til forsendelse af containere til Island (Reykjav\u00edk)\" class=\"wp-image-4335\" srcset=\"https:\/\/moverdb.com\/wp-content\/uploads\/Shipping-Container-Costs-to-Iceland-1024x539.png 1024w, https:\/\/moverdb.com\/wp-content\/uploads\/Shipping-Container-Costs-to-Iceland-300x158.png 300w, https:\/\/moverdb.com\/wp-content\/uploads\/Shipping-Container-Costs-to-Iceland-1536x809.png 1536w, https:\/\/moverdb.com\/wp-content\/uploads\/Shipping-Container-Costs-to-Iceland-18x9.png 18w, https:\/\/moverdb.com\/wp-content\/uploads\/Shipping-Container-Costs-to-Iceland-600x316.png 600w, https:\/\/moverdb.com\/wp-content\/uploads\/Shipping-Container-Costs-to-Iceland.png 2000w\" sizes=\"auto, (max-width: 1024px) 100vw, 1024px\" \/><\/figure>\r\n<\/div>\r\n\r\n\n<table id=\"tablepress-119\" class=\"tablepress tablepress-id-119\">\n<thead>\n<tr class=\"row-1\">\n\t<th class=\"column-1\">Bestemmelsesland (<a href=\"https:\/\/moverdb.com\/da\/top-49-container-ports\/\" data-internallinksmanager029f6b8e52c=\"80\" title=\"Top 49 st\u00f8rste og travleste containerhavne i 2025\">Havn<\/a>\/City)<\/th><th class=\"column-2\">20FT<\/th><th class=\"column-3\">40FT<\/th>\n<\/tr>\n<\/thead>\n<tbody class=\"row-striping row-hover\">\n<tr class=\"row-2\">\n\t<td class=\"column-1\"><a href=\"https:\/\/moverdb.com\/da\/container-shipping\/andorra\/\" data-internallinksmanager029f6b8e52c=\"88\" title=\"2023 S\u00f8fragt containerforsendelsespriser til og fra Andorra\">Andorra (Andorra la Vella)<\/a><\/td><td class=\"column-2\">$990<\/td><td class=\"column-3\">$1,662<\/td>\n<\/tr>\n<tr class=\"row-3\">\n\t<td class=\"column-1\"><a href=\"https:\/\/moverdb.com\/da\/container-shipping\/australia\/\" data-internallinksmanager029f6b8e52c=\"89\" title=\"2026 Priser for containerforsendelse til og fra Australien\">Australien (Sydney)<\/a><\/td><td class=\"column-2\">$1,511<\/td><td class=\"column-3\">$2,464<\/td>\n<\/tr>\n<tr class=\"row-4\">\n\t<td class=\"column-1\"><a href=\"https:\/\/moverdb.com\/da\/container-shipping\/bangladesh\/\" data-internallinksmanager029f6b8e52c=\"97\" title=\"2023 S\u00f8fragt containerforsendelsespriser til og fra Bangladesh\">Bangladesh (Chittagong)<\/a><\/td><td class=\"column-2\">$1,463<\/td><td class=\"column-3\">$2,016<\/td>\n<\/tr>\n<tr class=\"row-5\">\n\t<td class=\"column-1\"><a href=\"https:\/\/moverdb.com\/da\/container-shipping\/belgium\/\" data-internallinksmanager029f6b8e52c=\"86\" title=\"2023 S\u00f8fragt containerforsendelsespriser til og fra Belgien\">Belgien (Antwerpen)<\/a><\/td><td class=\"column-2\">$2,794<\/td><td class=\"column-3\">$4,274<\/td>\n<\/tr>\n<tr class=\"row-6\">\n\t<td class=\"column-1\"><a href=\"https:\/\/moverdb.com\/da\/moving-to-canada\/\" data-internallinksmanager029f6b8e52c=\"265\" title=\"Flytte til Canada? 2026 Leveomkostninger og flyttetips\">Canada<\/a> (<a href=\"https:\/\/moverdb.com\/da\/moving-to-canada\/moving-to-vancouver\/\" data-internallinksmanager029f6b8e52c=\"438\" title=\"Flytter du til Vancouver? 2026 Leveomkostninger og tips til flytning\">Vancouver<\/a>)<\/td><td class=\"column-2\">$5,789<\/td><td class=\"column-3\">$7,145<\/td>\n<\/tr>\n<tr class=\"row-7\">\n\t<td class=\"column-1\"><a href=\"https:\/\/moverdb.com\/da\/container-shipping\/china\/\" data-internallinksmanager029f6b8e52c=\"105\" title=\"2023 S\u00f8fragt containerforsendelsespriser til og fra Kina\">Kina (Shanghai)<\/a><\/td><td class=\"column-2\">$3,960<\/td><td class=\"column-3\">$7,350<\/td>\n<\/tr>\n<tr class=\"row-8\">\n\t<td class=\"column-1\"><a href=\"https:\/\/moverdb.com\/da\/container-shipping\/croatia\/\" data-internallinksmanager029f6b8e52c=\"107\" title=\"2023 S\u00f8fragt containerforsendelsespriser til og fra Kroatien\">Kroatien (Rijeka)<\/a><\/td><td class=\"column-2\">$3,883<\/td><td class=\"column-3\">$5,513<\/td>\n<\/tr>\n<tr class=\"row-9\">\n\t<td class=\"column-1\"><a href=\"https:\/\/moverdb.com\/da\/container-shipping\/germany\/\" data-internallinksmanager029f6b8e52c=\"118\" title=\"2023 S\u00f8fragt containerforsendelsespriser til og fra Tyskland\">Tyskland (Hamburg)<\/a><\/td><td class=\"column-2\">$2,915<\/td><td class=\"column-3\">$4,326<\/td>\n<\/tr>\n<tr class=\"row-10\">\n\t<td class=\"column-1\"><a href=\"https:\/\/moverdb.com\/da\/container-shipping\/guernsey\/\" data-internallinksmanager029f6b8e52c=\"121\" title=\"2026 Priser for s\u00f8fragt containerforsendelse til og fra Guernsey\">Guernsey (St Peter Port)<\/a><\/td><td class=\"column-2\">$3,188<\/td><td class=\"column-3\">$4,628<\/td>\n<\/tr>\n<tr class=\"row-11\">\n\t<td class=\"column-1\"><a href=\"https:\/\/moverdb.com\/da\/container-shipping\/hong-kong\/\" data-internallinksmanager029f6b8e52c=\"123\" title=\"2023 S\u00f8fragt containerforsendelsespriser til og fra Hong Kong\">Hong Kong (Hong Kong)<\/a><\/td><td class=\"column-2\">$1,155<\/td><td class=\"column-3\">$2,111<\/td>\n<\/tr>\n<tr class=\"row-12\">\n\t<td class=\"column-1\"><a href=\"https:\/\/moverdb.com\/da\/container-shipping\/india\/\" data-internallinksmanager029f6b8e52c=\"125\" title=\"2023 S\u00f8fragt containerforsendelsespriser til og fra Indien\">Indien (Mumbai)<\/a><\/td><td class=\"column-2\">$5,335<\/td><td class=\"column-3\">$6,720<\/td>\n<\/tr>\n<tr class=\"row-13\">\n\t<td class=\"column-1\"><a href=\"https:\/\/moverdb.com\/da\/container-shipping\/italy\/\" data-internallinksmanager029f6b8e52c=\"130\" title=\"2023 S\u00f8fragt containerforsendelsespriser til og fra Italien\">Italien (Trieste)<\/a><\/td><td class=\"column-2\">$3,883<\/td><td class=\"column-3\">$5,513<\/td>\n<\/tr>\n<tr class=\"row-14\">\n\t<td class=\"column-1\"><a href=\"https:\/\/moverdb.com\/da\/container-shipping\/jersey\/\" data-internallinksmanager029f6b8e52c=\"132\" title=\"2026 Priser for s\u00f8fragt containerforsendelse til og fra Jersey\">Jersey (St Helier)<\/a><\/td><td class=\"column-2\">$3,188<\/td><td class=\"column-3\">$4,628<\/td>\n<\/tr>\n<tr class=\"row-15\">\n\t<td class=\"column-1\"><a href=\"https:\/\/moverdb.com\/da\/container-shipping\/lithuania\/\" data-internallinksmanager029f6b8e52c=\"145\" title=\"2023 S\u00f8fragt containerforsendelsespriser til og fra Litauen\">Litauen (Klaipeda)<\/a><\/td><td class=\"column-2\">$3,289<\/td><td class=\"column-3\">$4,757<\/td>\n<\/tr>\n<tr class=\"row-16\">\n\t<td class=\"column-1\"><a href=\"https:\/\/moverdb.com\/da\/moving-to-luxembourg\/\" data-internallinksmanager029f6b8e52c=\"349\" title=\"Flytter du til Luxembourg? 2026 Leveomkostninger og tips til flytning\">Luxembourg<\/a><\/td><td class=\"column-2\">$2,882<\/td><td class=\"column-3\">$4,274<\/td>\n<\/tr>\n<tr class=\"row-17\">\n\t<td class=\"column-1\"><a href=\"https:\/\/moverdb.com\/da\/container-shipping\/netherlands\/\" data-internallinksmanager029f6b8e52c=\"151\" title=\"2023 S\u00f8fragt containerforsendelsespriser til og fra Holland\">Nederlandene (Rotterdam)<\/a><\/td><td class=\"column-2\">$2,794<\/td><td class=\"column-3\">$4,274<\/td>\n<\/tr>\n<tr class=\"row-18\">\n\t<td class=\"column-1\"><a href=\"https:\/\/moverdb.com\/da\/container-shipping\/pakistan\/\" data-internallinksmanager029f6b8e52c=\"155\" title=\"2023 S\u00f8fragt containerforsendelsespriser til og fra Pakistan\">Pakistan (Karachi)<\/a><\/td><td class=\"column-2\">$2,233<\/td><td class=\"column-3\">$2,793<\/td>\n<\/tr>\n<tr class=\"row-19\">\n\t<td class=\"column-1\"><a href=\"https:\/\/moverdb.com\/da\/container-shipping\/poland\/\" data-internallinksmanager029f6b8e52c=\"157\" title=\"2023 S\u00f8fragt containerforsendelsespriser til og fra Polen\">Polen (Gdansk)<\/a><\/td><td class=\"column-2\">$3,289<\/td><td class=\"column-3\">$4,757<\/td>\n<\/tr>\n<tr class=\"row-20\">\n\t<td class=\"column-1\"><a href=\"https:\/\/moverdb.com\/da\/container-shipping\/russia\/\" data-internallinksmanager029f6b8e52c=\"160\" title=\"2023 S\u00f8fragt containerforsendelsespriser til og fra Rusland\">Rusland (Sankt Petersborg)<\/a><\/td><td class=\"column-2\">$2,805<\/td><td class=\"column-3\">$4,200<\/td>\n<\/tr>\n<tr class=\"row-21\">\n\t<td class=\"column-1\"><a href=\"https:\/\/moverdb.com\/da\/container-shipping\/slovenia\/\" data-internallinksmanager029f6b8e52c=\"181\" title=\"2023 S\u00f8fragt containerforsendelsespriser til og fra Slovenien\">Slovenien (Koper)<\/a><\/td><td class=\"column-2\">$3,883<\/td><td class=\"column-3\">$5,513<\/td>\n<\/tr>\n<tr class=\"row-22\">\n\t<td class=\"column-1\"><a href=\"https:\/\/moverdb.com\/da\/container-shipping\/south-korea\/\" data-internallinksmanager029f6b8e52c=\"180\" title=\"2023 S\u00f8fragt containerforsendelsespriser til og fra Sydkorea\">Sydkorea (Busan)<\/a><\/td><td class=\"column-2\">$7,306<\/td><td class=\"column-3\">$13,737<\/td>\n<\/tr>\n<tr class=\"row-23\">\n\t<td class=\"column-1\"><a href=\"https:\/\/moverdb.com\/da\/container-shipping\/spain\/\" data-internallinksmanager029f6b8e52c=\"182\" title=\"2023 S\u00f8fragt containerforsendelsespriser til og fra Spanien\">Spanien (Valencia)<\/a><\/td><td class=\"column-2\">$1,067<\/td><td class=\"column-3\">$1,596<\/td>\n<\/tr>\n<tr class=\"row-24\">\n\t<td class=\"column-1\"><a href=\"https:\/\/moverdb.com\/da\/container-shipping\/thailand\/\" data-internallinksmanager029f6b8e52c=\"189\" title=\"2023 S\u00f8fragt containerforsendelsespriser til og fra Thailand\">Thailand (Laem Chabang)<\/a><\/td><td class=\"column-2\">$4,246<\/td><td class=\"column-3\">$7,886<\/td>\n<\/tr>\n<tr class=\"row-25\">\n\t<td class=\"column-1\"><a href=\"https:\/\/moverdb.com\/da\/moving-to-the-united-states\/\" data-internallinksmanager029f6b8e52c=\"94\" title=\"Flytter du til USA? 2022 Leveomkostninger og flyttetips\">USA<\/a> (<a href=\"https:\/\/moverdb.com\/da\/moving-to-los-angeles\/\" data-internallinksmanager029f6b8e52c=\"51\" title=\"Skal du flytte til Los Angeles? 2026 LA Leveomkostninger og tips til flytning\">Los Angeles<\/a>)<\/td><td class=\"column-2\">$1,625<\/td><td class=\"column-3\">$1,855<\/td>\n<\/tr>\n<tr class=\"row-26\">\n\t<td class=\"column-1\"><a href=\"https:\/\/moverdb.com\/da\/container-shipping\/united-states\/\" data-internallinksmanager029f6b8e52c=\"87\" title=\"2023 S\u00f8fragt containerforsendelsespriser til og fra USA\">USA (New York)<\/a><\/td><td class=\"column-2\">$2,452<\/td><td class=\"column-3\">$2,398<\/td>\n<\/tr>\n<tr class=\"row-27\">\n\t<td class=\"column-1\"><a href=\"https:\/\/moverdb.com\/da\/container-shipping\/vietnam\/\" data-internallinksmanager029f6b8e52c=\"245\" title=\"2023 S\u00f8fragt containerforsendelsespriser til og fra Vietnam\">Vietnam (Saigon)<\/a><\/td><td class=\"column-2\">$4,378<\/td><td class=\"column-3\">$8,148<\/td>\n<\/tr>\n<\/tbody>\n<\/table>\n<!-- #tablepress-119 from cache -->\n\r\n\r\n\r\n<h2 class=\"wp-block-heading\"><span class=\"ez-toc-section\" id=\"Shipping_Container_Costs_from_Iceland_Reykjavik\"><\/span>Omkostninger til skibscontainere fra Island (Reykjav\u00edk)<span class=\"ez-toc-section-end\"><\/span><\/h2>\r\n\r\n\r\n<div class=\"wp-block-image\">\r\n<figure class=\"aligncenter size-large\"><img loading=\"lazy\" decoding=\"async\" width=\"1024\" height=\"539\" src=\"https:\/\/moverdb.com\/wp-content\/uploads\/Shipping-Container-Costs-from-Iceland-1024x539.png\" alt=\"Omkostninger til skibscontainere fra Island (Reykjav\u00edk)\" class=\"wp-image-4336\" srcset=\"https:\/\/moverdb.com\/wp-content\/uploads\/Shipping-Container-Costs-from-Iceland-1024x539.png 1024w, https:\/\/moverdb.com\/wp-content\/uploads\/Shipping-Container-Costs-from-Iceland-300x158.png 300w, https:\/\/moverdb.com\/wp-content\/uploads\/Shipping-Container-Costs-from-Iceland-1536x809.png 1536w, https:\/\/moverdb.com\/wp-content\/uploads\/Shipping-Container-Costs-from-Iceland-18x9.png 18w, https:\/\/moverdb.com\/wp-content\/uploads\/Shipping-Container-Costs-from-Iceland-600x316.png 600w, https:\/\/moverdb.com\/wp-content\/uploads\/Shipping-Container-Costs-from-Iceland.png 2000w\" sizes=\"auto, (max-width: 1024px) 100vw, 1024px\" \/><\/figure>\r\n<\/div>\r\n\r\n\n<table id=\"tablepress-120\" class=\"tablepress tablepress-id-120\">\n<thead>\n<tr class=\"row-1\">\n\t<th class=\"column-1\">Bestemmelsesland (havn\/by)<\/th><th class=\"column-2\">20FT<\/th><th class=\"column-3\">40FT<\/th>\n<\/tr>\n<\/thead>\n<tbody class=\"row-striping row-hover\">\n<tr class=\"row-2\">\n\t<td class=\"column-1\">Andorra (Andorra la Vella)<\/td><td class=\"column-2\">$949<\/td><td class=\"column-3\">$1,220<\/td>\n<\/tr>\n<tr class=\"row-3\">\n\t<td class=\"column-1\"><a href=\"https:\/\/moverdb.com\/da\/container-shipping\/antigua-and-barbuda\/\" data-internallinksmanager029f6b8e52c=\"92\" title=\"2023 S\u00f8fragt containerforsendelsespriser til og fra Antigua og Barbuda\">Antigua og Barbuda (St John's)<\/a><\/td><td class=\"column-2\">$3,058<\/td><td class=\"column-3\">$5,300<\/td>\n<\/tr>\n<tr class=\"row-4\">\n\t<td class=\"column-1\"><a href=\"https:\/\/moverdb.com\/da\/container-shipping\/argentina\/\" data-internallinksmanager029f6b8e52c=\"91\" title=\"2023 S\u00f8fragt containerforsendelsespriser til og fra Argentina\">Argentina (Buenos Aires)<\/a><\/td><td class=\"column-2\">$2,045<\/td><td class=\"column-3\">$3,617<\/td>\n<\/tr>\n<tr class=\"row-5\">\n\t<td class=\"column-1\"><a href=\"https:\/\/moverdb.com\/da\/container-shipping\/aruba\/\" data-internallinksmanager029f6b8e52c=\"90\" title=\"2023 S\u00f8fragt containerforsendelsespriser til og fra Aruba\">Aruba (Oranjestad)<\/a><\/td><td class=\"column-2\">$2,045<\/td><td class=\"column-3\">$0<\/td>\n<\/tr>\n<tr class=\"row-6\">\n\t<td class=\"column-1\">Australien (Sydney)<\/td><td class=\"column-2\">$2,669<\/td><td class=\"column-3\">$4,859<\/td>\n<\/tr>\n<tr class=\"row-7\">\n\t<td class=\"column-1\"><a href=\"https:\/\/moverdb.com\/da\/container-shipping\/austria\/\" data-internallinksmanager029f6b8e52c=\"95\" title=\"2023 S\u00f8fragt containerforsendelsespriser til og fra \u00d8strig\">\u00d8strig (Wien)<\/a><\/td><td class=\"column-2\">$300<\/td><td class=\"column-3\">$450<\/td>\n<\/tr>\n<tr class=\"row-8\">\n\t<td class=\"column-1\"><a href=\"https:\/\/moverdb.com\/da\/container-shipping\/brazil\/\" data-internallinksmanager029f6b8e52c=\"98\" title=\"2023 S\u00f8fragt containerforsendelsespriser til og fra Brasilien\">Brasilien (Santos)<\/a><\/td><td class=\"column-2\">$1,936<\/td><td class=\"column-3\">$2,384<\/td>\n<\/tr>\n<tr class=\"row-9\">\n\t<td class=\"column-1\"><a href=\"https:\/\/moverdb.com\/da\/container-shipping\/canada\/\" data-internallinksmanager029f6b8e52c=\"102\" title=\"2023 S\u00f8fragt containerforsendelsespriser til og fra Canada\">Canada (Toronto)<\/a><\/td><td class=\"column-2\">$2,356<\/td><td class=\"column-3\">$2,959<\/td>\n<\/tr>\n<tr class=\"row-10\">\n\t<td class=\"column-1\">Kina (Shanghai)<\/td><td class=\"column-2\">$1,705<\/td><td class=\"column-3\">$1,914<\/td>\n<\/tr>\n<tr class=\"row-11\">\n\t<td class=\"column-1\"><a href=\"https:\/\/moverdb.com\/da\/container-shipping\/france\/\" data-internallinksmanager029f6b8e52c=\"116\" title=\"2023 S\u00f8fragt containerforsendelsespriser til og fra Frankrig\">Frankrig (Marseilles)<\/a><\/td><td class=\"column-2\">$1,096<\/td><td class=\"column-3\">$1,200<\/td>\n<\/tr>\n<tr class=\"row-12\">\n\t<td class=\"column-1\">Tyskland (Hamburg)<\/td><td class=\"column-2\">$360<\/td><td class=\"column-3\">$600<\/td>\n<\/tr>\n<tr class=\"row-13\">\n\t<td class=\"column-1\">Hong Kong (Hong Kong)<\/td><td class=\"column-2\">$1,470<\/td><td class=\"column-3\">$1,265<\/td>\n<\/tr>\n<tr class=\"row-14\">\n\t<td class=\"column-1\">Indien (Mumbai)<\/td><td class=\"column-2\">$1,210<\/td><td class=\"column-3\">$1,287<\/td>\n<\/tr>\n<tr class=\"row-15\">\n\t<td class=\"column-1\">USA (Los Angeles)<\/td><td class=\"column-2\">$5,979<\/td><td class=\"column-3\">$9,080<\/td>\n<\/tr>\n<tr class=\"row-16\">\n\t<td class=\"column-1\">USA (New York)<\/td><td class=\"column-2\">$4,514<\/td><td class=\"column-3\">$7,028<\/td>\n<\/tr>\n<\/tbody>\n<\/table>\n<!-- #tablepress-120 from cache -->\n\r\n\r\n\r\n<h3 class=\"wp-block-heading\"><span class=\"ez-toc-section\" id=\"Notes_about_data\"><\/span>Bem\u00e6rkninger om data:<span class=\"ez-toc-section-end\"><\/span><\/h3>\r\n\r\n\r\n\r\n<ul class=\"wp-block-list\"><li>Alle $-tal er angivet i amerikanske dollars (USD);<\/li><li>Priserne er korrekte fra midten af 2022;<\/li><li>Kortene i denne artikel er udarbejdet ved hj\u00e6lp af <a href=\"https:\/\/www.mapchart.net\" target=\"_blank\" rel=\"noreferrer noopener\">https:\/\/www.mapchart.net<\/a>. Du m\u00e5 gerne dele kortene, s\u00e5 l\u00e6nge du angiver et link tilbage til <a href=\"https:\/\/moverdb.com\/da\/\" target=\"_blank\" rel=\"noreferrer noopener\">MoverDB<\/a>;<\/li><li>Ovenst\u00e5ende satser er kun sk\u00f8n og kan v\u00e6re \u00e6ndret siden denne artikel blev offentliggjort (april 2022). De er baseret p\u00e5 den laveste ansl\u00e5ede sats fra enten <a href=\"https:\/\/www.icontainers.com\" target=\"_blank\" rel=\"noreferrer noopener\">https:\/\/www.icontainers.com<\/a> eller <a href=\"https:\/\/www.freightos.com\" target=\"_blank\" rel=\"noreferrer noopener\">https:\/\/www.freightos.com<\/a>;<\/li><li>For at f\u00e5 en mere pr\u00e6cis id\u00e9 om prisen for dig, bedes du bruge tilbudsformularen \u00f8verst p\u00e5 denne side;<\/li><li>Se ogs\u00e5 vores vejledning om <a href=\"https:\/\/moverdb.com\/da\/containerforsendelse\/\" target=\"_blank\" rel=\"noreferrer noopener\">international containertransport<\/a>.<\/li><\/ul>\r\n\r\n\r\n<h2><span class=\"ez-toc-section\" id=\"Other_Useful_Guides_to_Iceland\"><\/span>Andre nyttige guider til Island<span class=\"ez-toc-section-end\"><\/span><\/h2>\r\n\r\n<ul>\r\n<li> <a href=\"https:\/\/moverdb.com\/da\/moving-to-iceland\/moving-to-iceland-from-the-uk\/\">Flytter til Island fra Storbritannien<\/a><\/li>\r\n<li> <a href=\"https:\/\/moverdb.com\/da\/moving-to-iceland\/\">Skal du flytte til Island? 2024 Leveomkostninger og tips til flytning<\/a><\/li>\r\n<\/ul>","protected":false},"excerpt":{"rendered":"<p>Iceland makes most people who\u2019ve never been there think of cold and ice, but ask any expat who lives there and they\u2019ll tell you it\u2019s actually one of the most beautiful places on Earth. This Nordic country is famous for its natural vistas filled with glaciers, geysers, flowing volcanoes, and hot springs. Life quality in [&hellip;]<\/p>\n","protected":false},"author":2,"featured_media":4328,"parent":44,"menu_order":0,"comment_status":"open","ping_status":"closed","template":"","meta":{"_genesis_hide_title":false,"_genesis_hide_breadcrumbs":false,"_genesis_hide_singular_image":false,"_genesis_hide_footer_widgets":false,"_genesis_custom_body_class":"","_genesis_custom_post_class":"","_genesis_layout":"","footnotes":""},"class_list":{"0":"post-4333","1":"page","2":"type-page","3":"status-publish","4":"has-post-thumbnail","6":"entry"},"_links":{"self":[{"href":"https:\/\/moverdb.com\/da\/wp-json\/wp\/v2\/pages\/4333","targetHints":{"allow":["GET"]}}],"collection":[{"href":"https:\/\/moverdb.com\/da\/wp-json\/wp\/v2\/pages"}],"about":[{"href":"https:\/\/moverdb.com\/da\/wp-json\/wp\/v2\/types\/page"}],"author":[{"embeddable":true,"href":"https:\/\/moverdb.com\/da\/wp-json\/wp\/v2\/users\/2"}],"replies":[{"embeddable":true,"href":"https:\/\/moverdb.com\/da\/wp-json\/wp\/v2\/comments?post=4333"}],"version-history":[{"count":5,"href":"https:\/\/moverdb.com\/da\/wp-json\/wp\/v2\/pages\/4333\/revisions"}],"predecessor-version":[{"id":17860,"href":"https:\/\/moverdb.com\/da\/wp-json\/wp\/v2\/pages\/4333\/revisions\/17860"}],"up":[{"embeddable":true,"href":"https:\/\/moverdb.com\/da\/wp-json\/wp\/v2\/pages\/44"}],"wp:featuredmedia":[{"embeddable":true,"href":"https:\/\/moverdb.com\/da\/wp-json\/wp\/v2\/media\/4328"}],"wp:attachment":[{"href":"https:\/\/moverdb.com\/da\/wp-json\/wp\/v2\/media?parent=4333"}],"curies":[{"name":"wp","href":"https:\/\/api.w.org\/{rel}","templated":true}]}}