{"id":433,"date":"2016-06-12T13:45:04","date_gmt":"2016-06-12T13:45:04","guid":{"rendered":"http:\/\/moverdb.com\/?page_id=433"},"modified":"2026-01-08T14:47:29","modified_gmt":"2026-01-08T14:47:29","slug":"amsa","status":"publish","type":"page","link":"https:\/\/moverdb.com\/da\/amsa\/","title":{"rendered":"American Moving &amp; Storage Association (AMSA) Forklaret"},"content":{"rendered":"<p>American Moving &amp; Storage Association (AMSA) er den nationale brancheorganisation for den amerikanske flyttebranche. <\/p>\n<p>Det er blevet oprettet for at hj\u00e6lpe med at repr\u00e6sentere interesserne for dem i flytte- og opbevaringsbranchen, b\u00e5de indenlandsk og internationalt, og ogs\u00e5 for at v\u00e6re en kilde til information og bistand til kunder, der bruger virksomheder i branchen.<\/p>\n<p><strong>Vigtige fakta om AMSA:<\/strong><\/p>\n<ol>\n<li>  Den har omkring 4.200 medlemmer.<\/li>\n<li>  AMSA's medlemmer best\u00e5r af flytte- og opbevaringsfirmaer, lokale flyttefirmaer, <a href=\"https:\/\/moverdb.com\/da\/flyttefirmaer\/\">internationale flyttefirmaer<\/a> samt leverand\u00f8rer til industrien og medlemmer af statslige sammenslutninger.<\/li>\n<li>  Det er den eneste nationale sammenslutning, der repr\u00e6senterer alle sektorer inden for flytte- og lagerbranchen.<\/li>\n<li>  AMSA lancerede den <a href=\"https:\/\/moverdb.com\/da\/rim-promover\/\" data-internallinksmanager029f6b8e52c=\"76\" title=\"RIM International ProMover-certificering forklaret\">ProMover<\/a> certificering i 2009, der har til form\u00e5l at henvise forbrugerne til kvalitetsflyttere, der tilslutter sig AMSA's m\u00e5l.<\/li>\n<li>  Medlemskab er ikke kun \u00e5bent for flyttefirmaer, men ogs\u00e5 for tilknyttede firmaer (der leverer produkter eller tjenester i forbindelse med flyttebranchen), enkeltpersoner og faglige brancheforeninger.<\/li>\n<li>  AMSA-medlemskab er en vigtig del af ans\u00f8gningsprocessen for <a href=\"https:\/\/moverdb.com\/da\/faelge-promover\/\">ProMover-certificering<\/a> - det skal have v\u00e6ret holdt uden problemer i 18 m\u00e5neder.<\/li>\n<li>  Forbrugerne kender den godt for sin database med \"flyttetips\", der indeholder oplysninger om alt fra pakning til hvordan man klarer flyttedagen.<\/li>\n<li>  Den tilbyder et tvistbil\u00e6ggelsesprogram og har en etisk kodeks, som dens medlemmer skal overholde.<\/li>\n<li>  Medlemmerne transporterer mellem 1,3 og 1,5 millioner husstande hvert \u00e5r.<\/li>\n<\/ol>\n<p><strong>American Moving &amp; Storage Association profil:<\/strong><\/p>\n<p>AMSA's medlemmer nyder godt af en bred vifte af tjenester, lige fra nyheder og information om sp\u00f8rgsm\u00e5l, der p\u00e5virker branchen, til repr\u00e6sentation i forbundsregeringen, skattebistand, finansiel og statistisk rapportering og juridisk bistand. <\/p>\n<p>AMSA tilbyder ogs\u00e5 en voldgiftstjeneste til behandling af tvister om tab og skader samt faglige uddannelses- og certificeringsprogrammer, f.eks. ProMover. <\/p>\n<p>AMSA startede med den \u00e6ldste brancheforening for flyttefirmaer i USA - National Furniture Warehousemen's Association, der blev grundlagt i 1920. Dens historie, dens brede d\u00e6kning og dens etiske kodeks g\u00f8r den til en h\u00f8jt respekteret organisation. <\/p>\n<p>Den er ansvarlig for ProMover-certificeringen, som er blevet betragtet som et tegn p\u00e5 en p\u00e5lidelig flyttevirksomhed.<\/p>\n<p><strong>Kriterier for medlemskab:<\/strong><\/p>\n<p>Kriterierne for at blive medlem af AMSA synes at v\u00e6re meget grundl\u00e6ggende - det er blot at udfylde formularen og betale et gebyr. Der kr\u00e6ves dog mere for virksomheder, der \u00f8nsker at opn\u00e5 <a href=\"https:\/\/moverdb.com\/da\/faelge-promover\/\">ProMover-certificering<\/a>.<\/p>\n<p><strong>De bedste medlemsvirksomheder<\/strong><\/p>\n<ol>\n<li> <a href=\"https:\/\/moverdb.com\/da\/united-van-lines\/\">United Van Lines<\/a><\/li>\n<li> <a href=\"https:\/\/moverdb.com\/da\/atlas-van-lines-international\/\">Atlas Van Lines International<\/a><\/li>\n<li> <a href=\"https:\/\/moverdb.com\/da\/mayflower-transit\/\">Mayflower Transit<\/a><\/li>\n<li> <a href=\"https:\/\/moverdb.com\/da\/allied-van-lines\/\">Allied Van Lines<\/a><\/li>\n<li> <a href=\"https:\/\/moverdb.com\/da\/north-american-van-lines\/\">North American Van Lines<\/a><\/li>\n<li> <a href=\"https:\/\/moverdb.com\/da\/wheaton\/\">Wheaton World Wide Moving<\/a><\/li>\n<li> <a href=\"https:\/\/moverdb.com\/da\/bekins-van-lines\/\">Bekins Van Lines<\/a><\/li>\n<li> <a href=\"https:\/\/moverdb.com\/da\/graebel-van-lines\/\">Graebel Van Lines<\/a><\/li>\n<li> <a href=\"https:\/\/moverdb.com\/da\/arpin-van-lines\/\">Arpin Van Lines<\/a><\/li>\n<li> <a href=\"https:\/\/moverdb.com\/da\/stevens-worldwide-van-lines\/\">Stevens Worldwide Van Lines<\/a><\/li>\n<li> <a href=\"https:\/\/moverdb.com\/da\/vip-transport\/\">VIP-transport<\/a><\/li>\n<li> <a href=\"https:\/\/moverdb.com\/da\/island-movers\/\">Island Movers<\/a><\/li>\n<li> <a href=\"https:\/\/moverdb.com\/da\/mudanzas-gou\/\">Mudanzas Gou<\/a><\/li>\n<li> <a href=\"https:\/\/moverdb.com\/da\/gil-stauffer\/\">Gil Stauffer<\/a><\/li>\n<\/ol>\n<p><strong>Udtalelser om American Moving &amp; Storage Association<\/strong><\/p>\n<p>N\u00e5r AMSA n\u00e6vnes p\u00e5 nettet, er det ofte i forbindelse med organisationens ProMover-certificering, som er blevet et internationalt kvalitetsm\u00e6rke. <\/p>\n<p>Certificeringen betragtes som en del af AMSA's platform, der b\u00e5de repr\u00e6senterer og forbedrer tingene for dem i branchen - og dem, der bruger virksomheder i branchen - gennem effektiv interessevaretagelse og ved at opbygge et respekteret brand. <\/p>\n<p>Onlineudtalelsen fokuserer b\u00e5de p\u00e5 det faktum, at AMSA's arv knytter den til de \u00e6ldste brancheorganisationer i USA, og p\u00e5 dens mission om at g\u00f8re det lettere for forbrugerne at flytte. I online udtalelser n\u00e6vnes de arrangementer, som AMSA arrangerer, og som tydeligvis er velbes\u00f8gte og h\u00f8jt v\u00e6rdsatte, <em>\"Som altid har dette \u00e5rs AMSA-konference samlet nogle af de bedste ledere i flyttebranchen.\"<\/em> <\/p>\n<p>AMSA-priserne n\u00e6vnes ogs\u00e5, og de synes at blive betragtet som en sand indikator for resultater og kvalitet.<\/p>\n<blockquote><p>AMSA's mission er at \"repr\u00e6sentere interesserne i den indenlandske og internationale flytte- og opbevaringsbranche og at hj\u00e6lpe de kunder, som den betjener.\n<\/p><\/blockquote>\n<p>- <a href=\"http:\/\/www.atlasvanlines.com\/pro-mover\/\" target=\"_blank\" rel=\"noopener\">Atlas Van Lines<\/a><\/p>\n<blockquote><p>AMSA er dedikeret til at sikre, at alle de 40 millioner amerikanere, der hvert \u00e5r flytter, og som v\u00e6lger en professionel flyttevirksomhed, kan tr\u00e6ffe informerede beslutninger.<\/p><\/blockquote>\n<p>- <a href=\"http:\/\/www.ossworldwidemovers.com\/american-moving-and-storage-association\" target=\"_blank\" rel=\"noopener\">OSS World Wide Movers<\/a><\/p>\n<blockquote><p>AMSA screener omhyggeligt sine medlemmer af flyttefirmaer og sikrer, at forbrugerne bliver matchet med flyttefirmaer, der har opfyldt alle licens- og forsikringskrav, og s\u00f8rger for voldgift i tvister mellem forbrugere og flyttefirmaer gennem sit \"Household Goods Dispute Settlement Program\". Et af AMSA's m\u00e5l er en velinformeret offentlighed, som bedre forst\u00e5r v\u00e6rdien af professionel flyttevirksomhed.<\/p><\/blockquote>\n<p>- <a href=\"http:\/\/www.moving.com\/articles\/amsa\/who-is-amsa.asp\" target=\"_blank\" rel=\"noopener\">Flytning.com<\/a><\/p>\n<p><strong>Hjemmeside:<\/strong> <a href=\"http:\/\/www.moving.org\/\" target=\"_blank\" rel=\"noopener\">http:\/\/www.moving.org\/<\/a><\/p>","protected":false},"excerpt":{"rendered":"<p>The American Moving &#038; Storage Association (AMSA) is the national trade association for the American moving industry. It has been set up to help represent the interests of those in the moving and storage industry, both domestic and international, and also to provide a source of information and assistance to customers using businesses in the [&hellip;]<\/p>\n","protected":false},"author":1,"featured_media":0,"parent":0,"menu_order":0,"comment_status":"closed","ping_status":"closed","template":"","meta":{"_genesis_hide_title":false,"_genesis_hide_breadcrumbs":false,"_genesis_hide_singular_image":false,"_genesis_hide_footer_widgets":false,"_genesis_custom_body_class":"","_genesis_custom_post_class":"","_genesis_layout":"","footnotes":""},"class_list":{"0":"post-433","1":"page","2":"type-page","3":"status-publish","5":"entry"},"_links":{"self":[{"href":"https:\/\/moverdb.com\/da\/wp-json\/wp\/v2\/pages\/433","targetHints":{"allow":["GET"]}}],"collection":[{"href":"https:\/\/moverdb.com\/da\/wp-json\/wp\/v2\/pages"}],"about":[{"href":"https:\/\/moverdb.com\/da\/wp-json\/wp\/v2\/types\/page"}],"author":[{"embeddable":true,"href":"https:\/\/moverdb.com\/da\/wp-json\/wp\/v2\/users\/1"}],"replies":[{"embeddable":true,"href":"https:\/\/moverdb.com\/da\/wp-json\/wp\/v2\/comments?post=433"}],"version-history":[{"count":25,"href":"https:\/\/moverdb.com\/da\/wp-json\/wp\/v2\/pages\/433\/revisions"}],"predecessor-version":[{"id":6170,"href":"https:\/\/moverdb.com\/da\/wp-json\/wp\/v2\/pages\/433\/revisions\/6170"}],"wp:attachment":[{"href":"https:\/\/moverdb.com\/da\/wp-json\/wp\/v2\/media?parent=433"}],"curies":[{"name":"wp","href":"https:\/\/api.w.org\/{rel}","templated":true}]}}