{"id":431,"date":"2016-06-05T20:02:57","date_gmt":"2016-06-05T20:02:57","guid":{"rendered":"http:\/\/moverdb.com\/?page_id=431"},"modified":"2026-05-15T14:59:15","modified_gmt":"2026-05-15T14:59:15","slug":"iam","status":"publish","type":"page","link":"https:\/\/moverdb.com\/da\/iam\/","title":{"rendered":"International Association of Movers (IAM) Forklaret"},"content":{"rendered":"<p>International Association of Movers (IAM) er et globalt handelsorgan med medlemmer, der leverer flytte-, speditions-, shipping-, logistik- og relaterede tjenester. <\/p>\n<p>Det er den st\u00f8rste internationale brancheorganisation for industrien, som oprindeligt blev grundlagt af chartervirksomheder, der gjorde forretninger med <a href=\"https:\/\/moverdb.com\/da\/moving-to-the-united-states\/\" data-internallinksmanager029f6b8e52c=\"94\" title=\"Flytter du til USA? 2022 Leveomkostninger og flyttetips\">USA<\/a> regering.<\/p>\n<p><strong>Vigtige fakta om IAM:<\/strong><\/p>\n<ol>\n<li>  Repr\u00e6senterer mere end <strong>2,000 <a href=\"https:\/\/moverdb.com\/da\/flyttefirmaer\/\" target=\"_blank\" rel=\"noopener\">virksomheder<\/a><\/strong> i over <strong>170 lande<\/strong>.<\/li>\n<li>  IAM har et etisk kodeks, der bl.a. kr\u00e6ver tolerance over for kulturelle forskelle, en professionel tilgang og undg\u00e5else af illoyal konkurrence med andre medlemmer.<\/li>\n<li>  IAM blev grundlagt i 1962 og har lige siden fremmet sine medlemmers v\u00e6kst.<\/li>\n<li>  Det er flytte- og speditionsbranchens st\u00f8rste globale brancheorganisation.<\/li>\n<li>  Udm\u00e6rkelser i branchen anerkendes via IAM Hall of Honor. Nomineringer til Hall of Honor kan indsendes af ethvert IAM-medlem, klient eller kunde og afg\u00f8res af IAM's medlemmer.<\/li>\n<li>  Den var tidligere kendt som Household Good Forwarders Association of America - IAM \u00e6ndrede sit navn i 2009.<\/li>\n<li>  IAM tilbyder en tvistbil\u00e6ggelsesprocedure for problemer mellem medlemmer - den d\u00e6kker fakturatvister.<\/li>\n<li>  IAM's program til beskyttelse af tilgodehavender tilbyder en beskyttelse mod de IAM-medlemmer, der er i \u00f8konomiske vanskeligheder, og giver et medlem mulighed for at indgive et krav og f\u00e5 refunderet ubetalte handelsfakturaer, hvis det ser ud til, at et medlem er ved at g\u00e5 konkurs.<\/li>\n<\/ol>\n<p><strong>International Association of Movers profil:<\/strong><\/p>\n<p>IAM blev oprettet for mere end 50 \u00e5r siden og har nu mere end 2.000 medlemmer, der er baseret over hele verden. IAM tilbyder en r\u00e6kke programmer, ressourcer og medlemsbeskyttelsesordninger samt regelm\u00e6ssige arrangementer, der er designet til at fremme netv\u00e6rkssamarbejde og vidensdeling, herunder IAM's \u00e5rlige m\u00f8der. <\/p>\n<p>Alt, hvad IAM g\u00f8r, har til form\u00e5l at fremme medlemmernes v\u00e6kst og succes. IAM's medlemsbeskyttelse har til form\u00e5l at beskytte v\u00e6rdien af IAM-medlemskab i industriens, kundernes og kollegernes \u00f8jne - dette omfatter strenge krav for at blive medlem af IAM, h\u00e5ndh\u00e6velse af etiske regler og arbejde med sp\u00f8rgsm\u00e5l som f.eks. overv\u00e5gning af varem\u00e6rker. <\/p>\n<p>IAM har et s\u00f8gbart online medlemsregister, som kunderne kan bruge til at finde en flyttemand, der er medlem af organisationen.<\/p>\n<p><strong>Kriterier for medlemskab:<\/strong><\/p>\n<ul>\n<li> mindst et \u00e5rs erfaring<\/li>\n<li> Sponsorbreve fra to nuv\u00e6rende IAM-medlemmer, hvori de anbefaler dig til medlemskab, p\u00e5 det sponsorerende firmas brevpapir og underskrevet af en embedsmand fra firmaet.<\/li>\n<li> En PDF- eller JPG-fil af den aktuelle erhvervslicens eller registrering i land\/stat\/provins og, hvis det er relevant, et skatte-id-nummer.<\/li>\n<li> En PDF- eller JPG-fil af billedlegitimation udstedt af myndighederne (dvs. pas, k\u00f8rekort) for hver virksomhedsleder, der ejer og\/eller har en kontrollerende interesse i 5% eller mere af virksomheden<\/li>\n<li> Betaling af optagelsesgebyr og kontingent<\/li>\n<\/ul>\n<p>De potentielle medlemmer offentligg\u00f8res p\u00e5 IAM's websted i 30 dage, s\u00e5 de nuv\u00e6rende IAM-medlemmer kan se dem, hvorefter medlemskabet bekr\u00e6ftes.<\/p>\n<p><strong>Nogle medlemsvirksomheder<\/strong><\/p>\n<ul>\n<li> <a href=\"https:\/\/moverdb.com\/da\/aires\/\">Aires<\/a><\/li>\n<li> <a href=\"https:\/\/moverdb.com\/da\/matthew-james\/\">Matthew James Global Relocations<\/a><\/li>\n<li> <a href=\"https:\/\/moverdb.com\/da\/santa-fe-relocation\/\">Santa Fe flytningstjenester<\/a><\/li>\n<li> <a href=\"https:\/\/moverdb.com\/da\/sterling-relocation\/\">Sterling Flytning<\/a><\/li>\n<li> <a href=\"https:\/\/moverdb.com\/da\/cadogan-tate\/\">Cadogan Tate<\/a><\/li>\n<li> <a href=\"https:\/\/moverdb.com\/da\/harrow-green\/\">Harrow Green<\/a><\/li>\n<li> <a href=\"https:\/\/moverdb.com\/da\/team-relokaliseringer\/\">Flytning af hold<\/a><\/li>\n<li> <a href=\"https:\/\/moverdb.com\/da\/mcgimpsey-brothers-removals\/\">McGimpsey Brothers Flyttefirmaer<\/a><\/li>\n<li> <a href=\"https:\/\/moverdb.com\/da\/shore-porters-society\/\">Sammenslutningen af kystport\u00f8rer<\/a><\/li>\n<li> <a href=\"https:\/\/moverdb.com\/da\/nippon-express\/\">Nippon Express<\/a><\/li>\n<li> <a href=\"https:\/\/moverdb.com\/da\/sirva\/\">Sirva<\/a><\/li>\n<li> <a href=\"https:\/\/moverdb.com\/da\/kroneflytninger\/\">Crown Flytninger<\/a><\/li>\n<li> <a href=\"https:\/\/moverdb.com\/da\/shipco-transport\/\">Shipco Transport<\/a><\/li>\n<li> <a href=\"https:\/\/moverdb.com\/da\/conroy-removals\/\">Conroy Flyttefirmaer<\/a><\/li>\n<li> <a href=\"https:\/\/moverdb.com\/da\/bolliger\/\">Bolliger<\/a><\/li>\n<li> <a href=\"https:\/\/moverdb.com\/da\/island-movers\/\">Island Movers<\/a><\/li>\n<li> <a href=\"https:\/\/moverdb.com\/da\/gil-stauffer\/\">Gil Stauffer<\/a><\/li>\n<li> <a href=\"https:\/\/moverdb.com\/da\/royal-hawaiian-movers\/\">Royal Hawaiian Movers<\/a><\/li>\n<li> <a href=\"https:\/\/moverdb.com\/da\/teletrans\/\">Teletrans<\/a><\/li>\n<\/ul>\n<p><strong>Udtalelser fra flyttefirmaer om den internationale sammenslutning af flyttefirmaer:<\/strong><\/p>\n<p>IAM n\u00e6vnes p\u00e5 mange websteder, som ofte n\u00e6vner dens globale karakter og antallet af medlemmer. <\/p>\n<p>Mange fokuserer p\u00e5 det faktum, at det er den st\u00f8rste brancheorganisation for industrien, og p\u00e5 dens r\u00e6kkevidde - at den virkelig er global med medlemmer i selv de fjerneste egne. Et websted n\u00e6vner ogs\u00e5, at det at v\u00e6re medlem af IAM hj\u00e6lper <a href=\"https:\/\/moverdb.com\/da\/moving-companies\/\" data-internallinksmanager029f6b8e52c=\"79\" title=\"Top 25 internationale flyttefirmaer online\">flyttefirmaer<\/a> at blive fundet af kunderne, og at det er en indikator for en virksomhed, der er i stand til at yde god service. <\/p>\n<p>Generelt synes foreningen at fungere b\u00e5de som et kvalitetsm\u00e6rke og et nyttigt redskab til at udvide forretninger og netv\u00e6rk.<\/p>\n<blockquote><p>De medlemmer p\u00e5 verdensplan, der er involveret i den daglige transport af husholdningsgods og personlige ejendele, er lige s\u00e5 forskellige som komponenterne i en international flytning. Transport og udveksling af varer og tjenesteydelser er den vigtige livsnerve, der driver den globale \u00f8konomiske v\u00e6kst i dag.\n<\/p><\/blockquote>\n<p>- <a href=\"http:\/\/www.abels.co.uk\/articles\/international-association-of-movers-iam-what-is-this\/\" target=\"_blank\" rel=\"noopener\">Abels<\/a><\/p>\n<blockquote><p>IAM er en global sammenslutning af flyttefirmaer og spedit\u00f8rer, der har forpligtet sig til at give kunderne det h\u00f8jeste serviceniveau, der findes.<\/p><\/blockquote>\n<p>- <a href=\"http:\/\/www.amjbc.ca\/international-moving-services\/\" target=\"_blank\" rel=\"noopener\">AMJ Campbell p\u00e5 verdensplan<\/a><\/p>\n<blockquote><p>IAM-medlemskab er virkelig globalt I alle dele af verden finder du IAM-flyttere. Det hj\u00e6lper os med at give vores kunder en \u00e6gte d\u00f8r-til-d\u00f8r-service. Fra hjem til hjem, som vi ynder at sige.<\/p><\/blockquote>\n<p>- <a href=\"http:\/\/hometohome.nl\/2016\/02\/12\/iam-international-association-of-movers\/\" target=\"_blank\" rel=\"noopener\">Fra hjem til hjem<\/a><\/p>\n<p><strong>Hjemmeside:<\/strong> <a href=\"http:\/\/www.iamovers.org\/\" target=\"_blank\" rel=\"noopener\">http:\/\/www.iamovers.org<\/a><\/p>","protected":false},"excerpt":{"rendered":"<p>The International Association of Movers (IAM) is a global trade body with members who provide moving, forwarding, shipping, logistics, and related services. It is the largest international trade association for the industry, originally founded by charter businesses that were doing business with the US government. Key facts about the IAM: Represents more than 2,000 companies [&hellip;]<\/p>\n","protected":false},"author":1,"featured_media":0,"parent":0,"menu_order":0,"comment_status":"closed","ping_status":"closed","template":"","meta":{"_genesis_hide_title":false,"_genesis_hide_breadcrumbs":false,"_genesis_hide_singular_image":false,"_genesis_hide_footer_widgets":false,"_genesis_custom_body_class":"","_genesis_custom_post_class":"","_genesis_layout":"","footnotes":""},"class_list":{"0":"post-431","1":"page","2":"type-page","3":"status-publish","5":"entry"},"_links":{"self":[{"href":"https:\/\/moverdb.com\/da\/wp-json\/wp\/v2\/pages\/431","targetHints":{"allow":["GET"]}}],"collection":[{"href":"https:\/\/moverdb.com\/da\/wp-json\/wp\/v2\/pages"}],"about":[{"href":"https:\/\/moverdb.com\/da\/wp-json\/wp\/v2\/types\/page"}],"author":[{"embeddable":true,"href":"https:\/\/moverdb.com\/da\/wp-json\/wp\/v2\/users\/1"}],"replies":[{"embeddable":true,"href":"https:\/\/moverdb.com\/da\/wp-json\/wp\/v2\/comments?post=431"}],"version-history":[{"count":24,"href":"https:\/\/moverdb.com\/da\/wp-json\/wp\/v2\/pages\/431\/revisions"}],"predecessor-version":[{"id":13162,"href":"https:\/\/moverdb.com\/da\/wp-json\/wp\/v2\/pages\/431\/revisions\/13162"}],"wp:attachment":[{"href":"https:\/\/moverdb.com\/da\/wp-json\/wp\/v2\/media?parent=431"}],"curies":[{"name":"wp","href":"https:\/\/api.w.org\/{rel}","templated":true}]}}