{"id":430,"date":"2016-06-08T14:50:20","date_gmt":"2016-06-08T14:50:20","guid":{"rendered":"http:\/\/moverdb.com\/?page_id=430"},"modified":"2026-01-08T14:47:52","modified_gmt":"2026-01-08T14:47:52","slug":"bar-overseas","status":"publish","type":"page","link":"https:\/\/moverdb.com\/da\/bar-overseas\/","title":{"rendered":"British Association of Removers (BAR) Overs\u00f8isk gruppe Forklaret"},"content":{"rendered":"<p><a href=\"https:\/\/moverdb.com\/da\/british-association-of-removers\/\" data-internallinksmanager029f6b8e52c=\"9\" title=\"British Association of Removers (BAR) Forklaret\">BAR<\/a> Overseas Group er en del af <a href=\"https:\/\/moverdb.com\/da\/british-association-of-removers\/\">British Association of Removers<\/a> (BAR), en brancheorganisation. <\/p>\n<p>Ligesom sin moderorganisation er den dedikeret til at fremme faglig ekspertise i flyttebranchen og har s\u00e6rlig erfaring med at h\u00e5ndtere del- og <a href=\"https:\/\/moverdb.com\/da\/containerforsendelse\/\">forsendelser med fuld containerlast<\/a> p\u00e5 verdensplan og varer, der kommer ind i <a href=\"https:\/\/moverdb.com\/da\/moving-to-the-uk\/\" data-internallinksmanager029f6b8e52c=\"93\" title=\"Flytter du til Det Forenede Kongerige? 2022 Leveomkostninger og flyttetips\">UK<\/a> fra udlandet.<\/p>\n<p><strong>Vigtige fakta om BAR Overseas Group:<\/strong><\/p>\n<ol>\n<li>  BAR Overseas best\u00e5r af en gruppe p\u00e5 50 britiske eksperter <a href=\"https:\/\/moverdb.com\/da\/flyttefirmaer\/\">virksomheder<\/a> som er specialiseret i alle aspekter af <a href=\"https:\/\/moverdb.com\/da\/internationale-flytninger\/\">overs\u00f8iske og internationale flytninger<\/a> og flytninger.<\/li>\n<li>  Medlemmerne abonnerer p\u00e5 en forudbetalingsgarantiordning, der er designet til at beskytte alle forudbetalinger fra kunderne.<\/li>\n<li>  Medlemmerne er professionelle virksomheder, der har forpligtet sig til at yde den h\u00f8jeste servicestandard, og som har specialiseret sig i flytninger til udlandet.<\/li>\n<li>  BAR Overseas Group stiller h\u00f8je krav til sine medlemmer med hensyn til elementer som personaleuddannelse, k\u00f8ret\u00f8jer og udstyr, og bes\u00f8g p\u00e5 stedet kan finde sted p\u00e5 et tilf\u00e6ldigt tidspunkt.<\/li>\n<li>  Kvalitetsstandard BS 8564 blev udviklet af BAR Overseas Group i samarbejde med BSI (British Standards Institution). Alle medlemmer skal v\u00e6re i besiddelse af denne standard.<\/li>\n<li>  BAR's forudbetalingsgaranti beskytter kunderne - hvis den flyttevirksomhed, som kunden har bestilt hos, er i \u00f8konomiske vanskeligheder, overtager en anden flyttevirksomhed opgaven uden ekstra omkostninger. <a href=\"https:\/\/moverdb.com\/da\/flytteudgifter\/\">omkostninger<\/a> til kunden.<\/li>\n<\/ol>\n<p><strong>Organisationsprofil:<\/strong><\/p>\n<p>BAR er den \u00e6ldste brancheorganisation i flyttebranchen og den <strong>Den overs\u00f8iske gruppe<\/strong> har til form\u00e5l at udvide sin r\u00e6kkevidde fra Storbritannien til destinationer over hele verden. <\/p>\n<p>Medlemskab er kun \u00e5bent for flyttefirmaer, der allerede er BAR-medlemmer, men dette er ikke en garanti for at blive accepteret som en del af den overs\u00f8iske gruppe. Gruppens vision er at g\u00f8re sine medlemmer til det foretrukne valg af betroede flyttefirmaer til overs\u00f8isk arbejde i branchen og at fremme og udvikle professionel bedste flyttepraksis for overs\u00f8iske flytninger.<\/p>\n<p><strong>Kriterier for medlemskab:<\/strong><\/p>\n<ul>\n<li> Medlemmerne skal allerede v\u00e6re medlem af BAR.<\/li>\n<li> Medlemmerne skal v\u00e6re medlem af en godkendt APG-ordning (Advanced Payment Guarantee).<\/li>\n<li> Medlemmerne skal enten v\u00e6re i besiddelse af <a href=\"https:\/\/moverdb.com\/da\/fidi-faim\/\">FIDI-FAIM<\/a>, eller BS 8564 (The Overseas Moving Standard) eller tilsvarende eller h\u00f8jere godkendt eksternt revideret standard.<\/li>\n<\/ul>\n<p><strong>Eksempler p\u00e5 medlemsvirksomheder:<\/strong><\/p>\n<ul>\n<li> <a href=\"https:\/\/moverdb.com\/da\/harrow-green\/\">Harrow Green<\/a><\/li>\n<li> <a href=\"https:\/\/moverdb.com\/da\/anglo-stillehavsregionen\/\">Anglo Pacific<\/a><\/li>\n<li> <a href=\"https:\/\/moverdb.com\/da\/matthew-james\/\">Matthew James<\/a><\/li>\n<li> <a href=\"https:\/\/moverdb.com\/da\/shore-porters-society\/\">Sammenslutningen af kystport\u00f8rer<\/a><\/li>\n<li> <a href=\"https:\/\/moverdb.com\/da\/pss-removals\/\">PSS Internationale flytninger<\/a><\/li>\n<\/ul>\n<p><strong>Udtalelser om BAR Overseas Group<\/strong><\/p>\n<p>BAR Overseas anses for at have strenge medlemskriterier, og medlemmerne inspiceres regelm\u00e6ssigt for at sikre, at standarderne ikke er blevet forringet. Foreningens omd\u00f8mme er baseret p\u00e5 en omfattende gennemgang af medlemmerne, som omfatter alt fra drift til faciliteter. <\/p>\n<p>Den finansielle beskyttelsesordning betragtes som et stort aktiv for medlemmerne, da de kan tilbyde kunderne yderligere finansiel beskyttelse. BAR Overseas nyder godt af det eksisterende ry, som British Association of Removers har, og anses for at v\u00e6re en kvalitetsstandard for overs\u00f8iske flytninger. <\/p>\n<p>En virksomhed fremh\u00e6ver, at der kun er 50-60 virksomheder i Det Forenede Kongerige, der opfylder kriterierne for at blive medlem af BAR Overseas Group, og det er en af grundene til, at det er en stor bedrift at blive medlem.<\/p>\n<blockquote><p>Medlemmerne skal opfylde strenge standarder og inspiceres regelm\u00e6ssigt for at sikre, at deres faciliteter, udstyr, personaleuddannelse og driftsprocedurer er p\u00e5 h\u00f8jeste niveau.<\/p><\/blockquote>\n<p>- <a href=\"http:\/\/www.abels.co.uk\/european-removals-moving-to-europe\/bar-overseas-group-what-is-this\/\" target=\"_blank\" rel=\"noopener\">Abels<\/a><\/p>\n<blockquote><p>BAR Overseas Group har oprettet IMMI-forudbetalingsordningen (International Movers Mutual Insurance) for at beskytte kunderne.<\/p><\/blockquote>\n<p>- <a href=\"http:\/\/www.johnmason.com\/about-us\/accreditations\/bar-overseas-group\/\" target=\"_blank\" rel=\"noopener\">JohnMason<\/a> <\/p>\n<blockquote><p>Garanteret ro i sindet ved din overs\u00f8iske flytning.BAR Overseas Group er en specialiseret afdeling af British Association of Removers, hvis medlemmer er eksperter inden for alle omr\u00e5der af overs\u00f8iske flytninger. Mindre end 60 virksomheder i Storbritannien opfylder de strenge kriterier for medlemskab og de kr\u00e6vende standarder, der kr\u00e6ves af medlemmerne.<\/p><\/blockquote>\n<p>- <a href=\"http:\/\/www.simpsons-uk.com\/removals_accreditations\/overseas_group\" target=\"_blank\" rel=\"noopener\">Simpsons<\/a><\/p>\n<p><strong>Hjemmeside:<\/strong> <a href=\"http:\/\/www.baroverseas.co.uk\/\" target=\"_blank\" rel=\"noopener\">http:\/\/www.baroverseas.co.uk\/<\/a><\/p>","protected":false},"excerpt":{"rendered":"<p>BAR Overseas Group is part of the British Association of Removers (BAR), a Trade Association. Just like its parent organisation, it is dedicated to promoting professional excellence in the removals industry and has particular experience dealing with part and full container load shipments worldwide and goods coming into the UK from abroad. Key facts about [&hellip;]<\/p>\n","protected":false},"author":1,"featured_media":0,"parent":0,"menu_order":0,"comment_status":"closed","ping_status":"closed","template":"","meta":{"_genesis_hide_title":false,"_genesis_hide_breadcrumbs":false,"_genesis_hide_singular_image":false,"_genesis_hide_footer_widgets":false,"_genesis_custom_body_class":"","_genesis_custom_post_class":"","_genesis_layout":"","footnotes":""},"class_list":{"0":"post-430","1":"page","2":"type-page","3":"status-publish","5":"entry"},"_links":{"self":[{"href":"https:\/\/moverdb.com\/da\/wp-json\/wp\/v2\/pages\/430","targetHints":{"allow":["GET"]}}],"collection":[{"href":"https:\/\/moverdb.com\/da\/wp-json\/wp\/v2\/pages"}],"about":[{"href":"https:\/\/moverdb.com\/da\/wp-json\/wp\/v2\/types\/page"}],"author":[{"embeddable":true,"href":"https:\/\/moverdb.com\/da\/wp-json\/wp\/v2\/users\/1"}],"replies":[{"embeddable":true,"href":"https:\/\/moverdb.com\/da\/wp-json\/wp\/v2\/comments?post=430"}],"version-history":[{"count":16,"href":"https:\/\/moverdb.com\/da\/wp-json\/wp\/v2\/pages\/430\/revisions"}],"predecessor-version":[{"id":6187,"href":"https:\/\/moverdb.com\/da\/wp-json\/wp\/v2\/pages\/430\/revisions\/6187"}],"wp:attachment":[{"href":"https:\/\/moverdb.com\/da\/wp-json\/wp\/v2\/media?parent=430"}],"curies":[{"name":"wp","href":"https:\/\/api.w.org\/{rel}","templated":true}]}}