{"id":429,"date":"2016-06-06T14:44:52","date_gmt":"2016-06-06T14:44:52","guid":{"rendered":"http:\/\/moverdb.com\/?page_id=429"},"modified":"2026-01-08T14:47:51","modified_gmt":"2026-01-08T14:47:51","slug":"british-association-of-removers","status":"publish","type":"page","link":"https:\/\/moverdb.com\/da\/british-association-of-removers\/","title":{"rendered":"British Association of Removers (BAR) Forklaret"},"content":{"rendered":"<p>British Association of Removers (BAR) beskriver sig selv som \"den anerkendte stemme for den professionelle flyttebranche\" og er et n\u00f8gleorgan i den <a href=\"https:\/\/moverdb.com\/da\/moving-to-the-uk\/\" data-internallinksmanager029f6b8e52c=\"93\" title=\"Flytter du til Det Forenede Kongerige? 2022 Leveomkostninger og flyttetips\">UK<\/a> flyttebranchen. <\/p>\n<p>Uddannelse, faglige standarder og information og r\u00e5dgivning til kunderne er omfattet af BAR's ansvarsomr\u00e5de, ligesom en tvistbil\u00e6ggelsesfunktion.<\/p>\n<p><strong>Vigtige fakta om BAR:<\/strong><\/p>\n<ol>\n<li>  BAR har flere forskellige former for medlemskab: UK-medlemskab, <a href=\"https:\/\/moverdb.com\/da\/bar-overseas\/\">Gruppemedlemskab i udlandet<\/a>, Medlemskab af en gruppe for erhvervsm\u00e6ssig flytning, medlemskab af en interessegruppe for selvopbevaring. <a href=\"https:\/\/moverdb.com\/da\/internationale-flytninger\/\">Virksomheder<\/a> kan ogs\u00e5 v\u00e6re internationale associerede virksomheder (virksomheder uden for Storbritannien, der driver virksomhed inden for flyttebranchen) og associerede virksomheder (virksomheder, der ikke besk\u00e6ftiger sig med flytning og opbevaring, men som leverer varer og tjenester til branchen).<\/li>\n<li>  BAR har det eneste kodeks for god praksis i flyttebranchen, der er godkendt og overv\u00e5get af Trading Standards Institute.<\/li>\n<li>  Trading Standards Institute overv\u00e5ger alle BAR-medlemmernes resultater.<\/li>\n<li>  BAR d\u00e6kker b\u00e5de UK og <a href=\"https:\/\/moverdb.com\/da\/flyttefirmaer\/\">internationale flytninger<\/a>.<\/li>\n<li>  BAR har sin egen uddannelsesafdeling - BAR Training Services - der tilbyder professionelle erhvervskurser, som s\u00e6tter standarden inden for branchespecifik uddannelse.<\/li>\n<li>  BAR-medlemmer er underlagt l\u00f8bende inspektioner p\u00e5 stedet i l\u00f8bet af deres medlemskab.<\/li>\n<li> BAR driver ogs\u00e5 den <a href=\"https:\/\/www.trustedmover.org\" target=\"_blank\" rel=\"noopener\">Trusted Mover<\/a> hjemmeside for at hj\u00e6lpe dig med at finde BAR-fjernere.<\/li>\n<\/ol>\n<p><strong>Organisationsprofil:<\/strong><\/p>\n<p>BAR har etableret sig som et brancheorgan med en mission om at opretholde professionelle standarder i flyttebranchen til gavn for medlemmerne og deres kunder. Det har en adf\u00e6rdskodeks, der fasts\u00e6tter standarder for service, materialer, k\u00f8ret\u00f8jer og oplagring, personaleuddannelse og hvordan man skal h\u00e5ndtere en situation, hvis noget g\u00e5r galt. <\/p>\n<p>Det giver ogs\u00e5 kunderne \u00f8konomisk beskyttelse, f.eks. hvis en opgave aflyses af flyttefirmaet. Kunderne kan klage til BAR over et medlem, og der findes ogs\u00e5 en alternativ tvistbil\u00e6ggelsesordning. <\/p>\n<p>Uddannelse er en vigtig del af BAR-medlemskabsprogrammet, og medlemmerne har adgang til ELearning-moduler om emner som ledelse, \u00f8konomi, salg og salg, kundeservice, markedsf\u00f8ring, coaching, ledelse og udvikling af f\u00e6rdigheder som leder og tilsynsf\u00f8rende.<\/p>\n<p><strong>Nogle medlemsvirksomheder<\/strong><\/p>\n<ul>\n<li> <a href=\"https:\/\/moverdb.com\/da\/cadogan-tate\/\">Cadogan Tate<\/a><\/li>\n<li> <a href=\"https:\/\/moverdb.com\/da\/anglo-stillehavsregionen\/\">Anglo Pacific<\/a><\/li>\n<li> <a href=\"https:\/\/moverdb.com\/da\/shore-porters-society\/\">Sammenslutningen af kystport\u00f8rer<\/a><\/li>\n<li> <a href=\"https:\/\/moverdb.com\/da\/matthew-james\/\">Matthew James<\/a><\/li>\n<li> <a href=\"https:\/\/moverdb.com\/da\/robinsons\/\">Robinsons flytning<\/a><\/li>\n<li> <a href=\"https:\/\/moverdb.com\/da\/conroy-removals\/\">Conroy Flyttefirmaer<\/a><\/li>\n<\/ul>\n<p><strong>Kriterier for medlemskab:<\/strong><\/p>\n<p>Der findes ingen kriterier for medlemskab p\u00e5 webstedet, hvor der st\u00e5r: \"Hvis du er interesseret i at blive medlem af BAR, og for at f\u00e5 oplyst kriterierne for medlemskab og en ans\u00f8gningsformular, bedes du kontakte BAR med dine virksomhedsoplysninger og kontaktoplysninger.\"<\/p>\n<p><strong>Brancheudtalelser om British Association of Removers:<\/strong><\/p>\n<p>BAR optr\u00e6der ofte p\u00e5 britiske flyttefirmaers websteder, og mange af dem, der n\u00e6vner BAR, fokuserer p\u00e5 dens lang levetid som en af de \u00e6ldste brancheforeninger i flyttebranchen og dens historie p\u00e5 mere end et \u00e5rhundrede. <\/p>\n<p>Det faktum, at Trading Standards har godkendt dens adf\u00e6rdskodeks, betragtes som et andet stort plus, da det giver forbrugerne sikkerhed for, at deres interesser er beskyttet ud over de grundl\u00e6ggende lovkrav. <\/p>\n<p>Det anses for vigtigt, at foreningen foretager l\u00f8bende inspektioner p\u00e5 stedet, og at medlemmerne skal dokumentere, at de l\u00f8bende er tilfredse med kunderne. <\/p>\n<p>Den generelle opfattelse er, at <em>\"Ved at v\u00e6lge et BAR-medlem sikrer du, at din flytning forl\u00f8ber s\u00e5 gnidningsl\u00f8st som muligt.\"<\/em> BAR'en er en standard for flyttefirmaer p\u00e5 ejendomswebsteder, som beskriver den som et grundl\u00e6ggende krav til en god flyttefirma, der overholder minimumsstandarder for professionalisme og tilbyder en vis \u00f8konomisk beskyttelse.<\/p>\n<blockquote><p>Det er et godt udgangspunkt at v\u00e6lge et flyttefirma, der har forpligtet sig til at v\u00e6re medlem af BAR, fordi det viser, at de er villige til at leve op til en minimumsstandard. BAR-medlemmer har minimumsstandarder for adf\u00e6rd for medlemskab, som vil v\u00e6re i din interesse, f.eks. lovlige, godkendte k\u00f8ret\u00f8jer, beskyttelse af dit depositum og voldgift eller gratis m\u00e6gling og i det usandsynlige tilf\u00e6lde, at noget g\u00e5r galt.<\/p><\/blockquote>\n<p>- <a href=\"http:\/\/www.rightmove.co.uk\/choosing-a-removal-company.html\" target=\"_blank\" rel=\"noopener\">rightmove<\/a><\/p>\n<blockquote><p>Alle BAR-medlemmer arbejder i henhold til BAR Code of Practice, som er godkendt af Trading Standards. Denne strenge kodeks beskytter og fremmer forbrugernes interesser ud over de grundl\u00e6ggende lovkrav.<\/p><\/blockquote>\n<p>- <a href=\"http:\/\/www.pickfords.co.uk\/british-association-of-removers\" target=\"_blank\" rel=\"noopener\">Pickfords<\/a><\/p>\n<blockquote><p>Mere end 97% af forbrugerne anbefaler deres BAR-fjerner.<\/p><\/blockquote>\n<p>- <a href=\"http:\/\/www.comparemymove.com\/blog\/our-partners\/a-guide-to-joining-the-british-association-of-removers\/\" target=\"_blank\" rel=\"noopener\">Sammenlign My Move<\/a><\/p>\n<p><strong>Hjemmeside:<\/strong> <a href=\"http:\/\/www.bar.co.uk\/\" target=\"_blank\" rel=\"noopener\">http:\/\/www.bar.co.uk\/<\/a><\/p>","protected":false},"excerpt":{"rendered":"<p>The British Association of Removers (BAR) describes itself as the &#8220;recognised voice of the professional moving industry&#8221; and it is a key body in the UK moving industry. Training, professional standards and providing information and advice to customers are included in the BAR&#8217;s remit, as well as a dispute resolution service. Key facts about BAR: [&hellip;]<\/p>\n","protected":false},"author":1,"featured_media":0,"parent":0,"menu_order":0,"comment_status":"closed","ping_status":"closed","template":"","meta":{"_genesis_hide_title":false,"_genesis_hide_breadcrumbs":false,"_genesis_hide_singular_image":false,"_genesis_hide_footer_widgets":false,"_genesis_custom_body_class":"","_genesis_custom_post_class":"","_genesis_layout":"","footnotes":""},"class_list":{"0":"post-429","1":"page","2":"type-page","3":"status-publish","5":"entry"},"_links":{"self":[{"href":"https:\/\/moverdb.com\/da\/wp-json\/wp\/v2\/pages\/429","targetHints":{"allow":["GET"]}}],"collection":[{"href":"https:\/\/moverdb.com\/da\/wp-json\/wp\/v2\/pages"}],"about":[{"href":"https:\/\/moverdb.com\/da\/wp-json\/wp\/v2\/types\/page"}],"author":[{"embeddable":true,"href":"https:\/\/moverdb.com\/da\/wp-json\/wp\/v2\/users\/1"}],"replies":[{"embeddable":true,"href":"https:\/\/moverdb.com\/da\/wp-json\/wp\/v2\/comments?post=429"}],"version-history":[{"count":18,"href":"https:\/\/moverdb.com\/da\/wp-json\/wp\/v2\/pages\/429\/revisions"}],"predecessor-version":[{"id":6186,"href":"https:\/\/moverdb.com\/da\/wp-json\/wp\/v2\/pages\/429\/revisions\/6186"}],"wp:attachment":[{"href":"https:\/\/moverdb.com\/da\/wp-json\/wp\/v2\/media?parent=429"}],"curies":[{"name":"wp","href":"https:\/\/api.w.org\/{rel}","templated":true}]}}