{"id":42,"date":"2016-03-19T18:09:36","date_gmt":"2016-03-19T18:09:36","guid":{"rendered":"http:\/\/moverdb.com\/?page_id=42"},"modified":"2026-05-15T15:00:51","modified_gmt":"2026-05-15T15:00:51","slug":"brugsbetingelser","status":"publish","type":"page","link":"https:\/\/moverdb.com\/da\/terms-of-use\/","title":{"rendered":"Vilk\u00e5r for brug"},"content":{"rendered":"<p><strong>L\u00c6S VENLIGST DISSE OMHYGGELIGT, F\u00d8R DU BRUGER DETTE WEBSTED.<\/strong><\/p>\n<p>Velkommen til MoverDB.com. Hvis du forts\u00e6tter med at browse og bruge dette websted, accepterer du at overholde og v\u00e6re bundet af f\u00f8lgende vilk\u00e5r og betingelser for brug, som sammen med vores <a href=\"https:\/\/MoverDB.com\/privacy-policy\/\" target=\"_blank\" rel=\"noopener\">privatlivspolitik<\/a> regulerer MoverDB.com's forhold til dig i forbindelse med dette websted. Hvis du er uenig med nogen del af disse vilk\u00e5r og betingelser, skal du ikke bruge vores websted.<\/p>\n<p>Disse brugsbetingelser fasts\u00e6tter sammen med de andre dokumenter, som der henvises til nedenfor, de vilk\u00e5r og betingelser, som du kan bruge https:\/\/MoverDB.com\/ (\"vores websted\") p\u00e5. <\/p>\n<p>Andre vigtige dokumenter <\/p>\n<p>Brugsbetingelserne henviser til vores <a href=\"https:\/\/MoverDB.com\/privacy-policy\/\" target=\"_blank\" rel=\"noopener\">Politik om beskyttelse af personlige oplysninger<\/a>, som fasts\u00e6tter de vilk\u00e5r, p\u00e5 hvilke vi behandler de personoplysninger, som du giver til <a href=\"https:\/\/moverdb.com\/da\/moving-to-the-united-states\/\" data-internallinksmanager029f6b8e52c=\"94\" title=\"Flytter du til USA? 2022 Leveomkostninger og flyttetips\">os<\/a>, eller som vi indsamler fra dig. Du kan ogs\u00e5 l\u00e6se vores fulde <a href=\"https:\/\/moverdb.com\/da\/databehandlingsstrategi\/\">Politik for databehandling<\/a>. Ved at bruge vores websted giver du dit samtykke til en s\u00e5dan behandling.<\/p>\n<p>Brugen af dette websted er underlagt f\u00f8lgende brugsbetingelser:<\/p>\n<ul>\n<li>Indholdet af siderne p\u00e5 dette websted er kun til generel information og brug. Det kan \u00e6ndres uden varsel.<\/li>\n<li> Ved at udfylde en tilbudsformular accepterer du, at vi m\u00e5 dele disse oplysninger med tredjeparter for at hj\u00e6lpe dig med at f\u00e5 det bedste tilbud til prissammenligning for din internationale flytning.<\/li>\n<li>Dette websted bruger cookies til at overv\u00e5ge browserpr\u00e6ferencer. Hvis du tillader brugen af cookies, kan vi gemme personlige oplysninger til brug for tredjeparter.<\/li>\n<li> Hverken vi eller nogen tredjepart giver nogen garanti eller garanti for n\u00f8jagtigheden, aktualiteten, ydeevnen, fuldst\u00e6ndigheden eller egnetheden af de oplysninger og materialer, der findes eller tilbydes p\u00e5 dette websted til et bestemt form\u00e5l. Du anerkender, at s\u00e5danne oplysninger og materialer kan indeholde un\u00f8jagtigheder eller fejl, og vi udelukker udtrykkeligt ansvar for s\u00e5danne un\u00f8jagtigheder eller fejl i det omfang, det er tilladt ved lov.<\/li>\n<li> Din brug af oplysninger eller materialer p\u00e5 dette websted sker udelukkende p\u00e5 egen risiko, og vi kan ikke holdes ansvarlige for dette. Det er dit eget ansvar at sikre, at produkter, tjenester eller oplysninger, der er tilg\u00e6ngelige via dette websted, opfylder dine specifikke krav.<\/li>\n<li> Dette websted indeholder materiale, som ejes af eller er licenseret til os. Dette materiale omfatter, men er ikke begr\u00e6nset til, design, layout, udseende, udseende og grafik. Reproduktion er forbudt bortset fra i overensstemmelse med ophavsretsmeddelelsen, som er en del af disse vilk\u00e5r og betingelser.<\/li>\n<li> Uautoriseret brug af dette websted kan give anledning til et erstatningskrav og\/eller v\u00e6re en strafbar handling.<\/li>\n<li> Fra tid til anden kan dette websted ogs\u00e5 indeholde links til andre websteder. Disse links er til r\u00e5dighed for din bekvemmelighed for at give dig yderligere oplysninger. De er ikke ensbetydende med, at vi st\u00f8tter webstedet\/webstederne. Vi har intet ansvar for indholdet af de(t) linkede websted(er).<\/li>\n<\/ul>","protected":false},"excerpt":{"rendered":"<p>PLEASE READ THESE CAREFULLY BEFORE USING THIS WEBSITE. Welcome to MoverDB.com. If you continue to browse and use this website, you are agreeing to comply with and be bound by the following terms and conditions of use, which together with our privacy policy govern MoverDB.com&#8217;s relationship with you in relation to this website. If you [&hellip;]<\/p>\n","protected":false},"author":1,"featured_media":0,"parent":0,"menu_order":0,"comment_status":"closed","ping_status":"closed","template":"","meta":{"_genesis_hide_title":false,"_genesis_hide_breadcrumbs":false,"_genesis_hide_singular_image":false,"_genesis_hide_footer_widgets":false,"_genesis_custom_body_class":"","_genesis_custom_post_class":"","_genesis_layout":"","footnotes":""},"class_list":{"0":"post-42","1":"page","2":"type-page","3":"status-publish","5":"entry"},"_links":{"self":[{"href":"https:\/\/moverdb.com\/da\/wp-json\/wp\/v2\/pages\/42","targetHints":{"allow":["GET"]}}],"collection":[{"href":"https:\/\/moverdb.com\/da\/wp-json\/wp\/v2\/pages"}],"about":[{"href":"https:\/\/moverdb.com\/da\/wp-json\/wp\/v2\/types\/page"}],"author":[{"embeddable":true,"href":"https:\/\/moverdb.com\/da\/wp-json\/wp\/v2\/users\/1"}],"replies":[{"embeddable":true,"href":"https:\/\/moverdb.com\/da\/wp-json\/wp\/v2\/comments?post=42"}],"version-history":[{"count":5,"href":"https:\/\/moverdb.com\/da\/wp-json\/wp\/v2\/pages\/42\/revisions"}],"predecessor-version":[{"id":3243,"href":"https:\/\/moverdb.com\/da\/wp-json\/wp\/v2\/pages\/42\/revisions\/3243"}],"wp:attachment":[{"href":"https:\/\/moverdb.com\/da\/wp-json\/wp\/v2\/media?parent=42"}],"curies":[{"name":"wp","href":"https:\/\/api.w.org\/{rel}","templated":true}]}}