{"id":414,"date":"2016-07-03T15:12:27","date_gmt":"2016-07-03T15:12:27","guid":{"rendered":"http:\/\/moverdb.com\/?page_id=414"},"modified":"2026-01-08T14:39:56","modified_gmt":"2026-01-08T14:39:56","slug":"flytteudgifter","status":"publish","type":"page","link":"https:\/\/moverdb.com\/da\/moving-costs\/","title":{"rendered":"Internationale flytteomkostninger: 9 ting, du ikke m\u00e5 ignorere"},"content":{"rendered":"<p><img loading=\"lazy\" decoding=\"async\" src=\"https:\/\/moverdb.com\/wp-content\/uploads\/International-Moving-Costs.jpg\" alt=\"Internationale flytteomkostninger\" width=\"720\" height=\"477\" class=\"aligncenter size-full wp-image-780\" srcset=\"https:\/\/moverdb.com\/wp-content\/uploads\/International-Moving-Costs.jpg 720w, https:\/\/moverdb.com\/wp-content\/uploads\/International-Moving-Costs-300x200.jpg 300w, https:\/\/moverdb.com\/wp-content\/uploads\/International-Moving-Costs-600x398.jpg 600w\" sizes=\"auto, (max-width: 720px) 100vw, 720px\" \/><\/p>\n<p>Mange mennesker, der flytter til udlandet, er overraskede over, hvor h\u00f8je de internationale flytteomkostninger kan v\u00e6re. Nedenfor ser vi p\u00e5 mange af de forventede og uventede udgifter, du kan komme til at st\u00e5 over for, og hvordan du kan spare penge. <\/p>\n<div id=\"ez-toc-container\" class=\"ez-toc-v2_0_82_2 ez-toc-wrap-left counter-hierarchy ez-toc-counter ez-toc-transparent ez-toc-container-direction\">\n<div class=\"ez-toc-title-container\">\n<p class=\"ez-toc-title\" style=\"cursor:inherit\">Sektioner<\/p>\n<span class=\"ez-toc-title-toggle\"><a href=\"#\" class=\"ez-toc-pull-right ez-toc-btn ez-toc-btn-xs ez-toc-btn-default ez-toc-toggle\" aria-label=\"Toggle indholdsfortegnelse\"><span class=\"ez-toc-js-icon-con\"><span class=\"\"><span class=\"eztoc-hide\" style=\"display:none;\">Toggle<\/span><span class=\"ez-toc-icon-toggle-span\"><svg style=\"fill: #999;color:#999\" xmlns=\"http:\/\/www.w3.org\/2000\/svg\" class=\"list-377408\" width=\"20px\" height=\"20px\" viewbox=\"0 0 24 24\" fill=\"none\"><path d=\"M6 6H4v2h2V6zm14 0H8v2h12V6zM4 11h2v2H4v-2zm16 0H8v2h12v-2zM4 16h2v2H4v-2zm16 0H8v2h12v-2z\" fill=\"currentColor\"><\/path><\/svg><svg style=\"fill: #999;color:#999\" class=\"arrow-unsorted-368013\" xmlns=\"http:\/\/www.w3.org\/2000\/svg\" width=\"10px\" height=\"10px\" viewbox=\"0 0 24 24\" version=\"1.2\" baseprofile=\"tiny\"><path d=\"M18.2 9.3l-6.2-6.3-6.2 6.3c-.2.2-.3.4-.3.7s.1.5.3.7c.2.2.4.3.7.3h11c.3 0 .5-.1.7-.3.2-.2.3-.5.3-.7s-.1-.5-.3-.7zM5.8 14.7l6.2 6.3 6.2-6.3c.2-.2.3-.5.3-.7s-.1-.5-.3-.7c-.2-.2-.4-.3-.7-.3h-11c-.3 0-.5.1-.7.3-.2.2-.3.5-.3.7s.1.5.3.7z\"\/><\/svg><\/span><\/span><\/span><\/a><\/span><\/div>\n<nav><ul class='ez-toc-list ez-toc-list-level-1 eztoc-toggle-hide-by-default' ><li class='ez-toc-page-1 ez-toc-heading-level-2'><a class=\"ez-toc-link ez-toc-heading-1\" href=\"https:\/\/moverdb.com\/da\/moving-costs\/#1_Moving_Transportation_Costs\" >1. Udgifter til flytning og transport<\/a><\/li><li class='ez-toc-page-1 ez-toc-heading-level-2'><a class=\"ez-toc-link ez-toc-heading-2\" href=\"https:\/\/moverdb.com\/da\/moving-costs\/#2_Packing_Unpacking_Costs\" >2. Udgifter til pakning og udpakning<\/a><\/li><li class='ez-toc-page-1 ez-toc-heading-level-2'><a class=\"ez-toc-link ez-toc-heading-3\" href=\"https:\/\/moverdb.com\/da\/moving-costs\/#3_Moving_Insurance_Costs\" >3. Omkostninger til flytteforsikring<\/a><\/li><li class='ez-toc-page-1 ez-toc-heading-level-2'><a class=\"ez-toc-link ez-toc-heading-4\" href=\"https:\/\/moverdb.com\/da\/moving-costs\/#4_Storage_Costs\" >4. Omkostninger til opbevaring<\/a><\/li><li class='ez-toc-page-1 ez-toc-heading-level-2'><a class=\"ez-toc-link ez-toc-heading-5\" href=\"https:\/\/moverdb.com\/da\/moving-costs\/#5Customs_Duty_Charges_Taxes\" >5.Told og afgifter og skatter<\/a><\/li><li class='ez-toc-page-1 ez-toc-heading-level-2'><a class=\"ez-toc-link ez-toc-heading-6\" href=\"https:\/\/moverdb.com\/da\/moving-costs\/#6_Visa_Fees\" >6. Visumgebyrer<\/a><\/li><li class='ez-toc-page-1 ez-toc-heading-level-2'><a class=\"ez-toc-link ez-toc-heading-7\" href=\"https:\/\/moverdb.com\/da\/moving-costs\/#7_Lawyer_Fees\" >7. Advokatgebyrer<\/a><\/li><li class='ez-toc-page-1 ez-toc-heading-level-2'><a class=\"ez-toc-link ez-toc-heading-8\" href=\"https:\/\/moverdb.com\/da\/moving-costs\/#8_Housing_Costs\" >8. Boligudgifter<\/a><\/li><li class='ez-toc-page-1 ez-toc-heading-level-2'><a class=\"ez-toc-link ez-toc-heading-9\" href=\"https:\/\/moverdb.com\/da\/moving-costs\/#9_Other_Costs\" >9. Andre omkostninger<\/a><\/li><\/ul><\/nav><\/div>\n<h2><span class=\"ez-toc-section\" id=\"1_Moving_Transportation_Costs\"><\/span>1. Udgifter til flytning og transport<span class=\"ez-toc-section-end\"><\/span><\/h2>\n<p>Den st\u00f8rste enkeltudgift, du vil f\u00e5, er at ans\u00e6tte en <a href=\"https:\/\/moverdb.com\/da\/flyttefirmaer\/\">internationalt flyttefirma<\/a> til at flytte dine varer fra dit hus i land A til dit nye hjem i land B. Du kan sammenligne firmaer ved at bruge formularen ovenfor.<\/p>\n<p>Omkostningerne afh\u00e6nger af nogle f\u00e5 hovedfaktorer:<\/p>\n<ul>\n<li> <strong>St\u00f8rrelsen af flytningen:<\/strong> Jo st\u00f8rre flytningen er, jo dyrere bliver den. Det g\u00e6lder b\u00e5de med hensyn til v\u00e6gt og volumen. Gruppetransporttjenester kan reducere dette gebyr, hvis du ikke har nok varer til en fuld last.<\/li>\n<li> <strong>Afstand:<\/strong> Jo l\u00e6ngere du skal flytte, jo dyrere bliver det.<\/li>\n<li> <strong>Rute:<\/strong> Nogle destinationer er ret almindelige, mens andre er ret sj\u00e6ldne. F.eks. internationale flytninger mellem <a href=\"https:\/\/moverdb.com\/da\/moving-to-canada\/\" data-internallinksmanager029f6b8e52c=\"265\" title=\"Flytte til Canada? 2026 Leveomkostninger og flyttetips\">Canada<\/a> og <a href=\"https:\/\/moverdb.com\/da\/moving-to-the-united-states\/\" data-internallinksmanager029f6b8e52c=\"94\" title=\"Flytter du til USA? 2022 Leveomkostninger og flyttetips\">USA<\/a> eller inden for Europa er almindelige, og disse ruter vil generelt v\u00e6re billigere p\u00e5 grund af konkurrencen sammenlignet med mindre almindelige ruter.<\/li>\n<li> <strong>Transportmetode:<\/strong> Den metode, du v\u00e6lger til at flytte dine varer, er en vigtig faktor for den endelige pris, du betaler. S\u00f8transport er den billigste l\u00f8sning, mens lufttransport er den dyreste. Lastbiler vil n\u00e6sten altid udf\u00f8re den f\u00f8rste og sidste del af en flytning, uanset hvilken metode(r) der anvendes i mellemtiden.<\/li>\n<\/ul>\n<p>Da s\u00f8fragt er den billigste l\u00f8sning, fors\u00f8ger nogle at g\u00e5 direkte til en <a href=\"https:\/\/moverdb.com\/da\/rederier\/\">internationalt rederi<\/a>. Selv om det nogle gange kan v\u00e6re billigere, er de fleste af disse firmaer ikke rigtig oprettet til flytning af boliger, men besk\u00e6ftiger sig prim\u00e6rt med <a href=\"https:\/\/moverdb.com\/da\/speditor\/\">fragtforsendelse<\/a>.    <\/p>\n<p>Hvis du vil forst\u00e5 flytte- og transportomkostningerne bedre, kan du ogs\u00e5 l\u00e6se vores guide til <a href=\"https:\/\/moverdb.com\/da\/containerforsendelse\/\">Omkostninger til international containerforsendelse<\/a> eller springe direkte til at f\u00e5 <a href=\"https:\/\/moverdb.com\/da\/citater\/\">citater for international flytning<\/a>.<\/p>\n<p><strong>Typiske omkostninger:<\/strong> Fra og med <strong>$1,000<\/strong> USD (\u00a3750; \u20ac900) og kan let overstige $10.000 for langdistanceflytninger til udlandet<\/p>\n<h2><span class=\"ez-toc-section\" id=\"2_Packing_Unpacking_Costs\"><\/span>2. Udgifter til pakning og udpakning<span class=\"ez-toc-section-end\"><\/span><\/h2>\n<p>Selv om ikke alle <a href=\"https:\/\/moverdb.com\/da\/moving-companies\/\" data-internallinksmanager029f6b8e52c=\"79\" title=\"Top 25 internationale flyttefirmaer online\">flyttefirmaer<\/a> mange af dem tager ekstra for ind- og udpakning, men mange g\u00f8r det. Afh\u00e6ngigt af det land, du flytter til, har du m\u00e5ske ikke noget valg om at p\u00e5drage dig disse omkostninger. \u00c5rsagen er, at nogle landes tolddokumenter kr\u00e6ver, at flyttefirmaet skal st\u00e5 inde for de varer, der importeres, og for at sikre, at der ikke sendes noget ulovligt.<\/p>\n<p>Ulovlige genstande omfatter de \u00e5benlyse genstande som narkotika og v\u00e5ben, men kan ogs\u00e5 omfatte ting, som du m\u00e5ske ikke er klar over, f.eks. visse planter eller dyr. Flyttefirmaer, der bliver taget i at bryde loven, kan blive id\u00f8mt b\u00f8der eller miste deres licenser og dermed deres mulighed for at drive forretning i det p\u00e5g\u00e6ldende land.<\/p>\n<p>Hvis du gerne vil undg\u00e5 eller reducere disse omkostninger, skal du tale med din flyttemand og se, om der er noget, du kan g\u00f8re. Du kan nogle gange spare penge ved selv at pakke tingene, men lade kasserne st\u00e5 \u00e5bne, s\u00e5 de kan inspicere dem. Og du kan altid spare penge i den anden ende, hvis du v\u00e6lger selv at pakke tingene ud i dit nye hjem. <\/p>\n<p>Endelig skal du huske p\u00e5, at du ikke kan komme uden om at betale for pakkematerialer som kasser, bobleplast og tape. <\/p>\n<p><strong>Typiske omkostninger:<\/strong> Fra og med <strong>$100<\/strong> USD (\u00a375, \u20ac90), men normalt et par hundrede dollars.    <\/p>\n<h2><span class=\"ez-toc-section\" id=\"3_Moving_Insurance_Costs\"><\/span>3. Omkostninger til flytteforsikring<span class=\"ez-toc-section-end\"><\/span><\/h2>\n<p>Nogle flyttefirmaer inkluderer forsikring i deres pris, men det er ikke alle, der g\u00f8r det. S\u00f8rg for at unders\u00f8ge, hvad forsikringen d\u00e6kker og ikke d\u00e6kker. <\/p>\n<p>Hvis dine varer sendes ad s\u00f8vejen, skal du sikre dig, at der er en eller anden form for s\u00f8forsikringspolice. Uanset hvad, skal du have en forsikring, der d\u00e6kker den fulde v\u00e6rdi af tab, tyveri og\/eller beskadigelse af dine varer.   <\/p>\n<p><strong>Typiske omkostninger:<\/strong> Fra og med <strong>$100<\/strong> USD (\u00a375, \u20ac90), men kan v\u00e6re meget h\u00f8jere, hvis der transporteres varer af h\u00f8j v\u00e6rdi, us\u00e6dvanlige og\/eller sj\u00e6ldne varer.<\/p>\n<h2><span class=\"ez-toc-section\" id=\"4_Storage_Costs\"><\/span>4. Omkostninger til opbevaring<span class=\"ez-toc-section-end\"><\/span><\/h2>\n<p>N\u00e5r du flytter til udlandet, kan det v\u00e6re, at du skal betale for opbevaring ud over dine almindelige flytteomkostninger. Det skyldes, at det kan v\u00e6re sv\u00e6rt at koordinere din flyttedato med de forsendelsesdatoer, som anvendes af <a href=\"https:\/\/moverdb.com\/da\/container-shipping\/\" data-internallinksmanager029f6b8e52c=\"3\" title=\"Diagram over internationale containerpriser: April 2026\">international forsendelse<\/a> virksomheder. <\/p>\n<p>N\u00e5r dine varer ikke er under transport, skal de derfor opbevares et sted, mens de ikke er undervejs. Det skal du huske, n\u00e5r du fasts\u00e6tter forventninger til, hvorn\u00e5r dine varer ankommer.<\/p>\n<p>M\u00e5ske vil du ogs\u00e5 opbevare dine varer p\u00e5 lager, mens du leder efter et sted at bo i dit nye land. Eller m\u00e5ske vil du bare betale for at opbevare dine ting, indtil du kommer tilbage, hvis du regner med, at det er en midlertidig flytning.  <\/p>\n<p><strong>Typiske omkostninger:<\/strong> Fra og med <strong>$100<\/strong> USD (\u00a375, \u20ac90) om m\u00e5neden for en lille lejlighed med et eller to senge, og priserne kan stige derfra. Heldigvis er der en del konkurrence p\u00e5 dette omr\u00e5de, hvilket hj\u00e6lper med at holde priserne nede. <\/p>\n<h2><span class=\"ez-toc-section\" id=\"5Customs_Duty_Charges_Taxes\"><\/span>5.Told og afgifter og skatter<span class=\"ez-toc-section-end\"><\/span><\/h2>\n<p>En anden lille udgift, som du b\u00f8r unders\u00f8ge, f\u00f8r du flytter, er told i det land, du flytter til. I nogle lande, f.eks. USA, er det tilladt at flytte de fleste varer til husholdningsbrug toldfrit. <\/p>\n<p>mens lande som f.eks. <a href=\"https:\/\/moverdb.com\/da\/moving-to-the-uk\/\" data-internallinksmanager029f6b8e52c=\"93\" title=\"Flytter du til Det Forenede Kongerige? 2022 Leveomkostninger og flyttetips\">Det Forenede Kongerige<\/a> har mere komplicerede regler, der afh\u00e6nger af, hvor du flytter fra. F.eks. er flytninger fra EU (i skrivende stund) fritaget for told, mens flytninger fra lande uden for EU kan medf\u00f8re told og afgifter, som du kan s\u00f8ge om fritagelse for. <\/p>\n<p>Oftest opkr\u00e6ves told og afgifter p\u00e5 grundlag af selve varernes v\u00e6rdi. <\/p>\n<p><strong>Typiske omkostninger:<\/strong> Alt fra gratis til n\u00e6sten ubegr\u00e6nset, afh\u00e6ngigt af v\u00e6rdien og typen af varer, du medbringer, og hvor meget du vil have med. <\/p>\n<h2><span class=\"ez-toc-section\" id=\"6_Visa_Fees\"><\/span>6. Visumgebyrer<span class=\"ez-toc-section-end\"><\/span><\/h2>\n<p>N\u00e5r du flytter til et andet land for at arbejde eller studere, skal du normalt ans\u00f8ge om et visum, medmindre du flytter inden for EU, som giver dig mulighed for at flytte mellem lande uden visum. Visum til arbejde og studier kr\u00e6ver n\u00e6sten altid en masse papirarbejde og betaling af nogle gange ret store gebyrer. <\/p>\n<p>I Storbritannien koster nogle visa f.eks. over 1.000 \u00a3 ($1.300 USD; 1.200 \u20ac). Og husk p\u00e5, at dette gebyr skal betales hver gang, du fornyer dit visum. Dette kan \u00f8ge dine samlede omkostninger betydeligt og b\u00f8r v\u00e6re noget, du b\u00f8r budgettere med.<\/p>\n<p><strong>Typiske omkostninger:<\/strong> Det er gratis inden for EU og varierer fra land til land, men kan l\u00f8be op i flere tusinde dollars pr. visum.<\/p>\n<h2><span class=\"ez-toc-section\" id=\"7_Lawyer_Fees\"><\/span>7. Advokatgebyrer<span class=\"ez-toc-section-end\"><\/span><\/h2>\n<p>Generelt set kan du selv udfylde visa og andre tolddokumenter med lidt internetrecherche ved hj\u00e6lp af offentlige hjemmesider fra dit hjemland og det land, du planl\u00e6gger at flytte til. <\/p>\n<p>Mange mennesker f\u00f8ler sig dog mere trygge ved at bruge en advokat til at f\u00e5 styr p\u00e5 den til tider ekstremt komplekse verden af internationale flytninger. <\/p>\n<p>Derfor v\u00e6lger mange mennesker at hyre en advokat til at udfylde alle de n\u00f8dvendige papirer i stedet for at g\u00f8re tingene selv. Selv om dette kan give ro i sindet, kan det v\u00e6re forbundet med ret store omkostninger. <\/p>\n<p><strong>Typiske omkostninger:<\/strong> Det varierer meget fra land til land, men typisk starter priserne fra ikke mindre end <strong>$100USD\/time<\/strong> (\u00a375, \u20ac90), med faste gebyrer for almindelige tjenester, der nemt kan overstige <strong>$1,000 USD<\/strong> for selv de mest grundl\u00e6ggende tjenester.  <\/p>\n<h2><span class=\"ez-toc-section\" id=\"8_Housing_Costs\"><\/span>8. Boligudgifter<span class=\"ez-toc-section-end\"><\/span><\/h2>\n<p>Den st\u00f8rste udgift i dit nye land vil sandsynligvis v\u00e6re bolig. Du skal dog v\u00e6re opm\u00e6rksom p\u00e5, at det kan variere meget fra land til land, hvordan boligerne fungerer, og hvilke skatter og afgifter der er involveret. <\/p>\n<p>I USA er ejendomspriserne uden for de store kystbyer f.eks. ekstremt lave. Du skal dog betale ejendomsskat hvert \u00e5r baseret p\u00e5 v\u00e6rdien af din ejendom, men kun hvis du ejer den. Disse varierer fra 0,28% i <a href=\"https:\/\/moverdb.com\/da\/moving-to-the-united-states\/moving-to-hawaii\/\" data-internallinksmanager029f6b8e52c=\"403\" title=\"Flytter du til Hawaii? 2026 Leveomkostninger og tips til flytning\">Hawaii<\/a> op til 2,29% i <a href=\"https:\/\/moverdb.com\/da\/moving-to-the-united-states\/moving-to-new-jersey\/\" data-internallinksmanager029f6b8e52c=\"417\" title=\"Flytter du til New Jersey? 2026 Leveomkostninger og tips til flytning\">New Jersey<\/a>.<\/p>\n<p>P\u00e5 den anden side har lande som Det Forenede Kongerige ingen direkte ejendomsskatter. I stedet betaler man <a href=\"https:\/\/www.gov.uk\/stamp-duty-land-tax\/residential-property-rates\" target=\"_blank\" rel=\"noopener\">stempelafgift<\/a> ved k\u00f8b af en porpety, som kan v\u00e6re op til 12% af k\u00f8bsprisen (k\u00f8beren betaler hele gebyret, s\u00e6lgeren g\u00f8r ikke). Desuden skal b\u00e5de boligejere og lejere betale <a href=\"https:\/\/www.gov.uk\/council-tax\/working-out-your-council-tax\" target=\"_blank\" rel=\"noopener\">kommuneskat<\/a> hvert \u00e5r p\u00e5 grundlag af ejendommens v\u00e6rdi i 1991. I gennemsnit svarer det til ca. 1 200 \u00a3 ($1 600 USD; 1 400 \u20ac) om \u00e5ret.<\/p>\n<p>N\u00e5r du kigger p\u00e5 boliger, skal du derfor ikke kun se p\u00e5 k\u00f8bsprisen og\/eller lejeprisen for ejendommen. S\u00f8rg for at forst\u00e5 alle de gebyrer, afgifter og skatter, som du skal betale i forhold til boligens type, beliggenhed og lejeforhold. <\/p>\n<p><strong>Typiske omkostninger:<\/strong> Det afh\u00e6nger helt af landet, men skatterne er normalt ikke mindre end $1.000 USD om \u00e5ret og kan v\u00e6re betydeligt h\u00f8jere i lande med en procentbaseret ejendomsskatteordning.    <\/p>\n<h2><span class=\"ez-toc-section\" id=\"9_Other_Costs\"><\/span>9. Andre omkostninger<span class=\"ez-toc-section-end\"><\/span><\/h2>\n<p>Endelig skal du, n\u00e5r du flytter internationalt, tage h\u00f8jde for en lang r\u00e6kke andre sm\u00e5 og mindre sm\u00e5 gebyrer og omkostninger. Det kan f.eks. v\u00e6re udgifter til k\u00f8b af nye m\u00f8bler, hvis du flytter fra et land, hvor m\u00f8blerede lejligheder er almindelige, til lande som USA eller Canada, hvor det er sj\u00e6ldent.<\/p>\n<p>Selv hvis du har dine egne m\u00f8bler, kan det v\u00e6re n\u00f8dvendigt at k\u00f8be nye apparater, da forskellige lande bruger forskellige sp\u00e6ndinger og\/eller har forskellige stikkontakter. Hvis du bruger den forkerte type apparat, kan det beskadige dit elektriske system, s\u00e5 tjek det altid, inden du flytter. <\/p>\n<p>Du kan ogs\u00e5 f\u00e5 brug for nyt t\u00f8j, hvis du flytter fra et omr\u00e5de med koldt vejr til et omr\u00e5de med varmt vejr eller omvendt. Hvis du vil vide mere om disse typer omkostninger, er det bedst, hvis du f\u00e5r mere at vide om det specifikke land, du flytter til.<\/p>\n<p>Derfor har vi udarbejdet nogle specifikke landeguider, som kan hj\u00e6lpe dig med at f\u00e5 mere at vide om omkostningerne i det land, du skal flytte til.   <\/p>","protected":false},"excerpt":{"rendered":"<p>Many people who move abroad are surprised a just how high international moving costs can be. Below we look at many of the expected and unexpected expenses you may face and how to save money. 1. Moving &#038; Transportation Costs The biggest single expense you&#8217;ll face is hiring an international moving company to move your [&hellip;]<\/p>\n","protected":false},"author":1,"featured_media":780,"parent":0,"menu_order":0,"comment_status":"closed","ping_status":"closed","template":"","meta":{"_genesis_hide_title":false,"_genesis_hide_breadcrumbs":false,"_genesis_hide_singular_image":false,"_genesis_hide_footer_widgets":false,"_genesis_custom_body_class":"","_genesis_custom_post_class":"","_genesis_layout":"","footnotes":""},"class_list":{"0":"post-414","1":"page","2":"type-page","3":"status-publish","4":"has-post-thumbnail","6":"entry"},"_links":{"self":[{"href":"https:\/\/moverdb.com\/da\/wp-json\/wp\/v2\/pages\/414","targetHints":{"allow":["GET"]}}],"collection":[{"href":"https:\/\/moverdb.com\/da\/wp-json\/wp\/v2\/pages"}],"about":[{"href":"https:\/\/moverdb.com\/da\/wp-json\/wp\/v2\/types\/page"}],"author":[{"embeddable":true,"href":"https:\/\/moverdb.com\/da\/wp-json\/wp\/v2\/users\/1"}],"replies":[{"embeddable":true,"href":"https:\/\/moverdb.com\/da\/wp-json\/wp\/v2\/comments?post=414"}],"version-history":[{"count":15,"href":"https:\/\/moverdb.com\/da\/wp-json\/wp\/v2\/pages\/414\/revisions"}],"predecessor-version":[{"id":13165,"href":"https:\/\/moverdb.com\/da\/wp-json\/wp\/v2\/pages\/414\/revisions\/13165"}],"wp:featuredmedia":[{"embeddable":true,"href":"https:\/\/moverdb.com\/da\/wp-json\/wp\/v2\/media\/780"}],"wp:attachment":[{"href":"https:\/\/moverdb.com\/da\/wp-json\/wp\/v2\/media?parent=414"}],"curies":[{"name":"wp","href":"https:\/\/api.w.org\/{rel}","templated":true}]}}