{"id":3842,"date":"2022-04-06T13:40:09","date_gmt":"2022-04-06T13:40:09","guid":{"rendered":"https:\/\/moverdb.com\/?page_id=3842"},"modified":"2026-01-08T14:47:23","modified_gmt":"2026-01-08T14:47:23","slug":"flytte-agenter","status":"publish","type":"page","link":"https:\/\/moverdb.com\/da\/relocation-agents\/","title":{"rendered":"7 grunde til, at du b\u00f8r bruge en flytteagent?"},"content":{"rendered":"<p>Du har lige f\u00e5et en fantastisk ny stilling p\u00e5 et glamour\u00f8st internationalt sted. Du gl\u00e6der dig til at flytte, og det virker i f\u00f8rste omgang sp\u00e6ndende at flytte til et nyt land, men n\u00e5r du f\u00f8rst indser, hvor meget du skal g\u00f8re for at komme dertil, kan det hele virke ret skr\u00e6mmende.<\/p>\n<p><img loading=\"lazy\" decoding=\"async\" src=\"https:\/\/moverdb.com\/wp-content\/uploads\/relocation-agent.jpg\" alt=\"\" width=\"1000\" height=\"563\" class=\"aligncenter size-full wp-image-3845\" data-wp-pid=\"3845\" srcset=\"https:\/\/moverdb.com\/wp-content\/uploads\/relocation-agent.jpg 1000w, https:\/\/moverdb.com\/wp-content\/uploads\/relocation-agent-300x169.jpg 300w, https:\/\/moverdb.com\/wp-content\/uploads\/relocation-agent-18x10.jpg 18w, https:\/\/moverdb.com\/wp-content\/uploads\/relocation-agent-600x338.jpg 600w\" sizes=\"auto, (max-width: 1000px) 100vw, 1000px\" \/><\/p>\n<p>Lad os se p\u00e5 nogle af de ting, du kan v\u00e6re n\u00f8dt til at tage fat p\u00e5, hvis du flytter selv eller bruger en <a href=\"https:\/\/www.cornerstonelondon.com\/\" target=\"_blank\" rel=\"noopener\">flytteagent<\/a>.<\/p>\n<div id=\"ez-toc-container\" class=\"ez-toc-v2_0_82_2 ez-toc-wrap-left counter-hierarchy ez-toc-counter ez-toc-transparent ez-toc-container-direction\">\n<div class=\"ez-toc-title-container\">\n<p class=\"ez-toc-title\" style=\"cursor:inherit\">Sektioner<\/p>\n<span class=\"ez-toc-title-toggle\"><a href=\"#\" class=\"ez-toc-pull-right ez-toc-btn ez-toc-btn-xs ez-toc-btn-default ez-toc-toggle\" aria-label=\"Toggle indholdsfortegnelse\"><span class=\"ez-toc-js-icon-con\"><span class=\"\"><span class=\"eztoc-hide\" style=\"display:none;\">Toggle<\/span><span class=\"ez-toc-icon-toggle-span\"><svg style=\"fill: #999;color:#999\" xmlns=\"http:\/\/www.w3.org\/2000\/svg\" class=\"list-377408\" width=\"20px\" height=\"20px\" viewbox=\"0 0 24 24\" fill=\"none\"><path d=\"M6 6H4v2h2V6zm14 0H8v2h12V6zM4 11h2v2H4v-2zm16 0H8v2h12v-2zM4 16h2v2H4v-2zm16 0H8v2h12v-2z\" fill=\"currentColor\"><\/path><\/svg><svg style=\"fill: #999;color:#999\" class=\"arrow-unsorted-368013\" xmlns=\"http:\/\/www.w3.org\/2000\/svg\" width=\"10px\" height=\"10px\" viewbox=\"0 0 24 24\" version=\"1.2\" baseprofile=\"tiny\"><path d=\"M18.2 9.3l-6.2-6.3-6.2 6.3c-.2.2-.3.4-.3.7s.1.5.3.7c.2.2.4.3.7.3h11c.3 0 .5-.1.7-.3.2-.2.3-.5.3-.7s-.1-.5-.3-.7zM5.8 14.7l6.2 6.3 6.2-6.3c.2-.2.3-.5.3-.7s-.1-.5-.3-.7c-.2-.2-.4-.3-.7-.3h-11c-.3 0-.5.1-.7.3-.2.2-.3.5-.3.7s.1.5.3.7z\"\/><\/svg><\/span><\/span><\/span><\/a><\/span><\/div>\n<nav><ul class='ez-toc-list ez-toc-list-level-1 eztoc-toggle-hide-by-default' ><li class='ez-toc-page-1 ez-toc-heading-level-2'><a class=\"ez-toc-link ez-toc-heading-1\" href=\"https:\/\/moverdb.com\/da\/relocation-agents\/#1_Do_What_Needs_To_Be_Done\" >1. G\u00f8r det, der skal g\u00f8res<\/a><\/li><li class='ez-toc-page-1 ez-toc-heading-level-2'><a class=\"ez-toc-link ez-toc-heading-2\" href=\"https:\/\/moverdb.com\/da\/relocation-agents\/#2_Shipping_Your_Household_Goods\" >2. Forsendelse af dine husholdningsartikler<\/a><\/li><li class='ez-toc-page-1 ez-toc-heading-level-2'><a class=\"ez-toc-link ez-toc-heading-3\" href=\"https:\/\/moverdb.com\/da\/relocation-agents\/#3_Where_To_Stay\" >3. Hvor skal du bo<\/a><\/li><li class='ez-toc-page-1 ez-toc-heading-level-2'><a class=\"ez-toc-link ez-toc-heading-4\" href=\"https:\/\/moverdb.com\/da\/relocation-agents\/#4_Finding_A_Home\" >4. Finde et hjem<\/a><\/li><li class='ez-toc-page-1 ez-toc-heading-level-2'><a class=\"ez-toc-link ez-toc-heading-5\" href=\"https:\/\/moverdb.com\/da\/relocation-agents\/#5_School_Search\" >5. S\u00f8gning af skoler<\/a><\/li><li class='ez-toc-page-1 ez-toc-heading-level-2'><a class=\"ez-toc-link ez-toc-heading-6\" href=\"https:\/\/moverdb.com\/da\/relocation-agents\/#6_Pet_Travel\" >6. Rejser med k\u00e6ledyr<\/a><\/li><li class='ez-toc-page-1 ez-toc-heading-level-2'><a class=\"ez-toc-link ez-toc-heading-7\" href=\"https:\/\/moverdb.com\/da\/relocation-agents\/#7_And_what_else\" >7. Og hvad ellers?<\/a><\/li><li class='ez-toc-page-1 ez-toc-heading-level-2'><a class=\"ez-toc-link ez-toc-heading-8\" href=\"https:\/\/moverdb.com\/da\/relocation-agents\/#In_conclusion\" >Afslutningsvis<\/a><\/li><\/ul><\/nav><\/div>\n<h2><span class=\"ez-toc-section\" id=\"1_Do_What_Needs_To_Be_Done\"><\/span>1. G\u00f8r det, der skal g\u00f8res<span class=\"ez-toc-section-end\"><\/span><\/h2>\n<p>Hvis du vil g\u00f8re det alene, skal du finde virksomheder, der kan tage sig af det hele. Hvad skal du g\u00f8re, hvem skal g\u00f8re det, og hvordan ved du, om de er gode, er de vigtigste sp\u00f8rgsm\u00e5l, du skal besvare. <\/p>\n<p>Du kan bruge timevis p\u00e5 at gennemse anmeldelser p\u00e5 internettet og alligevel ikke v\u00e6re t\u00e6ttere p\u00e5 at finde ud af, om en virksomhed, som du kontakter, virkelig er velrenommeret (der findes en del falske anmeldelser) og rent faktisk vil f\u00e5 arbejdet udf\u00f8rt. <\/p>\n<p>Og ikke nok med det, du er m\u00e5ske ikke engang klar over, hvad du skal vide og organisere, s\u00e5 hvis du glemmer tilsyneladende sm\u00e5 detaljer, kan det medf\u00f8re store katastrofer i den store plan for din flytning.<\/p>\n<p>N\u00e5r du har fundet folk, der kan p\u00e5tage sig de opgaver, du skal udf\u00f8re, f\u00e5r du hovedpine af at koordinere alting p\u00e5 det rigtige tidspunkt. <\/p>\n<p>Selvf\u00f8lgelig kan du f\u00e5 alle dine husholdningsartikler afhentet dagen f\u00f8r du flyver af sted, men hvor skal du sove, n\u00e5r dine senge st\u00e5r i en opbevaringscontainer og venter p\u00e5 at blive sendt? <\/p>\n<p>Dette er blot et eksempel p\u00e5, hvor det kan v\u00e6re en stor hj\u00e6lp at bruge en flytteagent. De er erfarne fagfolk, s\u00e5 de kender alle de faldgruber, som du sandsynligvis vil st\u00f8de p\u00e5, og de vil have v\u00e6ret i stand til at planl\u00e6gge dem, l\u00e6nge f\u00f8r de overhovedet er blevet et problem. Tingene g\u00e5r bare meget lettere, n\u00e5r der er eksperter involveret!<\/p>\n<p>En flytteagent vil have en hel r\u00e6kke af ledede, gennemtestede kontakter, som de ved, at de kan stole p\u00e5, s\u00e5 alt bliver gjort ordentligt. De vil uv\u00e6gerligt have brugt dem til utallige flytninger og vil vide, at de kan stole p\u00e5 dem for en p\u00e5lidelig og problemfri service.<\/p>\n<p>Hvis du bruger et flyttebureau, er det stadig v\u00e6rd at holde styr p\u00e5, hvilke kontaktpersoner der er ansvarlige for hver opgave, s\u00e5 du ved, hvem du skal kontakte med et sp\u00f8rgsm\u00e5l. <\/p>\n<p>Lav en liste eller et regneark over alle de kontakter, du har, herunder deres navne, e-mailadresser, telefonnumre og vigtigst af alt, hvilken del af din flytning de er ansvarlige for.<\/p>\n<p>Lad os nu se p\u00e5 nogle af de tjenester, du kan f\u00e5 brug for at bruge...<\/p>\n<h2><span class=\"ez-toc-section\" id=\"2_Shipping_Your_Household_Goods\"><\/span>2. Forsendelse af dine husholdningsartikler<span class=\"ez-toc-section-end\"><\/span><\/h2>\n<p>Alle kommer med en masse bagage, helt bogstaveligt talt. S\u00e5 hvordan kommer alle dine ting over til dit nye hjem?<\/p>\n<p>Hvis du kun har f\u00e5 ting med, t\u00f8j og nogle f\u00e5 personlige ting, kan du m\u00e5ske slippe af sted med at tage det hele med som overv\u00e6gt p\u00e5 rejsen. <\/p>\n<p>Hvis der er tale om noget st\u00f8rre, f.eks. m\u00f8bler eller et stort tv, skal du bruge en form for husholdningsgods <a href=\"https:\/\/moverdb.com\/da\/containerforsendelse\/\">forsendelsesservice<\/a>. <\/p>\n<p>Men hvilken slags service har du brug for? Er det tilstr\u00e6kkeligt med en lufttransport, eller har du brug for en landtransport? Hvilken slags container skal du bruge, en 20 fods? En 40 fod? M\u00e5ske begge dele!<\/p>\n<p>Det virker alt sammen meget skr\u00e6mmende, men det er her, at en forsendelsestjeneste for husholdningsartikler (HHG) kommer ind i billedet. Din flyttekonsulent vil s\u00e6tte dig i kontakt med den <a href=\"https:\/\/moverdb.com\/da\/rederier\/\">fragtfirma for husholdningsartikler<\/a>. <\/p>\n<p>Det f\u00f8rste skridt vil typisk v\u00e6re at organisere en unders\u00f8gelse af dine husholdningsgoder for at finde ud af pr\u00e6cis, hvad du har brug for. <a href=\"https:\/\/moverdb.com\/da\/shipping-container-sizes-and-dimensions\/\" data-internallinksmanager029f6b8e52c=\"247\" title=\"Den ultimative guide til st\u00f8rrelser og dimensioner af skibscontainere\">beholderst\u00f8rrelse<\/a> eller st\u00f8rrelser, du har brug for. De arrangerer en dag til at pakke alle dine ting sammen p\u00e5 den ene side, og n\u00e5r du har sikret dig din langsigtede ejendom, arrangerer de ogs\u00e5 en dag til at levere dine v\u00e6rdifulde ejendele til dig.<\/p>\n<h2><span class=\"ez-toc-section\" id=\"3_Where_To_Stay\"><\/span>3. Hvor skal du bo<span class=\"ez-toc-section-end\"><\/span><\/h2>\n<p>Da det er bedst at se en ejendom personligt, f\u00f8r du binder dig til en lejeaftale p\u00e5 et \u00e5r eller mere, har du brug for et sted at bo, n\u00e5r du f\u00f8rst ankommer, medmindre du har v\u00e6ret p\u00e5 en s\u00e6rlig boligs\u00f8gningstur, f\u00f8r du flytter, og du skal flytte til en fuldt m\u00f8bleret ejendom.<\/p>\n<p>Du kan godt booke et hotel, men hvis du flytter med hele familien, vil det blive ret klaustrofobisk i l\u00f8bet af de gennemsnitligt 4-5 uger, det tager at flytte ind i en langtidsholdbar bolig, medmindre I har f\u00e5et en luksus-suite af v\u00e6relser. Det er m\u00e5ske heller ikke den mest \u00f8konomiske l\u00f8sning.<\/p>\n<p><a href=\"https:\/\/www.airbnb.co.uk\/\" target=\"_blank\" rel=\"noopener\">Airbnb<\/a> kan ogs\u00e5 v\u00e6re en mulighed, og det samme g\u00e6lder en serviceret lejlighed. Begge har den fordel, at de giver dig den slags plads og faciliteter, der kan sammenlignes med det, du ville forvente i dit eget hjem. <\/p>\n<p>For dem, der ikke kender til servicerede lejligheder, er de en slags halvvejs mellem et hotel og en langtidsbolig. Du f\u00e5r normalt nogen til at g\u00f8re rent i lejligheden, m\u00e5ske en gang om ugen. <\/p>\n<p>De skifter ogs\u00e5 dit sengelinned og h\u00e5ndkl\u00e6der. Derudover f\u00e5r du fordelen af at bo i et fuldt m\u00f8bleret og udstyret hjem med alt det k\u00f8kkenudstyr og de faciliteter, som du har brug for, f.eks. tv og internet.<\/p>\n<p>Men ligesom med mange andre ting, hvordan kan du vide, om den servicerede lejlighed, du skal bo i, er god? Flyttefirmaer vil have brugt deres leverand\u00f8rer til mange flytninger, s\u00e5 du ved, at du arbejder med nogen, du kan stole p\u00e5, og ni ud af ti gange vil leverand\u00f8rerne i betragtning af deres forhold til boligudbyderen v\u00e6re mere motiverede til at hj\u00e6lpe, hvis der skulle opst\u00e5 problemer!<\/p>\n<h2><span class=\"ez-toc-section\" id=\"4_Finding_A_Home\"><\/span>4. Finde et hjem<span class=\"ez-toc-section-end\"><\/span><\/h2>\n<p><img loading=\"lazy\" decoding=\"async\" width=\"1000\" height=\"665\" src=\"https:\/\/moverdb.com\/wp-content\/uploads\/findding-a-home.jpg\" alt=\"Finde et hjem\" class=\"aligncenter size-full wp-image-3847\" data-wp-pid=\"3847\" srcset=\"https:\/\/moverdb.com\/wp-content\/uploads\/findding-a-home.jpg 1000w, https:\/\/moverdb.com\/wp-content\/uploads\/findding-a-home-300x200.jpg 300w, https:\/\/moverdb.com\/wp-content\/uploads\/findding-a-home-18x12.jpg 18w, https:\/\/moverdb.com\/wp-content\/uploads\/findding-a-home-600x399.jpg 600w\" sizes=\"auto, (max-width: 1000px) 100vw, 1000px\" \/><\/p>\n<p>Hvis du g\u00f8r det p\u00e5 egen h\u00e5nd, kan du v\u00e6re n\u00f8dt til at gennemtrawle endel\u00f8se lister p\u00e5 websteder som <a href=\"https:\/\/www.rightmove.co.uk\/\" target=\"_blank\" rel=\"noopener\">Rightmove<\/a> og <a href=\"https:\/\/www.zoopla.co.uk\/\" target=\"_blank\" rel=\"noopener\">Zoopla<\/a> for at finde ud af, at alle ejendele er v\u00e6k! <\/p>\n<p>Selv hvis du finder en bolig til leje, har du ingen vejledning om, hvordan det hele skal foreg\u00e5, s\u00e5 det er lettere at blive snydt eller falde i f\u00e6lden og underskrive en lejekontrakt, der ikke er s\u00e5 gunstig for dig. Selv hvis du har lejet i dit hjemland f\u00f8r, er reglerne og normerne i et andet land ikke n\u00f8dvendigvis de samme. <\/p>\n<p>Som et eksempel kan n\u00e6vnes i <a href=\"https:\/\/moverdb.com\/da\/moving-to-the-uk\/\" data-internallinksmanager029f6b8e52c=\"93\" title=\"Flytter du til Det Forenede Kongerige? 2022 Leveomkostninger og flyttetips\">UK<\/a>, er det normalt, at ejendomme, selv um\u00f8blerede, har et fuldt udstyret k\u00f8kken med alle de st\u00f8rre apparater som ovn, kogeplader og k\u00f8le-fryseskab, som alle er inkluderet. <\/p>\n<p>Men i <a href=\"https:\/\/moverdb.com\/da\/moving-to-germany\/\" data-internallinksmanager029f6b8e52c=\"321\" title=\"Flytter du til Tyskland? 2026 Leveomkostninger og flyttetips\">Tyskland<\/a>Hvis du ikke har r\u00e5d, skal du m\u00e5ske have dit eget k\u00f8kken, n\u00e5r du flytter ind! I de fleste lande er det normalt, at ejendomsm\u00e6glerne tjekker, om du har r\u00e5d til at leje en bolig, men i <a href=\"https:\/\/moverdb.com\/da\/moving-to-switzerland\/moving-to-geneva\/\" data-internallinksmanager029f6b8e52c=\"416\" title=\"Skal du flytte til Gen\u00e8ve? 2026 Leveomkostninger og tips til flytning\">Gen\u00e8ve<\/a>Der er strenge gr\u00e6nser for, hvor lidt du kan bruge p\u00e5 husleje afh\u00e6ngigt af din l\u00f8n, et system, der er p\u00e5 plads for at sikre, at lejere ikke lejer under deres form\u00e5en og holder billigere ejendomme v\u00e6k fra dem, der lige akkurat har r\u00e5d til dem.<\/p>\n<p>Igen er det her, at det kan betale sig at have en flytteagent, der har lokale Home Search-konsulenter p\u00e5 stedet. De kender det lokale marked, og de kender alle de s\u00e6rheder og nuancer, du vil st\u00f8de p\u00e5. <\/p>\n<p>De foretager research for dig, udarbejder en rejseplan for din boligs\u00f8gningsdag og ledsager dig derefter til hver enkelt ejendom. De vil ikke kun stole p\u00e5 ejendomswebsteder for at finde dit nye hjem! <\/p>\n<p>De har som regel kontakter, som de har arbejdet sammen med f\u00f8r hos de forskellige lokale bureauer, og de vil samarbejde med dem for at finde ud af, hvad agenterne faktisk har til r\u00e5dighed, som passer til dine kriterier, eller som i det mindste ligger s\u00e5 t\u00e6t som muligt p\u00e5 det, du leder efter. <\/p>\n<p>Hvad ang\u00e5r det sidste punkt, vil de vide, om dit budget og dine \u00f8nsker er realistiske, og r\u00e5dgive dig i overensstemmelse hermed eller lede dig mod omr\u00e5der, hvor du m\u00e5ske har st\u00f8rre chance for at finde din dr\u00f8mmeejendom.<\/p>\n<p>Du kan naturligvis selv henvende dig direkte til agenterne, men du skal huske, at agenterne arbejder for udlejerne, og at deres vigtigste prioritet er at varetage deres interesser. Det er jo trods alt udlejerne, der betaler agenterne. <\/p>\n<p>P\u00e5 den anden side arbejder boligs\u00f8gningskonsulenter for dig og kun for dig. De vil ikke v\u00e6re interesseret i at skubbe dig til en bestemt ejendom, medmindre de mener, at det vil v\u00e6re i din interesse, prim\u00e6rt fordi de aldrig f\u00e5r provision. De er i bund og grund p\u00e5 din side, og du kan regne med, at de styrer dig i den rigtige retning.<\/p>\n<p>Med en boligs\u00f8gningskonsulent f\u00e5r du hj\u00e6lp og r\u00e5dgivning til at afgive dit tilbud og f\u00e5r derefter hj\u00e6lp til alt det, der kommer bagefter, herunder gennemgang af lejekontrakten for at sikre, at du ikke underskriver noget, der er urimeligt for dig. I bund og grund vil du have nogen til at hj\u00e6lpe dig, indtil hele processen er afsluttet, og du er faldet til!<\/p>\n<h2><span class=\"ez-toc-section\" id=\"5_School_Search\"><\/span>5. S\u00f8gning af skoler<span class=\"ez-toc-section-end\"><\/span><\/h2>\n<p>Hvis du har b\u00f8rn i skolealderen, vil en af de vigtigste drivkr\u00e6fter bag flytningen v\u00e6re deres uddannelse. Hvor er de gode skoler, hvordan s\u00f8ger man ind, og vil den skole, man v\u00e6lger, kunne opfylde ens barns s\u00e6rlige behov?<\/p>\n<p>Det er endnu en af de ting, som du til en vis grad kan unders\u00f8ge online, men uden en ekspert til at fortolke dataene og give feedback fra den virkelige verden er det helt muligt at n\u00e5 frem til en helt forkert konklusion om en institution. <\/p>\n<p>N\u00e5r dit barns potentielle lykke og velv\u00e6re st\u00e5r p\u00e5 spil, er det helt sikkert uvurderligt at have en person, der kan vejlede dig eksperthj\u00e6lpende gennem processen med at v\u00e6lge og derefter ans\u00f8ge om skoler? <\/p>\n<p>Skoleeksperter kan ikke blot give vigtig indsigt, men ogs\u00e5 st\u00f8tte med at forst\u00e5 forskellene i l\u00e6seplanerne fra land til land, den etiske holdning til visse typer af uddannelser og institutioner og st\u00f8tte, hvor det er n\u00f8dvendigt, til b\u00f8rn, der har brug for specialundervisning.<\/p>\n<h2><span class=\"ez-toc-section\" id=\"6_Pet_Travel\"><\/span>6. Rejser med k\u00e6ledyr<span class=\"ez-toc-section-end\"><\/span><\/h2>\n<p><img loading=\"lazy\" decoding=\"async\" width=\"1000\" height=\"667\" src=\"https:\/\/moverdb.com\/wp-content\/uploads\/pet-travel.jpg\" alt=\"Rejser med k\u00e6ledyr\" class=\"aligncenter size-full wp-image-3848\" data-wp-pid=\"3848\" srcset=\"https:\/\/moverdb.com\/wp-content\/uploads\/pet-travel.jpg 1000w, https:\/\/moverdb.com\/wp-content\/uploads\/pet-travel-300x200.jpg 300w, https:\/\/moverdb.com\/wp-content\/uploads\/pet-travel-18x12.jpg 18w, https:\/\/moverdb.com\/wp-content\/uploads\/pet-travel-600x400.jpg 600w\" sizes=\"auto, (max-width: 1000px) 100vw, 1000px\" \/><\/p>\n<p>Det er ogs\u00e5 en overvejelse at f\u00e5 de pelsede medlemmer af din familie til dit nye land. F\u00e6rre og f\u00e6rre flyselskaber tillader i dag, at k\u00e6ledyr rejser i kabinen, s\u00e5 du bliver i stigende grad n\u00f8dt til at sende dem i lastrummet. <\/p>\n<p>Det kan ogs\u00e5 v\u00e6re n\u00f8dvendigt at give dem forskellige vaccinationer og det n\u00f8dvendige papirarbejde samt andre bureaukratiske formaliteter afh\u00e6ngigt af destinationen, f\u00f8r de kan flytte med dig til dit nye hjem. <\/p>\n<p>Igen kan du selv foretage research og organisere din rejse, men hvis du har et bureau, der tager sig af det, kan du v\u00e6re sikker p\u00e5, at dit k\u00e6ledyr kommer sikkert frem til dig. <\/p>\n<p>Rejsefirmaer for k\u00e6ledyr er bemandet med dyreelskere, der s\u00f8rger for, at dit k\u00e6ledyr bliver passet, som om det var deres eget. De holder dig opdateret om deres fremskridt og sender dig ofte endda billeder af dit k\u00e6ledyr, mens de er v\u00e6k fra dig, s\u00e5 du ved, at de bliver behandlet godt.<\/p>\n<h2><span class=\"ez-toc-section\" id=\"7_And_what_else\"><\/span>7. Og hvad ellers?<span class=\"ez-toc-section-end\"><\/span><\/h2>\n<p>Ovenst\u00e5ende er blot nogle f\u00e5 af de vigtigste aspekter af din flytning, som skal organiseres. M\u00e5ske har du ogs\u00e5 brug for hj\u00e6lp til din skattesituation, eller m\u00e5ske har du brug for lejem\u00f8bler til at overbr\u00e6kke perioden mellem lejem\u00e5lets start og ankomsten af dine egne m\u00f8bler. <\/p>\n<p>Du vil helt sikkert f\u00e5 brug for hj\u00e6lp fra immigrationsmyndighederne til at f\u00e5 styr p\u00e5 dit visum, arbejdstilladelser og lokale registreringer. Det er ogs\u00e5 vigtigt at f\u00e5 r\u00e5dgivning eller en henvisning til at \u00e5bne en bankkonto, s\u00e5 du kan f\u00e5 din l\u00f8n udbetalt et sted hen, og s\u00e5 du kan f\u00e5 din husleje og dine regninger trukket fra et sted, hvorfra du kan f\u00e5 din husleje og dine elregninger trukket. <\/p>\n<p>Apropos forsyningsselskaber, hvordan f\u00e5r du dem oprettet i dit nye land, hvilke udbydere skal du bruge, og hvordan f\u00e5r du de bedste tilbud? <\/p>\n<p>Alle disse ting kan f\u00f8re til det ene store besv\u00e6r efter det andet, men n\u00e5r du bruger en flytteagent, er alting nemt. Nogle af dem kan m\u00e5ske endda helt g\u00e5 dig af h\u00e6nde, og derfor er det uvurderligt at have en erfaren professionel til at d\u00e6kke alle baser!<\/p>\n<h2><span class=\"ez-toc-section\" id=\"In_conclusion\"><\/span>Afslutningsvis<span class=\"ez-toc-section-end\"><\/span><\/h2>\n<p>Selv om det er muligt at organisere alting selv uden en flytteagent, er det langt mere stressende, tidskr\u00e6vende og langt mindre sandsynligt, at det g\u00e5r glat, end hvis du bruger en flytteagent. Selv om det ofte virker som en stor startudgift at investere i et flyttefirma, vil du ved slutningen af flytningen opdage, at det sparer dig for tid, penge og stress!<\/p>\n<p>At flytte til et nyt hjem i en ny by i et nyt land vil naturligvis for\u00e5rsage en hel masse angst for selv den mest erfarne flyttemand, s\u00e5 alt, hvad du kan g\u00f8re for at reducere, for ikke at n\u00e6vne alt det h\u00e5rde arbejde og den tid, du skal bruge, er pengene v\u00e6rd. <\/p>\n<p>Hvis du \u00f8nsker, at din flytning skal v\u00e6re s\u00e5 let som muligt, er et flyttebureau helt enkelt den rette l\u00f8sning!<\/p>\n<p><em>Denne artikel blev leveret af Cornerstone, en London-baseret <a href=\"https:\/\/www.cornerstonelondon.com\/\" target=\"_blank\" rel=\"noopener\">flyttebureau<\/a> hj\u00e6lper flyttefolk over hele verden.<\/em><\/p>","protected":false},"excerpt":{"rendered":"<p>You&#8217;ve just signed up for a fantastic new position in a glamourous international location. You&#8217;re looking forward to upping sticks, and moving to a new country seems exciting at first, but once you realise exactly how much you have to do in order to get there, it can all seem quite daunting. Let&#8217;s have a [&hellip;]<\/p>\n","protected":false},"author":1,"featured_media":3845,"parent":0,"menu_order":0,"comment_status":"closed","ping_status":"closed","template":"","meta":{"_genesis_hide_title":false,"_genesis_hide_breadcrumbs":false,"_genesis_hide_singular_image":false,"_genesis_hide_footer_widgets":false,"_genesis_custom_body_class":"","_genesis_custom_post_class":"","_genesis_layout":"","footnotes":""},"class_list":{"0":"post-3842","1":"page","2":"type-page","3":"status-publish","4":"has-post-thumbnail","6":"entry"},"_links":{"self":[{"href":"https:\/\/moverdb.com\/da\/wp-json\/wp\/v2\/pages\/3842","targetHints":{"allow":["GET"]}}],"collection":[{"href":"https:\/\/moverdb.com\/da\/wp-json\/wp\/v2\/pages"}],"about":[{"href":"https:\/\/moverdb.com\/da\/wp-json\/wp\/v2\/types\/page"}],"author":[{"embeddable":true,"href":"https:\/\/moverdb.com\/da\/wp-json\/wp\/v2\/users\/1"}],"replies":[{"embeddable":true,"href":"https:\/\/moverdb.com\/da\/wp-json\/wp\/v2\/comments?post=3842"}],"version-history":[{"count":4,"href":"https:\/\/moverdb.com\/da\/wp-json\/wp\/v2\/pages\/3842\/revisions"}],"predecessor-version":[{"id":3849,"href":"https:\/\/moverdb.com\/da\/wp-json\/wp\/v2\/pages\/3842\/revisions\/3849"}],"wp:featuredmedia":[{"embeddable":true,"href":"https:\/\/moverdb.com\/da\/wp-json\/wp\/v2\/media\/3845"}],"wp:attachment":[{"href":"https:\/\/moverdb.com\/da\/wp-json\/wp\/v2\/media?parent=3842"}],"curies":[{"name":"wp","href":"https:\/\/api.w.org\/{rel}","templated":true}]}}