{"id":384,"date":"2016-05-26T14:06:53","date_gmt":"2016-05-26T14:06:53","guid":{"rendered":"http:\/\/moverdb.com\/?page_id=384"},"modified":"2026-01-08T14:40:17","modified_gmt":"2026-01-08T14:40:17","slug":"anmeldelser","status":"publish","type":"page","link":"https:\/\/moverdb.com\/da\/reviews\/","title":{"rendered":"MoverDB International Moving Company Anmeldelser &amp; Scores Forklaret"},"content":{"rendered":"<p>Hos MoverDB.com er vores m\u00e5l at give dig uvildig information og anmeldelser af verdens st\u00f8rste og mest popul\u00e6re flyttefirmaer. <a href=\"https:\/\/moverdb.com\/da\/flyttefirmaer\/\">bedste internationale flyttefirmaer<\/a>. Til dette form\u00e5l har vi oprettet profiler for hver enkelt flyttevirksomhed.<\/p>\n<p>Hver profil indeholder f\u00f8lgende oplysninger:<\/p>\n<ol>\n<li> Flyttetjenester, der tilbydes af virksomheden.<\/li>\n<li> Virksomhedsprofil: herunder historie, omd\u00f8mme og <a href=\"https:\/\/moverdb.com\/da\/organisationer-sammenslutninger\/\">organisationer og tilknytninger<\/a> sammen med andre interessante fakta.<\/li>\n<li> Anmeldelser fra hele nettet for at hj\u00e6lpe dig med at v\u00e6lge en bedre flyttevirksomhed.<\/li>\n<\/ol>\n<p><strong>4. Gennemgang af webstedet forklaret<\/strong><\/p>\n<p>Endelig indeholder MoverDB.com ogs\u00e5 en score for hver enkelt flyttevirksomhed i form af en anmeldelse af hjemmesiden. Dette er en vurdering af hjemmesidens anvendelighed og <strong>ikke afspejler<\/strong> kvaliteten af selve flyttefirmaet. I stedet ser den p\u00e5 f\u00f8lgende ting:<\/p>\n<ol>\n<li> Tydelige kontaktoplysninger<\/li>\n<li> Mulighed for nemt at f\u00e5 et tilbud<\/li>\n<li> Klare og nyttige oplysninger p\u00e5 webstedet<\/li>\n<li> Medlemskab af internationale flytteorganisationer<\/li>\n<li> Anmeldelser og vidnesbyrd<\/li>\n<\/ol>\n<p><em>Brug dem p\u00e5 eget ansvar. MoverDB.com p\u00e5tager sig intet ansvar for n\u00f8jagtigheden af de pr\u00e6senterede oplysninger. Desuden p\u00e5tager vi os intet ansvar for brugen af oplysninger og anmeldelser p\u00e5 dette websted, n\u00e5r du v\u00e6lger en flyttefirma. Vi tilbyder blot en m\u00e5de at <a href=\"https:\/\/moverdb.com\/da\/citater\/\">sammenlign flyttefirmaer med gratis tilbud<\/a>.<\/em><\/p>","protected":false},"excerpt":{"rendered":"<p>At MoverDB.com our goal is to bring you unbiased information and reviews of the world&#8217;s biggest and best international moving companies. To do this we&#8217;ve created profiles for each and every mover. Each profile includes the following information: Moving services offered by the company. Company profile: including history, reputation and organizations &#038; affiliations along with [&hellip;]<\/p>\n","protected":false},"author":1,"featured_media":0,"parent":0,"menu_order":0,"comment_status":"closed","ping_status":"closed","template":"","meta":{"_genesis_hide_title":false,"_genesis_hide_breadcrumbs":false,"_genesis_hide_singular_image":false,"_genesis_hide_footer_widgets":false,"_genesis_custom_body_class":"","_genesis_custom_post_class":"","_genesis_layout":"","footnotes":""},"class_list":{"0":"post-384","1":"page","2":"type-page","3":"status-publish","5":"entry"},"_links":{"self":[{"href":"https:\/\/moverdb.com\/da\/wp-json\/wp\/v2\/pages\/384","targetHints":{"allow":["GET"]}}],"collection":[{"href":"https:\/\/moverdb.com\/da\/wp-json\/wp\/v2\/pages"}],"about":[{"href":"https:\/\/moverdb.com\/da\/wp-json\/wp\/v2\/types\/page"}],"author":[{"embeddable":true,"href":"https:\/\/moverdb.com\/da\/wp-json\/wp\/v2\/users\/1"}],"replies":[{"embeddable":true,"href":"https:\/\/moverdb.com\/da\/wp-json\/wp\/v2\/comments?post=384"}],"version-history":[{"count":3,"href":"https:\/\/moverdb.com\/da\/wp-json\/wp\/v2\/pages\/384\/revisions"}],"predecessor-version":[{"id":387,"href":"https:\/\/moverdb.com\/da\/wp-json\/wp\/v2\/pages\/384\/revisions\/387"}],"wp:attachment":[{"href":"https:\/\/moverdb.com\/da\/wp-json\/wp\/v2\/media?parent=384"}],"curies":[{"name":"wp","href":"https:\/\/api.w.org\/{rel}","templated":true}]}}