{"id":366,"date":"2016-05-22T20:25:26","date_gmt":"2016-05-22T20:25:26","guid":{"rendered":"http:\/\/moverdb.com\/?page_id=366"},"modified":"2026-01-08T14:47:18","modified_gmt":"2026-01-08T14:47:18","slug":"organisationer-sammenslutninger","status":"publish","type":"page","link":"https:\/\/moverdb.com\/da\/organizations-associations\/","title":{"rendered":"28 Internationale organisationer og sammenslutninger inden for flytning og forsendelse"},"content":{"rendered":"<p><img loading=\"lazy\" decoding=\"async\" width=\"720\" height=\"486\" src=\"https:\/\/moverdb.com\/wp-content\/uploads\/number-buttons.jpg\" alt=\"Internationale organisationer og sammenslutninger inden for flytning og forsendelse\" class=\"aligncenter size-full wp-image-367\" srcset=\"https:\/\/moverdb.com\/wp-content\/uploads\/number-buttons.jpg 720w, https:\/\/moverdb.com\/wp-content\/uploads\/number-buttons-300x203.jpg 300w, https:\/\/moverdb.com\/wp-content\/uploads\/number-buttons-600x405.jpg 600w\" sizes=\"auto, (max-width: 720px) 100vw, 720px\" \/><\/p>\n<p>Nedenfor er en ikke-udt\u00f8mmende liste over de vigtigste internationale flytte- og shippingorganisationer, foreninger, ordninger, sammenslutninger, r\u00e5d, r\u00e5d osv.   <\/p>\n<ol>\n<li> <a href=\"https:\/\/moverdb.com\/da\/iam\/\">Den internationale sammenslutning af flyttefirmaer<\/a> (IAM) - Den <a href=\"https:\/\/moverdb.com\/da\/iam\/\" data-internallinksmanager029f6b8e52c=\"23\" title=\"International Association of Movers (IAM) Forklaret\">Den internationale sammenslutning af flyttefirmaer<\/a> (IAM) er en global brancheorganisation med medlemmer, der leverer flytte-, speditions-, shipping-, logistik- og relaterede tjenester.<\/li>\n<li> <a href=\"https:\/\/moverdb.com\/da\/fidi-faim\/\">FIDI &amp; FIDI akkrediteret international flyttemand<\/a> (<a href=\"https:\/\/moverdb.com\/da\/fidi-faim\/\" data-internallinksmanager029f6b8e52c=\"16\" title=\"FIDI &amp; FAIM (FIDI Accredited International Mover) forklaret\">FAIM<\/a>) - FIDI (F\u00e9d\u00e9ration Internationale des D\u00e9m\u00e9nageurs Internationaux; The Federation of International Movers) er en global paraplyorganisation for internationale flytte- og relocationvirksomheder.<\/li>\n<li> <a href=\"https:\/\/moverdb.com\/da\/amsa\/\">Amerikansk sammenslutning for flytning og opbevaring<\/a> (AMSA) - Den <a href=\"https:\/\/moverdb.com\/da\/amsa\/\" data-internallinksmanager029f6b8e52c=\"5\" title=\"American Moving &amp; Storage Association (AMSA) Forklaret\">Amerikansk sammenslutning for flytning og opbevaring<\/a> (AMSA) er den nationale brancheorganisation for den amerikanske flyttebranche.<\/li>\n<li> <a href=\"https:\/\/moverdb.com\/da\/faelge-promover\/\">Registreret international flyttemand (RIM) \/ International ProMover<\/a> - Den internationale <a href=\"https:\/\/moverdb.com\/da\/rim-promover\/\" data-internallinksmanager029f6b8e52c=\"76\" title=\"RIM International ProMover-certificering forklaret\">ProMover<\/a> certificeringen er en del af programmet Registered International Mover (RIM), der er oprettet af American Moving &amp; Storage Association (AMSA).<\/li>\n<li> <a href=\"https:\/\/moverdb.com\/da\/british-association-of-removers\/\">British Association of Removers<\/a> (BAR) - Den <a href=\"https:\/\/moverdb.com\/da\/british-association-of-removers\/\" data-internallinksmanager029f6b8e52c=\"9\" title=\"British Association of Removers (BAR) Forklaret\">British Association of Removers<\/a> (BAR) beskriver sig selv som \"den anerkendte stemme for den professionelle flyttebranche\" og er et n\u00f8gleorgan i den <a href=\"https:\/\/moverdb.com\/da\/moving-to-the-uk\/\" data-internallinksmanager029f6b8e52c=\"93\" title=\"Flytter du til Det Forenede Kongerige? 2022 Leveomkostninger og flyttetips\">UK<\/a> flyttebranchen.<\/li>\n<li> <a href=\"https:\/\/moverdb.com\/da\/bar-overseas\/\">BAR Overseas Group<\/a> - <a href=\"https:\/\/moverdb.com\/da\/bar-overseas\/\" data-internallinksmanager029f6b8e52c=\"10\" title=\"British Association of Removers (BAR) Overs\u00f8isk gruppe Forklaret\">BAR i udlandet<\/a> Group er en del af British Association of Removers (BAR), som har til form\u00e5l at fremme professionel ekspertise i flyttebranchen.<\/li>\n<li> <a href=\"https:\/\/moverdb.com\/da\/mtc\/\">Movers Trading Club<\/a> (<a href=\"https:\/\/moverdb.com\/da\/mtc\/\" data-internallinksmanager029f6b8e52c=\"30\" title=\"Movers Trading Club (MTC) Forklaret\">MTC<\/a>) - For BAR Overseas Groups medlemsvirksomheder, for at bidrage til at reducere <a href=\"https:\/\/moverdb.com\/da\/flytteudgifter\/\">flytteomkostninger<\/a> til den <a href=\"https:\/\/moverdb.com\/da\/moving-to-the-united-states\/\" data-internallinksmanager029f6b8e52c=\"94\" title=\"Flytter du til USA? 2022 Leveomkostninger og flyttetips\">USA<\/a> fra Det Forenede Kongerige.<\/li>\n<li> <a href=\"https:\/\/moverdb.com\/da\/canadian-association-of-movers\/\">Den canadiske sammenslutning af flyttefirmaer<\/a> (CAM) - Den <a href=\"https:\/\/moverdb.com\/da\/canadian-association-of-movers\/\" data-internallinksmanager029f6b8e52c=\"11\" title=\"Den canadiske sammenslutning af flyttefirmaer (CAM) forklaret\">Den canadiske sammenslutning af flyttefirmaer<\/a> er <a href=\"https:\/\/moverdb.com\/da\/moving-to-canada\/\" data-internallinksmanager029f6b8e52c=\"265\" title=\"Flytte til Canada? 2026 Leveomkostninger og flyttetips\">Canada<\/a>'s brancheorganisation, der repr\u00e6senterer flytte- og opbevaringsvirksomheder. <\/li>\n<li> <a href=\"https:\/\/moverdb.com\/da\/aima\/\">Australian International Movers Association<\/a> (AIMA) - Den <a href=\"https:\/\/moverdb.com\/da\/aima\/\" data-internallinksmanager029f6b8e52c=\"8\" title=\"Australian International Movers Association (AIMA) Forklaret\">Australian International Movers Association<\/a> (AIMA) beskriver sig selv som et professionelt forum for den <a href=\"https:\/\/moverdb.com\/da\/international-removals\/\" data-internallinksmanager029f6b8e52c=\"27\" title=\"De 36 bedste internationale flyttefirmaer i Storbritannien\">internationale flytninger<\/a> industri.<\/li>\n<li> <a href=\"https:\/\/moverdb.com\/da\/afra\/\">Australian Furniture Removers Association<\/a> (AFRA) - Den <a href=\"https:\/\/moverdb.com\/da\/afra\/\" data-internallinksmanager029f6b8e52c=\"7\" title=\"Australian Furniture Removers Association (AFRA) Forklaret\">Australian Furniture Removers Association<\/a> (AFRA) betegner sig selv som repr\u00e6sentant for og regulerende myndighed for flyttebranchen i <a href=\"https:\/\/moverdb.com\/da\/moving-to-australia\/living-in-australia\/\" data-internallinksmanager029f6b8e52c=\"240\" title=\"21 hemmeligheder om at bo i Australien, som du skal vide, f\u00f8r du flytter\">Australien<\/a>.<\/li>\n<li> <a href=\"https:\/\/moverdb.com\/da\/hgfaa\/\">Household Goods Forwarders Association of America<\/a> (HGFAA) - Den <a href=\"https:\/\/moverdb.com\/da\/hgfaa\/\" data-internallinksmanager029f6b8e52c=\"21\" title=\"Household Goods Forwarders Association of America (HGFAA) Forklaret\">Household Goods Forwarders Association of America<\/a> (HGFAA) beskriver sig selv som en global sammenslutning af flyttefirmaer, der er forpligtet til at sikre, at kunderne f\u00e5r den bedst mulige service under deres flytning.<\/li>\n<li> <a href=\"https:\/\/moverdb.com\/da\/ncbfaa\/\">National Customs Brokers &amp; Forwarders Association of America<\/a> (NCBFAA) - Den <a href=\"https:\/\/moverdb.com\/da\/ncbfaa\/\" data-internallinksmanager029f6b8e52c=\"73\" title=\"National Customs Brokers &amp; Forwarders Association of America (NCBFAA)\">National Customs Brokers &amp; Forwarders Association of America<\/a> (NCBFAA) betragtes som den amerikanske transportlogistikbranches taler\u00f8r.<\/li>\n<li> <a href=\"https:\/\/moverdb.com\/da\/lacma\/\">Sammenslutningen af internationale flyttefirmaer i Latinamerika og Caribien<\/a> (LACMA) - Den <a href=\"https:\/\/moverdb.com\/da\/lacma\/\" data-internallinksmanager029f6b8e52c=\"28\" title=\"Sammenslutningen af latinamerikanske og caribiske internationale flyttefirmaer (LACMA)\">Sammenslutningen af internationale flyttefirmaer i Latinamerika og Caribien<\/a> (LACIMA) repr\u00e6senterer en samling af flytte- og forflytningsvirksomheder med henblik p\u00e5 at fremme integrationen af lokalt baserede virksomheder og andre virksomheder i hele verden.<\/li>\n<li> <a href=\"https:\/\/moverdb.com\/da\/iata\/\">Den internationale lufttransportforening<\/a> (IATA) - Den <a href=\"https:\/\/moverdb.com\/da\/iata\/\" data-internallinksmanager029f6b8e52c=\"22\" title=\"International Air Transport Association (IATA) forklaret\">Den internationale lufttransportforening<\/a> (IATA) er den globale brancheorganisation for verdens luftfartsselskaber. Dens mission er at lede og tjene sine medlemmer og at repr\u00e6sentere deres interesser p\u00e5 en m\u00e5de, der fremmer lufthavnstransportindustrien.<\/li>\n<li> <a href=\"https:\/\/moverdb.com\/da\/euromovers\/\">European Mover Partnership (EUROMOVERS International)<\/a> - <a href=\"https:\/\/moverdb.com\/da\/euromovers\/\" data-internallinksmanager029f6b8e52c=\"12\" title=\"European Mover Partnership (EUROMOVERS International) forklaret\">Euromovers<\/a> er baseret i <a href=\"https:\/\/moverdb.com\/da\/moving-to-luxembourg\/\" data-internallinksmanager029f6b8e52c=\"349\" title=\"Flytter du til Luxembourg? 2026 Leveomkostninger og tips til flytning\">Luxembourg<\/a> og best\u00e5r af en r\u00e6kke f\u00f8rende <a href=\"https:\/\/moverdb.com\/da\/moving-companies\/\" data-internallinksmanager029f6b8e52c=\"79\" title=\"Top 25 internationale flyttefirmaer online\">internationale flyttefirmaer<\/a> som har dannet et netv\u00e6rk p\u00e5 grundlag af f\u00e6lles standarder, visioner og retningslinjer.<\/li>\n<li> <a href=\"https:\/\/moverdb.com\/da\/medarbejderflytningsrad\/\">Verdensd\u00e6kkende ERC<\/a> (R\u00e5det for flytning af arbejdstagere) - Den <a href=\"https:\/\/moverdb.com\/da\/employee-relocation-council\/\" data-internallinksmanager029f6b8e52c=\"83\" title=\"Forklaring af det verdensomsp\u00e6ndende Employee Relocation Council (ERC)\">Det verdensomsp\u00e6ndende r\u00e5d for flytning af medarbejdere<\/a> (ERC) betegner sig selv som en sammenslutning for fagfolk, der overv\u00e5ger, administrerer eller st\u00f8tter indenlandske og internationale overf\u00f8rsler af medarbejdere i USA.<\/li>\n<li> <a href=\"https:\/\/moverdb.com\/da\/harmony-relocation-network\/\">Harmony Relocation Network<\/a> - Den <a href=\"https:\/\/moverdb.com\/da\/harmony-relocation-network\/\" data-internallinksmanager029f6b8e52c=\"20\" title=\"Forklaring af Harmony Relocation Network (HRN)\">Harmony Relocation Network<\/a> (HRN) er en gruppe af partnervirksomheder, der blev oprettet for at opbygge et paneurop\u00e6isk netv\u00e6rk for global relocation.<\/li>\n<li> <a href=\"https:\/\/moverdb.com\/da\/eura\/\">Den europ\u00e6iske sammenslutning for flytning<\/a> (EuRA) - Den <a href=\"https:\/\/moverdb.com\/da\/eura\/\" data-internallinksmanager029f6b8e52c=\"13\" title=\"Den europ\u00e6iske forening for flytning (EuRA) forklaret\">Den europ\u00e6iske sammenslutning for flytning<\/a> (EuRA) fremmer fordelene ved professionelt forvaltede flytte- og mobilitetstjenester for virksomheder med globalt mobile medarbejdere.<\/li>\n<li> <a href=\"https:\/\/moverdb.com\/da\/sammenslutning-af-flyttefaglige-personer\/\">Sammenslutningen af professionelle flyttefolk<\/a> (ARP) - Den <a href=\"https:\/\/moverdb.com\/da\/association-relocation-professionals\/\" data-internallinksmanager029f6b8e52c=\"6\" title=\"Forklaring af Association of Relocation Professionals (ARP)\">Sammenslutningen af professionelle flyttefolk<\/a> (ARP) er et professionelt organ for flyttebranchen i Storbritannien.<\/li>\n<li> <a href=\"https:\/\/moverdb.com\/da\/rios\/\">Ombudsmandsordningen for flyttebranchen<\/a> (<a href=\"https:\/\/moverdb.com\/da\/rios\/\" data-internallinksmanager029f6b8e52c=\"75\" title=\"Forklaring af Ombudsmandsordningen for flyttebranchen (RIOS)\">RIOS<\/a>) - Ombudsmandsordningen for flyttebranchen (RIOS) behandler klager over virksomheder i flyttebranchen i Det Forenede Kongerige.<\/li>\n<li> <a href=\"https:\/\/moverdb.com\/da\/fedemac\/\">Sammenslutningen af europ\u00e6iske flytteforeninger<\/a> (FEDEMAC) - Den <a href=\"https:\/\/moverdb.com\/da\/fedemac\/\" data-internallinksmanager029f6b8e52c=\"15\" title=\"Federation of European Movers Association (FEDEMAC) Forklaret\">Sammenslutningen af europ\u00e6iske flytteforeninger<\/a> (FEDEMAC) er et europ\u00e6isk organ, der er oprettet for at fremme flytteindustrien p\u00e5 europ\u00e6isk plan.<\/li>\n<li> <a href=\"https:\/\/moverdb.com\/da\/freight-transport-association\/\">Sammenslutningen for godstransport<\/a> (FTA) - Den <a href=\"https:\/\/moverdb.com\/da\/freight-transport-association\/\" data-internallinksmanager029f6b8e52c=\"18\" title=\"Forklaring af Freight Transport Association (FTA)\">Sammenslutningen for godstransport<\/a> (FTA) blev oprettet for at repr\u00e6sentere logistikvirksomhedernes interesser, uanset om de transporterer varer til s\u00f8s, i luften, p\u00e5 vej eller med jernbane.<\/li>\n<li> <a href=\"https:\/\/moverdb.com\/da\/eurovan-movers\/\">Eurovan International Movers Network<\/a> - <a href=\"https:\/\/moverdb.com\/da\/eurovan-movers\/\" data-internallinksmanager029f6b8e52c=\"14\" title=\"Eurovan International Movers Network (EM) Forklaret\">Eurovan International Movers Network<\/a> (EM) er et netv\u00e6rk af uafh\u00e6ngige lokale flyttefirmaer med base i <a href=\"https:\/\/moverdb.com\/da\/moving-to-germany\/\" data-internallinksmanager029f6b8e52c=\"321\" title=\"Flytter du til Tyskland? 2026 Leveomkostninger og flyttetips\">Tyskland<\/a>. Netv\u00e6rket er udformet for at im\u00f8dekomme behovet for at kunne levere et ensartet serviceniveau ved internationale flytninger, der kan g\u00e5 gennem flere lande.<\/li>\n<li> <a href=\"https:\/\/moverdb.com\/da\/ngrs\/\">National Guild of Removers and Storers<\/a> (NGRS) - Den <a href=\"https:\/\/moverdb.com\/da\/ngrs\/\" data-internallinksmanager029f6b8e52c=\"74\" title=\"National Guild of Removers and Storers (NGRS) Forklaret\">National Guild of Removers and Storers<\/a> (NGRS) er blevet oprettet for at regulere flytte- og opbevaringsbranchen i Det Forenede Kongerige.<\/li>\n<li> <a href=\"https:\/\/moverdb.com\/da\/international-maritime-organisation\/\">Den Internationale S\u00f8fartsorganisation<\/a> (IMO) - Den <a href=\"https:\/\/moverdb.com\/da\/international-maritime-organisation\/\" data-internallinksmanager029f6b8e52c=\"24\" title=\"Den Internationale S\u00f8fartsorganisation (IMO) forklaret\">Den Internationale S\u00f8fartsorganisation<\/a> (IMO) er et FN-agentur med hjemsted i Storbritannien, som er ansvarlig for at regulere skibsfarten.<\/li>\n<li> <a href=\"https:\/\/moverdb.com\/da\/world-shipping-council\/\">Verdensskibsfartr\u00e5det<\/a> (WSC) - Den <a href=\"https:\/\/moverdb.com\/da\/world-shipping-council\/\" data-internallinksmanager029f6b8e52c=\"82\" title=\"Forklaring af World Shipping Council (WSC)\">Verdensskibsfartr\u00e5det<\/a> (WSC) er et taler\u00f8r for linjeskibsfarten.<\/li>\n<li> <a href=\"https:\/\/moverdb.com\/da\/verdens-told-organisation\/\">Verdenstoldorganisationen<\/a> (<a href=\"https:\/\/moverdb.com\/da\/world-customs-organization\/\" data-internallinksmanager029f6b8e52c=\"81\" title=\"Forklaring af Verdenstoldorganisationen (WCO)\">WCO<\/a>) - Verdenstoldorganisationen (WCO) er et uafh\u00e6ngigt mellemstatsligt organ, der fungerer som taler\u00f8r for toldsamfundet. <\/li>\n<li> <a href=\"https:\/\/moverdb.com\/da\/international-chamber-shipping\/\">Det Internationale Skibsfartskammer<\/a> (ICS) -  <a href=\"https:\/\/moverdb.com\/da\/international-chamber-shipping\/\" data-internallinksmanager029f6b8e52c=\"78\" title=\"Det Internationale Skibsfartskammer (ICS) forklaret\">Det Internationale Skibsfartskammer<\/a> (ICS) er en brancheorganisation, der repr\u00e6senterer skibsejere og skibsoperat\u00f8rer via nationale rederisammenslutninger. <\/li>\n<\/ol>","protected":false},"excerpt":{"rendered":"<p>Below is a non-exhaustive list of the most important international moving &#038; shipping organizations, associations, schemes, guilds, councils etc. International Association of Movers (IAM) &#8211; The International Association of Movers (IAM) is a global trade body with members who provide moving, forwarding, shipping, logistics, and related services. FIDI &#038; FIDI Accredited International Mover (FAIM) &#8211; [&hellip;]<\/p>\n","protected":false},"author":1,"featured_media":367,"parent":0,"menu_order":0,"comment_status":"closed","ping_status":"closed","template":"","meta":{"_genesis_hide_title":false,"_genesis_hide_breadcrumbs":false,"_genesis_hide_singular_image":false,"_genesis_hide_footer_widgets":false,"_genesis_custom_body_class":"","_genesis_custom_post_class":"","_genesis_layout":"","footnotes":""},"class_list":{"0":"post-366","1":"page","2":"type-page","3":"status-publish","4":"has-post-thumbnail","6":"entry"},"_links":{"self":[{"href":"https:\/\/moverdb.com\/da\/wp-json\/wp\/v2\/pages\/366","targetHints":{"allow":["GET"]}}],"collection":[{"href":"https:\/\/moverdb.com\/da\/wp-json\/wp\/v2\/pages"}],"about":[{"href":"https:\/\/moverdb.com\/da\/wp-json\/wp\/v2\/types\/page"}],"author":[{"embeddable":true,"href":"https:\/\/moverdb.com\/da\/wp-json\/wp\/v2\/users\/1"}],"replies":[{"embeddable":true,"href":"https:\/\/moverdb.com\/da\/wp-json\/wp\/v2\/comments?post=366"}],"version-history":[{"count":29,"href":"https:\/\/moverdb.com\/da\/wp-json\/wp\/v2\/pages\/366\/revisions"}],"predecessor-version":[{"id":1342,"href":"https:\/\/moverdb.com\/da\/wp-json\/wp\/v2\/pages\/366\/revisions\/1342"}],"wp:featuredmedia":[{"embeddable":true,"href":"https:\/\/moverdb.com\/da\/wp-json\/wp\/v2\/media\/367"}],"wp:attachment":[{"href":"https:\/\/moverdb.com\/da\/wp-json\/wp\/v2\/media?parent=366"}],"curies":[{"name":"wp","href":"https:\/\/api.w.org\/{rel}","templated":true}]}}