{"id":351,"date":"2016-05-22T21:04:36","date_gmt":"2016-05-22T21:04:36","guid":{"rendered":"http:\/\/moverdb.com\/?page_id=351"},"modified":"2026-01-08T14:40:12","modified_gmt":"2026-01-08T14:40:12","slug":"mcgimpsey-brothers-removals","status":"publish","type":"page","link":"https:\/\/moverdb.com\/da\/mcgimpsey-brothers-removals\/","title":{"rendered":"McGimpsey Brothers Flyttefirmaer: International Flytning Anmeldelser"},"content":{"rendered":"<p>McGimpsey Brothers Removals tilbyder kunderne f\u00f8lgende tjenester i forbindelse med flytning til udlandet og lokalt, b\u00e5de for privatpersoner og virksomheder. En virksomhedsprofil og anmeldelser f\u00f8lger efter afsnittet om tjenester.<\/p>\n<p><strong>Flytning til udlandet<\/strong><\/p>\n<ul>\n<li> Daglig luft- og s\u00f8fragt<\/li>\n<li> Specialiseret eksportpakning, m\u00e6rkning og lastning<\/li>\n<li> Forsendelse og toldklarering<\/li>\n<li> Levering, udpakning og ops\u00e6tning, fjernelse af affald<\/li>\n<li> Forsikringsd\u00e6kning<\/li>\n<li> Personlig dedikeret konsulent<\/li>\n<\/ul>\n<p><strong>Flytning inden for Europa<\/strong><\/p>\n<ul>\n<li> Fra d\u00f8r til d\u00f8r<\/li>\n<li> Topklasse, specialbyggede flyttebiler<\/li>\n<li> Trackere og satellitnavigationssystemer med h\u00f8j sikkerhed<\/li>\n<li> Pakning og udpakning<\/li>\n<li> Forsikringsd\u00e6kning<\/li>\n<li> Personlig dedikeret konsulent<\/li>\n<\/ul>\n<p><strong>Flytning af virksomheder og forretninger<\/strong><\/p>\n<ul>\n<li> Udflytning af virksomheder i hele verden<\/li>\n<li> Flytning af medarbejdere i hele verden<\/li>\n<li> Personlig dedikeret konsulent<\/li>\n<\/ul>\n<p><strong>At bev\u00e6ge sig indenfor <a href=\"https:\/\/moverdb.com\/da\/moving-to-ireland\/\" data-internallinksmanager029f6b8e52c=\"320\" title=\"Flytter du til Irland? 2026 Leveomkostninger og flyttetips\">Irland<\/a><\/strong><\/p>\n<ul>\n<li> Fra d\u00f8r til d\u00f8r<\/li>\n<li> Pakning og udpakning<\/li>\n<li> Forsikring<\/li>\n<li> Personlig dedikeret konsulent<\/li>\n<\/ul>\n<p><strong>Flytning <a href=\"https:\/\/moverdb.com\/da\/moving-to-isle-of-man\/\" data-internallinksmanager029f6b8e52c=\"339\" title=\"Skal du flytte til Isle of Man? 2026 Leveomkostninger og tips til flytning\">Isle of Man<\/a> og Kanal\u00f8erne<\/strong><\/p>\n<ul>\n<li> Fra d\u00f8r til d\u00f8r<\/li>\n<li> Pakning og udpakning<\/li>\n<li> Toldklarering<\/li>\n<li> Forsikring<\/li>\n<li> Personlig dedikeret konsulent<\/li>\n<\/ul>\n<p><strong>Opbevaring<\/strong><\/p>\n<ul>\n<li> Opbevaring af dokumenter og arkiver<\/li>\n<li> Selvopbevaring<\/li>\n<li> Opbevaring af erhvervsmateriel<\/li>\n<li> Oplagring p\u00e5 lager<\/li>\n<\/ul>\n<h2>McGimpsey Removals virksomhedsprofil<\/h2>\n<p>McGimpsey Removals beskriver sig selv som en femstjernet boutique <a href=\"https:\/\/moverdb.com\/da\/moving-companies\/\" data-internallinksmanager029f6b8e52c=\"79\" title=\"Top 25 internationale flyttefirmaer online\">flyttefirma<\/a> som giver deres kunder en f\u00f8rsteklasses service. De har v\u00e6ret i drift i 30 \u00e5r og tror p\u00e5 at bruge fremragende transport, emballage og veluddannet, omsorgsfuldt personale.<\/p>\n<p>McGimpsey Removals siger, at de ikke blot er forpligtet til at levere den bedst mulige service til privatpersoner og virksomheder, der flytter til udlandet og lokalt, men at de ogs\u00e5 n\u00f8je holder \u00f8je med deres CO2-fodaftryk.<\/p>\n<p>McGimpsey Removals tilknytninger og akkrediteringer:<\/p>\n<ul>\n<li> <a href=\"https:\/\/moverdb.com\/da\/british-association-of-removers\/\">Den britiske sammenslutning af flyttefirmaer<\/a> (<a href=\"https:\/\/moverdb.com\/da\/british-association-of-removers\/\" data-internallinksmanager029f6b8e52c=\"9\" title=\"British Association of Removers (BAR) Forklaret\">BAR<\/a>)<\/li>\n<li> <a href=\"https:\/\/moverdb.com\/da\/fidi-faim\/\">FIDI<\/a><\/li>\n<li> <a href=\"https:\/\/moverdb.com\/da\/iam\/\">International Association of Movers (IAM)<\/a><\/li>\n<li> <a href=\"https:\/\/moverdb.com\/da\/mtc\/\">The Movers Trading Club<\/a> (<a href=\"https:\/\/moverdb.com\/da\/mtc\/\" data-internallinksmanager029f6b8e52c=\"30\" title=\"Movers Trading Club (MTC) Forklaret\">MTC<\/a>)<\/li>\n<li> Foreningen for arbejdskraftens mobilitet <\/li>\n<\/ul>\n<h2>McGimpsey Brothers Flyttefirmaer Anmeldelser<\/h2>\n<p><strong>Positiv<\/strong><\/p>\n<p><em>\"Dette firma var fremragende fra start til slut. Flyttekonsulenten var hj\u00e6lpsom, vidende og altid hurtig til at svare og holde mig opdateret, selv efter at alt var blevet leveret, sendte hun en e-mail for at kontrollere, at jeg var tilfreds.\"<\/em> - Elizabeth Heib via <a href=\"https:\/\/plus.google.com\/111359327014801398449\/reviews\" target=\"_blank\" rel=\"noopener\">Google Anmeldelser<\/a><\/p>\n<p><strong>Negativ<\/strong><\/p>\n<p><em>\"Jeg havde en forf\u00e6rdelig oplevelse med dette firma! De er meget hj\u00e6lpsomme, n\u00e5r de vil have din booking og lover h\u00f8jt, men desv\u00e6rre leverer de lavt. Jeg brugte dem til at transportere noget tungt kommercielt tr\u00e6ningsudstyr fra Irland til den <a href=\"https:\/\/moverdb.com\/da\/moving-to-the-uk\/\" data-internallinksmanager029f6b8e52c=\"93\" title=\"Flytter du til Det Forenede Kongerige? 2022 Leveomkostninger og flyttetips\">UK<\/a> og ...\"<\/em> - Chantelle Smith via <a href=\"https:\/\/plus.google.com\/100947701157660629611\/reviews\" target=\"_blank\" rel=\"noopener\">Google Anmeldelser<\/a><\/p>\n<div itemprop=\"review\" itemscope itemtype=\"http:\/\/schema.org\/Review\">\n<span itemprop=\"author\" itemscope=\"\" itemtype=\"http:\/\/schema.org\/Organization\"><span itemprop=\"name\">MoverDB.com<\/span><\/span> Online website anmeldelse for <span itemprop=\"itemreviewed\" itemscope=\"\" itemtype=\"http:\/\/schema.org\/Brand\"><span itemprop=\"name\">McGimpsey Brothers Flyttefirmaer<\/span><\/span>:<\/p>\n<ol>\n<li> Tydelige kontaktoplysninger p\u00e5 webstedet (herunder telefonnummer): <strong>Ja<\/strong><\/li>\n<li> Let at f\u00e5 <a href=\"https:\/\/moverdb.com\/da\/citater\/\">citater for internationale flytninger<\/a>? (Formular til anmodning om online overslag): <strong>Ja<\/strong><\/li>\n<li> Klare oplysninger p\u00e5 webstedet: <strong>Delvis<\/strong>. Oplysningerne er ufuldst\u00e6ndige, men der vil blive givet flere oplysninger efter anmodning.<\/li>\n<li> Medlemskab af internationalt anerkendte flytteorganisationer: <strong>Ja<\/strong>, se ovenfor.<\/li>\n<li> Liste over kunder og\/eller tidligere kundeudtalelser: <strong>Ja<\/strong> Der er ingen kundeliste, men der er tidligere kundeudtalelser.<\/li>\n<\/ol>\n<div itemprop=\"reviewRating\" itemscope itemtype=\"http:\/\/schema.org\/Rating\"><meta itemprop=\"worstRating\" content = \"0\" \/><meta itemprop=\"bestRating\" content=\"5\" \/><meta itemprop=\"ratingValue\" content=\"4\"><\/div>\n<p><strong>Samlet score: 4\/5<\/strong><br \/>\n<strong>Dato for gennemgang:<\/strong> <span itemprop=\"datePublished\" content=\"2016-05-22\">22\/05\/2016<\/span><\/p>\n<\/div>\n<p>Mere om <a href=\"https:\/\/moverdb.com\/da\/internationale-flytninger\/\">UK flyttefirmaer<\/a> og vores <a href=\"https:\/\/moverdb.com\/da\/anmeldelser\/\">gennemgangsprocessen forklaret<\/a>.<\/p>\n<p><strong>Hjemmeside:<\/strong> <a href=\"https:\/\/www.mcgimpseys.com\/\" target=\"_blank\" rel=\"noopener\">https:\/\/www.mcgimpseys.com\/<\/a><\/p>","protected":false},"excerpt":{"rendered":"<p>McGimpsey Brothers Removals offers clients the following services when relocating abroad and locally, for both individuals and businesses. A company profile and reviews follow the services section. Moving Overseas Daily air and sea freight Specialist export packing, labelling and loading Shipping and customs clearance Delivery, unpacking and setting up, removal of rubbish Insurance cover Personal [&hellip;]<\/p>\n","protected":false},"author":1,"featured_media":0,"parent":0,"menu_order":0,"comment_status":"closed","ping_status":"closed","template":"","meta":{"_genesis_hide_title":false,"_genesis_hide_breadcrumbs":false,"_genesis_hide_singular_image":false,"_genesis_hide_footer_widgets":false,"_genesis_custom_body_class":"","_genesis_custom_post_class":"","_genesis_layout":"","footnotes":""},"class_list":{"0":"post-351","1":"page","2":"type-page","3":"status-publish","5":"entry"},"_links":{"self":[{"href":"https:\/\/moverdb.com\/da\/wp-json\/wp\/v2\/pages\/351","targetHints":{"allow":["GET"]}}],"collection":[{"href":"https:\/\/moverdb.com\/da\/wp-json\/wp\/v2\/pages"}],"about":[{"href":"https:\/\/moverdb.com\/da\/wp-json\/wp\/v2\/types\/page"}],"author":[{"embeddable":true,"href":"https:\/\/moverdb.com\/da\/wp-json\/wp\/v2\/users\/1"}],"replies":[{"embeddable":true,"href":"https:\/\/moverdb.com\/da\/wp-json\/wp\/v2\/comments?post=351"}],"version-history":[{"count":10,"href":"https:\/\/moverdb.com\/da\/wp-json\/wp\/v2\/pages\/351\/revisions"}],"predecessor-version":[{"id":13176,"href":"https:\/\/moverdb.com\/da\/wp-json\/wp\/v2\/pages\/351\/revisions\/13176"}],"wp:attachment":[{"href":"https:\/\/moverdb.com\/da\/wp-json\/wp\/v2\/media?parent=351"}],"curies":[{"name":"wp","href":"https:\/\/api.w.org\/{rel}","templated":true}]}}