{"id":349,"date":"2016-05-22T20:51:02","date_gmt":"2016-05-22T20:51:02","guid":{"rendered":"http:\/\/moverdb.com\/?page_id=349"},"modified":"2026-01-08T15:20:48","modified_gmt":"2026-01-08T15:20:48","slug":"team-relokaliseringer","status":"publish","type":"page","link":"https:\/\/moverdb.com\/da\/team-relocations\/","title":{"rendered":"Team Relocations internationale flytninger og flytninger Anmeldelser"},"content":{"rendered":"<p>Team Relocations tilbyder f\u00f8lgende flyttetjenester til privatpersoner og virksomheder, der flytter personale eller hele kontorer til udlandet. L\u00e6s Team Locations' virksomhedsprofil og anmeldelser nedenfor.<\/p>\n<p><strong>Personlige og erhvervsm\u00e6ssige flytninger<\/strong><\/p>\n<ul>\n<li> R\u00e5dgivningstjeneste med individuelle l\u00f8sninger til flytning<\/li>\n<li> Strategisk styring af flytning<\/li>\n<li> Avanceret webZone-teknologi<\/li>\n<li> Pakning og forsendelse<\/li>\n<li> Forsikring arrangeret<\/li>\n<\/ul>\n<p><strong>Ejendomsservice<\/strong><\/p>\n<ul>\n<li> Hjem s\u00f8gning<\/li>\n<li> Forhandlinger og fornyelse af lejem\u00e5l<\/li>\n<li> Ind- og udtjekning af inventar<\/li>\n<li> Udlejning af m\u00f8bler og hvidevarer<\/li>\n<li> Midlertidig indkvartering<\/li>\n<li> Afrejseprogrammer<\/li>\n<li> Forvaltning af salg af boliger<\/li>\n<li> Ejendomsadministration <\/li>\n<li> Program for garanteret salg af boliger<\/li>\n<\/ul>\n<p><strong>Indk\u00f8ring<\/strong><\/p>\n<ul>\n<li> Orientering<\/li>\n<li> Oplysninger om destinationen<\/li>\n<li> Kulturelle briefinger<\/li>\n<li> Sprogundervisning<\/li>\n<li> Flytning af administration<\/li>\n<li> Handyman\/Maid Services<\/li>\n<\/ul>\n<p><strong>Familieprogrammer<\/strong><\/p>\n<ul>\n<li> Forskning og registrering inden for uddannelse<\/li>\n<li> Flytning af k\u00e6ledyr<\/li>\n<li> St\u00f8tte fra partnere<\/li>\n<\/ul>\n<p><strong>Opbevaringstjenester<\/strong><\/p>\n<ul>\n<li> Specialiseret oplagring<\/li>\n<li> Arkiv og opbevaring af dokumenter<\/li>\n<li> Traditionel opbevaring<\/li>\n<\/ul>\n<p><strong>Specialiserede tjenester<\/strong><\/p>\n<ul>\n<li> Globale flytninger for private afskibere<\/li>\n<li> Flytning og flytning af erhverv og kontorer<\/li>\n<li> Flytning af hospitaler<\/li>\n<li> Opbevaring i hjemmet<\/li>\n<li> Opbevaring af dokumenter og arkiver<\/li>\n<\/ul>\n<p><strong>Yderligere tjenester<\/strong><\/p>\n<ul>\n<li> Stigeelevatorer til vanskelig adgang<\/li>\n<li> Pakning af kunst og antikviteter<\/li>\n<li> Elektrikerydelser, herunder<\/li>\n<li> \u00c6ndring af stik til lokale stikkontakter<\/li>\n<li> Oml\u00e6gning af kabler til lamper og apparater<\/li>\n<li> Levering af transformatorer<\/li>\n<li> Handyman<\/li>\n<li> Stuepige service<\/li>\n<li> Stemning af klaver<\/li>\n<li> Installation\/fjernelse af parabolantenne<\/li>\n<li> Reng\u00f8ringshold<\/li>\n<li> Afhentning p\u00e5 kontoret<\/li>\n<li> Kasser til velg\u00f8renhed<\/li>\n<li> <a href=\"https:\/\/moverdb.com\/da\/biltransport-forsendelse\/\">Forsendelse af k\u00f8ret\u00f8jer<\/a> og opbevaring<\/li>\n<\/ul>\n<h2>Team Relocation virksomhedsprofil<\/h2>\n<p>Team Relocation blev grundlagt i 1977 og er nu en af de st\u00f8rste flyttefirmaer og <a href=\"https:\/\/moverdb.com\/da\/international-removals\/\" data-internallinksmanager029f6b8e52c=\"27\" title=\"De 36 bedste internationale flyttefirmaer i Storbritannien\">flyttefirmaer<\/a> i verden. Team Location har kontorer i 13 lande, og mange prominente personer, multinationale virksomheder og offentlige myndigheder bruger virksomheden til personale- og virksomhedsflytninger i udlandet og regionalt. <\/p>\n<p>Team Relocation arbejder kun sammen med partnere, der deler de samme kernev\u00e6rdier som Team Relocation; disse omfatter ekspertise, integritet, ansvarlighed og sikkerhed. Virksomheden koncentrerer sig om relocation, flytning og specialiserede tjenester. <\/p>\n<p>Virksomheden tror ogs\u00e5 st\u00e6rkt p\u00e5 internationale menneskerettigheder og st\u00f8tter mange velg\u00f8rende organisationer rundt om i verden.<\/p>\n<p>Team Locations akkrediteringer og tilknytninger er anf\u00f8rt nedenfor:<\/p>\n<ul>\n<li> <a href=\"https:\/\/moverdb.com\/da\/british-association-of-removers\/\">Den britiske sammenslutning af flyttefirmaer (BAR)<\/a><\/li>\n<li> DBA<\/li>\n<li> The <a href=\"https:\/\/moverdb.com\/da\/mtc\/\">Movers Trading Club<\/a> (<a href=\"https:\/\/moverdb.com\/da\/mtc\/\" data-internallinksmanager029f6b8e52c=\"30\" title=\"Movers Trading Club (MTC) Forklaret\">MTC<\/a>)<\/li>\n<li> <a href=\"https:\/\/moverdb.com\/da\/fidi-faim\/\">FAIM<\/a><\/li>\n<li> <a href=\"https:\/\/moverdb.com\/da\/fidi-faim\/\">FIDI<\/a><\/li>\n<li> Den verdensomsp\u00e6ndende mobilitetsforening <\/li>\n<li> <a href=\"https:\/\/moverdb.com\/da\/iam\/\">International Association of Movers (IAM)<\/a><\/li>\n<li> OMNI<\/li>\n<\/ul>\n<h2>Team Relocations Anmeldelser<\/h2>\n<p><em>P\u00e5 nuv\u00e6rende tidspunkt kunne vi ikke finde nogen anmeldelser af Team Relocations andre steder p\u00e5 nettet.<\/em><\/p>\n<div itemprop=\"review\" itemscope itemtype=\"http:\/\/schema.org\/Review\">\n<span itemprop=\"author\" itemscope=\"\" itemtype=\"http:\/\/schema.org\/Organization\"><span itemprop=\"name\">MoverDB.com<\/span><\/span> Online website anmeldelse for <span itemprop=\"itemreviewed\" itemscope=\"\" itemtype=\"http:\/\/schema.org\/Brand\"><span itemprop=\"name\">Flytning af hold<\/span><\/span>:<\/p>\n<ol>\n<li> Tydelige kontaktoplysninger p\u00e5 webstedet (herunder telefonnummer): <strong>Ja<\/strong><\/li>\n<li> Let at f\u00e5 <a href=\"https:\/\/moverdb.com\/da\/citater\/\">citater for internationale flytninger<\/a>? (Formular til anmodning om online overslag): <strong>Ja<\/strong><\/li>\n<li> Klare oplysninger p\u00e5 webstedet: <strong>Ja<\/strong>. Et informativt websted, men detaljerede oplysninger skal s\u00f8ges direkte hos virksomheden.<\/li>\n<li> Medlemskab af internationalt anerkendte flytteorganisationer: <strong>Ja<\/strong>, se ovenfor.<\/li>\n<li> Liste over kunder og\/eller tidligere kundeudtalelser: <strong>Nej.<\/strong><\/li>\n<\/ol>\n<div itemprop=\"reviewRating\" itemscope itemtype=\"http:\/\/schema.org\/Rating\"><meta itemprop=\"worstRating\" content = \"0\" \/><meta itemprop=\"bestRating\" content=\"5\" \/><meta itemprop=\"ratingValue\" content=\"4\"><\/div>\n<p><strong>Samlet score: 4\/5<\/strong><br \/>\n<strong>Dato for gennemgang:<\/strong> <span itemprop=\"datePublished\" content=\"2016-05-22\">22\/05\/2016<\/span><\/p>\n<\/div>\n<p>Mere om <a href=\"https:\/\/moverdb.com\/da\/flyttefirmaer\/\">internationale flyttefirmaer<\/a> og vores <a href=\"https:\/\/moverdb.com\/da\/anmeldelser\/\">gennemgangsprocessen forklaret<\/a>.<\/p>\n<p><strong>Hjemmeside:<\/strong> <a href=\"http:\/\/www.teamrelocations.com\/\" target=\"_blank\" rel=\"noopener\">http:\/\/www.teamrelocations.com<\/a><\/p>","protected":false},"excerpt":{"rendered":"<p>Team Relocations offers the following moving services for individuals and corporates moving personnel or whole offices abroad. Read Team Locations&#8217; company profile and reviews below. Personal and Corporate Moves Consultancy service offering individual solutions to moving Strategic relocation management Advanced webZone technology Packing and shipping Insurance arranged Property Services Home Search Tenancy Negotiations &#038; Renewals [&hellip;]<\/p>\n","protected":false},"author":1,"featured_media":0,"parent":0,"menu_order":0,"comment_status":"closed","ping_status":"closed","template":"","meta":{"_genesis_hide_title":false,"_genesis_hide_breadcrumbs":false,"_genesis_hide_singular_image":false,"_genesis_hide_footer_widgets":false,"_genesis_custom_body_class":"","_genesis_custom_post_class":"","_genesis_layout":"","footnotes":""},"class_list":{"0":"post-349","1":"page","2":"type-page","3":"status-publish","5":"entry"},"_links":{"self":[{"href":"https:\/\/moverdb.com\/da\/wp-json\/wp\/v2\/pages\/349","targetHints":{"allow":["GET"]}}],"collection":[{"href":"https:\/\/moverdb.com\/da\/wp-json\/wp\/v2\/pages"}],"about":[{"href":"https:\/\/moverdb.com\/da\/wp-json\/wp\/v2\/types\/page"}],"author":[{"embeddable":true,"href":"https:\/\/moverdb.com\/da\/wp-json\/wp\/v2\/users\/1"}],"replies":[{"embeddable":true,"href":"https:\/\/moverdb.com\/da\/wp-json\/wp\/v2\/comments?post=349"}],"version-history":[{"count":12,"href":"https:\/\/moverdb.com\/da\/wp-json\/wp\/v2\/pages\/349\/revisions"}],"predecessor-version":[{"id":6243,"href":"https:\/\/moverdb.com\/da\/wp-json\/wp\/v2\/pages\/349\/revisions\/6243"}],"wp:attachment":[{"href":"https:\/\/moverdb.com\/da\/wp-json\/wp\/v2\/media?parent=349"}],"curies":[{"name":"wp","href":"https:\/\/api.w.org\/{rel}","templated":true}]}}