{"id":347,"date":"2016-05-22T19:43:53","date_gmt":"2016-05-22T19:43:53","guid":{"rendered":"http:\/\/moverdb.com\/?page_id=347"},"modified":"2026-01-08T15:20:38","modified_gmt":"2026-01-08T15:20:38","slug":"santa-fe-relocation","status":"publish","type":"page","link":"https:\/\/moverdb.com\/da\/santa-fe-relocation\/","title":{"rendered":"Santa Fe Relocation Services Internationale flytninger og flytninger Anmeldelser"},"content":{"rendered":"<p>Santa Fe Relocation Services er et flyttefirma af h\u00f8j kvalitet. De mange flytteydelser er anf\u00f8rt nedenfor sammen med en virksomhedsprofil og kundeanmeldelser.<\/p>\n<p><strong>Globale mobilitetstjenester<\/strong><\/p>\n<ul>\n<li> Global flytning og DSP-styring p\u00e5 verdensplan<\/li>\n<li> Visum- og indvandringsforvaltning<\/li>\n<li> Forflytningsstyring for privatpersoner og virksomhedsansatte<\/li>\n<\/ul>\n<p><strong>Flytte- og opbevaringstjenester<\/strong><\/p>\n<ul>\n<li> International flytning<\/li>\n<li> Indenlandske og lokale flytninger<\/li>\n<li> Opbevaring<\/li>\n<li> Flytning af k\u00e6ledyr<\/li>\n<li> <a href=\"https:\/\/moverdb.com\/da\/biltransport-forsendelse\/\">Transport af k\u00f8ret\u00f8jer<\/a><\/li>\n<li> Links til beskyttelsesd\u00e6kning<\/li>\n<li> Handyman &amp; Valet Services<\/li>\n<li> Udlejning af m\u00f8bler<\/li>\n<li> Ekspertise inden for flytning og opbevaring<\/li>\n<\/ul>\n<p><strong>Flytningstjenester<\/strong><\/p>\n<ul>\n<li> Tildeling af et fast bel\u00f8b<\/li>\n<li> Kortvarige opgaver<\/li>\n<li> S\u00f8gning i hjemmet<\/li>\n<li> S\u00f8gning efter en skole<\/li>\n<li> Indk\u00f8ring af tjenester<\/li>\n<li> Checkliste og flytning i et overblik<\/li>\n<li> Visum og indvandring<\/li>\n<li> Guider til rejsem\u00e5l<\/li>\n<\/ul>\n<p><strong>Kommercielle tjenester<\/strong><\/p>\n<ul>\n<li> Flytning af kontorer<\/li>\n<li> Hotelinstallationer<\/li>\n<li> Udstillinger rundt om i verden<\/li>\n<li> Flytning af kunst og antikviteter<\/li>\n<li> S\u00e6rlige projekter som f.eks. flytning af hospitaler, milit\u00e6re faciliteter, uddannelsesfaciliteter<\/li>\n<\/ul>\n<h2>Santa Fe Relocation Services virksomhedsprofil<\/h2>\n<p>Santa Fe tilbyder globale mobilitetstjenester til udstationerede virksomhedsansatte. Virksomheden er stolt af at tage stresset ud af medarbejdernes flytning og kan prale af sine Fortune 500-kunder. Virksomheden h\u00e5ndterer omkring 60.000 internationale flytninger og 15.000 indenlandske flytninger om \u00e5ret. <\/p>\n<p>Santa Fe begyndte sit liv i <a href=\"https:\/\/moverdb.com\/da\/moving-to-hong-kong\/\" data-internallinksmanager029f6b8e52c=\"350\" title=\"Flytter du til Hong Kong? 2026 Leveomkostninger og tips til flytning\">Hong Kong<\/a> i 1980. Santa Fe-gruppen har opk\u00f8bt virksomheder over hele kloden, hvoraf den \u00e6ldste er Wridgways of <a href=\"https:\/\/moverdb.com\/da\/moving-to-australia\/living-in-australia\/\" data-internallinksmanager029f6b8e52c=\"240\" title=\"21 hemmeligheder om at bo i Australien, som du skal vide, f\u00f8r du flytter\">Australien<\/a> som blev grundlagt i 1892. Santa Fe har kontorer p\u00e5 seks kontinenter, med hovedkvarter i <a href=\"https:\/\/moverdb.com\/da\/moving-to-london\/\">London<\/a> og tilbyder globale, regionale og lokale flytninger til sine kunder. <\/p>\n<p>Santa Fe Relocation Services Foreninger og akkrediteringer:<\/p>\n<ul>\n<li> <a href=\"https:\/\/moverdb.com\/da\/medarbejderflytningsrad\/\">Det verdensomsp\u00e6ndende ERC<\/a><\/li>\n<li> <a href=\"https:\/\/moverdb.com\/da\/eura\/\">Den europ\u00e6iske sammenslutning for flytning<\/a> (<a href=\"https:\/\/moverdb.com\/da\/eura\/\" data-internallinksmanager029f6b8e52c=\"13\" title=\"Den europ\u00e6iske forening for flytning (EuRA) forklaret\">EuRA<\/a>)<\/li>\n<li> <a href=\"https:\/\/moverdb.com\/da\/fidi-faim\/\">Den globale sammenslutning af internationale flyttefirmaer<\/a> (<a href=\"https:\/\/moverdb.com\/da\/fidi-faim\/\" data-internallinksmanager029f6b8e52c=\"16\" title=\"FIDI &amp; FAIM (FIDI Accredited International Mover) forklaret\">FIDI<\/a>)<\/li>\n<li> <a href=\"https:\/\/moverdb.com\/da\/fidi-faim\/\">FIDI-FAIM og FAIM Plus akkrediteret<\/a><\/li>\n<li> <a href=\"https:\/\/moverdb.com\/da\/iam\/\">Den internationale sammenslutning af flyttefirmaer (IAM)<\/a><\/li>\n<li> <a href=\"https:\/\/moverdb.com\/da\/lacma\/\">LACMA<\/a><\/li>\n<li> ISO9001 kvalitetsstyring<\/li>\n<li> ISO14001 Milj\u00f8styring<\/li>\n<li> OHSAS18001 Sundheds- og sikkerhedsstyring<\/li>\n<li> ISO27001 Datasikkerhed<\/li>\n<\/ul>\n<h2>Santa Fe Relocation Services Anmeldelser<\/h2>\n<p><strong>Positiv<\/strong><\/p>\n<p><em>\"Santa Fe har et hold fra Berlin (<a href=\"https:\/\/moverdb.com\/da\/moving-to-germany\/\" data-internallinksmanager029f6b8e52c=\"321\" title=\"Flytter du til Tyskland? 2026 Leveomkostninger og flyttetips\">Tyskland<\/a>), og de overrasker mig virkelig med den service, de leverede. Hr. H. Schulz og fru A. Hoenow gennemf\u00f8rte min flytning gnidningsl\u00f8st, effektivt og altid med en venlig indstilling.\"<\/em> Dot Stein via <a href=\"http:\/\/www.mymovingreviews.com\/movingreviews\/simply-the-best-51520\" target=\"_blank\" rel=\"noopener\">MyMovingReviews<\/a><\/p>\n<p><em>\"Fra start til slut var servicen professionel og hj\u00e6lpsom, og teamet gjorde alt for at sikre, at flytningen blev udf\u00f8rt p\u00e5 en god m\u00e5de.\"<\/em> Linda, Melbourne via <a href=\"http:\/\/www.productreview.com.au\/p\/santa-fe-wridgways.html\" target=\"_blank\" rel=\"noopener\">Produktanmeldelse<\/a><\/p>\n<p><strong>Negativ<\/strong><\/p>\n<p><em>\"M\u00c5 IKKE BRUGES. Firmaet de havde kontrakt med (Roy Trevor Removals) \u00f8delagde fuldst\u00e6ndig mine helt nye tr\u00e6gulve og fors\u00f8gte faktisk at give skylden til <a href=\"https:\/\/moverdb.com\/da\/moving-to-the-united-states\/\" data-internallinksmanager029f6b8e52c=\"94\" title=\"Flytter du til USA? 2022 Leveomkostninger og flyttetips\">os<\/a> for skaden.\"<\/em> Pamela Rollins via <a href=\"http:\/\/www.mymovingreviews.com\/movingreviews\/horrible-damage-to-floors-51782\" target=\"_blank\" rel=\"noopener\">MyMovingReviews<\/a><\/p>\n<p><em>\"Det var en international flytning fra PNG til Perth. Vi pakkede i oktober 2015, over fem m\u00e5neder senere, og vi har stadig ikke alle vores ting.\" <\/em>Liz via <a href=\"http:\/\/www.productreview.com.au\/p\/santa-fe-wridgways.html\" target=\"_blank\" rel=\"noopener\">Produktanmeldelse<\/a><\/p>\n<div itemprop=\"review\" itemscope itemtype=\"http:\/\/schema.org\/Review\">\n<span itemprop=\"author\" itemscope=\"\" itemtype=\"http:\/\/schema.org\/Organization\"><span itemprop=\"name\">MoverDB.com<\/span><\/span> Online website anmeldelse for <span itemprop=\"itemreviewed\" itemscope=\"\" itemtype=\"http:\/\/schema.org\/Brand\"><span itemprop=\"name\">Santa Fe flytningstjenester<\/span><\/span>:<\/p>\n<ol>\n<li> Tydelige kontaktoplysninger p\u00e5 webstedet (herunder telefonnummer): <strong>Ja<\/strong><\/li>\n<li> Let at f\u00e5 <a href=\"https:\/\/moverdb.com\/da\/citater\/\">citater for internationale flytninger<\/a>? (Formular til anmodning om online overslag): <strong>Ja<\/strong><\/li>\n<li> Klare oplysninger p\u00e5 webstedet: <strong>Ja<\/strong>. Et yderst informativt websted.<\/li>\n<li> Medlemskab af internationalt anerkendte flytteorganisationer: <strong>Ja<\/strong>, se ovenfor.<\/li>\n<li> Liste over kunder og\/eller tidligere kundeudtalelser: <strong>Ja<\/strong>, selv om der ikke er en liste over kunder, er der mange positive kundeudtalelser.<\/li>\n<\/ol>\n<div itemprop=\"reviewRating\" itemscope itemtype=\"http:\/\/schema.org\/Rating\"><meta itemprop=\"worstRating\" content = \"0\" \/><meta itemprop=\"bestRating\" content=\"5\" \/><meta itemprop=\"ratingValue\" content=\"5\"><\/div>\n<p><strong>Samlet score: 5\/5<\/strong><br \/>\n<strong>Dato for gennemgang:<\/strong> <span itemprop=\"datePublished\" content=\"2016-05-22\">22\/05\/2016<\/span>\n<\/div>\n<p>Mere om <a href=\"https:\/\/moverdb.com\/da\/internationale-flytninger\/\">UK flyttefirmaer<\/a> og vores <a href=\"https:\/\/moverdb.com\/da\/anmeldelser\/\">gennemgangsprocessen forklaret<\/a>.<\/p>\n<p><strong>Hjemmeside:<\/strong> <a href=\"http:\/\/www.santaferelo.com\/\" target=\"_blank\" rel=\"noopener\">http:\/\/www.santaferelo.com\/<\/a><\/p>","protected":false},"excerpt":{"rendered":"<p>Santa Fe Relocation Services is a high-end relocation company. It&#8217;s many removal services are listed below, together with a company profile and customer reviews. Global Mobility Services Global relocation and DSP management worldwide Visa and immigration management Move management for individuals and corporate employees Moving and Storage Services International Moving Domestic and Local Moving Storage [&hellip;]<\/p>\n","protected":false},"author":1,"featured_media":0,"parent":0,"menu_order":0,"comment_status":"closed","ping_status":"closed","template":"","meta":{"_genesis_hide_title":false,"_genesis_hide_breadcrumbs":false,"_genesis_hide_singular_image":false,"_genesis_hide_footer_widgets":false,"_genesis_custom_body_class":"","_genesis_custom_post_class":"","_genesis_layout":"","footnotes":""},"class_list":{"0":"post-347","1":"page","2":"type-page","3":"status-publish","5":"entry"},"_links":{"self":[{"href":"https:\/\/moverdb.com\/da\/wp-json\/wp\/v2\/pages\/347","targetHints":{"allow":["GET"]}}],"collection":[{"href":"https:\/\/moverdb.com\/da\/wp-json\/wp\/v2\/pages"}],"about":[{"href":"https:\/\/moverdb.com\/da\/wp-json\/wp\/v2\/types\/page"}],"author":[{"embeddable":true,"href":"https:\/\/moverdb.com\/da\/wp-json\/wp\/v2\/users\/1"}],"replies":[{"embeddable":true,"href":"https:\/\/moverdb.com\/da\/wp-json\/wp\/v2\/comments?post=347"}],"version-history":[{"count":14,"href":"https:\/\/moverdb.com\/da\/wp-json\/wp\/v2\/pages\/347\/revisions"}],"predecessor-version":[{"id":6235,"href":"https:\/\/moverdb.com\/da\/wp-json\/wp\/v2\/pages\/347\/revisions\/6235"}],"wp:attachment":[{"href":"https:\/\/moverdb.com\/da\/wp-json\/wp\/v2\/media?parent=347"}],"curies":[{"name":"wp","href":"https:\/\/api.w.org\/{rel}","templated":true}]}}