{"id":3392,"date":"2019-09-20T11:37:54","date_gmt":"2019-09-20T11:37:54","guid":{"rendered":"https:\/\/moverdb.com\/?page_id=3392"},"modified":"2026-01-08T14:39:59","modified_gmt":"2026-01-08T14:39:59","slug":"international-van-lines","status":"publish","type":"page","link":"https:\/\/moverdb.com\/da\/international-van-lines\/","title":{"rendered":"International Van Lines (IVL): Relocation &amp; Flytning Anmeldelser"},"content":{"rendered":"<p><img loading=\"lazy\" decoding=\"async\" width=\"700\" height=\"158\" src=\"https:\/\/moverdb.com\/wp-content\/uploads\/International-Van-Lines-Logo.png\" alt=\"International Van Lines logo\" class=\"aligncenter size-full wp-image-3389\" data-wp-pid=\"3389\" srcset=\"https:\/\/moverdb.com\/wp-content\/uploads\/International-Van-Lines-Logo.png 700w, https:\/\/moverdb.com\/wp-content\/uploads\/International-Van-Lines-Logo-300x68.png 300w, https:\/\/moverdb.com\/wp-content\/uploads\/International-Van-Lines-Logo-600x135.png 600w\" sizes=\"auto, (max-width: 700px) 100vw, 700px\" \/><\/p>\n<p>International Van Lines er en amerikansk baseret flyttevirksomhed, der blev grundlagt i 2000 og er nu en af de st\u00f8rste flyttefirmaer i USA. <a href=\"https:\/\/moverdb.com\/da\/moving-companies\/\" data-internallinksmanager029f6b8e52c=\"79\" title=\"Top 25 internationale flyttefirmaer online\">internationale flyttefirmaer<\/a> i verden. De er blevet vurderet som det bedste flyttefirma af Consumer Advocate i 2017, 2018 og 2019.<\/p>\n<p>Her er nogle af de tjenester, de tilbyder:<\/p>\n<p><a href=\"https:\/\/moverdb.com\/da\/containerforsendelse\/\"><strong>Forsendelse med fuld containerlast (FCL)<\/strong><\/a><\/p>\n<ul>\n<li> T\u00f8rre beholdere<\/li>\n<li> 20\u2032 og 40\u2032 f\u00e5s som valgmuligheder<\/li>\n<li> D\u00f8r-til-d\u00f8r service eller levende last (DIY)<\/li>\n<li> Licenseret af Federal Maritime Commission som <a href=\"https:\/\/moverdb.com\/da\/freight-forwarder\/\" data-internallinksmanager029f6b8e52c=\"17\" title=\"Guide til internationale omkostninger og virksomheder for spedit\u00f8rer og NVOCC&#039;er\">spedit\u00f8r<\/a>.<\/li>\n<\/ul>\n<p><strong>S\u00f8transport af s\u00f8fragt<\/strong><\/p>\n<ul>\n<li> Fra d\u00f8r til d\u00f8r<\/li>\n<li> D\u00f8r til <a href=\"https:\/\/moverdb.com\/da\/top-49-container-ports\/\" data-internallinksmanager029f6b8e52c=\"80\" title=\"Top 49 st\u00f8rste og travleste containerhavne i 2025\">Havn<\/a><\/li>\n<li> Port til d\u00f8r<\/li>\n<li> Fra havn til havn<\/li>\n<\/ul>\n<p><strong>Luftfragtydelser<\/strong><\/p>\n<ul>\n<li> H\u00e5ndtering af b\u00e5de luftfragt og ekspresforsendelse<\/li>\n<li> Kan et par skibskasser eller en hel husstand<\/li>\n<li> Tilbyder d\u00f8r til d\u00f8r, d\u00f8r til terminal, terminal til d\u00f8r eller terminal til terminal-tjenester<\/li>\n<li> Alle husholdningsartikler vil blive pakket ind i krympefolie og anbragt p\u00e5 paller, inden de l\u00e6sses<\/li>\n<li> S\u00f8rg for alt det n\u00f8dvendige papirarbejde for at klare tolden<\/li>\n<\/ul>\n<p><a href=\"https:\/\/moverdb.com\/da\/biltransport-forsendelse\/\"><strong>Autoforsendelse<\/strong><\/a><\/p>\n<ul>\n<li> <a href=\"https:\/\/moverdb.com\/da\/container-shipping\/\" data-internallinksmanager029f6b8e52c=\"3\" title=\"Diagram over internationale containerpriser: Maj 2026\">Containerforsendelse<\/a><\/li>\n<li> Konsolideringstjeneste<\/li>\n<li> Roll on Roll off (RO\/RO)<\/li>\n<li> Dokumentation for toldklarering<\/li>\n<li> Forsikringsmuligheder<\/li>\n<\/ul>\n<p><strong>Langdistance flytningstjenester<\/strong><\/p>\n<ul>\n<li> For flytninger inden for <a href=\"https:\/\/moverdb.com\/da\/moving-to-the-united-states\/\" data-internallinksmanager029f6b8e52c=\"94\" title=\"Flytter du til USA? 2022 Leveomkostninger og flyttetips\">USA<\/a><\/li>\n<li> Pakning<\/li>\n<li> Opbevaring<\/li>\n<li> Kasser<\/li>\n<li> Specialiserede tjenester<\/li>\n<\/ul>\n<p><strong>Andre tjenester<\/strong><\/p>\n<ul>\n<li> Flytning af virksomheder<\/li>\n<li> Flytning af kontorer<\/li>\n<li> Regerings- og milit\u00e6rflytninger<\/li>\n<li> Transport\u00f8r- og m\u00e6glerservice<\/li>\n<\/ul>\n<h2>International Van Lines virksomhedsprofil<\/h2>\n<p>International Van Lines h\u00e6vder at h\u00e5ndtere over 10.000 flytninger om \u00e5ret med en klageprocent p\u00e5 under 1%. De d\u00e6kker hele USA og over 180 lande. De har v\u00e6ret i den internationale flyttebranche siden 2000 og udvidede til at tilbyde indenlandske langdistanceflytninger i 2004. De besk\u00e6ftiger i \u00f8jeblikket over 200 medarbejdere og var p\u00e5 INC 5000-listen over de hurtigst voksende virksomheder i USA i 2012. <\/p>\n<p>International Van Lines har ogs\u00e5 gode anmeldelser fra <a href=\"https:\/\/uk.trustpilot.com\/review\/www.internationalvanlines.com\" rel=\"noopener noreferrer\" target=\"_blank\">Trustpilot<\/a> (4,3 ud af 5), <a href=\"https:\/\/www.move.org\/international-van-lines-review\/\" rel=\"noopener noreferrer\" target=\"_blank\">Move.org<\/a> (4,7 ud af 5) og <a href=\"https:\/\/www.consumeraffairs.com\/homeowners\/international-van-lines.html\" rel=\"noopener noreferrer\" target=\"_blank\">Forbrugeranliggender<\/a> (4 ud af 5). Hvis du flytter til eller fra USA, er det derfor v\u00e6rd at f\u00e5 et tilbud fra dem.<\/p>\n<p>De er akkrediteret som:<\/p>\n<ul>\n<li> Licenseret <a href=\"https:\/\/safer.fmcsa.dot.gov\/query.asp?searchtype=ANY&#038;query_type=queryCarrierSnapshot&#038;query_param=USDOT&#038;query_string=2293832\" rel=\"noopener noreferrer\" target=\"_blank\">DOT-transport\u00f8r<\/a><\/li>\n<li> <a href=\"https:\/\/moverdb.com\/da\/speditor\/\">NVOCC<\/a> licens (ikke-fart\u00f8jsopererende f\u00e6lles transport\u00f8r)<\/li>\n<li> FMC (Federal Maritime Commission) <\/li>\n<li> <a href=\"https:\/\/moverdb.com\/da\/faelge-promover\/\">ProMover<\/a><\/li>\n<\/ul>\n<h2>Anmeldelser af International Van Lines<\/h2>\n<p><strong>Positiv:<\/strong><\/p>\n<ul>\n<li> <em>\"IVL gjorde et godt stykke arbejde med min langdistanceflytning. Mandskabet kom til tiden, pakkede godt og gjorde, hvad de lovede at g\u00f8re. Jeg ville bruge dem igen, hvis der var behov for det.\"<\/em> - Martha B. via virksomhedens hjemmeside<\/li>\n<li> <em>\"International Van Lines leverede for nylig mine ting. Efter inspektion havde jeg ingen skader eller tab, hvilket er fremragende.\"<\/em> - IVY Powers via Move.org <\/li>\n<li> <em>\"Jeg var tilfreds med min oplevelse med IVL og ville overveje dem, hvis jeg skulle sende eller flytte til udlandet.\"<\/em> - Jeff via Forbrugerpolitik<\/li>\n<li> <em>\"Alt i alt var min oplevelse fantastisk! Jeg ville arbejde med dem igen, hvis der var behov for det.\"<\/em> - Sade via Trustpliot<\/li>\n<\/ul>\n<p><strong>Negativ:<\/strong><\/p>\n<ul>\n<li> <em>\"Jeg er meget skuffet og vil aldrig anbefale International Van Lines til nogen.\"<\/em> - Ezeibe via Trustpilot<\/li>\n<li> <em>\"De har mistet et t\u00e6ppe og andre ting.\"<\/em> - Maritini Hund via Move.org<\/li>\n<li> <em>\"D\u00e5rlig fejlkommunikation p\u00e5 forh\u00e5nd om, hvorn\u00e5r de rent faktisk ville flytte vores ting ind i vores nye hus\"<\/em> - Erin via Forbrugerpolitik<\/li>\n<\/ul>\n<div itemprop=\"review\" itemscope itemtype=\"http:\/\/schema.org\/Review\">\n<span itemprop=\"author\" itemscope=\"\" itemtype=\"http:\/\/schema.org\/Organization\"><span itemprop=\"name\">MoverDB.com<\/span><\/span> Online website anmeldelse for <span itemprop=\"itemreviewed\" itemscope=\"\" itemtype=\"http:\/\/schema.org\/Brand\"><span itemprop=\"name\">International Van Lines<\/span><\/span>:<\/p>\n<ol>\n<li> Tydelige kontaktoplysninger p\u00e5 webstedet (herunder telefonnummer): <strong>Ja<\/strong><\/li>\n<li> Let at f\u00e5 <a href=\"https:\/\/moverdb.com\/da\/citater\/\">citater for international flytning<\/a>? (Formular til anmodning om online overslag): <strong>Ja<\/strong><\/li>\n<li> Klare oplysninger p\u00e5 webstedet: <strong>Ja.<\/strong> Websiden beskriver tydeligt alle de tjenester, som virksomheden tilbyder.<\/li>\n<li> Medlemskab af internationalt anerkendte flytteorganisationer: <strong>Ja<\/strong>, (se ovenfor)<\/li>\n<li> Liste over kunder og\/eller tidligere kundeudtalelser. <strong>Ja,<\/strong> Har online anmeldelser p\u00e5 deres hjemmeside og har ogs\u00e5 mange positive anmeldelser online.<\/li>\n<\/ol>\n<div itemprop=\"reviewRating\" itemscope itemtype=\"http:\/\/schema.org\/Rating\"><meta itemprop=\"worstRating\" content = \"0\" \/><meta itemprop=\"bestRating\" content=\"5\" \/><meta itemprop=\"ratingValue\" content=\"5\"><\/div>\n<p><strong>Samlet score: 5\/5<\/strong><br \/>\n<strong>Dato for gennemgang:<\/strong> <span itemprop=\"datePublished\" content=\"2019-09-20\">20\/09\/2019<\/span>\n<\/div>\n<p>L\u00e6s mere om <a href=\"https:\/\/moverdb.com\/da\/flyttefirmaer\/\">internationale flyttefirmaer<\/a>, <a href=\"https:\/\/moverdb.com\/da\/us-canada-movers\/\">indenlandske flyttefirmaer<\/a> og vores <a href=\"https:\/\/moverdb.com\/da\/anmeldelser\/\">gennemgangsprocessen forklaret<\/a>.<\/p>\n<p><strong>Hjemmeside:<\/strong> <a href=\"https:\/\/internationalvanlines.com\/\" target=\"_blank\" rel=\"noopener noreferrer\">https:\/\/internationalvanlines.com\/<\/a><\/p>","protected":false},"excerpt":{"rendered":"<p>International Van Lines is an American based mover founded in 2000 and is now one the largest international moving companies in the world. They have been rated as The Best Moving Company by Consumer Advocate in 2017, 2018 and 2019. Here are some of the services they provide: Full Container Load (FCL) Shipping Dry Containers [&hellip;]<\/p>\n","protected":false},"author":1,"featured_media":0,"parent":0,"menu_order":0,"comment_status":"closed","ping_status":"closed","template":"","meta":{"_genesis_hide_title":false,"_genesis_hide_breadcrumbs":false,"_genesis_hide_singular_image":false,"_genesis_hide_footer_widgets":false,"_genesis_custom_body_class":"","_genesis_custom_post_class":"","_genesis_layout":"","footnotes":""},"class_list":{"0":"post-3392","1":"page","2":"type-page","3":"status-publish","5":"entry","6":"has-post-thumbnail"},"_links":{"self":[{"href":"https:\/\/moverdb.com\/da\/wp-json\/wp\/v2\/pages\/3392","targetHints":{"allow":["GET"]}}],"collection":[{"href":"https:\/\/moverdb.com\/da\/wp-json\/wp\/v2\/pages"}],"about":[{"href":"https:\/\/moverdb.com\/da\/wp-json\/wp\/v2\/types\/page"}],"author":[{"embeddable":true,"href":"https:\/\/moverdb.com\/da\/wp-json\/wp\/v2\/users\/1"}],"replies":[{"embeddable":true,"href":"https:\/\/moverdb.com\/da\/wp-json\/wp\/v2\/comments?post=3392"}],"version-history":[{"count":3,"href":"https:\/\/moverdb.com\/da\/wp-json\/wp\/v2\/pages\/3392\/revisions"}],"predecessor-version":[{"id":3396,"href":"https:\/\/moverdb.com\/da\/wp-json\/wp\/v2\/pages\/3392\/revisions\/3396"}],"wp:attachment":[{"href":"https:\/\/moverdb.com\/da\/wp-json\/wp\/v2\/media?parent=3392"}],"curies":[{"name":"wp","href":"https:\/\/api.w.org\/{rel}","templated":true}]}}