{"id":303,"date":"2016-05-03T20:16:23","date_gmt":"2016-05-03T20:16:23","guid":{"rendered":"http:\/\/moverdb.com\/?page_id=303"},"modified":"2026-01-08T13:18:30","modified_gmt":"2026-01-08T13:18:30","slug":"harrow-green","status":"publish","type":"page","link":"https:\/\/moverdb.com\/da\/harrow-green\/","title":{"rendered":"Harrow Green International Moving &amp; Removals Anmeldelser"},"content":{"rendered":"<p>Harrow Green har prim\u00e6rt specialiseret sig i virksomhedsflytninger, b\u00e5de indenlandske og internationale. Nedenfor er deres kerneydelser sammen med anmeldelser af virksomheden.<\/p>\n<h2>Harrow Green Flyttetjenester<\/h2>\n<p><strong>International flytning<\/strong><\/p>\n<ul>\n<li> Emballeringstjenester<\/li>\n<li> Transport<\/li>\n<li> Opbevaringstjenester<\/li>\n<li> Destinationspakke<\/li>\n<li> Forsikring<\/li>\n<li> Destinationstjenester, f.eks. handyman, boligs\u00f8gning og flytning af k\u00e6ledyr<\/li>\n<\/ul>\n<p><strong>Flytning af virksomheder<\/strong><\/p>\n<ul>\n<li> Planl\u00e6gning af rum<\/li>\n<li> Levering af nye m\u00f8bler<\/li>\n<li> Demontering og genmontering af eksisterende m\u00f8bler<\/li>\n<li> Milj\u00f8venlig bortskaffelse af u\u00f8nsket udstyr<\/li>\n<li> Programmer for genbrug og genanvendelse<\/li>\n<li> Off-site opbevaringsl\u00f8sninger<\/li>\n<li> Udlejning af kasser<\/li>\n<\/ul>\n<p><strong>Flytning af teknologi<\/strong><\/p>\n<ul>\n<li> Kerneservice omfatter pc'er, arbejdsstationer og alle perifere enheder (f.eks. printere og scannere) samt desktop voice- og dataudstyr<\/li>\n<li> Detaljeret revision f\u00f8r flytning<\/li>\n<li> Systemopgraderinger<\/li>\n<\/ul>\n<p><strong>Genbrug og genanvendelse<\/strong><\/p>\n<ul>\n<li> Velg\u00f8rende donation<\/li>\n<li> Videresalg<\/li>\n<li> Renovering<\/li>\n<li> Genbrug<\/li>\n<li> Rydning af kontorer<\/li>\n<\/ul>\n<p><strong>Opbevaringstjenester<\/strong><\/p>\n<ul>\n<li> Opbevaring af m\u00f8bler<\/li>\n<li> Lagerstyring og -forvaltning<\/li>\n<li> Opbevaring af kulturarv og specialopbevaring<\/li>\n<\/ul>\n<p><strong>Forvaltning af optegnelser<\/strong><\/p>\n<ul>\n<li> Opbevaring af dokumenter<\/li>\n<li> Online dokumentsporing<\/li>\n<li> Scan efter behov<\/li>\n<li> Sikkerhed ved opbevaring af dokumenter<\/li>\n<li> Sikkerhed for arv<\/li>\n<li> Opbevaring i skyen<\/li>\n<li> B\u00e5ndopbevaring<\/li>\n<li> Hjemmekontor og personligt<\/li>\n<\/ul>\n<h2>Harrow Green virksomhedsprofil<\/h2>\n<p>Harrow Green har tre \u00e5rtiers erfaring inden for virksomhedsflytning og har udvidet sine tjenester gennem \u00e5rene for at im\u00f8dekomme kundernes behov og deres voksende organisationer. <\/p>\n<p>De betegner sig selv som nummer et inden for erhvervsflytning. Harrow Green har i 20 \u00e5r v\u00e6ret en fuldt integreret partner for UBS i forbindelse med levering af tjenesteydelser.<\/p>\n<p>Virksomheden startede i 1980'erne med at h\u00e5ndtere it-flytninger og tilf\u00f8jede en afdeling for dokumenth\u00e5ndtering og internationale flytninger i 1990'erne. Harrow Green fokuserer prim\u00e6rt p\u00e5 virksomhedsflytninger, prim\u00e6rt af virksomheder, offentlige organisationer og SMV'er. <\/p>\n<p>Den tilbyder dog begr\u00e6nsede personlige tjenester. <\/p>\n<p>Harrow Green har v\u00e6ret en del af Restore plc siden februar 2012, en virksomhed, der har til form\u00e5l at v\u00e6re en markedsledende <a href=\"https:\/\/moverdb.com\/da\/moving-to-the-uk\/\" data-internallinksmanager029f6b8e52c=\"93\" title=\"Flytter du til Det Forenede Kongerige? 2022 Leveomkostninger og flyttetips\">UK<\/a> kontortjenesteydelser gruppe. Restore plc er en AIM-noteret virksomhed inden for supporttjenester, der blev b\u00f8rsnoteret i 2004.<\/p>\n<p><strong>Priser<\/strong><\/p>\n<ul>\n<li> Finalist til PFM Partnership Awards<\/li>\n<li> \u00c5rets erhvervsmobilist 2014<\/li>\n<li> Prisen for bedste innovation inden for FM-tjenester<\/li>\n<li> BIFM's pris for bedste virksomhedssupporter<\/li>\n<li> Udn\u00e6vnt som \"en at holde \u00f8je med\" af Best Companies<\/li>\n<li> Shortlistet til en EMMA i <a href=\"https:\/\/moverdb.com\/da\/moving-companies\/\" data-internallinksmanager029f6b8e52c=\"79\" title=\"Top 25 internationale flyttefirmaer online\">Internationale flyttefirmaer<\/a> \u00c5rets kategori<\/li>\n<li> Finalist i kategorien L\u00e6ring og karriereudvikling ved BIFM Awards 2015<\/li>\n<li> Finalist i East London Chamber of Commerce\/Docklands Business Awards<\/li>\n<li> \u00c5rets UBS-leverand\u00f8r<\/li>\n<li> Finalister for fremragende kundeservice p\u00e5 <a href=\"\" data-internallinksmanager029f6b8e52c=\"34\" title=\"Birmingham\">Birmingham<\/a> Handelskammerets erhvervspriser.<\/li>\n<\/ul>\n<p><strong>Medlemskab og certifikater<\/strong> <\/p>\n<ul>\n<li> SGS Standard for fremragende kundeservice<\/li>\n<li> BS 8522 certificeret<\/li>\n<li> ISO 9001 kvalitetsstyringssystemer - Cert FS 34113<\/li>\n<li> <a href=\"https:\/\/moverdb.com\/da\/fidi-faim\/\">FIDI FAIMPlus-certificeret<\/a><\/li>\n<li> Godkendt af JAUPT til at levere uddannelse<\/li>\n<li> Achilles\/UVDB (kategori B2) certificeret<\/li>\n<li> Certificeret som v\u00e6rende i overensstemmelse med Safe Contractor Sector Compliance Scheme<\/li>\n<li> Certificeret som v\u00e6rende i overensstemmelse med CHAS-sektorens overensstemmelsesordning<\/li>\n<li> Certificeret som v\u00e6rende i overensstemmelse med overensstemmelsesordningen for byggelinjesektoren<\/li>\n<li> Virksomhedsmedlem af British Institute of Facilities Management<\/li>\n<li> O'Neil Strategic Partner for systemer til forvaltning af dokumenter<\/li>\n<li> Medlem af <a href=\"https:\/\/moverdb.com\/da\/british-association-of-removers\/\">BAR, den britiske sammenslutning af flyttefirmaer<\/a><\/li>\n<li> <a href=\"https:\/\/moverdb.com\/da\/bar-overseas\/\">BAR Overseas Group<\/a><\/li>\n<li> <a href=\"https:\/\/moverdb.com\/da\/fidi-faim\/\">Medlem af FIDI<\/a>, den organisation, der repr\u00e6senterer verdensomsp\u00e6ndende flyttefolk<\/li>\n<li> Medlem af RoSPA - Det Kongelige Selskab til Forebyggelse af Ulykker<\/li>\n<li> <a href=\"https:\/\/moverdb.com\/da\/iam\/\">Medlem af IAM - den internationale sammenslutning af flyttefirmaer<\/a><\/li>\n<li> Autoriseret medlem og agent for The <a href=\"https:\/\/moverdb.com\/da\/british-association-of-removers\/\" data-internallinksmanager029f6b8e52c=\"9\" title=\"British Association of Removers (BAR) Forklaret\">British Association of Removers<\/a> DBA den <a href=\"https:\/\/moverdb.com\/da\/mtc\/\">Movers Trading Club<\/a> (<a href=\"https:\/\/moverdb.com\/da\/mtc\/\" data-internallinksmanager029f6b8e52c=\"30\" title=\"Movers Trading Club (MTC) Forklaret\">MTC<\/a>)<\/li>\n<\/ul>\n<h2>Harrow Green Flyttefirmaer Anmeldelser<\/h2>\n<div itemprop=\"review\" itemscope itemtype=\"http:\/\/schema.org\/Review\">\n<span itemprop=\"author\" itemscope=\"\" itemtype=\"http:\/\/schema.org\/Organization\"><span itemprop=\"name\">MoverDB.com<\/span><\/span> Online website anmeldelse for <span itemprop=\"itemreviewed\" itemscope=\"\" itemtype=\"http:\/\/schema.org\/Brand\"><span itemprop=\"name\">Harrow Green<\/span><\/span>:<\/p>\n<ol>\n<li> Tydelige kontaktoplysninger p\u00e5 webstedet (herunder telefonnummer)? <strong>Ja<\/strong><\/li>\n<li> Let at f\u00e5 <a href=\"https:\/\/moverdb.com\/da\/citater\/\">citater for internationale flytninger<\/a>? (Formular til anmodning om online overslag): <strong>Delvis<\/strong>, der er en e-mail-formular, men ikke en egentlig tilbudsformular.<\/li>\n<li> Klare oplysninger p\u00e5 webstedet: <strong>Ja<\/strong>, Hjemmesiden er velindrettet og nem at forst\u00e5 og bruge. Det eneste, der mangler, er en pris- og tilbudsformular.<\/li>\n<li> Medlemskab af internationalt anerkendte flytteorganisationer: <strong>Ja<\/strong><\/li>\n<li> Liste over kunder og\/eller tidligere kundeudtalelser: <strong>Ja<\/strong><\/li>\n<\/ol>\n<div itemprop=\"reviewRating\" itemscope itemtype=\"http:\/\/schema.org\/Rating\"><meta itemprop=\"worstRating\" content = \"0\" \/><meta itemprop=\"bestRating\" content=\"5\" \/><meta itemprop=\"ratingValue\" content=\"4.5\"><\/div>\n<p><strong>Samlet score: 4.5\/5<\/strong><br \/>\n<strong>Dato for gennemgang:<\/strong> <span itemprop=\"datePublished\" content=\"2018-01-15\">15\/01\/2018<\/span>\n<\/div>\n<p>Mere om <a href=\"https:\/\/moverdb.com\/da\/internationale-flytninger\/\">UK flyttefirmaer<\/a> og vores <a href=\"https:\/\/moverdb.com\/da\/anmeldelser\/\">gennemgangsprocessen forklaret<\/a>.<\/p>\n<p><strong>Hjemmeside:<\/strong> <a href=\"https:\/\/www.harrowgreeninternational.com\/\" target=\"_blank\" rel=\"noopener noreferrer\">https:\/\/www.harrowgreeninternational.com\/<\/a><\/p>","protected":false},"excerpt":{"rendered":"<p>Harrow Green specialise primarily in business removals, both domestic and international. Below are their core services along with reviews about the company. Harrow Green Removals Services International moving Packing services Transportation Storage services Destination package Insurance Destination services, such as handyman, home search and pet relocation Business removals Space planning New furniture supply Dismantling and [&hellip;]<\/p>\n","protected":false},"author":1,"featured_media":0,"parent":0,"menu_order":0,"comment_status":"closed","ping_status":"closed","template":"","meta":{"_genesis_hide_title":false,"_genesis_hide_breadcrumbs":false,"_genesis_hide_singular_image":false,"_genesis_hide_footer_widgets":false,"_genesis_custom_body_class":"","_genesis_custom_post_class":"","_genesis_layout":"","footnotes":""},"class_list":{"0":"post-303","1":"page","2":"type-page","3":"status-publish","5":"entry"},"_links":{"self":[{"href":"https:\/\/moverdb.com\/da\/wp-json\/wp\/v2\/pages\/303","targetHints":{"allow":["GET"]}}],"collection":[{"href":"https:\/\/moverdb.com\/da\/wp-json\/wp\/v2\/pages"}],"about":[{"href":"https:\/\/moverdb.com\/da\/wp-json\/wp\/v2\/types\/page"}],"author":[{"embeddable":true,"href":"https:\/\/moverdb.com\/da\/wp-json\/wp\/v2\/users\/1"}],"replies":[{"embeddable":true,"href":"https:\/\/moverdb.com\/da\/wp-json\/wp\/v2\/comments?post=303"}],"version-history":[{"count":13,"href":"https:\/\/moverdb.com\/da\/wp-json\/wp\/v2\/pages\/303\/revisions"}],"predecessor-version":[{"id":3300,"href":"https:\/\/moverdb.com\/da\/wp-json\/wp\/v2\/pages\/303\/revisions\/3300"}],"wp:attachment":[{"href":"https:\/\/moverdb.com\/da\/wp-json\/wp\/v2\/media?parent=303"}],"curies":[{"name":"wp","href":"https:\/\/api.w.org\/{rel}","templated":true}]}}