{"id":2804,"date":"2018-05-18T20:05:25","date_gmt":"2018-05-18T20:05:25","guid":{"rendered":"https:\/\/moverdb.com\/?page_id=2804"},"modified":"2026-01-08T14:48:10","modified_gmt":"2026-01-08T14:48:10","slug":"databehandlingsstrategi","status":"publish","type":"page","link":"https:\/\/moverdb.com\/da\/data-processing-policy\/","title":{"rendered":"Politik for databehandling"},"content":{"rendered":"<p>Denne politik for databehandling forklarer p\u00e5 almindeligt engelsk, hvordan MoverDB.com behandler data, s\u00e5 du kan tr\u00e6ffe et informeret valg om, hvorvidt du \u00f8nsker at bruge vores tjenester eller ej. Vi har udarbejdet den som et svar p\u00e5 GDPR. Det er et klart engelsk, detaljeret, supplement til vores <a href=\"https:\/\/moverdb.com\/da\/politik-for-beskyttelse-af-personlige-oplysninger\/\">Politik om beskyttelse af personlige oplysninger<\/a> og <a href=\"https:\/\/moverdb.com\/da\/brugsbetingelser\/\">Vilk\u00e5r og betingelser<\/a>.<\/p>\n<p>MoverDB.com er et websted, der er gratis at bruge, og der er ingen forpligtelse til at registrere og\/eller indtaste personlige oplysninger for at bruge det. Alle oplysninger tilbydes gratis for alle, som kan f\u00e5 adgang til dem.<\/p>\n<p>Vi indsamler og behandler dog aktivt og passivt data, som vi mener, at du b\u00f8r v\u00e6re opm\u00e6rksom p\u00e5. Alle websider og data sendes ved hj\u00e6lp af sikker SSL-teknologi.<\/p>\n<p>Alle vores aktive databehandlingsaktiviteter (se nedenfor) foreg\u00e5r p\u00e5 en <strong>samtykke grundlag<\/strong> og vores passive databehandlingsaktiviteter (se nedenfor) udf\u00f8res p\u00e5 en <strong>grundlaget for legitime interesser<\/strong>. <\/p>\n<p>MoverDB.com behandler flere typer af data til flere forskellige form\u00e5l ved hj\u00e6lp af flere tredjepartspartnere og platforme.<\/p>\n<p><strong>Aktive databehandlingsaktiviteter <\/strong><\/p>\n<p>Vores prim\u00e6re databehandlingsaktivitet er at hj\u00e6lpe folk med at f\u00e5 tilbud p\u00e5 internationale flytninger via en gratis og uforpligtende tilbudstjeneste. Den er beregnet til at blive brugt af personer b\u00e5de inden for og uden for EU.<\/p>\n<p>V\u00e6r ogs\u00e5 opm\u00e6rksom p\u00e5, at MoverDB.com ikke selv leverer tilbud, men i stedet har indg\u00e5et et samarbejde med <a href=\"https:\/\/moverdb.com\/da\/international-removals\/\" data-internallinksmanager029f6b8e52c=\"27\" title=\"De 36 bedste internationale flyttefirmaer i Storbritannien\">Internationale flytninger<\/a> Direct, TriGlobal B.V. og MyMovingLoads til at levere tilbuddene. De arbejder hver is\u00e6r direkte med deres eget s\u00e6t af <a href=\"https:\/\/moverdb.com\/da\/moving-companies\/\" data-internallinksmanager029f6b8e52c=\"79\" title=\"Top 25 internationale flyttefirmaer online\">flyttefirmaer<\/a>. <\/p>\n<p>Derfor fungerer vi b\u00e5de som dataansvarlig (da vi sender dem data) og databehandler (da de informerer dem om, hvilke data de har brug for, og beslutter, hvordan de vil behandle dem). Alle data, som vi indsamler p\u00e5 deres vegne, er n\u00f8dvendige for at hj\u00e6lpe med at filtrere de leverand\u00f8rer, der kan v\u00e6re de rigtige for dig. Hvis du foretr\u00e6kker ikke at dele visse oplysninger, er du velkommen til at g\u00f8re det, og du kan stadig finde generiske <a href=\"https:\/\/moverdb.com\/da\/containerforsendelse\/\">prisoplysninger her<\/a>.<\/p>\n<p>Hvilken virksomhed du handler med i forbindelse med behandlingen af dine data afh\u00e6nger b\u00e5de af, hvilken form du bruger, og hvor du flytter fra.  <\/p>\n<p><strong>Hovedformular (\u00f8verst p\u00e5 siden)<\/strong><\/p>\n<p>Vores hovedformular ser s\u00e5ledes ud:<\/p>\n<p><img loading=\"lazy\" decoding=\"async\" width=\"833\" height=\"365\" src=\"https:\/\/moverdb.com\/wp-content\/uploads\/Top-page-form.png\" alt=\"\" class=\"aligncenter size-full wp-image-3236\" srcset=\"https:\/\/moverdb.com\/wp-content\/uploads\/Top-page-form.png 833w, https:\/\/moverdb.com\/wp-content\/uploads\/Top-page-form-300x131.png 300w\" sizes=\"auto, (max-width: 833px) 100vw, 833px\" \/><\/p>\n<p>Vi indsamler selv dataene fra denne formular og bestemmer derefter, hvor de skal sendes hen.  <\/p>\n<p>Her er de data, der indsamles, og \u00e5rsagen til, at de indsamles:<\/p>\n<ul>\n<li> Hvor flytter du hen: Dette hj\u00e6lper med at f\u00e5 pr\u00e6cise tilbud og filtrerer potentielle flyttefirmaer.<\/li>\n<li> Nuv\u00e6rende adresse\/postnummer\/postnummer\/by\/land: Dette hj\u00e6lper med at f\u00e5 pr\u00e6cise tilbud og filtrerer potentielle flyttefirmaer.<\/li>\n<li> Hvilken by flytter du til? Dette hj\u00e6lper med at f\u00e5 pr\u00e6cise tilbud og filtrerer potentielle flyttefirmaer.<\/li>\n<li> Ansl\u00e5et st\u00f8rrelse af flytningen: Dette hj\u00e6lper med at f\u00e5 pr\u00e6cise tilbud og filtrere potentielle flyttefirmaer.<\/li>\n<li> Varer, der skal sendes: Dette hj\u00e6lper med at f\u00e5 pr\u00e6cise tilbud, filtrerer potentielle flyttefirmaer og sikrer, at du ikke fors\u00f8ger at transportere noget ulovligt.<\/li>\n<li> Ansl\u00e5et flyttedato: V\u00e6r ogs\u00e5 opm\u00e6rksom p\u00e5, at de fleste firmaer ikke kan give tilbud p\u00e5 flytninger mere end 3 m\u00e5neder i forvejen.<\/li>\n<li> Dit navn: S\u00e5 virksomhederne ved, hvem de har med at g\u00f8re.<\/li>\n<li> Din e-mailadresse: Du kan f\u00e5 tilsendt tilbud og en m\u00e5de at komme i kontakt med dig om din foresp\u00f8rgsel p\u00e5.<\/li>\n<li> Dit telefonnummer: Det er p\u00e5kr\u00e6vet, s\u00e5 virksomhederne kan komme i kontakt med dig om dit tilbud.<\/li>\n<\/ul>\n<p>N\u00e5r alle data er indtastet, og du sender formularen, vil f\u00f8lgende handlinger finde sted:<\/p>\n<ul>\n<li> Du vil se vores tak, som ogs\u00e5 indeholder et v\u00e6rkt\u00f8j fra <a href=\"https:\/\/moverdb.com\/da\/international-money-transfer-services\/currencies-direct-review\/\" data-internallinksmanager029f6b8e52c=\"237\" title=\"Anmeldelse af Currencies Direct International Money Transfer 2023\">Valutaer Direct<\/a> der kan hj\u00e6lpe med at finde ud af, hvordan man veksler udenlandsk valuta.<\/li>\n<li> Formularens data sendes derefter via en sikker SSL-webhook til Zapier.com, hvilket hj\u00e6lper <a href=\"https:\/\/moverdb.com\/da\/moving-to-the-united-states\/\" data-internallinksmanager029f6b8e52c=\"94\" title=\"Flytter du til USA? 2022 Leveomkostninger og flyttetips\">os<\/a> til at behandle dataene via det, de kalder en Zap.<\/li>\n<li> N\u00e5r Zapier.com modtager dataene, filtrerer Zap alle de indsamlede data til enten International Removals Direct (flytning fra den <a href=\"https:\/\/moverdb.com\/da\/moving-to-the-uk\/\" data-internallinksmanager029f6b8e52c=\"93\" title=\"Flytter du til Det Forenede Kongerige? 2022 Leveomkostninger og flyttetips\">UK<\/a>) eller TriGlobal B.V. (ved flytning fra et hvilket som helst andet sted i verden) via en sikker SSL-webhook. De vil derefter kontrollere dine data og sende din anmodning til op til 6 relevante flyttefirmaer, som kan kontakte dig via telefon og\/eller e-mail. Du er ikke forpligtet til at k\u00f8be noget, og du kan meddele dem, at du ikke \u00f8nsker at forts\u00e6tte. Desuden kan du ogs\u00e5 bede os om at annullere din anmodning ved at bruge vores <a href=\"https:\/\/moverdb.com\/da\/kontakt-us\/\">kontaktformular<\/a>.<\/li>\n<li> N\u00e5r dataene er sendt, sender zap'en den e-mailadresse, der er indtastet i formularen, til Mailchimp via en Zapier-integration. Dette vil derefter udl\u00f8se en automatisk e-mail, der bekr\u00e6fter din anmodning og igen forklarer, hvad du kan forvente. Den sender derefter 1 opf\u00f8lgende e-mail ca. 5 dage efter din anmodning med flere oplysninger om at flytte penge til udlandet sammen med dine varer. Dette er sendt, da vi har fundet ud af, at mange mennesker er forvirrede over deres forskellige muligheder, n\u00e5r det kommer til at sende penge til udlandet. Du kan nemt afmelde dig fra alle e-mails ved at klikke p\u00e5 afmeldingslinket i enten toppen eller bunden af hver e-mail, hvilket vil annullere alle fremtidige e-mails. Vi sletter ogs\u00e5 rutinem\u00e6ssigt e-mails mindst en gang om \u00e5ret.<\/li>\n<li> P\u00e5 dette tidspunkt er zap'en f\u00e6rdig, og Zapier sletter automatisk alle data inden for 90 dage. Dette giver os tid til at hj\u00e6lpe med at l\u00f8se eventuelle problemer, men betyder, at data ikke gemmes l\u00e6ngere end n\u00f8dvendigt.<\/li>\n<li> Vi opbevarer din e-mailadresse (og intet andet) i op til 1 \u00e5r via Mailchimp.<\/li>\n<li> International Removals Direct og TriGlobal B.V. opbevarer oplysninger s\u00e5 l\u00e6nge, som deres interne politikker berettiger det. Hvis du har nogen bekymringer om de data, de m\u00e5tte opbevare, bedes du kontakte os, s\u00e5 vil vi g\u00f8re vores bedste for at hj\u00e6lpe dig.<\/li>\n<\/ul>\n<p><strong>Sekund\u00e6r formular #1 (midt p\u00e5 siden)<\/strong><\/p>\n<p>Vores sekund\u00e6re form #1 ser s\u00e5ledes ud.<\/p>\n<p><img loading=\"lazy\" decoding=\"async\" width=\"907\" height=\"512\" src=\"https:\/\/moverdb.com\/wp-content\/uploads\/bottom-page-form.png\" alt=\"\" class=\"aligncenter size-full wp-image-3235\" srcset=\"https:\/\/moverdb.com\/wp-content\/uploads\/bottom-page-form.png 907w, https:\/\/moverdb.com\/wp-content\/uploads\/bottom-page-form-300x169.png 300w\" sizes=\"auto, (max-width: 907px) 100vw, 907px\" \/><\/p>\n<p>Denne formular leveres af MyMovingLoads, og vi har ingen kontrol over, hvordan den sendes eller behandles. <\/p>\n<p>Her er de data, de indsamler:<\/p>\n<ul>\n<li> Oprindelsesland\/by og leveringsland og leveringsby: Dette hj\u00e6lper med at f\u00e5 pr\u00e6cise tilbud og filtrerer potentielle flyttefirmaer.<\/li>\n<li> Flyttedato: V\u00e6r ogs\u00e5 opm\u00e6rksom p\u00e5, at de fleste virksomheder ikke kan give tilbud p\u00e5 flytninger mere end 3 m\u00e5neder i forvejen.<\/li>\n<li> V\u00e6lg st\u00f8rrelse p\u00e5 hjemmet: Dette hj\u00e6lper med at f\u00e5 pr\u00e6cise tilbud og filtrerer potentielle flyttefirmaer.<<\/li>\n<li> For- og efternavn: S\u00e5 virksomhederne ved, hvem de har med at g\u00f8re.<\/li>\n<li> Din telefon: Det er p\u00e5kr\u00e6vet, s\u00e5 virksomhederne kan komme i kontakt med dig om dit tilbud.<\/li>\n<li> Din e-mail: Du kan sende tilbud til os og f\u00e5 kontakt med dig om din foresp\u00f8rgsel.<\/li>\n<\/ul>\n<p>N\u00e5r alle data er indtastet, og du sender formularen, vil f\u00f8lgende handlinger finde sted:<\/p>\n<ul>\n<li> Du f\u00e5r en takbesked.<\/li>\n<li> Oplysningerne sendes til MyMovingLoads, som behandler dem i overensstemmelse med deres servicevilk\u00e5r, som du skal acceptere, n\u00e5r du indsender formularen.<\/li>\n<\/ul>\n<p><strong>Sekund\u00e6r formular #2 (nederst p\u00e5 siden)<\/strong><\/p>\n<p>Vores sekund\u00e6re form #2 ser s\u00e5ledes ud:<\/p>\n<p><img loading=\"lazy\" decoding=\"async\" src=\"https:\/\/moverdb.com\/wp-content\/uploads\/Triglobal-form.png\" alt=\"\" width=\"597\" height=\"795\" class=\"aligncenter size-full wp-image-3269\" srcset=\"https:\/\/moverdb.com\/wp-content\/uploads\/Triglobal-form.png 597w, https:\/\/moverdb.com\/wp-content\/uploads\/Triglobal-form-225x300.png 225w\" sizes=\"auto, (max-width: 597px) 100vw, 597px\" \/><\/p>\n<p>Denne formular leveres af TriGlobal B.V., og vi har ingen kontrol over, hvordan den sendes eller behandles.<\/p>\n<p>Her er de data, de indsamler:<\/p>\n<ul>\n<li> Oplysninger om den nuv\u00e6rende adresse og leveringsadresse (gade, postnummer, by og land): Dette hj\u00e6lper med at f\u00e5 pr\u00e6cise tilbud og filtrerer potentielle flyttefirmaer.<\/li>\n<li> Flyttest\u00f8rrelse: Den hj\u00e6lper med at generere pr\u00e6cise citater<\/li>\n<li> Flyttedato: V\u00e6r ogs\u00e5 opm\u00e6rksom p\u00e5, at de fleste virksomheder ikke kan give tilbud p\u00e5 flytninger mere end 3 m\u00e5neder i forvejen.<\/li>\n<li> Estimeret volumen i ft3 (valgfrit): Hj\u00e6lper med at generere et mere pr\u00e6cist tilbud<\/li>\n<li> Pakning\/montering (valgfrit): Hj\u00e6lper med at give dig et mere pr\u00e6cist tilbud<\/li>\n<li> Bem\u00e6rkninger (valgfrit): Her kan du tilf\u00f8je s\u00e6rlige \u00f8nsker, sp\u00f8rgsm\u00e5l osv.<\/li>\n<li> Type af flytning: Dette hj\u00e6lper med at sende dit tilbud til den rigtige afdeling hos flyttefirmaerne<\/li>\n<li> For- og efternavn: S\u00e5 virksomhederne ved, hvem de har med at g\u00f8re.<\/li>\n<li> Telefon #1: Det er p\u00e5kr\u00e6vet for at virksomhederne kan kontakte dig om dit tilbud.<\/li>\n<li> E-mail: Du kan sende tilbud til os og f\u00e5 kontakt med dig om din foresp\u00f8rgsel.<\/li>\n<\/ul>\n<p>N\u00e5r alle data er indtastet, og du sender formularen, vil f\u00f8lgende handlinger finde sted:<\/p>\n<ul>\n<li> Du f\u00e5r en takbesked.<\/li>\n<li> Oplysningerne vil blive sendt til TriGlobal B.V., som vil behandle dem i overensstemmelse med deres servicevilk\u00e5r.<\/li>\n<\/ul>\n<p><strong>Passive databehandlingsaktiviteter <\/strong><\/p>\n<p>Vi bruger f\u00f8lgende v\u00e6rkt\u00f8jer fra tredjeparter til at hj\u00e6lpe os med at drive et brugbart websted. De deler ikke personlige oplysninger om dig med os, men de kan stadig indsamle oplysninger om dig og\/eller din computer, som kan betragtes som personlige oplysninger.<\/p>\n<p>Nedenfor beskriver vi, hvad vi bruger hver enkelt af dem til, og hvor du kan f\u00e5 mere at vide om, hvordan de indsamler og bruger personoplysninger:<\/p>\n<p><strong>Google Analytics:<\/strong> Vi bruger dette til at spore, hvordan folk bruger vores websted samlet set. Vi bruger det ikke til at registrere individuelle brugere. Her er de vigtigste indstillinger, som vi bruger i \u00f8jeblikket:<\/p>\n<ul>\n<li>Remarketing: OFF<\/li>\n<li>Funktioner til rapportering af reklamer: OFF<\/li>\n<li>Opbevaring af bruger- og h\u00e6ndelsesdata: Indstillet til at udl\u00f8be efter 14 m\u00e5neder (den korteste mulighed, der tilbydes)<\/li>\n<li>Nulstilling ved ny aktivitet: ON<\/li>\n<li>Bruger-ID: OFF<\/li>\n<li>Accepteret GDPR-\u00e6ndring om databehandling<\/li>\n<\/ul>\n<p>Google tilbyder i \u00f8jeblikket en mulighed for at frav\u00e6lge Analytics <a href=\"https:\/\/support.google.com\/analytics\/answer\/181881?hl=en\" rel=\"noopener\" target=\"_blank\">her<\/a> eller du kan bruge et v\u00e6rkt\u00f8j fra en tredjepart som f.eks. <a href=\"https:\/\/www.ghostery.com\/\" rel=\"noopener\" target=\"_blank\">Ghostery<\/a>.<\/p>\n<p><strong>Facebook Social Graph:<\/strong> Dette bruges til at g\u00f8re det nemmere at dele indhold fra vores websted og blog p\u00e5 Facebook, og til at folk kan se, hvor ofte indholdet er blevet makuleret. Vi bruger det ikke til remarketing eller retargeting. Se Facebooks <a href=\"https:\/\/www.facebook.com\/help\/1701730696756992\/?helpref=hc_fnav\" rel=\"noopener\" target=\"_blank\">Data side<\/a> for at f\u00e5 mere at vide om, hvordan de bruger dine data.<\/p>\n<p><strong>Deling p\u00e5 sociale medier:<\/strong> Ud over Facebook Social Graph har vi ogs\u00e5 delingsknapper til G+, Twitter og LinkedIn p\u00e5 vores websted for at g\u00f8re det nemmere at dele vores indhold p\u00e5 disse platforme. Du kan se <a href=\"https:\/\/policies.google.com\/privacy\" rel=\"noopener\" target=\"_blank\">Politik for beskyttelse af personlige oplysninger p\u00e5 G+ her<\/a>, Twitter's <a href=\"https:\/\/twitter.com\/en\/privacy\" rel=\"noopener\" target=\"_blank\">Politik om beskyttelse af personlige oplysninger<\/a> her og <a href=\"https:\/\/www.linkedin.com\/legal\/privacy-policy\" rel=\"noopener\" target=\"_blank\">LinkedIns politik om beskyttelse af personlige oplysninger her<\/a>.<\/p>\n<p><strong>Eksterne \/ affilierede links:<\/strong> Vi sporer nogle gange eksterne links enten via Google Analytics og\/eller tredjeparts affiliate tracking-platforme. Enhver form for sporing finder kun sted, hvis du klikker p\u00e5 et eksternt link. Nederst p\u00e5 hver side, hvor dette sker, oplyser vi, hvilke links der er affilierede links, men hvis du er bekymret over dette, er den enkleste l\u00f8sning at lade v\u00e6re med at klikke p\u00e5 eksterne links fra vores websted.<\/p>\n<p><strong>Webhosting:<\/strong> Vi bruger StudioPress Sites til at hoste vores websted. Som de fleste webhostingfirmaer vedligeholder de logfiler, selv om vi ikke har direkte adgang til dem. Du kan f\u00e5 mere at vide om de data, de kan have p\u00e5 deres <a href=\"https:\/\/www.studiopress.com\/privacy-policy\/\" rel=\"noopener\" target=\"_blank\">privatlivspolitik<\/a>.<\/p>","protected":false},"excerpt":{"rendered":"<p>This Data Processing Policy explains in plain English how MoverDB.com processes data so you can make an informed choice about whether or not you&#8217;d like to use our services. We&#8217;ve created it as a response to GDPR. It is a plain English, detailed, addition to our Privacy Policy and Terms and Conditions. MoverDB.com is a [&hellip;]<\/p>\n","protected":false},"author":1,"featured_media":0,"parent":0,"menu_order":0,"comment_status":"closed","ping_status":"closed","template":"","meta":{"_genesis_hide_title":false,"_genesis_hide_breadcrumbs":false,"_genesis_hide_singular_image":false,"_genesis_hide_footer_widgets":false,"_genesis_custom_body_class":"","_genesis_custom_post_class":"","_genesis_layout":"","footnotes":""},"class_list":{"0":"post-2804","1":"page","2":"type-page","3":"status-publish","5":"entry","6":"has-post-thumbnail"},"_links":{"self":[{"href":"https:\/\/moverdb.com\/da\/wp-json\/wp\/v2\/pages\/2804","targetHints":{"allow":["GET"]}}],"collection":[{"href":"https:\/\/moverdb.com\/da\/wp-json\/wp\/v2\/pages"}],"about":[{"href":"https:\/\/moverdb.com\/da\/wp-json\/wp\/v2\/types\/page"}],"author":[{"embeddable":true,"href":"https:\/\/moverdb.com\/da\/wp-json\/wp\/v2\/users\/1"}],"replies":[{"embeddable":true,"href":"https:\/\/moverdb.com\/da\/wp-json\/wp\/v2\/comments?post=2804"}],"version-history":[{"count":16,"href":"https:\/\/moverdb.com\/da\/wp-json\/wp\/v2\/pages\/2804\/revisions"}],"predecessor-version":[{"id":3270,"href":"https:\/\/moverdb.com\/da\/wp-json\/wp\/v2\/pages\/2804\/revisions\/3270"}],"wp:attachment":[{"href":"https:\/\/moverdb.com\/da\/wp-json\/wp\/v2\/media?parent=2804"}],"curies":[{"name":"wp","href":"https:\/\/api.w.org\/{rel}","templated":true}]}}