{"id":2752,"date":"2017-05-09T16:25:21","date_gmt":"2017-05-09T16:25:21","guid":{"rendered":"https:\/\/moverdb.com\/?page_id=2752"},"modified":"2026-01-08T14:47:12","modified_gmt":"2026-01-08T14:47:12","slug":"biltransport-forsendelse","status":"publish","type":"page","link":"https:\/\/moverdb.com\/da\/car-transport-shipping\/","title":{"rendered":"2026 tilbud p\u00e5 international biltransport og forsendelse af k\u00f8ret\u00f8jer"},"content":{"rendered":"<p>Leder du efter international biltransport eller bilforsendelse, men ved ikke, hvor du skal starte? Vi kan hj\u00e6lpe dig med alt fra virksomheder til omkostninger og tilbud. <\/p>\n<p>Du kan komme i gang med det samme ved at bruge vores tilbudsformular ovenfor, eller du kan l\u00e6se vores vejledning nedenfor for at f\u00e5 flere oplysninger.<\/p>\n<p><img loading=\"lazy\" decoding=\"async\" width=\"720\" height=\"480\" src=\"https:\/\/moverdb.com\/wp-content\/uploads\/car-transport-shipping.jpg\" alt=\"2019 citater for international biltransport og k\u00f8ret\u00f8jsforsendelse\" class=\"aligncenter size-full wp-image-2753\" srcset=\"https:\/\/moverdb.com\/wp-content\/uploads\/car-transport-shipping.jpg 720w, https:\/\/moverdb.com\/wp-content\/uploads\/car-transport-shipping-300x200.jpg 300w, https:\/\/moverdb.com\/wp-content\/uploads\/car-transport-shipping-600x400.jpg 600w\" sizes=\"auto, (max-width: 720px) 100vw, 720px\" \/><\/p>\n<div id=\"ez-toc-container\" class=\"ez-toc-v2_0_82_2 ez-toc-wrap-left counter-hierarchy ez-toc-counter ez-toc-transparent ez-toc-container-direction\">\n<div class=\"ez-toc-title-container\">\n<p class=\"ez-toc-title\" style=\"cursor:inherit\">Sektioner<\/p>\n<span class=\"ez-toc-title-toggle\"><a href=\"#\" class=\"ez-toc-pull-right ez-toc-btn ez-toc-btn-xs ez-toc-btn-default ez-toc-toggle\" aria-label=\"Toggle indholdsfortegnelse\"><span class=\"ez-toc-js-icon-con\"><span class=\"\"><span class=\"eztoc-hide\" style=\"display:none;\">Toggle<\/span><span class=\"ez-toc-icon-toggle-span\"><svg style=\"fill: #999;color:#999\" xmlns=\"http:\/\/www.w3.org\/2000\/svg\" class=\"list-377408\" width=\"20px\" height=\"20px\" viewbox=\"0 0 24 24\" fill=\"none\"><path d=\"M6 6H4v2h2V6zm14 0H8v2h12V6zM4 11h2v2H4v-2zm16 0H8v2h12v-2zM4 16h2v2H4v-2zm16 0H8v2h12v-2z\" fill=\"currentColor\"><\/path><\/svg><svg style=\"fill: #999;color:#999\" class=\"arrow-unsorted-368013\" xmlns=\"http:\/\/www.w3.org\/2000\/svg\" width=\"10px\" height=\"10px\" viewbox=\"0 0 24 24\" version=\"1.2\" baseprofile=\"tiny\"><path d=\"M18.2 9.3l-6.2-6.3-6.2 6.3c-.2.2-.3.4-.3.7s.1.5.3.7c.2.2.4.3.7.3h11c.3 0 .5-.1.7-.3.2-.2.3-.5.3-.7s-.1-.5-.3-.7zM5.8 14.7l6.2 6.3 6.2-6.3c.2-.2.3-.5.3-.7s-.1-.5-.3-.7c-.2-.2-.4-.3-.7-.3h-11c-.3 0-.5.1-.7.3-.2.2-.3.5-.3.7s.1.5.3.7z\"\/><\/svg><\/span><\/span><\/span><\/a><\/span><\/div>\n<nav><ul class='ez-toc-list ez-toc-list-level-1 eztoc-toggle-hide-by-default' ><li class='ez-toc-page-1 ez-toc-heading-level-2'><a class=\"ez-toc-link ez-toc-heading-1\" href=\"https:\/\/moverdb.com\/da\/car-transport-shipping\/#Auto_Transport_Companies\" >Biltransportvirksomheder<\/a><ul class='ez-toc-list-level-3' ><li class='ez-toc-heading-level-3'><a class=\"ez-toc-link ez-toc-heading-2\" href=\"https:\/\/moverdb.com\/da\/car-transport-shipping\/#US_Canadian_Auto_Transport_Companies\" >Amerikanske og canadiske biltransportvirksomheder<\/a><\/li><li class='ez-toc-page-1 ez-toc-heading-level-3'><a class=\"ez-toc-link ez-toc-heading-3\" href=\"https:\/\/moverdb.com\/da\/car-transport-shipping\/#UK_Car_Transport_Companies\" >Britiske biltransportvirksomheder<\/a><\/li><li class='ez-toc-page-1 ez-toc-heading-level-3'><a class=\"ez-toc-link ez-toc-heading-4\" href=\"https:\/\/moverdb.com\/da\/car-transport-shipping\/#Australian_Car_Transport_Companies\" >Australske biltransportvirksomheder<\/a><\/li><\/ul><\/li><li class='ez-toc-page-1 ez-toc-heading-level-2'><a class=\"ez-toc-link ez-toc-heading-5\" href=\"https:\/\/moverdb.com\/da\/car-transport-shipping\/#International_Car_Transport_Costs\" >Omkostninger til international biltransport<\/a><ul class='ez-toc-list-level-3' ><li class='ez-toc-heading-level-3'><a class=\"ez-toc-link ez-toc-heading-6\" href=\"https:\/\/moverdb.com\/da\/car-transport-shipping\/#Car_Transport_Taxes\" >Afgifter p\u00e5 biltransport<\/a><\/li><\/ul><\/li><li class='ez-toc-page-1 ez-toc-heading-level-2'><a class=\"ez-toc-link ez-toc-heading-7\" href=\"https:\/\/moverdb.com\/da\/car-transport-shipping\/#International_Vehicle_Shipping_Documentation\" >Dokumentation for international bilforsendelse<\/a><\/li><li class='ez-toc-page-1 ez-toc-heading-level-2'><a class=\"ez-toc-link ez-toc-heading-8\" href=\"https:\/\/moverdb.com\/da\/car-transport-shipping\/#Other_Car_Transport_Tips\" >Andre tips til biltransport<\/a><\/li><li class='ez-toc-page-1 ez-toc-heading-level-2'><a class=\"ez-toc-link ez-toc-heading-9\" href=\"https:\/\/moverdb.com\/da\/car-transport-shipping\/#Car_Transport_Quotes\" >Citater for biltransport<\/a><\/li><\/ul><\/nav><\/div>\n<h2><span class=\"ez-toc-section\" id=\"Auto_Transport_Companies\"><\/span>Biltransportvirksomheder<span class=\"ez-toc-section-end\"><\/span><\/h2>\n<p>Det internationale marked for bil- og biltransport er ekstremt fragmenteret med hundredvis eller m\u00e5ske tusindvis af sm\u00e5 virksomheder, der opererer globalt. Nedenfor har vi listet nogle af de mest popul\u00e6re virksomheder, der har specialiseret sig i biltransport. <\/p>\n<p>Du b\u00f8r dog ogs\u00e5 s\u00f8rge for at indhente tilbud fra <a href=\"https:\/\/moverdb.com\/da\/flyttefirmaer\/\">de bedste internationale flyttefirmaer<\/a> og <a href=\"https:\/\/moverdb.com\/da\/speditor\/\">spedit\u00f8rer<\/a> for at sikre, at du f\u00e5r en fair aftale.<\/p>\n<p>Du kan ogs\u00e5 bare g\u00e5 til toppen af siden og udfylde vores tilbudsformular for at finde virksomheder hurtigt. <\/p>\n<h3><span class=\"ez-toc-section\" id=\"US_Canadian_Auto_Transport_Companies\"><\/span>Amerikanske og canadiske biltransportvirksomheder<span class=\"ez-toc-section-end\"><\/span><\/h3>\n<ul>\n<li> A-1 Auto Transport<\/li>\n<li> Amerikansk biltransport<\/li>\n<li> AmeriFreight<\/li>\n<li> C.A.R. Transport<\/li>\n<li> P\u00e5lidelige biltransport\u00f8rer (DAS)<\/li>\n<li> eShip<\/li>\n<li> Executive Auto Shippers<\/li>\n<li> Fisher Shipping<\/li>\n<li> Kongen af vejtransport<\/li>\n<li> Montway Auto Transport<\/li>\n<li> Prostar Automotive Transport<\/li>\n<li> Send en bil direkte<\/li>\n<li> Send din bil nu<\/li>\n<li> Stateway Auto Transport<\/li>\n<li> Thrifty Auto Shipping<\/li>\n<li> Vi transporterer det<\/li>\n<\/ul>\n<h3><span class=\"ez-toc-section\" id=\"UK_Car_Transport_Companies\"><\/span>Britiske biltransportvirksomheder<span class=\"ez-toc-section-end\"><\/span><\/h3>\n<ul>\n<li> Acumen Automotive Logistics<\/li>\n<li> AutoShippers<\/li>\n<li> Biltransport Quoter<\/li>\n<li> Classic Automotive flytningstjenester<\/li>\n<li> Quinns biltransport<\/li>\n<li> Skift en bil<\/li>\n<li> White's Vehicle Transport<\/li>\n<li> Woodside Motorfreight<\/li>\n<\/ul>\n<p>Se ogs\u00e5 vores <a href=\"https:\/\/moverdb.com\/da\/internationale-flytninger\/\">internationale flytninger<\/a> side.<\/p>\n<h3><span class=\"ez-toc-section\" id=\"Australian_Car_Transport_Companies\"><\/span>Australske biltransportvirksomheder<span class=\"ez-toc-section-end\"><\/span><\/h3>\n<ul>\n<li> ACR <a href=\"https:\/\/moverdb.com\/da\/moving-to-australia\/living-in-australia\/\" data-internallinksmanager029f6b8e52c=\"240\" title=\"21 hemmeligheder om at bo i Australien, som du skal vide, f\u00f8r du flytter\">Australien<\/a><\/li>\n<li> Australsk biltransport<\/li>\n<li> Auto-Logistik<\/li>\n<li> Biltransport Express<\/li>\n<li> B\u00e6ring fra d\u00f8r til d\u00f8r<\/li>\n<li> CEVA B\u00e6rende b\u00e6rer<\/li>\n<li> Flytning af biler<\/li>\n<li> PrixCar Transport<\/li>\n<li> SMB Australia biltransport<\/li>\n<li> Told<\/li>\n<\/ul>\n<h2><span class=\"ez-toc-section\" id=\"International_Car_Transport_Costs\"><\/span>Omkostninger til international biltransport<span class=\"ez-toc-section-end\"><\/span><\/h2>\n<p>Omkostningerne til biltransport og forsendelse varierer meget afh\u00e6ngigt af, hvor hurtigt du har brug for dit k\u00f8ret\u00f8j, og hvilken forsendelsesmetode du v\u00e6lger. Hvis du sender din bil ad s\u00f8vejen i en container, kan omkostningerne v\u00e6re s\u00e5 lave som et par hundrede dollars, men det kan tage over en m\u00e5ned. <\/p>\n<p>Du kan spare endnu flere penge, hvis du ikke har brug for d\u00f8r-til-d\u00f8r-service og i stedet v\u00e6lger at hente din bil i den n\u00e6rmeste <a href=\"https:\/\/moverdb.com\/da\/top-49-container-ports\/\" data-internallinksmanager029f6b8e52c=\"80\" title=\"Top 49 st\u00f8rste og travleste containerhavne i 2025\">port<\/a> hvis forsendelsen sendes ad s\u00f8vejen via en RoRo-forsendelse (Roll on Roll off).<\/p>\n<p>Du kan f\u00e5 mere at vide ved at l\u00e6se vores vejledning: <a href=\"https:\/\/moverdb.com\/da\/containerforsendelse\/\">Priser og omkostninger for international containerforsendelse<\/a><\/p>\n<p>For flytninger inden for et kontinent (f.eks. <a href=\"https:\/\/moverdb.com\/da\/moving-to-the-united-states\/\" data-internallinksmanager029f6b8e52c=\"94\" title=\"Flytter du til USA? 2022 Leveomkostninger og flyttetips\">USA<\/a> til <a href=\"https:\/\/moverdb.com\/da\/moving-to-canada\/\" data-internallinksmanager029f6b8e52c=\"265\" title=\"Flytte til Canada? 2026 Leveomkostninger og flyttetips\">Canada<\/a>, <a href=\"https:\/\/moverdb.com\/da\/moving-to-the-uk\/\" data-internallinksmanager029f6b8e52c=\"93\" title=\"Flytter du til Det Forenede Kongerige? 2022 Leveomkostninger og flyttetips\">UK<\/a> til <a href=\"https:\/\/moverdb.com\/da\/moving-to-spain\/\" data-internallinksmanager029f6b8e52c=\"266\" title=\"Flytter du til Spanien? 2026 Leveomkostninger og flyttetips\">Spanien<\/a>) kan du hyre en biltransport\u00f8r til at k\u00f8re din bil for dig, forudsat at din bil er i funktionsdygtig stand. Det koster ofte betydeligt mere (op til et par tusinde dollars, pund eller euro), men det betyder, at du kan f\u00e5 din bil p\u00e5 et par dage i stedet for uger. <\/p>\n<p>Hvis din bil ikke er i funktionsdygtig stand, skal du sende den med en trailer eller en anden speciallastbil. <\/p>\n<p>Den dyreste l\u00f8sning er at sende med fly, men dette anbefales generelt ikke, da omkostningerne er uoverkommelige.<\/p>\n<p><strong>Andre ting, der p\u00e5virker omkostningerne:<\/strong><\/p>\n<ul>\n<li> <strong>Afstand:<\/strong> Jo l\u00e6ngere du sender, jo dyrere bliver den samlede pris sandsynligvis, selv om du skal betale betydeligt mindre pr. kilometer.<\/li>\n<li> <strong>Tid p\u00e5 \u00e5ret:<\/strong> Visse perioder af \u00e5ret er dyrere end andre p\u00e5 bestemte ruter.<\/li>\n<li> <strong>Leveringstid:<\/strong> Jo l\u00e6ngere tid i forvejen du kan begynde at indhente tilbud, jo bedre, da priserne stiger betydeligt for hurtigere oms\u00e6tningstider.<\/li>\n<li> <strong>\u00c5ben vs. lukket lastbil:<\/strong> \u00c5bne lastbiler er billigere, men har generelt en st\u00f8rre risiko for skader end lukkede lastbiler. <\/li>\n<\/ul>\n<h3><span class=\"ez-toc-section\" id=\"Car_Transport_Taxes\"><\/span>Afgifter p\u00e5 biltransport<span class=\"ez-toc-section-end\"><\/span><\/h3>\n<p>Afh\u00e6ngigt af, hvor du sender din bil hen, skal du muligvis betale betydelige afgifter. For eksempel kan biler <a href=\"https:\/\/moverdb.com\/da\/forsendelse-til-singapore\/\">afsendt til Singapore<\/a> vil blive p\u00e5lagt en importafgift p\u00e5 20% p\u00e5 bilens toldv\u00e6rdi. <\/p>\n<p>Mange europ\u00e6iske lande opkr\u00e6ver importafgifter p\u00e5 omkring 10%, men kan ogs\u00e5 opkr\u00e6ve moms oveni, hvilket kan tilf\u00f8je yderligere 20%, afh\u00e6ngigt af hvordan bilen skal bruges. <\/p>\n<p>S\u00e5 s\u00f8rg for at budgettere med dette, n\u00e5r du indhenter tilbud, og inden du sender din bil. I nogle tilf\u00e6lde kan det v\u00e6re billigere og nemmere at k\u00f8be en ny bil end at sende den gamle bil.  <\/p>\n<h2><span class=\"ez-toc-section\" id=\"International_Vehicle_Shipping_Documentation\"><\/span>Dokumentation for international bilforsendelse<span class=\"ez-toc-section-end\"><\/span><\/h2>\n<p>Hvis du vil sende din bil eller andre k\u00f8ret\u00f8jer til udlandet, skal du have en god m\u00e6ngde dokumentation. Kravene varierer fra land til land, s\u00e5 tjek altid, f\u00f8r du sender. Almindelige n\u00f8dvendige dokumenter omfatter:<\/p>\n<ul>\n<li> Original k\u00f8ret\u00f8jstitel<\/li>\n<li> Oprindelsescertifikat<\/li>\n<li> Konnossement<\/li>\n<li> Forsikringsdokumenter<\/li>\n<\/ul>\n<h2><span class=\"ez-toc-section\" id=\"Other_Car_Transport_Tips\"><\/span>Andre tips til biltransport<span class=\"ez-toc-section-end\"><\/span><\/h2>\n<ul>\n<li> <strong>Tag billeder:<\/strong> S\u00f8rg for at tage tidsstemplede billeder af dit k\u00f8ret\u00f8j, inden det sendes, hvis der skulle v\u00e6re skader. Hvis der er skader, skal du s\u00f8rge for at tage billeder med det samme for at minimere tvister.<\/li>\n<li> <strong>Forsikring:<\/strong> S\u00f8rg for, at din forsikring d\u00e6kker hele rejsen med din bil og alle, der k\u00f8rer den.<\/li>\n<li> <strong>Fjern personlige ejendele:<\/strong> S\u00f8rg for, at alle dine personlige ejendele er fjernet fra bilen f\u00f8r forsendelse, s\u00e5 de ikke bliver v\u00e6k (eller stj\u00e5let!)<\/li>\n<li> <strong>S\u00f8g efter specialister:<\/strong> Hvis du har en klassisk eller lidt us\u00e6dvanlig bil, du \u00f8nsker at f\u00e5 sendt, skal du sikre dig, at det firma, du v\u00e6lger, har erfaring med at k\u00f8re og\/eller sende dem.<\/li>\n<li> <strong>Tidsplaner:<\/strong> S\u00f8rg for at vide, hvor lang tid det vil tage at f\u00e5 din bil fra A til B.<\/li>\n<li> <strong>Driftstilstand:<\/strong> S\u00f8rg for at tjekke ting som benzinniveau, v\u00e6sker, d\u00e6ktryk, batteri osv. med dit transportfirma, f\u00f8r du begynder transporten. Hvis du f.eks. sender en international transport i en container, kan det v\u00e6re n\u00f8dvendigt at t\u00f8mme benzintanken helt. Hvis du p\u00e5 den anden side f\u00e5r nogen til at k\u00f8re din bil, skal du sikre dig, at du har en fuld benzintank.<\/li>\n<\/ul>\n<h2><span class=\"ez-toc-section\" id=\"Car_Transport_Quotes\"><\/span>Citater for biltransport<span class=\"ez-toc-section-end\"><\/span><\/h2>\n<p>Du kan bruge vores tilbudsformular \u00f8verst p\u00e5 siden til at f\u00e5 tilbud p\u00e5 international biltransport. F\u00f8r du accepterer et tilbud, skal du dog sikre dig, at du fuldt ud forst\u00e5r, hvem der skal k\u00f8re eller sende din bil (p\u00e5 hvert trin af rejsen), hvordan dit k\u00f8ret\u00f8j vil blive forsikret, og at du l\u00e6ser anmeldelser af virksomheden. <\/p>","protected":false},"excerpt":{"rendered":"<p>Looking for international car transport or vehicle shipping, but don&#8217;t know where to start? We can help you with everything from companies to costs to quotes. You can get started right away using our quote form above, or keep reading our guide below for more information. Auto Transport Companies The international car and auto transport [&hellip;]<\/p>\n","protected":false},"author":1,"featured_media":2753,"parent":0,"menu_order":0,"comment_status":"closed","ping_status":"closed","template":"","meta":{"_genesis_hide_title":false,"_genesis_hide_breadcrumbs":false,"_genesis_hide_singular_image":false,"_genesis_hide_footer_widgets":false,"_genesis_custom_body_class":"","_genesis_custom_post_class":"","_genesis_layout":"","footnotes":""},"class_list":{"0":"post-2752","1":"page","2":"type-page","3":"status-publish","4":"has-post-thumbnail","6":"entry"},"_links":{"self":[{"href":"https:\/\/moverdb.com\/da\/wp-json\/wp\/v2\/pages\/2752","targetHints":{"allow":["GET"]}}],"collection":[{"href":"https:\/\/moverdb.com\/da\/wp-json\/wp\/v2\/pages"}],"about":[{"href":"https:\/\/moverdb.com\/da\/wp-json\/wp\/v2\/types\/page"}],"author":[{"embeddable":true,"href":"https:\/\/moverdb.com\/da\/wp-json\/wp\/v2\/users\/1"}],"replies":[{"embeddable":true,"href":"https:\/\/moverdb.com\/da\/wp-json\/wp\/v2\/comments?post=2752"}],"version-history":[{"count":18,"href":"https:\/\/moverdb.com\/da\/wp-json\/wp\/v2\/pages\/2752\/revisions"}],"predecessor-version":[{"id":18593,"href":"https:\/\/moverdb.com\/da\/wp-json\/wp\/v2\/pages\/2752\/revisions\/18593"}],"wp:featuredmedia":[{"embeddable":true,"href":"https:\/\/moverdb.com\/da\/wp-json\/wp\/v2\/media\/2753"}],"wp:attachment":[{"href":"https:\/\/moverdb.com\/da\/wp-json\/wp\/v2\/media?parent=2752"}],"curies":[{"name":"wp","href":"https:\/\/api.w.org\/{rel}","templated":true}]}}