{"id":270,"date":"2016-05-01T17:06:39","date_gmt":"2016-05-01T17:06:39","guid":{"rendered":"http:\/\/moverdb.com\/?page_id=270"},"modified":"2026-01-08T14:47:32","modified_gmt":"2026-01-08T14:47:32","slug":"anglo-stillehavsregionen","status":"publish","type":"page","link":"https:\/\/moverdb.com\/da\/anglo-pacific\/","title":{"rendered":"Anglo Pacific: Anmeldelser af internationale flytninger og flytninger"},"content":{"rendered":"<p>Anglo Pacific tilbyder en r\u00e6kke forskellige flyttetjenester for at hj\u00e6lpe folk med at flytte til udlandet. Her er deres vigtigste servicetilbud sammen med virksomhedsprofil og anmeldelser.<\/p>\n<p><strong>Tjenester<\/strong> <\/p>\n<p><strong>Flyttetjenester<\/strong> <\/p>\n<ul>\n<li> Importerer<\/li>\n<li> International flytning<\/li>\n<li> Levering af <a href=\"https:\/\/moverdb.com\/da\/containerforsendelse\/\">skibscontainere<\/a><\/li>\n<li> Flytning af teaterartikler<\/li>\n<li> <a href=\"https:\/\/moverdb.com\/da\/uk-removals\/man-and-van-cost\/\" data-internallinksmanager029f6b8e52c=\"380\" title=\"Hvor meget koster en mand &amp; varevogn i Storbritannien? 2026 Guide\">Mand og varevogn<\/a> leje i <a href=\"https:\/\/moverdb.com\/da\/moving-to-london\/\">London<\/a><\/li>\n<\/ul>\n<p><strong>Forsendelsestjenester<\/strong><\/p>\n<ul>\n<li> Bagage<\/li>\n<li> <a href=\"https:\/\/moverdb.com\/da\/biltransport-forsendelse\/\">Biler<\/a><\/li>\n<li> Fine Art<\/li>\n<li> Fragt<\/li>\n<li> Importerer<\/li>\n<li> Motorcykel<\/li>\n<li> Bagage<\/li>\n<li> Handel<\/li>\n<li> Studerende<\/li>\n<\/ul>\n<h2>Anglo Pacific virksomhedsprofil<\/h2>\n<p>Anglo Pacific, der blev lanceret for over 30 \u00e5r siden, er det st\u00f8rste shipping- og flyttefirma i USA. <a href=\"https:\/\/moverdb.com\/da\/moving-to-the-uk\/\" data-internallinksmanager029f6b8e52c=\"93\" title=\"Flytter du til Det Forenede Kongerige? 2022 Leveomkostninger og flyttetips\">UK<\/a>, behandling af over 20.000 individuelle bagageforsendelser og utallige <a href=\"https:\/\/moverdb.com\/da\/international-removals\/\" data-internallinksmanager029f6b8e52c=\"27\" title=\"De 36 bedste internationale flyttefirmaer i Storbritannien\">internationale flytninger<\/a> hvert \u00e5r. <\/p>\n<p>Firmaet er stolte af at levere en f\u00f8rsteklasses, venlig og professionel flytteservice, uanset om det drejer sig om indholdet af en hel ejendom eller om sarte genstande som kunstgenstande. <\/p>\n<p>Anglo Pacific er meget omhyggelige med at udv\u00e6lge de bedste fagfolk til deres team, idet de kun udn\u00e6vner personale, der vil g\u00f8re en ekstra indsats for kunderne, og personale, der kan h\u00e5ndtere sikker og effektiv flytning af personlige ejendele p\u00e5 en professionel m\u00e5de. <\/p>\n<p>Desuden giver sporingstjenesten p\u00e5 alle forsendelser personalet mulighed for pr\u00e6cist at fastsl\u00e5 den n\u00f8jagtige placering og status for flytningen, s\u00e5 kunderne kan v\u00e6re sikre p\u00e5, at deres varer er p\u00e5 vej til det sted, de er tilt\u00e6nkt.<\/p>\n<p>Anglo Pacific fastl\u00e6gger og opretholder us\u00e6dvanligt h\u00f8je standarder, og som medlemmer af <a href=\"https:\/\/moverdb.com\/da\/bar-overseas\/\">Den overs\u00f8iske gruppe<\/a> af den <a href=\"https:\/\/moverdb.com\/da\/british-association-of-removers\/\">British Association of Removers<\/a> (<a href=\"https:\/\/moverdb.com\/da\/british-association-of-removers\/\" data-internallinksmanager029f6b8e52c=\"9\" title=\"British Association of Removers (BAR) Forklaret\">BAR<\/a>), s\u00e5 de str\u00e6ber efter at levere kun det bedste. <\/p>\n<p>Desuden overholder de International Movers Mutual Insurance Company Ltd's avancerede betalingsgaranti, hvilket giver kunderne en st\u00f8rre grad af tillid. <\/p>\n<h2>Anmeldelser af Anglo Pacific<\/h2>\n<p><strong>Positiv<\/strong><\/p>\n<ul>\n<li> <em>\"En stor tak til alle hos Anglo Pacific og Keys Brothers. I gjorde vores flytning fra London til Perth s\u00e5 smidig, og vi s\u00e6tter virkelig pris p\u00e5 al jeres hj\u00e6lp. Meget professionelt og effektivt og alt sammen til en god pris!!!\"<\/em> - Via <a href=\"http:\/\/www.reviewcentre.com\/reviews252735.html?ratingfilter=5#refineYourSearch\" target=\"_blank\" rel=\"noopener\">Anmeldelsescenter<\/a><\/li>\n<li> <em>\"Jeg skulle sende noget ekstra bagage til <a href=\"https:\/\/moverdb.com\/da\/moving-to-australia\/living-in-australia\/\" data-internallinksmanager029f6b8e52c=\"240\" title=\"21 hemmeligheder om at bo i Australien, som du skal vide, f\u00f8r du flytter\">Australien<\/a>. Jeg kontaktede mange mennesker p\u00e5 internettet og endte med at finde Anglo Pacific. Min bagage blev afhentet til tiden, og jeg fik oplysninger undervejs.\"<\/em> - Via <a href=\"http:\/\/www.reviewcentre.com\/Removal-Companies\/Anglo-Pacific-Removals-Company-www-anglopacific-co-uk-review_1596555\" target=\"_blank\" rel=\"noopener\">Anmeldelsescenter<\/a><\/li>\n<li> <em>\"Jeg vil anbefale Anglo Pacific til alle, der \u00f8nsker at transportere deres ejendele sikkert og effektivt.\"<\/em> - via <a href=\"https:\/\/uk.trustpilot.com\/review\/anglopacific.co.uk\" target=\"_blank\" rel=\"noopener\">TrustPilot<\/a><\/li>\n<\/ul>\n<p><strong>Negativ<\/strong><\/p>\n<ul>\n<li> <em>\"Jeg beder dig om ikke at overveje Anglo Pacific yderligere!!! Min forsendelse ankom med alt mit service fuldst\u00e6ndigt smadret, og kassen med elektriske artikler blev leveret p\u00e5 hovedet!\"<\/em> - via <a href=\"http:\/\/www.reviewcentre.com\/Removal-Companies\/Anglo-Pacific-Removals-Company-www-anglopacific-co-uk-review_3741459\" target=\"_blank\" rel=\"noopener\">Anmeldelsescenter<\/a><\/li>\n<li> <em>\"Jeg kan n\u00e6sten ikke udtrykke min forf\u00e6rdelse, da jeg \u00e5bnede den sidste af mine kasser i <a href=\"https:\/\/moverdb.com\/da\/moving-to-nyc\/\" data-internallinksmanager029f6b8e52c=\"57\" title=\"Skal du flytte til New York City? 2026 NYC Leveomkostninger og tips til flytning\">NYC<\/a> kun for at indse, at mine mest v\u00e6rdifulde ting og det meste af mit dyre k\u00f8kkenudstyr var forsvundet.\"<\/em> - via <a href=\"http:\/\/www.mymovingreviews.com\/movers\/anglo-pacific-international-1790\" target=\"_blank\" rel=\"noopener\">Mine anmeldelser af flytning<\/a><\/li>\n<li> <em>\"Undg\u00e5 - forf\u00e6rdelig oplevelse med total mangel p\u00e5 omsorg og v\u00e6rste efter service\"<\/em> - via <a href=\"https:\/\/uk.trustpilot.com\/reviews\/56d595280000ff000940e229\" target=\"_blank\" rel=\"noopener\">Trustpilot<\/a><\/li>\n<\/ul>\n<div itemprop=\"review\" itemscope itemtype=\"http:\/\/schema.org\/Review\">\n<span itemprop=\"author\" itemscope=\"\" itemtype=\"http:\/\/schema.org\/Organization\"><span itemprop=\"name\">MoverDB.com<\/span><\/span> Online website anmeldelse for <span itemprop=\"itemreviewed\" itemscope=\"\" itemtype=\"http:\/\/schema.org\/Brand\"><span itemprop=\"name\">Anglo Pacific<\/span><\/span>:<\/p>\n<ol>\n<li> Tydelige kontaktoplysninger p\u00e5 webstedet (herunder telefonnummer)? <strong>Ja<\/strong><\/li>\n<li> Let at f\u00e5 <a href=\"https:\/\/moverdb.com\/da\/citater\/\">citater for internationale flytninger<\/a>? (Formular til anmodning om online overslag): <strong>Ja<\/strong><\/li>\n<li> Klare oplysninger p\u00e5 webstedet: <strong>Ja<\/strong>, siderne er nemme at navigere p\u00e5, og det er tydeligt at se, hvilke tjenester de tilbyder.<\/li>\n<li> Medlemskab af internationalt anerkendte flytteorganisationer: <strong>Ja<\/strong><\/li>\n<li> Liste over kunder og\/eller tidligere kundeudtalelser: <strong>Ja <\/strong><\/li>\n<\/ol>\n<div itemprop=\"reviewRating\" itemscope itemtype=\"http:\/\/schema.org\/Rating\"><meta itemprop=\"worstRating\" content = \"0\" \/><meta itemprop=\"bestRating\" content=\"5\" \/><meta itemprop=\"ratingValue\" content=\"5\"><\/div>\n<p><strong>Samlet score: 5\/5<\/strong><br \/>\n<strong>Dato for gennemgang:<\/strong> <span itemprop=\"datePublished\" content=\"2016-05-01\">01\/05\/2016<\/span>\n<\/div>\n<p>Mere om <a href=\"https:\/\/moverdb.com\/da\/internationale-flytninger\/\">UK flyttefirmaer<\/a> og vores <a href=\"https:\/\/moverdb.com\/da\/anmeldelser\/\">gennemgangsprocessen forklaret<\/a>.<\/p>\n<p><strong>Hjemmeside:<\/strong> <a href=\"http:\/\/www.anglopacific.co.uk\" target=\"_blank\" rel=\"noopener\">http:\/\/www.anglopacific.co.uk<\/a><\/p>","protected":false},"excerpt":{"rendered":"<p>Anglo Pacific offers a variety of removal services to help people move overseas. Here are their core service offerings along with company profile and reviews. Services Removal Services Imports International Relocation Provision of shipping containers Theatrical removals Man and Van hire in London Shipping Services Baggage Cars Fine Art Freight Imports Motorbike Luggage Trade Student [&hellip;]<\/p>\n","protected":false},"author":1,"featured_media":0,"parent":0,"menu_order":0,"comment_status":"closed","ping_status":"closed","template":"","meta":{"_genesis_hide_title":false,"_genesis_hide_breadcrumbs":false,"_genesis_hide_singular_image":false,"_genesis_hide_footer_widgets":false,"_genesis_custom_body_class":"","_genesis_custom_post_class":"","_genesis_layout":"","footnotes":""},"class_list":{"0":"post-270","1":"page","2":"type-page","3":"status-publish","5":"entry"},"_links":{"self":[{"href":"https:\/\/moverdb.com\/da\/wp-json\/wp\/v2\/pages\/270","targetHints":{"allow":["GET"]}}],"collection":[{"href":"https:\/\/moverdb.com\/da\/wp-json\/wp\/v2\/pages"}],"about":[{"href":"https:\/\/moverdb.com\/da\/wp-json\/wp\/v2\/types\/page"}],"author":[{"embeddable":true,"href":"https:\/\/moverdb.com\/da\/wp-json\/wp\/v2\/users\/1"}],"replies":[{"embeddable":true,"href":"https:\/\/moverdb.com\/da\/wp-json\/wp\/v2\/comments?post=270"}],"version-history":[{"count":12,"href":"https:\/\/moverdb.com\/da\/wp-json\/wp\/v2\/pages\/270\/revisions"}],"predecessor-version":[{"id":6173,"href":"https:\/\/moverdb.com\/da\/wp-json\/wp\/v2\/pages\/270\/revisions\/6173"}],"wp:attachment":[{"href":"https:\/\/moverdb.com\/da\/wp-json\/wp\/v2\/media?parent=270"}],"curies":[{"name":"wp","href":"https:\/\/api.w.org\/{rel}","templated":true}]}}