{"id":2675,"date":"2017-05-03T15:16:49","date_gmt":"2017-05-03T15:16:49","guid":{"rendered":"https:\/\/moverdb.com\/?page_id=2675"},"modified":"2026-01-08T15:20:41","modified_gmt":"2026-01-08T15:20:41","slug":"forsendelse-til-singapore","status":"publish","type":"page","link":"https:\/\/moverdb.com\/da\/shipping-to-singapore\/","title":{"rendered":"Forsendelse til Singapore: Hvad du har brug for at vide"},"content":{"rendered":"<p><img loading=\"lazy\" decoding=\"async\" width=\"720\" height=\"313\" src=\"https:\/\/moverdb.com\/wp-content\/uploads\/shipping-to-singapore.png\" alt=\"Forsendelse til Singapore\" class=\"aligncenter size-full wp-image-2676\" srcset=\"https:\/\/moverdb.com\/wp-content\/uploads\/shipping-to-singapore.png 720w, https:\/\/moverdb.com\/wp-content\/uploads\/shipping-to-singapore-300x130.png 300w, https:\/\/moverdb.com\/wp-content\/uploads\/shipping-to-singapore-600x261.png 600w\" sizes=\"auto, (max-width: 720px) 100vw, 720px\" \/><\/p>\n<p>Uanset om du er <a href=\"https:\/\/moverdb.com\/da\/flytning-til-singapore\/\">flytning til Singapore<\/a> eller blot \u00f8nsker at sende et par pakker, kan vi hj\u00e6lpe dig med at finde de bedste fragttilbud fra de <a href=\"https:\/\/moverdb.com\/da\/moving-to-the-united-states\/\" data-internallinksmanager029f6b8e52c=\"94\" title=\"Flytter du til USA? 2022 Leveomkostninger og flyttetips\">USA<\/a>, <a href=\"https:\/\/moverdb.com\/da\/moving-to-the-uk\/\" data-internallinksmanager029f6b8e52c=\"93\" title=\"Flytter du til Det Forenede Kongerige? 2022 Leveomkostninger og flyttetips\">UK<\/a>, <a href=\"https:\/\/moverdb.com\/da\/moving-to-australia\/living-in-australia\/\" data-internallinksmanager029f6b8e52c=\"240\" title=\"21 hemmeligheder om at bo i Australien, som du skal vide, f\u00f8r du flytter\">Australien<\/a>, <a href=\"https:\/\/moverdb.com\/da\/moving-to-canada\/\" data-internallinksmanager029f6b8e52c=\"265\" title=\"Flytte til Canada? 2026 Leveomkostninger og flyttetips\">Canada<\/a>, <a href=\"https:\/\/moverdb.com\/da\/moving-to-france\/\" data-internallinksmanager029f6b8e52c=\"315\" title=\"Flytter du til Frankrig? 2026 Leveomkostninger og flyttetips\">Frankrig<\/a>, <a href=\"https:\/\/moverdb.com\/da\/moving-to-hong-kong\/\" data-internallinksmanager029f6b8e52c=\"350\" title=\"Flytter du til Hong Kong? 2026 Leveomkostninger og tips til flytning\">Hong Kong<\/a>, <a href=\"https:\/\/moverdb.com\/da\/moving-to-new-zealand\/\" data-internallinksmanager029f6b8e52c=\"324\" title=\"Flytter du til New Zealand? 2026 Leveomkostninger og flyttetips\">New Zealand<\/a>, <a href=\"https:\/\/moverdb.com\/da\/moving-to-the-philippines\/\" data-internallinksmanager029f6b8e52c=\"376\" title=\"Flytter du til Filippinerne? 2026 Leveomkostninger og tips til flytning\">Filippinerne<\/a> og de fleste andre lande i verden. <\/p>\n<p>Du kan komme i gang ved at bruge den gratis tilbudsformular ovenfor. <\/p>\n<div id=\"ez-toc-container\" class=\"ez-toc-v2_0_82_2 ez-toc-wrap-left counter-hierarchy ez-toc-counter ez-toc-transparent ez-toc-container-direction\">\n<div class=\"ez-toc-title-container\">\n<p class=\"ez-toc-title\" style=\"cursor:inherit\">Sektioner<\/p>\n<span class=\"ez-toc-title-toggle\"><a href=\"#\" class=\"ez-toc-pull-right ez-toc-btn ez-toc-btn-xs ez-toc-btn-default ez-toc-toggle\" aria-label=\"Toggle indholdsfortegnelse\"><span class=\"ez-toc-js-icon-con\"><span class=\"\"><span class=\"eztoc-hide\" style=\"display:none;\">Toggle<\/span><span class=\"ez-toc-icon-toggle-span\"><svg style=\"fill: #999;color:#999\" xmlns=\"http:\/\/www.w3.org\/2000\/svg\" class=\"list-377408\" width=\"20px\" height=\"20px\" viewbox=\"0 0 24 24\" fill=\"none\"><path d=\"M6 6H4v2h2V6zm14 0H8v2h12V6zM4 11h2v2H4v-2zm16 0H8v2h12v-2zM4 16h2v2H4v-2zm16 0H8v2h12v-2z\" fill=\"currentColor\"><\/path><\/svg><svg style=\"fill: #999;color:#999\" class=\"arrow-unsorted-368013\" xmlns=\"http:\/\/www.w3.org\/2000\/svg\" width=\"10px\" height=\"10px\" viewbox=\"0 0 24 24\" version=\"1.2\" baseprofile=\"tiny\"><path d=\"M18.2 9.3l-6.2-6.3-6.2 6.3c-.2.2-.3.4-.3.7s.1.5.3.7c.2.2.4.3.7.3h11c.3 0 .5-.1.7-.3.2-.2.3-.5.3-.7s-.1-.5-.3-.7zM5.8 14.7l6.2 6.3 6.2-6.3c.2-.2.3-.5.3-.7s-.1-.5-.3-.7c-.2-.2-.4-.3-.7-.3h-11c-.3 0-.5.1-.7.3-.2.2-.3.5-.3.7s.1.5.3.7z\"\/><\/svg><\/span><\/span><\/span><\/a><\/span><\/div>\n<nav><ul class='ez-toc-list ez-toc-list-level-1 eztoc-toggle-hide-by-default' ><li class='ez-toc-page-1 ez-toc-heading-level-2'><a class=\"ez-toc-link ez-toc-heading-1\" href=\"https:\/\/moverdb.com\/da\/shipping-to-singapore\/#Shipping_to_Singapore_From_The_US\" >Forsendelse til Singapore fra USA<\/a><\/li><li class='ez-toc-page-1 ez-toc-heading-level-2'><a class=\"ez-toc-link ez-toc-heading-2\" href=\"https:\/\/moverdb.com\/da\/shipping-to-singapore\/#Shipping_to_Singapore_From_The_UK\" >Forsendelse til Singapore fra Storbritannien<\/a><\/li><li class='ez-toc-page-1 ez-toc-heading-level-2'><a class=\"ez-toc-link ez-toc-heading-3\" href=\"https:\/\/moverdb.com\/da\/shipping-to-singapore\/#Shipping_to_Singapore_From_Australia\" >Forsendelse til Singapore fra Australien<\/a><\/li><li class='ez-toc-page-1 ez-toc-heading-level-2'><a class=\"ez-toc-link ez-toc-heading-4\" href=\"https:\/\/moverdb.com\/da\/shipping-to-singapore\/#Shipping_to_Singapore_From_Canada\" >Forsendelse til Singapore fra Canada<\/a><\/li><li class='ez-toc-page-1 ez-toc-heading-level-2'><a class=\"ez-toc-link ez-toc-heading-5\" href=\"https:\/\/moverdb.com\/da\/shipping-to-singapore\/#Shipping_to_Singapore_From_France\" >Forsendelse til Singapore fra Frankrig<\/a><\/li><li class='ez-toc-page-1 ez-toc-heading-level-2'><a class=\"ez-toc-link ez-toc-heading-6\" href=\"https:\/\/moverdb.com\/da\/shipping-to-singapore\/#Shipping_to_Singapore_From_Hong_Kong\" >Forsendelse til Singapore fra Hong Kong<\/a><\/li><li class='ez-toc-page-1 ez-toc-heading-level-2'><a class=\"ez-toc-link ez-toc-heading-7\" href=\"https:\/\/moverdb.com\/da\/shipping-to-singapore\/#Shipping_to_Singapore_From_New_Zealand\" >Forsendelse til Singapore fra New Zealand<\/a><\/li><li class='ez-toc-page-1 ez-toc-heading-level-2'><a class=\"ez-toc-link ez-toc-heading-8\" href=\"https:\/\/moverdb.com\/da\/shipping-to-singapore\/#Shipping_to_Singapore_From_the_Philippines\" >Forsendelse til Singapore fra Filippinerne<\/a><\/li><li class='ez-toc-page-1 ez-toc-heading-level-2'><a class=\"ez-toc-link ez-toc-heading-9\" href=\"https:\/\/moverdb.com\/da\/shipping-to-singapore\/#Singapore_Import_Duties_Taxes\" >Singapore Importtold og -afgifter<\/a><\/li><li class='ez-toc-page-1 ez-toc-heading-level-2'><a class=\"ez-toc-link ez-toc-heading-10\" href=\"https:\/\/moverdb.com\/da\/shipping-to-singapore\/#Restricted_Items_in_Singapore\" >Begr\u00e6nsede varer i Singapore<\/a><\/li><li class='ez-toc-page-1 ez-toc-heading-level-2'><a class=\"ez-toc-link ez-toc-heading-11\" href=\"https:\/\/moverdb.com\/da\/shipping-to-singapore\/#Other_Useful_Guides_to_Singapore\" >Andre nyttige guider til Singapore<\/a><\/li><\/ul><\/nav><\/div>\n<h2><span class=\"ez-toc-section\" id=\"Shipping_to_Singapore_From_The_US\"><\/span>Forsendelse til Singapore fra USA<span class=\"ez-toc-section-end\"><\/span><\/h2>\n<p><strong><a href=\"https:\/\/moverdb.com\/da\/container-shipping\/\" data-internallinksmanager029f6b8e52c=\"3\" title=\"Diagram over internationale containerpriser: April 2026\">Omkostninger til containerforsendelse<\/a> Fra <a href=\"https:\/\/moverdb.com\/da\/flytte-til-los-angeles\/\">Los Angeles<\/a><\/strong><\/p>\n<ul>\n<li> 20 fods container: $750 - $830<\/li>\n<li> 40 fods container: $1,120 - $1,235<\/li>\n<\/ul>\n<p><strong>Omkostninger til containerforsendelse fra <a href=\"https:\/\/moverdb.com\/da\/flytning-til-nyc\/\">New York<\/a><\/strong><\/p>\n<ul>\n<li> 20 fods container: $975 - $1.080<\/li>\n<li> 40 fods container: $1.460 - $1.610<\/li>\n<\/ul>\n<p><strong>Forsendelsesomkostninger for pakker<\/strong><\/p>\n<ul>\n<li> F\u00f8rste 0,5 kg: $11.80+<\/li>\n<li> Hver yderligere 0,5 kg: $3.25+<\/li>\n<\/ul>\n<p><em>Kilde:<\/em> <a href=\"http:\/\/comgateway.com\/ship-to-Singapore\/\" target=\"_blank\" rel=\"noopener noreferrer\">comGateway<\/a><\/p>\n<p><strong>Forsendelsestider<\/strong><\/p>\n<ul>\n<li> <strong>Luft:<\/strong> 1-3 dage<\/li>\n<li> <strong>Hav:<\/strong> Omkring 1 m\u00e5ned<\/li>\n<\/ul>\n<h2><span class=\"ez-toc-section\" id=\"Shipping_to_Singapore_From_The_UK\"><\/span>Forsendelse til Singapore fra Storbritannien<span class=\"ez-toc-section-end\"><\/span><\/h2>\n<p><strong>Omkostninger til containerforsendelse fra <a href=\"https:\/\/moverdb.com\/da\/moving-to-london\/\">London<\/a><\/strong><\/p>\n<ul>\n<li> 20ft Container: \u00a3 895 - \u00a3 1.000<\/li>\n<li> 40ft Container: \u00a31,340 - \u00a31,480<\/li>\n<\/ul>\n<p><strong>Forsendelsesomkostninger for pakker<\/strong><\/p>\n<ul>\n<li> Op til 1 kg: \u00a320.12+<\/li>\n<li> Op til 20 kg: \u00a387.31+<\/li>\n<\/ul>\n<p><em>Kilde:<\/em> <a href=\"https:\/\/www.transglobalexpress.co.uk\/parcel-to\/singapore\/\" target=\"_blank\" rel=\"noopener noreferrer\">Transglobal Express<\/a><\/p>\n<p><strong>Forsendelsestider<\/strong><\/p>\n<ul>\n<li> <strong>Luft:<\/strong> 1-3 dage<\/li>\n<li> <strong>Hav:<\/strong> Omkring 1 m\u00e5ned<\/li>\n<\/ul>\n<h2><span class=\"ez-toc-section\" id=\"Shipping_to_Singapore_From_Australia\"><\/span>Forsendelse til Singapore fra Australien<span class=\"ez-toc-section-end\"><\/span><\/h2>\n<p><strong>Omkostninger til containerforsendelse fra <a href=\"https:\/\/moverdb.com\/da\/flytning-til-sydney\/\">Sydney<\/a><\/strong><\/p>\n<ul>\n<li> 20 fods container: $980 - $1.080 AUD<\/li>\n<li> 40 fods container: $1,470 - $1,620 AUD<\/li>\n<\/ul>\n<p><strong>Forsendelsesomkostninger for pakker<\/strong><\/p>\n<ul>\n<li> Lille skoletaske (op til 500 g): $22.26+<\/li>\n<li> Kasse (op til 5 kg): $81.73+<\/li>\n<\/ul>\n<p><em>Kilde:<\/em> <a href=\"https:\/\/auspost.com.au\/parcels-mail\/calculate-postage-delivery-times\/#\/\" target=\"_blank\" rel=\"noopener noreferrer\">Australien Post<\/a><\/p>\n<p><strong>Forsendelsestider<\/strong><\/p>\n<ul>\n<li> <strong>Luft:<\/strong> 1-3 dage<\/li>\n<li> <strong>Hav:<\/strong> Omkring 20 dage<\/li>\n<\/ul>\n<h2><span class=\"ez-toc-section\" id=\"Shipping_to_Singapore_From_Canada\"><\/span>Forsendelse til Singapore fra Canada<span class=\"ez-toc-section-end\"><\/span><\/h2>\n<p><strong>Omkostninger til containerforsendelse fra <a href=\"https:\/\/moverdb.com\/da\/moving-to-canada\/moving-to-montreal\/\" data-internallinksmanager029f6b8e52c=\"410\" title=\"Flytter du til Montreal? 2026 Leveomkostninger og tips til flytning\">Montreal<\/a><\/strong><\/p>\n<ul>\n<li> 20 fods container: $1.640 - $1.800 CAD<\/li>\n<li> 40 fods container: $2.440 - $2.700 CAD<\/li>\n<\/ul>\n<p><strong>Omkostninger til containerforsendelse fra <a href=\"https:\/\/moverdb.com\/da\/moving-to-canada\/moving-to-vancouver\/\" data-internallinksmanager029f6b8e52c=\"438\" title=\"Flytter du til Vancouver? 2026 Leveomkostninger og tips til flytning\">Vancouver<\/a><\/strong><\/p>\n<ul>\n<li> 20 fods container: $990 - $1.100 CAD<\/li>\n<li> 40 fods container: $1.480 - $1.630 CAD<\/li>\n<\/ul>\n<p><strong>Forsendelsesomkostninger for pakker<\/strong><\/p>\n<ul>\n<li> 1kg: $20.29 - $105.44+<\/li>\n<li> 10kg: $139.85 - $412.93+<\/li>\n<\/ul>\n<p><em>Kilde:<\/em> <a href=\"https:\/\/www.canadapost.ca\/cpotools\/apps\/far\/personal\/farInt\" target=\"_blank\" rel=\"noopener noreferrer\">Canada Post<\/a><\/p>\n<p><strong>Forsendelsestider<\/strong><\/p>\n<ul>\n<li> <strong>Luft:<\/strong> 1-3 dage<\/li>\n<li> <strong>Hav:<\/strong> Omkring 1 m\u00e5ned<\/li>\n<\/ul>\n<h2><span class=\"ez-toc-section\" id=\"Shipping_to_Singapore_From_France\"><\/span>Forsendelse til Singapore fra Frankrig<span class=\"ez-toc-section-end\"><\/span><\/h2>\n<p><strong>Omkostninger til containerforsendelse fra Marseille<\/strong><\/p>\n<ul>\n<li> 20 fods container: \u20ac740 - \u20ac820<\/li>\n<li> 40 fods container: 1.100 - 1.220 \u20ac<\/li>\n<\/ul>\n<p><strong>Forsendelsestider<\/strong><\/p>\n<ul>\n<li> <strong>Luft:<\/strong> 1-3 dage<\/li>\n<li> <strong>Hav:<\/strong> Omkring 1 m\u00e5ned<\/li>\n<\/ul>\n<h2><span class=\"ez-toc-section\" id=\"Shipping_to_Singapore_From_Hong_Kong\"><\/span>Forsendelse til Singapore fra Hong Kong<span class=\"ez-toc-section-end\"><\/span><\/h2>\n<p><strong>Omkostninger til containerforsendelse<\/strong><\/p>\n<ul>\n<li> 20 fods container: $1.820 - $2.010 HKD<\/li>\n<li> 40 fods container: $1.860 - $2.060 HKD<\/li>\n<\/ul>\n<p><strong>Forsendelsestider<\/strong><\/p>\n<ul>\n<li> <strong>Luft:<\/strong> 1-2 dage<\/li>\n<li> <strong>Hav:<\/strong> Omkring 12 dage<\/li>\n<\/ul>\n<h2><span class=\"ez-toc-section\" id=\"Shipping_to_Singapore_From_New_Zealand\"><\/span>Forsendelse til Singapore fra New Zealand<span class=\"ez-toc-section-end\"><\/span><\/h2>\n<p><strong>Omkostninger til containerforsendelse fra Auckland<\/strong><\/p>\n<ul>\n<li> 20 fods container: $1.860 - $2.050 NZD<\/li>\n<li> 40 fods container: $2,775 - $3,070 NZD<\/li>\n<\/ul>\n<p><strong>Forsendelsestider<\/strong><\/p>\n<ul>\n<li> <strong>Luft:<\/strong> 1-3 dage<\/li>\n<li> <strong>Hav:<\/strong> Omkring 23 dage<\/li>\n<\/ul>\n<h2><span class=\"ez-toc-section\" id=\"Shipping_to_Singapore_From_the_Philippines\"><\/span>Forsendelse til Singapore fra Filippinerne<span class=\"ez-toc-section-end\"><\/span><\/h2>\n<p><strong>Omkostninger til containerforsendelse fra Manila<\/strong><\/p>\n<ul>\n<li> 20 fods container: \u20b118,300 - \u20b120,255<\/li>\n<li> 40ft Container: \u20b127,350 - \u20b130,230<\/li>\n<\/ul>\n<p><strong>Forsendelsestider<\/strong><\/p>\n<ul>\n<li> <strong>Luft:<\/strong> 1-3 dage<\/li>\n<li> <strong>Hav:<\/strong> Omkring 12 dage<\/li>\n<\/ul>\n<p>Data om containerforsendelsesomkostninger er baseret p\u00e5 forsendelse af dine varer ad s\u00f8vejen og kommer fra vores <a href=\"https:\/\/moverdb.com\/da\/containerforsendelse\/\">priser for international containerforsendelse<\/a> side og <a href=\"http:\/\/worldfreightrates.com\" target=\"_blank\" rel=\"noopener noreferrer\">WorldFreightRates.com<\/a>, Air-forsendelsestider kommer fra <a href=\"https:\/\/wwwapps.ups.com\/fctc\/timeandcost\" target=\"_blank\" rel=\"noopener noreferrer\">UPS tids- og omkostningsberegner<\/a>, og s\u00f8transporttider kommer fra <a href=\"https:\/\/www.searates.com\" target=\"_blank\" rel=\"noopener noreferrer\">SeaRates.com<\/a>.<\/p>\n<h2><span class=\"ez-toc-section\" id=\"Singapore_Import_Duties_Taxes\"><\/span>Singapore Importtold og -afgifter<span class=\"ez-toc-section-end\"><\/span><\/h2>\n<p>Hvis du sender husholdningsgods og personlige ejendele til <a href=\"https:\/\/moverdb.com\/da\/moving-to-singapore\/\" data-internallinksmanager029f6b8e52c=\"68\" title=\"Flytter du til Singapore? 2022 Leveomkostninger og tips til flytning\">Singapore<\/a> skal du betale en moms p\u00e5 7% p\u00e5 varer til en v\u00e6rdi af mere end 400 SGD. Du kan dog s\u00f8ge om fritagelse, s\u00e5 l\u00e6nge f\u00f8lgende g\u00e6lder:<\/p>\n<blockquote><p>Der kan indr\u00f8mmes momsfritagelse ved indf\u00f8rsel af brugte husholdningsartikler og personlige ejendele til:<\/p>\n<p>Singaporeanere og personer med fast bop\u00e6l i Singapore (PR), der er bosat i udlandet og vender tilbage for at genoptage deres bop\u00e6l i Singapore<br \/>\nUdl\u00e6ndinge, der flytter deres bop\u00e6l eller migrerer til Singapore<\/p>\n<p>GST-ledsagelsen er underlagt f\u00f8lgende betingelser:<\/p>\n<p>At denne person overbeviser toldv\u00e6senet om, at:<\/p>\n<ul>\n<li> Han \u00e6ndrer sin bop\u00e6l til Singapore;<\/li>\n<li> Han er ejer af de importerede genstande, personlige effekter og personlige k\u00e6ledyr;<\/li>\n<li> Genstandene og de personlige ejendele har v\u00e6ret i hans besiddelse og anvendt i mindst 3 m\u00e5neder, og<\/li>\n<li> Varerne og de personlige effekter importeres via luft- eller s\u00f8transport.<\/li>\n<li> Genstande, personlige ejendele og personlige k\u00e6ledyr indf\u00f8res inden for 6 m\u00e5neder efter hans f\u00f8rste ankomst til Singapore.<\/li>\n<li> Der gives et tilsagn om ikke at afh\u00e6nde varerne og de personlige effekter inden for tre m\u00e5neder fra importdatoen.<\/li>\n<\/ul>\n<p>For tilbagevendende singaporeanere og personer med begr\u00e6nset statsborgerskab skal de have opholdt sig i et fremmed land i mere end 6 m\u00e5neder for at v\u00e6re berettiget til denne GST-lempelse.<\/p><\/blockquote>\n<p><strong>Kilde:<\/strong> <a href=\"https:\/\/www.customs.gov.sg\/businesses\/importing-goods\/import-procedures\/importing-used-household-articles-and-personal-effects\" target=\"_blank\" rel=\"noopener noreferrer\">Singapore Customs<\/a><\/p>\n<p>Bem\u00e6rk venligst, at der er <a href=\"https:\/\/www.customs.gov.sg\/businesses\/valuation-duties-taxes--fees\/duties-and-dutiable-goods\" target=\"_blank\" rel=\"noopener noreferrer\">der findes 4 kategorier af afgiftspligtige varer<\/a> (som ikke er berettiget til GST-ledsagelse):<\/p>\n<ul>\n<li> Berusende drikkevarer: Baseret p\u00e5 en af de to formler: <em>Afgifter = samlet m\u00e6ngde i liter x told- og\/eller punktafgiftssats x alkoholindhold i procent af alkoholindholdet<\/em> <strong>eller<\/strong><em> Den skyldige told = den samlede afgiftspligtige m\u00e6ngde i kg x toldsatsen<\/em>.<\/li>\n<li> Tobaksprodukter - <em>Cigaretter:<\/em> Afgifter, der skal betales = Samlet antal st\u00e6nger x v\u00e6gt af de enkelte st\u00e6nger (hvert gram eller del heraf) x punktafgiftssats - <em>alle andre tobaksvarer:<\/em> Afgifter = samlet v\u00e6gt (i kg) x punktafgiftssats<\/li>\n<li> Biler og motork\u00f8ret\u00f8jer - <em>Skyldig told = toldv\u00e6rdi x punktafgiftssats<\/em>; for personbiler og klassiske biler er punktafgiftssatsen <strong>20%<\/strong> og for motorcykler og scootere er punktafgiftssatsen <strong>12%<\/strong>.<\/li>\n<li> Jordolieprodukter og biodieselblandinger - Jordolieprodukter: <em>Skyldige afgifter = samlet m\u00e6ngde x punktafgiftssats<\/em>, Komprimeret naturgas (Cng): <em>Skyldig told = Samlet v\u00e6gt x punktafgiftssats<\/em>, Biodieselblanding Afgifter, der skal betales = <em>M\u00e6ngde af dieselolie x punktafgiftssats<\/em>.<\/li>\n<\/ul>\n<p>For yderligere oplysninger se Singapore Customs <a href=\"https:\/\/www.customs.gov.sg\/businesses\/importing-goods\/import-procedures\" target=\"_blank\" rel=\"noopener noreferrer\">Importprocedurer her<\/a>.<\/p>\n<h2><span class=\"ez-toc-section\" id=\"Restricted_Items_in_Singapore\"><\/span>Begr\u00e6nsede varer i Singapore<span class=\"ez-toc-section-end\"><\/span><\/h2>\n<p>F\u00f8lgende varer er opf\u00f8rt som forbudte og\/eller kontrollerede af Singapores toldv\u00e6sen (<a href=\"https:\/\/www.customs.gov.sg\/individuals\/going-through-customs\/arrival\/prohibited-and-controlled-goods\" target=\"_blank\" rel=\"noopener noreferrer\">se hjemmeside<\/a> for yderligere oplysninger):<\/p>\n<ul>\n<li> Tyggegummi (undtagen godkendt af Sundhedsstyrelsen til oral tandpleje og medicineret tyggegummi)<\/li>\n<li> Tyggetobak og imiterede tobaksvarer (f.eks. elektroniske cigaretter)<\/li>\n<li> Shisha<\/li>\n<li> Cigarer, cigarillos eller cigaretter uden r\u00f8g, uden r\u00f8g<\/li>\n<li> Tobak eller nikotin, der kan opl\u00f8ses<\/li>\n<li> Ethvert produkt, der indeholder nikotin eller tobak, og som kan anvendes topisk til p\u00e5f\u00f8ring, som implantat eller som kan injiceres i dele af kroppen.<\/li>\n<li> Enhver opl\u00f8sning eller ethvert stof, hvori tobak eller nikotin indg\u00e5r, som er beregnet til at blive brugt sammen med et elektronisk nikotintilf\u00f8rselssystem eller en fordamper.<\/li>\n<li> Snus til n\u00e6se (med virkning fra 1. august 2016)<\/li>\n<li> Oral snus (med virkning fra 1. august 2016)<\/li>\n<li> Gutkha, khaini og zarda (med virkning fra 1. august 2016)<\/li>\n<li> Cigarett\u00e6ndere i form af pistoler eller revolvere<\/li>\n<p>Contr<\/p>\n<li> olled narkotika og psykotrope stoffer<\/li>\n<li> Udryddelsestruede arter af vilde dyr og deres biprodukter<\/li>\n<li> Fyrv\u00e6rkeri<\/li>\n<li> Obsk\u00f8nne artikler, publikationer og videob\u00e5nd\/disketter<\/li>\n<li> Gengivelse af ophavsretligt beskyttede publikationer, software, videob\u00e5nd, video compact discs, laser discs, plader eller kassetter<\/li>\n<li> Opr\u00f8rske og forr\u00e6deriske materialer<\/li>\n<\/ul>\n<p>Hvis du er i tvivl om andre varer, skal du kontakte dem, inden du sender dine varer.<\/p>\n<h2><span class=\"ez-toc-section\" id=\"Other_Useful_Guides_to_Singapore\"><\/span>Andre nyttige guider til Singapore<span class=\"ez-toc-section-end\"><\/span><\/h2>\n<ul>\n<li> <a href=\"https:\/\/moverdb.com\/da\/containerforsendelse\/singapore\/\">2024 Priser for s\u00f8fragt af containere til og fra Singapore<\/a><\/li>\n<li> <a href=\"https:\/\/moverdb.com\/da\/flyttefirmaer\/moving-companies-singapore\/\">De 22 bedste internationale flyttefirmaer i Singapore<\/a><\/li>\n<li> <a href=\"https:\/\/moverdb.com\/da\/forsendelse-til-singapore\/\">Forsendelse til Singapore: Hvad du har brug for at vide<\/a><\/li>\n<li> <a href=\"https:\/\/moverdb.com\/da\/flytning-til-singapore\/\">Skal du flytte til Singapore? 2024 Leveomkostninger og tips til flytning<\/a><\/li>\n<li> <a href=\"https:\/\/moverdb.com\/da\/flytning-til-singapore\/best-places-to-live-singapore\/\">De 12 bedste steder at bo i Singapore<\/a><\/li>\n<li> <a href=\"https:\/\/moverdb.com\/da\/flytning-til-singapore\/living-in-singapore\/\">21 hemmeligheder om at bo i Singapore, som du skal kende, f\u00f8r du flytter<\/a><\/li>\n<li> <a href=\"https:\/\/moverdb.com\/da\/flytning-til-singapore\/moving-to-singapore-from-the-united-states\/\">Flytter til Singapore fra USA<\/a><\/li>\n<\/ul>","protected":false},"excerpt":{"rendered":"<p>Whether you&#8217;re moving to Singapore or just looking to ship a few parcels, we can help you find the best shipping deals from the US, UK, Australia, Canada, France, Hong Kong, New Zealand, Philippines and most other countries around the world. You can get started by using the free quote form above. Shipping to Singapore [&hellip;]<\/p>\n","protected":false},"author":1,"featured_media":2676,"parent":0,"menu_order":0,"comment_status":"closed","ping_status":"closed","template":"","meta":{"_genesis_hide_title":false,"_genesis_hide_breadcrumbs":false,"_genesis_hide_singular_image":false,"_genesis_hide_footer_widgets":false,"_genesis_custom_body_class":"","_genesis_custom_post_class":"","_genesis_layout":"","footnotes":""},"class_list":{"0":"post-2675","1":"page","2":"type-page","3":"status-publish","4":"has-post-thumbnail","6":"entry"},"_links":{"self":[{"href":"https:\/\/moverdb.com\/da\/wp-json\/wp\/v2\/pages\/2675","targetHints":{"allow":["GET"]}}],"collection":[{"href":"https:\/\/moverdb.com\/da\/wp-json\/wp\/v2\/pages"}],"about":[{"href":"https:\/\/moverdb.com\/da\/wp-json\/wp\/v2\/types\/page"}],"author":[{"embeddable":true,"href":"https:\/\/moverdb.com\/da\/wp-json\/wp\/v2\/users\/1"}],"replies":[{"embeddable":true,"href":"https:\/\/moverdb.com\/da\/wp-json\/wp\/v2\/comments?post=2675"}],"version-history":[{"count":17,"href":"https:\/\/moverdb.com\/da\/wp-json\/wp\/v2\/pages\/2675\/revisions"}],"predecessor-version":[{"id":16941,"href":"https:\/\/moverdb.com\/da\/wp-json\/wp\/v2\/pages\/2675\/revisions\/16941"}],"wp:featuredmedia":[{"embeddable":true,"href":"https:\/\/moverdb.com\/da\/wp-json\/wp\/v2\/media\/2676"}],"wp:attachment":[{"href":"https:\/\/moverdb.com\/da\/wp-json\/wp\/v2\/media?parent=2675"}],"curies":[{"name":"wp","href":"https:\/\/api.w.org\/{rel}","templated":true}]}}