{"id":246,"date":"2016-04-21T14:54:42","date_gmt":"2016-04-21T14:54:42","guid":{"rendered":"http:\/\/moverdb.com\/?page_id=246"},"modified":"2026-01-08T14:47:37","modified_gmt":"2026-01-08T14:47:37","slug":"atlas-van-lines-international","status":"publish","type":"page","link":"https:\/\/moverdb.com\/da\/atlas-van-lines-international\/","title":{"rendered":"Atlas Van Lines International: Flyttetjenester og anmeldelser"},"content":{"rendered":"<p>Atlas Van Lines International tilbyder f\u00f8lgende tjenester til folk, der flytter til udlandet. Du kan ogs\u00e5 se en virksomhedsprofil og l\u00e6se anmeldelser nedenfor:<\/p>\n<p><strong>Personlige flytninger og virksomhedsflytninger:<\/strong><\/p>\n<p>Transporttjenester<\/p>\n<ul>\n<li> Global transport af husholdningsartikler fra d\u00f8r til d\u00f8r<\/li>\n<li> <a href=\"https:\/\/moverdb.com\/da\/speditor\/\">Hav- og luftfragt<\/a><\/li>\n<li> Biler og b\u00e5de<\/li>\n<li> Projektgods (udstillinger og displays)<\/li>\n<\/ul>\n<p>Flytningstjenester<\/p>\n<ul>\n<li> Programadministration og st\u00f8tte<\/li>\n<li> Udvikling af politikker<\/li>\n<li> R\u00e5dgivning<\/li>\n<li> Boliger for erhvervede virksomheder<\/li>\n<li> Destinationstjenester<\/li>\n<li> V\u00e6rdisikringstjeneste<\/li>\n<\/ul>\n<p>Rejsetjenester<\/p>\n<ul>\n<li> Fuldt serviceret rejsebureau for virksomheder<\/li>\n<li> Programforvaltning og rapportering<\/li>\n<\/ul>\n<p>Forvaltning af langtidsopbevaring<\/p>\n<p><strong>Regeringens og milit\u00e6rets bev\u00e6gelser:<\/strong><\/p>\n<ul>\n<li> St\u00f8tte til programmet for forsvarets personlige ejendele (DP3)<\/li>\n<li> Styring af internationale flytninger af husholdningsgods (kode 4, 5 og T)<\/li>\n<li> Forvaltning af flytning af husholdningsartikler (kode 1 og 2)<\/li>\n<li> International bagageforsendelse (kode J)<\/li>\n<li> OTO-forsendelser<\/li>\n<li> Et dedikeret kundeserviceteam, der yder VIP personlig pleje til servicemedlemmer<\/li>\n<li> GSA account team dedikeret udelukkende til at h\u00e5ndtere internationale flytninger for <a href=\"https:\/\/moverdb.com\/da\/moving-to-the-united-states\/\" data-internallinksmanager029f6b8e52c=\"94\" title=\"Flytter du til USA? 2022 Leveomkostninger og flyttetips\">USA<\/a> statslige organer<\/li>\n<li> I-CHAMP-deltager<\/li>\n<\/ul>\n<p><strong>Udstillinger og fragt:<\/strong><\/p>\n<ul>\n<li> Udstillinger<\/li>\n<li> Sk\u00e6rme til messer<\/li>\n<li> Butiksinventar<\/li>\n<li> S\u00e6rlige projekter i udlandet<\/li>\n<\/ul>\n<h2>Atlas Van Lines International virksomhedsprofil<\/h2>\n<p>Atlas International er et datterselskab af det private Atlas Van Lines og er en del af Atlas World Group. De har flyttet folk til udlandet i over 50 \u00e5r. De fokuserer prim\u00e6rt p\u00e5 virksomhedsflytninger, som tegner sig for 85% af deres 7 000 flytninger hvert \u00e5r. <\/p>\n<p>De flytter dog ogs\u00e5 individuelle erhvervsfolk, statsansatte og medlemmer af det amerikanske milit\u00e6r (og deres familier).<\/p>\n<p>Virksomheden h\u00e6vder at have en forpligtelse til integritet, kvalitet og l\u00f8sninger. De er medlem af f\u00f8lgende organisationer:<\/p>\n<ul>\n<li> C-TPAT-certificering med US Customs &amp; Border Patrol<\/li>\n<li> ISO 9001-registreret<\/li>\n<li> <a href=\"https:\/\/moverdb.com\/da\/faelge-promover\/\">RIM\u00ae - Registreret international flyttemand<\/a><\/li>\n<li> <a href=\"https:\/\/moverdb.com\/da\/amsa\/\">Amerikansk sammenslutning for flytning og opbevaring<\/a> (<a href=\"https:\/\/moverdb.com\/da\/amsa\/\" data-internallinksmanager029f6b8e52c=\"5\" title=\"American Moving &amp; Storage Association (AMSA) Forklaret\">AMSA<\/a>)<\/li>\n<li> <a href=\"https:\/\/moverdb.com\/da\/hgfaa\/\">HHG Forwarders Association of America<\/a> (HHGFAA)<\/li>\n<li> <a href=\"https:\/\/moverdb.com\/da\/lacma\/\">Latinamerikansk og caribisk sammenslutning af flytningsselskaber<\/a> (<a href=\"https:\/\/moverdb.com\/da\/lacma\/\" data-internallinksmanager029f6b8e52c=\"28\" title=\"Sammenslutningen af latinamerikanske og caribiske internationale flyttefirmaer (LACMA)\">LACMA<\/a>)<\/li>\n<li> <a href=\"https:\/\/moverdb.com\/da\/iata\/\">Den internationale lufttransportforening<\/a> (<a href=\"https:\/\/moverdb.com\/da\/iata\/\" data-internallinksmanager029f6b8e52c=\"22\" title=\"International Air Transport Association (IATA) forklaret\">IATA<\/a>)<\/li>\n<li> <a href=\"https:\/\/moverdb.com\/da\/euromovers\/\">Partnerskab for europ\u00e6iske flyttem\u00e6nd<\/a><\/li>\n<li> <a href=\"https:\/\/moverdb.com\/da\/medarbejderflytningsrad\/\">R\u00e5det for flytning af medarbejdere<\/a> (verdensomsp\u00e6ndende <a href=\"https:\/\/moverdb.com\/da\/employee-relocation-council\/\" data-internallinksmanager029f6b8e52c=\"83\" title=\"Forklaring af det verdensomsp\u00e6ndende Employee Relocation Council (ERC)\">ERC<\/a>)<\/li>\n<li> Licenseret af Federal Maritime Commission som <a href=\"https:\/\/moverdb.com\/da\/freight-forwarder\/\" data-internallinksmanager029f6b8e52c=\"17\" title=\"Guide til internationale omkostninger og virksomheder for spedit\u00f8rer og NVOCC&#039;er\">NVOCC<\/a>, Licens # 79NF<\/li>\n<li> Deltagende ITGBL-selskab i CHAMP-programmet for amerikanske regeringsorganer<\/li>\n<li> Deltagende ITGBL-selskab for det amerikanske forsvarsministerium <\/li>\n<\/ul>\n<p>De har f\u00f8lgende globale agenturer:<\/p>\n<ul>\n<li> H\u00f8jt kvalificerede Atlas-bureauer i alle 50 stater i USA.<\/li>\n<li> Over 130 agenter p\u00e5 tv\u00e6rs af <a href=\"https:\/\/moverdb.com\/da\/moving-to-canada\/\" data-internallinksmanager029f6b8e52c=\"265\" title=\"Flytte til Canada? 2026 Leveomkostninger og flyttetips\">Canada<\/a>.<\/li>\n<li> Mere end 300 Atlas-pr\u00e6fererede agenter, der arbejder i alle lande i hele verden.<\/li>\n<\/ul>\n<p>De h\u00e6vder ogs\u00e5, at de professionelle flyttefolk, som du ser og interagerer med - i begge ender af din flytning - er blevet pr\u00e6kvalificeret.<\/p>\n<h2>Atlas Van Lines International Anmeldelser<\/h2>\n<p><em><strong>Bem\u00e6rk venligst:<\/strong> indeholder anmeldelser af b\u00e5de Atlas Van Lines og Atlas International<\/em><\/p>\n<p><strong>Positiv<\/strong><\/p>\n<ul>\n<li> <em>\"Jeg var meget imponeret over, ikke kun hvor h\u00e5rdt de arbejdede, men ogs\u00e5 over den omhu, de havde med mine ejendele.\"<\/em> - Laurie via <a href=\"http:\/\/www.atlasvanlines.com\/moving-company-reviews\/\" target=\"_blank\" rel=\"noopener\">Atlas Van Lines anmeldelse side<\/a><\/li>\n<li> <em>\"Atlas var et godt valg. Jeg kan varmt anbefale dem til alle, der skal flytte over lange afstande og er utrygge ved, at fremmede tager deres ejendele.\"<\/em> - Kate via <a href=\"http:\/\/www.mymovingreviews.com\/movingreviews\/great-movers-9968\" target=\"_blank\" rel=\"noopener\">MyMovingReviews<\/a><\/li>\n<li> <em>\"BBB har fastsl\u00e5et, at Atlas Van Lines International opfylder BBB's akkrediteringsstandarder, som omfatter en forpligtelse til at g\u00f8re en indsats i god tro for at l\u00f8se eventuelle forbrugerklager.\"<\/em> <a href=\"http:\/\/www.bbb.org\/western-washington\/business-reviews\/movers\/atlas-van-lines-international-in-seattle-wa-27030248\" target=\"_blank\" rel=\"noopener\">Better Business Bureau<\/a><\/li>\n<li> <em>\"Jeg havde bare brug for at skrive en besked efter den fantastiske oplevelse, vi havde med Atlas Van Lines.\"<\/em> - Shahram via <a href=\"https:\/\/www.consumeraffairs.com\/movers\/atlas.html\" target=\"_blank\" rel=\"noopener\">Forbrugeranliggender<\/a><\/li>\n<li> <em>\"Jeg kunne ikke v\u00e6re mere tilfreds med den service, som Atlas Van Lines leverede under min flytning til <a href=\"https:\/\/moverdb.com\/da\/flytning-tilhouston\/\">Houston<\/a>. Selv i det d\u00e5rlige vejr n\u00e5ede mine m\u00f8bler frem til tiden.\"<\/em> Katelyn via <a href=\"http:\/\/www.yelp.co.uk\/biz\/atlas-van-lines-evansville-2?hrid=zrPxDQ8O1DE0pKFgOYoQzA&#038;utm_campaign=www_review_share_popup&#038;utm_medium=copy_link&#038;utm_source=(direct)\" target=\"_blank\" rel=\"noopener\">Yelp<\/a><\/li>\n<\/ul>\n<p><strong>Negativ<\/strong><\/p>\n<ul>\n<li> <em>\"Vores sm\u00e5 pigers babyalbum er v\u00e6k, uerstatteligt.\"<\/em> - Ruth via <a href=\"http:\/\/www.atlasvanlines.com\/moving-company-reviews\/\" target=\"_blank\" rel=\"noopener\">Atlas Van Lines anmeldelse side<\/a><\/li>\n<li> <em>\"Atlas er den v\u00e6rste. Vi er i \u00f8jeblikket midt i en milit\u00e6r flytning med dem, s\u00e5 vi kunne ikke v\u00e6lge. Efter at have l\u00e6st forf\u00e6rdelige anmeldelser af firmaet var jeg bekymret, men regnede med, at de som milit\u00e6rfamilie ville g\u00f8re deres bedste for at tage sig af dem, der har ofret og tjent deres land. Dette har ikke v\u00e6ret tilf\u00e6ldet.\"<\/em> - Chrstine via <a href=\"http:\/\/moving-companies.credio.com\/l\/6\/Atlas-Van-Lines-Inc#review\/532419\" target=\"_blank\" rel=\"noopener\">Credio<\/a><\/li>\n<li> <em>\"Jeg ville virkelig gerne kunne lide Atlas og deres canadiske agent, AMJ Campbell.  De l\u00e5 i midten af de tilbud, jeg fik, ikke for h\u00f8jt og ikke for lavt. De blev anbefalet af en ven, som foretog en lignende international flytning for et \u00e5r siden. Men de har fejlet elendigt p\u00e5 en r\u00e6kke punkter.\"<\/em>- Irene A. via <a href=\"http:\/\/www.yelp.co.uk\/biz\/atlas-van-lines-evansville-2?hrid=bDSbnk9dU-dvtTPUKtGOyA&#038;utm_campaign=www_review_share_popup&#038;utm_medium=copy_link&#038;utm_source=(direct)\" target=\"_blank\" rel=\"noopener\">Yelp<\/a><\/li>\n<li> <em>\"Flyttefolkene var 21 dage forsinket med at levere mine varer.\"<\/em> - James via <a href=\"http:\/\/www.mymovingreviews.com\/movingreviews\/another-victim-49405\" target=\"_blank\" rel=\"noopener\">MyMovingReviews<\/a><\/li>\n<li> <em>\"Vi har for nylig brugt ATLAS van lines og kan ikke anbefale dette firma til nogen. Vi fik tilbudt mindre end $7.000 for vores lille flytning og leveringsservice. I sidste ende betalte vi over $12.000 og fik derefter en DROP-OFF service.\"<\/em> Noreen via <a href=\"https:\/\/www.consumeraffairs.com\/movers\/atlas.html\" target=\"_blank\" rel=\"noopener\">Forbrugeranliggender<\/a><\/li>\n<\/ul>\n<div itemprop=\"review\" itemscope itemtype=\"http:\/\/schema.org\/Review\">\n<span itemprop=\"author\" itemscope=\"\" itemtype=\"http:\/\/schema.org\/Organization\"><span itemprop=\"name\">MoverDB.com<\/span><\/span> Online website anmeldelse for <span itemprop=\"itemreviewed\" itemscope=\"\" itemtype=\"http:\/\/schema.org\/Brand\"><span itemprop=\"name\">Atlas International<\/span><\/span>:<\/p>\n<ol>\n<li> Tydelige kontaktoplysninger p\u00e5 webstedet (herunder telefonnummer): <strong>Ja<\/strong><\/li>\n<li> Let at f\u00e5 <a href=\"https:\/\/moverdb.com\/da\/citater\/\">citater for international flytning<\/a>? (Formular til anmodning om online overslag): <strong>Ja<\/strong><\/li>\n<li> Klare oplysninger p\u00e5 webstedet: <strong>Delvis.<\/strong> Hjemmesiden indeholder en masse nyttige oplysninger, men er ikke s\u00e6rlig godt layoutet. Desuden er den ikke fuldt ud lydh\u00f8r p\u00e5 mobilen.<\/li>\n<li> Medlemskab af internationalt anerkendte flytteorganisationer: <strong>Ja<\/strong>, 12 (se ovenfor)<\/li>\n<li> Liste over kunder og\/eller tidligere kundeudtalelser: <strong>Delvis.<\/strong> Selv om der er en r\u00e6kke vidnesbyrd spredt ud over hele webstedet, er der ikke \u00e9t sted, hvor man kan se dem alle. Desuden er der en sektion om kunder under virksomhedsflytninger, men ingen kunder er n\u00e6vnt ved navn.<\/li>\n<\/ol>\n<div itemprop=\"reviewRating\" itemscope itemtype=\"http:\/\/schema.org\/Rating\"><meta itemprop=\"worstRating\" content = \"0\" \/><meta itemprop=\"bestRating\" content=\"5\" \/><meta itemprop=\"ratingValue\" content=\"4\"><\/div>\n<p><strong>Samlet score: 4\/5<\/strong><br \/>\n<strong>Dato for gennemgang:<\/strong> <span itemprop=\"datePublished\" content=\"2016-04-21\">21\/04\/2016<\/span>\n<\/div>\n<p>L\u00e6s mere om <a href=\"https:\/\/moverdb.com\/da\/flyttefirmaer\/\">internationale flyttefirmaer<\/a>, <a href=\"https:\/\/moverdb.com\/da\/us-canada-movers\/\">USA-baserede flyttefirmaer<\/a> og vores <a href=\"https:\/\/moverdb.com\/da\/anmeldelser\/\">gennemgangsprocessen forklaret<\/a>.<\/p>\n<p><strong>Hjemmeside:<\/strong> <a href=\"https:\/\/www.atlasvanlines.com\/international-movers\" target=\"_blank\" rel=\"noopener\">https:\/\/www.atlasvanlines.com\/international-movers<\/a><\/p>","protected":false},"excerpt":{"rendered":"<p>Atlas Van Lines International offers the following services for people moving abroad. You can also view a company profile and read reviews below: Personal and Corporate moves: Transportation Services Global door-to-door household goods transportation Ocean &#038; air freight Automobiles and boats Project freight (exhibits and displays) Relocation Services Program administration &#038; support Policy development Consulting [&hellip;]<\/p>\n","protected":false},"author":1,"featured_media":0,"parent":0,"menu_order":0,"comment_status":"closed","ping_status":"closed","template":"","meta":{"_genesis_hide_title":false,"_genesis_hide_breadcrumbs":false,"_genesis_hide_singular_image":false,"_genesis_hide_footer_widgets":false,"_genesis_custom_body_class":"","_genesis_custom_post_class":"","_genesis_layout":"","footnotes":""},"class_list":{"0":"post-246","1":"page","2":"type-page","3":"status-publish","5":"entry"},"_links":{"self":[{"href":"https:\/\/moverdb.com\/da\/wp-json\/wp\/v2\/pages\/246","targetHints":{"allow":["GET"]}}],"collection":[{"href":"https:\/\/moverdb.com\/da\/wp-json\/wp\/v2\/pages"}],"about":[{"href":"https:\/\/moverdb.com\/da\/wp-json\/wp\/v2\/types\/page"}],"author":[{"embeddable":true,"href":"https:\/\/moverdb.com\/da\/wp-json\/wp\/v2\/users\/1"}],"replies":[{"embeddable":true,"href":"https:\/\/moverdb.com\/da\/wp-json\/wp\/v2\/comments?post=246"}],"version-history":[{"count":29,"href":"https:\/\/moverdb.com\/da\/wp-json\/wp\/v2\/pages\/246\/revisions"}],"predecessor-version":[{"id":6178,"href":"https:\/\/moverdb.com\/da\/wp-json\/wp\/v2\/pages\/246\/revisions\/6178"}],"wp:attachment":[{"href":"https:\/\/moverdb.com\/da\/wp-json\/wp\/v2\/media?parent=246"}],"curies":[{"name":"wp","href":"https:\/\/api.w.org\/{rel}","templated":true}]}}