{"id":225,"date":"2016-03-28T16:58:52","date_gmt":"2016-03-28T16:58:52","guid":{"rendered":"http:\/\/moverdb.com\/?page_id=225"},"modified":"2026-01-08T14:47:25","modified_gmt":"2026-01-08T14:47:25","slug":"om","status":"publish","type":"page","link":"https:\/\/moverdb.com\/da\/about\/","title":{"rendered":"Om"},"content":{"rendered":"<p>MoverDB.com blev oprettet for at give dig uvildige oplysninger om <a href=\"https:\/\/moverdb.com\/da\/moving-companies\/\" data-internallinksmanager029f6b8e52c=\"79\" title=\"Top 25 internationale flyttefirmaer online\">internationale flyttefirmaer<\/a> og de omkostninger, der er forbundet med at flytte til udlandet. <\/p>\n<p>For at hj\u00e6lpe dig har vi udarbejdet nogle praktiske vejledninger, s\u00e5 du kan komme godt i gang. Du kan finde ud af mere om:<\/p>\n<ul>\n<li> <a href=\"https:\/\/moverdb.com\/da\/containerforsendelse\/\">Priser for international containerforsendelse<\/a><\/li>\n<li> <a href=\"https:\/\/moverdb.com\/da\/flyttefirmaer\/\">Top 25 internationale flyttefirmaer online<\/a><\/li>\n<li> <a href=\"https:\/\/moverdb.com\/da\/rederier\/\">Top 20 internationale rederier<\/a><\/li>\n<li> <a href=\"https:\/\/moverdb.com\/da\/internationale-flytninger\/\">Internationale flytninger: Top 12 virksomheder i Storbritannien<\/a><\/li>\n<li> <a href=\"https:\/\/moverdb.com\/da\/flytteudgifter\/\">Internationale flytteomkostninger: 9 ting, du ikke m\u00e5 ignorere<\/a><\/li>\n<li> <a href=\"https:\/\/moverdb.com\/da\/speditor\/\">Guide til internationale omkostninger og virksomheder for spedit\u00f8rer og NVOCC'er<\/a><\/li>\n<li> <a href=\"https:\/\/moverdb.com\/da\/citater\/\">Citater for international flytning: 12 m\u00e5der at sammenligne din flyttemand p\u00e5<\/a><\/li>\n<\/ul>\n<p>Det er ogs\u00e5 v\u00e6rd at bem\u00e6rke, at du kan bruge formularen \u00f8verst p\u00e5 siden til at anmode om et tilbud fra op til 6 internationale flyttefirmaer. Vi har indg\u00e5et et samarbejde med <a href=\"https:\/\/moverdb.com\/da\/international-removals\/\" data-internallinksmanager029f6b8e52c=\"27\" title=\"De 36 bedste internationale flyttefirmaer i Storbritannien\">Internationale flytninger<\/a> Direct for at sikre, at du bliver matchet med nogle af de bedste virksomheder i verden. <\/p>\n<p>Hvis der er noget, du gerne vil se p\u00e5 vores websted, er du velkommen til at <a href=\"https:\/\/moverdb.com\/da\/kontakt-us\/\">Kontakt os<\/a>.<\/p>","protected":false},"excerpt":{"rendered":"<p>MoverDB.com was set-up to give you unbiased information about international moving companies and the costs associated with moving overseas. To help you we&#8217;ve created some handy guides to get you started. You can find out about: International Container Shipping Rates Top 25 International Moving Companies Online Top 20 International Shipping Companies International Removals: Top 12 [&hellip;]<\/p>\n","protected":false},"author":1,"featured_media":0,"parent":0,"menu_order":0,"comment_status":"closed","ping_status":"closed","template":"","meta":{"_genesis_hide_title":false,"_genesis_hide_breadcrumbs":false,"_genesis_hide_singular_image":false,"_genesis_hide_footer_widgets":false,"_genesis_custom_body_class":"","_genesis_custom_post_class":"","_genesis_layout":"","footnotes":""},"class_list":{"0":"post-225","1":"page","2":"type-page","3":"status-publish","5":"entry"},"_links":{"self":[{"href":"https:\/\/moverdb.com\/da\/wp-json\/wp\/v2\/pages\/225","targetHints":{"allow":["GET"]}}],"collection":[{"href":"https:\/\/moverdb.com\/da\/wp-json\/wp\/v2\/pages"}],"about":[{"href":"https:\/\/moverdb.com\/da\/wp-json\/wp\/v2\/types\/page"}],"author":[{"embeddable":true,"href":"https:\/\/moverdb.com\/da\/wp-json\/wp\/v2\/users\/1"}],"replies":[{"embeddable":true,"href":"https:\/\/moverdb.com\/da\/wp-json\/wp\/v2\/comments?post=225"}],"version-history":[{"count":4,"href":"https:\/\/moverdb.com\/da\/wp-json\/wp\/v2\/pages\/225\/revisions"}],"predecessor-version":[{"id":5337,"href":"https:\/\/moverdb.com\/da\/wp-json\/wp\/v2\/pages\/225\/revisions\/5337"}],"wp:attachment":[{"href":"https:\/\/moverdb.com\/da\/wp-json\/wp\/v2\/media?parent=225"}],"curies":[{"name":"wp","href":"https:\/\/api.w.org\/{rel}","templated":true}]}}