{"id":17400,"date":"2024-07-03T09:12:02","date_gmt":"2024-07-03T09:12:02","guid":{"rendered":"https:\/\/moverdb.com\/?page_id=17400"},"modified":"2026-05-15T14:59:06","modified_gmt":"2026-05-15T14:59:06","slug":"ubox-cost","status":"publish","type":"page","link":"https:\/\/moverdb.com\/da\/ubox-cost\/","title":{"rendered":"Hvor meget koster Ubox? Guide til besparelser i 2024"},"content":{"rendered":"<figure class=\"wp-block-image size-full\"><img loading=\"lazy\" decoding=\"async\" width=\"1000\" height=\"667\" class=\"wp-image-11037\" src=\"https:\/\/moverdb.com\/wp-content\/uploads\/u-box-moving-1.jpg\" alt=\"\" srcset=\"https:\/\/moverdb.com\/wp-content\/uploads\/u-box-moving-1.jpg 1000w, https:\/\/moverdb.com\/wp-content\/uploads\/u-box-moving-1-300x200.jpg 300w, https:\/\/moverdb.com\/wp-content\/uploads\/u-box-moving-1-18x12.jpg 18w, https:\/\/moverdb.com\/wp-content\/uploads\/u-box-moving-1-600x400.jpg 600w\" sizes=\"auto, (max-width: 1000px) 100vw, 1000px\" \/><\/figure>\r\n\r\n\r\n\r\n<p>U-Box er U-Haul's alsidige og praktiske opbevaringsl\u00f8sning, der er designet til at forenkle dine flytte- og opbevaringsbehov. Med U-Box f\u00e5r du fleksibilitet til at opbevare dine ejendele p\u00e5 <em>din<\/em> vilk\u00e5r, uanset om du skal flytte, rydde op eller bare har brug for midlertidig opbevaring.\u00a0<\/p>\r\n\r\n\r\n\r\n\r\n\r\n<p>Vores guide vil d\u00e6kke f\u00f8lgende:<\/p>\r\n\r\n\r\n\r\n<ul class=\"wp-block-list\">\r\n<li>S\u00e5 meget koster U-Box<\/li>\r\n\r\n\r\n\r\n<li>Hvad p\u00e5virker prisen p\u00e5 U-Box<\/li>\r\n\r\n\r\n\r\n<li>S\u00e5dan sparer du penge p\u00e5 U-Box<\/li>\r\n\r\n\r\n\r\n<li>Hvad indeb\u00e6rer det at bruge U-Box?<\/li>\r\n\r\n\r\n\r\n<li>S\u00e5dan ved du, om U-Box er det bedste valg for dig<\/li>\r\n\r\n\r\n\r\n<li>S\u00e5dan finder og ans\u00e6tter du U-Box<\/li>\r\n<\/ul>\r\n\r\n\r\n\r\n<p>U-Box-containere er transportable, sikre og leveres lige til d\u00f8ren, hvilket g\u00f8r processen med at flytte og opbevare dine ting problemfri. Hvis du tror, at U-Box har de l\u00f8sninger, du har brug for, s\u00e5 l\u00e6s videre for at finde vores bedste tips til at spare penge under din flytning.<\/p>\r\n\r\n\r\n\r\n<div id=\"ez-toc-container\" class=\"ez-toc-v2_0_83 ez-toc-wrap-left counter-hierarchy ez-toc-counter ez-toc-transparent ez-toc-container-direction\">\n<div class=\"ez-toc-title-container\">\n<p class=\"ez-toc-title\" style=\"cursor:inherit\">Sektioner<\/p>\n<span class=\"ez-toc-title-toggle\"><a href=\"#\" class=\"ez-toc-pull-right ez-toc-btn ez-toc-btn-xs ez-toc-btn-default ez-toc-toggle\" aria-label=\"Toggle indholdsfortegnelse\"><span class=\"ez-toc-js-icon-con\"><span class=\"\"><span class=\"eztoc-hide\" style=\"display:none;\">Toggle<\/span><span class=\"ez-toc-icon-toggle-span\"><svg style=\"fill: #999;color:#999\" xmlns=\"http:\/\/www.w3.org\/2000\/svg\" class=\"list-377408\" width=\"20px\" height=\"20px\" viewbox=\"0 0 24 24\" fill=\"none\"><path d=\"M6 6H4v2h2V6zm14 0H8v2h12V6zM4 11h2v2H4v-2zm16 0H8v2h12v-2zM4 16h2v2H4v-2zm16 0H8v2h12v-2z\" fill=\"currentColor\"><\/path><\/svg><svg style=\"fill: #999;color:#999\" class=\"arrow-unsorted-368013\" xmlns=\"http:\/\/www.w3.org\/2000\/svg\" width=\"10px\" height=\"10px\" viewbox=\"0 0 24 24\" version=\"1.2\" baseprofile=\"tiny\"><path d=\"M18.2 9.3l-6.2-6.3-6.2 6.3c-.2.2-.3.4-.3.7s.1.5.3.7c.2.2.4.3.7.3h11c.3 0 .5-.1.7-.3.2-.2.3-.5.3-.7s-.1-.5-.3-.7zM5.8 14.7l6.2 6.3 6.2-6.3c.2-.2.3-.5.3-.7s-.1-.5-.3-.7c-.2-.2-.4-.3-.7-.3h-11c-.3 0-.5.1-.7.3-.2.2-.3.5-.3.7s.1.5.3.7z\"\/><\/svg><\/span><\/span><\/span><\/a><\/span><\/div>\n<nav><ul class='ez-toc-list ez-toc-list-level-1 eztoc-toggle-hide-by-default' ><li class='ez-toc-page-1 ez-toc-heading-level-2'><a class=\"ez-toc-link ez-toc-heading-1\" href=\"https:\/\/moverdb.com\/da\/ubox-cost\/#How_Much_Does_U-Box_Cost\" >Hvor meget koster U-Box?<\/a><\/li><li class='ez-toc-page-1 ez-toc-heading-level-2'><a class=\"ez-toc-link ez-toc-heading-2\" href=\"https:\/\/moverdb.com\/da\/ubox-cost\/#What_Affects_the_Cost_of_U-Box\" >Hvad p\u00e5virker prisen p\u00e5 U-Box?<\/a><\/li><li class='ez-toc-page-1 ez-toc-heading-level-2'><a class=\"ez-toc-link ez-toc-heading-3\" href=\"https:\/\/moverdb.com\/da\/ubox-cost\/#How_Can_I_Save_Money_on_U-Box\" >Hvordan kan jeg spare penge p\u00e5 U-Box?<\/a><\/li><li class='ez-toc-page-1 ez-toc-heading-level-2'><a class=\"ez-toc-link ez-toc-heading-4\" href=\"https:\/\/moverdb.com\/da\/ubox-cost\/#Whats_Involved_in_Hiring_U-Box\" >Hvad indeb\u00e6rer det at ans\u00e6tte U-Box?<\/a><\/li><li class='ez-toc-page-1 ez-toc-heading-level-2'><a class=\"ez-toc-link ez-toc-heading-5\" href=\"https:\/\/moverdb.com\/da\/ubox-cost\/#Is_U-Box_the_Best_Choice_for_Me\" >Er U-Box det bedste valg for mig?<\/a><\/li><li class='ez-toc-page-1 ez-toc-heading-level-2'><a class=\"ez-toc-link ez-toc-heading-6\" href=\"https:\/\/moverdb.com\/da\/ubox-cost\/#How_Do_I_Find_and_Hire_a_U-Box\" >Hvordan finder og ans\u00e6tter jeg en U-Box?<\/a><\/li><li class='ez-toc-page-1 ez-toc-heading-level-2'><a class=\"ez-toc-link ez-toc-heading-7\" href=\"https:\/\/moverdb.com\/da\/ubox-cost\/#Final_Checklist\" >Endelig tjekliste<\/a><\/li><li class='ez-toc-page-1 ez-toc-heading-level-2'><a class=\"ez-toc-link ez-toc-heading-8\" href=\"https:\/\/moverdb.com\/da\/ubox-cost\/#Frequently_Asked_Questions\" >Ofte stillede sp\u00f8rgsm\u00e5l<\/a><ul class='ez-toc-list-level-3' ><li class='ez-toc-heading-level-3'><a class=\"ez-toc-link ez-toc-heading-9\" href=\"https:\/\/moverdb.com\/da\/ubox-cost\/#What_is_U-Box_and_How_Does_It_Work\" >Hvad er U-Box, og hvordan fungerer det?<\/a><\/li><li class='ez-toc-page-1 ez-toc-heading-level-3'><a class=\"ez-toc-link ez-toc-heading-10\" href=\"https:\/\/moverdb.com\/da\/ubox-cost\/#How_Do_I_Reserve_a_U-Box_Container\" >Hvordan reserverer jeg en U-Box-container?<\/a><\/li><li class='ez-toc-page-1 ez-toc-heading-level-3'><a class=\"ez-toc-link ez-toc-heading-11\" href=\"https:\/\/moverdb.com\/da\/ubox-cost\/#Can_U-Box_Containers_Be_Used_for_Long-Distance_Moves\" >Kan U-Box containere bruges til langdistanceflytninger?<\/a><\/li><li class='ez-toc-page-1 ez-toc-heading-level-3'><a class=\"ez-toc-link ez-toc-heading-12\" href=\"https:\/\/moverdb.com\/da\/ubox-cost\/#Can_I_Access_My_U-Box_While_Its_in_Storage\" >Kan jeg f\u00e5 adgang til min U-Box, mens den er opmagasineret?<\/a><\/li><li class='ez-toc-page-1 ez-toc-heading-level-3'><a class=\"ez-toc-link ez-toc-heading-13\" href=\"https:\/\/moverdb.com\/da\/ubox-cost\/#Can_U-Haul_Help_with_Loading_and_Unloading_My_U-Box\" >Kan U-Haul hj\u00e6lpe med at l\u00e6sse og afl\u00e6sse min U-Box?<\/a><\/li><\/ul><\/li><\/ul><\/nav><\/div>\n<h2 class=\"wp-block-heading\"><span class=\"ez-toc-section\" id=\"How_Much_Does_U-Box_Cost\"><\/span><b>Hvor meget koster U-Box?<\/b><span class=\"ez-toc-section-end\"><\/span><\/h2>\r\n\r\n\r\n\r\n<p>U-Box appellerer til kunder, der s\u00e6tter pris p\u00e5 en alt-i-en-l\u00f8sning og er villige til at investere i bekvemmelighed.<\/p>\r\n\r\n\r\n\r\n<p>U-Box tilbyder en omfattende pakke med en gennemsnitlig containerpris p\u00e5 $3.700+, som ikke kun omfatter containeren, men ogs\u00e5 leje af k\u00f8ret\u00f8j og selve boksen. Inklusionen af disse elementer bidrager til den h\u00f8jere pris.<\/p>\r\n\r\n\r\n\n<table id=\"tablepress-361\" class=\"tablepress tablepress-id-361\">\n<thead>\n<tr class=\"row-1\">\n\t<th class=\"column-1\">Service<\/th><th class=\"column-2\">Ansl\u00e5ede omkostninger<\/th>\n<\/tr>\n<\/thead>\n<tbody class=\"row-striping row-hover\">\n<tr class=\"row-2\">\n\t<td class=\"column-1\">Pris pr. kasse\/beholder<\/td><td class=\"column-2\">$100<\/td>\n<\/tr>\n<tr class=\"row-3\">\n\t<td class=\"column-1\">Leveringsgebyr pr. kasse\/beholder<\/td><td class=\"column-2\">$99<\/td>\n<\/tr>\n<tr class=\"row-4\">\n\t<td class=\"column-1\">Hj\u00e6lp til at flytte<\/td><td class=\"column-2\">$40<\/td>\n<\/tr>\n<tr class=\"row-5\">\n\t<td class=\"column-1\">Forsikringsd\u00e6kning<\/td><td class=\"column-2\">$20<\/td>\n<\/tr>\n<\/tbody>\n<\/table>\n<!-- #tablepress-361 from cache -->\n\r\n\r\n\r\n<p>Basisprisen pr. kasse er $100, og leveringsgebyret pr. kasse\/container er $99. Hvis du vil have flyttehj\u00e6lp - pakning og l\u00e6sning - kan det koste $40, og forsikring af dine ejendele, mens de er opmagasineret, koster $20.<\/p>\r\n\r\n\r\n\r\n<p>I vores omkostningssammenligning ser vi p\u00e5 forskellige leverand\u00f8rer af udlejning af g\u00f8r-det-selv-k\u00f8ret\u00f8jer og opbevaringsenheder for at sammenligne og kontrastere deres priser, s\u00e5 du f\u00e5r en god id\u00e9 om, hvilke omkostninger du vil st\u00f8de p\u00e5, n\u00e5r du \u00f8nsker at leje flyttetjenester.<\/p>\r\n\r\n\r\n\r\n\n<table id=\"tablepress-359\" class=\"tablepress tablepress-id-359\">\n<thead>\n<tr class=\"row-1\">\n\t<th class=\"column-1\">Tjenesteudbyder<\/th><th class=\"column-2\">Gennemsnitlig pris for leje af container\/k\u00f8ret\u00f8j<\/th>\n<\/tr>\n<\/thead>\n<tbody class=\"row-striping row-hover\">\n<tr class=\"row-2\">\n\t<td class=\"column-1\">PODS<\/td><td class=\"column-2\">$6,100+<\/td>\n<\/tr>\n<tr class=\"row-3\">\n\t<td class=\"column-1\">U-Pack<\/td><td class=\"column-2\">$3,000+<\/td>\n<\/tr>\n<tr class=\"row-4\">\n\t<td class=\"column-1\">1-800-PACK-RAT<\/td><td class=\"column-2\">$3,000+<\/td>\n<\/tr>\n<tr class=\"row-5\">\n\t<td class=\"column-1\">zippyshell<\/td><td class=\"column-2\">$2,900+<\/td>\n<\/tr>\n<tr class=\"row-6\">\n\t<td class=\"column-1\">U-Haul<\/td><td class=\"column-2\">$3,500+<\/td>\n<\/tr>\n<tr class=\"row-7\">\n\t<td class=\"column-1\">SMARTBOX<\/td><td class=\"column-2\">$3,100+<\/td>\n<\/tr>\n<tr class=\"row-8\">\n\t<td class=\"column-1\">U-boks<\/td><td class=\"column-2\">$3,700+ (inklusive leje af k\u00f8ret\u00f8j og kasse)<\/td>\n<\/tr>\n<\/tbody>\n<\/table>\n<!-- #tablepress-359 from cache -->\r\n\r\n\r\n\r\n<p>Priserne fra andre leverand\u00f8rer ligger p\u00e5 mellem $2.900 i den laveste ende og $6.100+ i den h\u00f8jeste ende af spektret.<\/p>\r\n\r\n\r\n\r\n<h2 class=\"wp-block-heading\"><span class=\"ez-toc-section\" id=\"What_Affects_the_Cost_of_U-Box\"><\/span><b>Hvad p\u00e5virker prisen p\u00e5 U-Box?<\/b><span class=\"ez-toc-section-end\"><\/span><\/h2>\r\n\r\n\r\n\r\n<p>Der er fire hovedfaktorer, som kan p\u00e5virke prisen p\u00e5 U-Box-opbevaring - lad os se n\u00e6rmere p\u00e5 det:<\/p>\r\n\r\n\r\n\r\n<p><strong><a href=\"https:\/\/moverdb.com\/da\/shipping-container-sizes-and-dimensions\/\" data-internallinksmanager029f6b8e52c=\"247\" title=\"Den ultimative guide til st\u00f8rrelser og dimensioner af skibscontainere\">Beholderst\u00f8rrelse<\/a><\/strong><\/p>\r\n\r\n\r\n\r\n<p>St\u00f8rrelsen p\u00e5 den U-Box-container, du v\u00e6lger, har direkte indflydelse p\u00e5 prisen. St\u00f8rre containere giver mere plads og lagerkapacitet, men de kan have en h\u00f8jere pris sammenlignet med mindre l\u00f8sninger.<\/p>\r\n\r\n\r\n\r\n<p>For at f\u00e5 mest mulig v\u00e6rdi for pengene skal du s\u00f8rge for at v\u00e6lge den containerst\u00f8rrelse, der passer bedst til dine ejendele.<\/p>\r\n\r\n\r\n\r\n<p><strong>Opbevaringens varighed<\/strong><\/p>\r\n\r\n\r\n\r\n<p>Den tid, du planl\u00e6gger at bruge U-Box-opbevaring, kan p\u00e5virke prisen, idet l\u00e6ngere opbevaringsperioder koster mere end korttidsleje. For at f\u00e5 mest muligt ud af det skal du v\u00e6lge en plan, der passer til din tidslinje - men v\u00e6r ikke for optimistisk, da det kan v\u00e6re dyrt at tilf\u00f8je yderligere varighed.<\/p>\r\n\r\n\r\n\r\n<p><strong>Leveringssted<\/strong><\/p>\r\n\r\n\r\n\r\n<p>Afstanden mellem U-Box-lageret og dit leveringssted kan p\u00e5virke omkostningerne, og afh\u00e6ngigt af afstanden kan leveringsgebyrerne variere. N\u00e5r du beregner de samlede omkostninger for din leje, skal du s\u00f8rge for at overveje U-Box-facilitetens placering i forhold til din endelige destination.\u00a0<\/p>\r\n\r\n\r\n\r\n<p><strong>Yderligere tjenester<\/strong><\/p>\r\n\r\n\r\n\r\n<p>U-Box tilbyder forskellige till\u00e6gsydelser, f.eks. professionel hj\u00e6lp til af- og p\u00e5l\u00e6sning, klimakontrolleret opbevaring og forsikringsd\u00e6kning. Hvis du v\u00e6lger disse tjenester, kan det p\u00e5virke de samlede omkostninger for din U-Box-oplevelse, s\u00e5 det er bedst at vurdere, hvilke tjenester der er vigtige for dine behov, og l\u00e6gge et budget derefter.<\/p>\r\n\r\n\r\n\r\n\r\n\r\n<h2 class=\"wp-block-heading\"><span class=\"ez-toc-section\" id=\"How_Can_I_Save_Money_on_U-Box\"><\/span><strong>Hvordan kan jeg spare penge p\u00e5 U-Box?<\/strong><span class=\"ez-toc-section-end\"><\/span><\/h2>\r\n\r\n\r\n\r\n<figure class=\"wp-block-image size-full\"><img loading=\"lazy\" decoding=\"async\" width=\"1000\" height=\"667\" class=\"wp-image-11038\" src=\"https:\/\/moverdb.com\/wp-content\/uploads\/u-box-moving-2.jpg\" alt=\"\" srcset=\"https:\/\/moverdb.com\/wp-content\/uploads\/u-box-moving-2.jpg 1000w, https:\/\/moverdb.com\/wp-content\/uploads\/u-box-moving-2-300x200.jpg 300w, https:\/\/moverdb.com\/wp-content\/uploads\/u-box-moving-2-18x12.jpg 18w, https:\/\/moverdb.com\/wp-content\/uploads\/u-box-moving-2-600x400.jpg 600w\" sizes=\"auto, (max-width: 1000px) 100vw, 1000px\" \/><\/figure>\r\n\r\n\r\n\r\n<p>Hvis du er strategisk i dine valg og tilpasser din U-Box-oplevelse til dine specifikke behov, kan du spare penge. Lad os se n\u00e6rmere p\u00e5 det.<\/p>\r\n\r\n\r\n\r\n<p>Den vigtigste faktor, der kan hj\u00e6lpe dig med at spare penge, er simpelthen at v\u00e6lge en U-Box-containerst\u00f8rrelse, der passer til dine opbevaringsbehov. Det betyder, at du b\u00f8r undg\u00e5 at leje en st\u00f8rre container end n\u00f8dvendigt, da det kan f\u00f8re til un\u00f8dvendige udgifter.\u00a0<\/p>\r\n\r\n\r\n\r\n<p>Hvis det er muligt, skal du v\u00e6lge en s\u00e5 kort opbevaringsperiode som muligt, da kortere opbevaringsperioder kan hj\u00e6lpe dig med at undg\u00e5 ekstra gebyrer i forbindelse med l\u00e6ngere lejeperioder. Planl\u00e6g i forvejen og vurder, hvor l\u00e6nge du har brug for opmagasinering for at optimere omkostningsbesparelserne - men s\u00f8rg for ikke at overvurdere din effektivitet, da ekstra lejedage nemt kan l\u00f8be op.<\/p>\r\n\r\n\r\n\r\n<p>N\u00e5r det er muligt, skal du v\u00e6lge et U-Box-lager, der ligger bekvemt for at reducere leveringsomkostningerne. Hvis du v\u00e6lger et opbevaringssted t\u00e6t p\u00e5 dit hjem eller din destination, kan du minimere transportomkostningerne og g\u00f8re den samlede opbevaringsoplevelse mere omkostningseffektiv.<\/p>\r\n\r\n\r\n\r\n<p>Selv om U-Box tilbyder forskellige till\u00e6gstjenester, skal du n\u00f8je overveje, hvilke der er vigtige for din situation. Hvis du kun v\u00e6lger de tjenester, du virkelig har brug for, kan det hj\u00e6lpe dig med at undg\u00e5 un\u00f8dvendige udgifter og holde dine samlede omkostninger under kontrol.<\/p>\r\n\r\n\r\n\r\n<h2 class=\"wp-block-heading\"><span class=\"ez-toc-section\" id=\"Whats_Involved_in_Hiring_U-Box\"><\/span><strong>Hvad indeb\u00e6rer det at ans\u00e6tte U-Box?<\/strong><span class=\"ez-toc-section-end\"><\/span><\/h2>\r\n\r\n\r\n\r\n<p>Til at begynde med v\u00e6lger du den st\u00f8rrelse U-Box-container, der passer til dine opbevaringsbehov, og reserverer den enten online eller via telefon. N\u00e5r din reservation er bekr\u00e6ftet, leverer U-Haul U-Box-containeren direkte til din adresse.\u00a0<\/p>\r\n\r\n\r\n\r\n<p>N\u00e5r den er hjemme hos dig, kan du tage dig god tid til at l\u00e6gge dine ejendele i containeren, n\u00e5r det passer dig. N\u00e5r du har l\u00e6sset U-Boxen, henter U-Haul den og transporterer den til det valgte opbevaringssted eller din angivne destination.\u00a0<\/p>\r\n\r\n\r\n\r\n<p>Hvis du har brug for hj\u00e6lp til af- og p\u00e5l\u00e6sning, tilbyder U-Haul professionel arbejdskraft for at sikre en gnidningsl\u00f8s proces. Under hele rejsen forbliver dine ejendele sikre i U-Box-containeren.\u00a0<\/p>\r\n\r\n\r\n\r\n<h2 class=\"wp-block-heading\"><span class=\"ez-toc-section\" id=\"Is_U-Box_the_Best_Choice_for_Me\"><\/span><strong>Er U-Box det bedste valg for mig?<\/strong><span class=\"ez-toc-section-end\"><\/span><\/h2>\r\n\r\n\r\n\r\n<p>Der er s\u00e5 mange muligheder p\u00e5 markedet, n\u00e5r det g\u00e6lder flytte- og opbevaringsl\u00f8sninger, s\u00e5 det kan v\u00e6re sv\u00e6rt at vide, hvad der er det rigtige for dig. Lad os se p\u00e5 de vigtigste fordele og ulemper, n\u00e5r du overvejer at leje en U-Box.<\/p>\r\n\r\n\r\n\n<table id=\"tablepress-345\" class=\"tablepress tablepress-id-345\">\n<thead>\n<tr class=\"row-1\">\n\t<th class=\"column-1\">Fordele ved U-Box<\/th><th class=\"column-2\">Ulemper ved U-Box<\/th>\n<\/tr>\n<\/thead>\n<tbody class=\"row-striping row-hover\">\n<tr class=\"row-2\">\n\t<td class=\"column-1\">Fleksibilitet i forhold til flyttetidspunkter og tidsplan<\/td><td class=\"column-2\">Arbejdskr\u00e6vende - du skal selv l\u00e6sse af og p\u00e5, medmindre du tilf\u00f8jer et arbejdstill\u00e6g<\/td>\n<\/tr>\n<tr class=\"row-3\">\n\t<td class=\"column-1\">Billigere end traditionelle fuldt servicerede flyttemuligheder<\/td><td class=\"column-2\">Tilg\u00e6ngelighed - travle perioder kan f\u00f8re til mindre tilg\u00e6ngelighed <\/td>\n<\/tr>\n<tr class=\"row-4\">\n\t<td class=\"column-1\">Du kan holde \u00f8je med dine ejendele under flytteprocessen.<\/td><td class=\"column-2\">L\u00e6ngere lejeperioder kan blive dyre<\/td>\n<\/tr>\n<\/tbody>\n<\/table>\n<!-- #tablepress-345 from cache -->\n\r\n\r\n\r\n<p>Den st\u00f8rste fordel er den bekvemmelighed, det giver dig - med traditionelle flyttefirmaer skal du l\u00e6sse af og p\u00e5 samme dag, mens U-Box giver dig fleksibilitet til at pakke og pakke ud i dit eget tempo.<\/p>\r\n\r\n\r\n\r\n<p>Der kan dog v\u00e6re ekstra omkostninger, afh\u00e6ngigt af hvor langt der er mellem jeres lokationer, og l\u00e6ngere opbevaringsperioder kan hurtigt l\u00f8be op og blive langt dyrere end f\u00f8rst antaget.<\/p>\r\n\r\n\r\n\r\n<h2 class=\"wp-block-heading\"><span class=\"ez-toc-section\" id=\"How_Do_I_Find_and_Hire_a_U-Box\"><\/span><strong>Hvordan finder og ans\u00e6tter jeg en U-Box?<\/strong><span class=\"ez-toc-section-end\"><\/span><\/h2>\r\n\r\n\r\n\r\n<figure class=\"wp-block-image size-full\"><img loading=\"lazy\" decoding=\"async\" width=\"1000\" height=\"562\" class=\"wp-image-11039\" src=\"https:\/\/moverdb.com\/wp-content\/uploads\/u-box-moving-3.jpg\" alt=\"\" srcset=\"https:\/\/moverdb.com\/wp-content\/uploads\/u-box-moving-3.jpg 1000w, https:\/\/moverdb.com\/wp-content\/uploads\/u-box-moving-3-300x169.jpg 300w, https:\/\/moverdb.com\/wp-content\/uploads\/u-box-moving-3-18x10.jpg 18w, https:\/\/moverdb.com\/wp-content\/uploads\/u-box-moving-3-600x337.jpg 600w\" sizes=\"auto, (max-width: 1000px) 100vw, 1000px\" \/><\/figure>\r\n\r\n\r\n\r\n<p>For at komme i gang skal du bes\u00f8ge U-Haul-webstedet for at s\u00f8ge efter U-Box-steder i n\u00e6rheden af dig og indtaste din placering og \u00f8nskede opbevaringsdatoer for at se tilg\u00e6ngelige muligheder. Alternativt kan du ringe til U-Haul's kundeservice for at sp\u00f8rge om tilg\u00e6ngeligheden af U-Box og foretage en reservation over telefonen.<\/p>\r\n\r\n\r\n\r\n<p>N\u00e5r du har valgt en U-Box-lokation og bekr\u00e6ftet tilg\u00e6ngeligheden, skal du nu v\u00e6lge den containerst\u00f8rrelse, der passer til dine opbevaringsbehov. Fuldf\u00f8r reservationsprocessen ved at angive dine kontaktoplysninger, betalingsoplysninger og eventuelle yderligere tjenester, du har brug for.<\/p>\r\n\r\n\r\n\r\n<p>N\u00e5r det er gjort, sender U-Haul dig en bekr\u00e6ftelse med oplysninger om din U-Box-reservation, og p\u00e5 den planlagte leveringsdag leverer U-Haul U-Box-containeren til det sted, du har angivet. Du kan derefter l\u00e6sse dine ejendele, n\u00e5r det passer dig.\u00a0<\/p>\r\n\r\n\r\n\r\n<p>N\u00e5r du er f\u00e6rdig med at l\u00e6sse, henter U-Haul U-Boxen og transporterer den til det udpegede opbevaringssted eller din nye destination.<\/p>\r\n\r\n\r\n\r\n<h2 class=\"wp-block-heading\"><span class=\"ez-toc-section\" id=\"Final_Checklist\"><\/span><strong>Endelig tjekliste<\/strong><span class=\"ez-toc-section-end\"><\/span><\/h2>\r\n\r\n\r\n\r\n<p>Hvis du mener, at det er en god id\u00e9 at hyre U-Box, s\u00e5 s\u00f8rg for at bruge vores sidste tjekliste, s\u00e5 du ikke mangler noget p\u00e5 din to-do-liste, n\u00e5r den store dag kommer.<\/p>\r\n\r\n\r\n\r\n<ul class=\"wp-block-list\">\r\n<li>Overvej fordele og ulemper ved U-Box - er bekvemmeligheden det v\u00e6rd i forhold til den potentielle ufleksibilitet med hensyn til ledige datoer?<\/li>\r\n\r\n\r\n\r\n<li>Tag et kig p\u00e5 deres add-ons, og beslut dig for, om de er noget for dig. Vil du have hj\u00e6lp til manuelt arbejde og l\u00e6sning\/afl\u00e6sning?<\/li>\r\n\r\n\r\n\r\n<li>Tjek, om der er ekstra omkostninger forbundet med dine to lokationer.<\/li>\r\n\r\n\r\n\r\n<li>V\u00e6lg en container, der har den rigtige st\u00f8rrelse til dine ejendele<\/li>\r\n\r\n\r\n\r\n<li>Book ind, og g\u00f8r alt klar til den store dag!<\/li>\r\n<\/ul>\r\n\r\n\r\n\r\n<h2 class=\"wp-block-heading\"><span class=\"ez-toc-section\" id=\"Frequently_Asked_Questions\"><\/span><strong>Ofte stillede sp\u00f8rgsm\u00e5l<\/strong><span class=\"ez-toc-section-end\"><\/span><\/h2>\r\n\r\n\r\n<div id=\"rank-math-faq\" class=\"rank-math-block\">\n<div class=\"rank-math-list\">\n<div id=\"faq-question-1692269790738\" class=\"rank-math-list-item\">\n<h3 class=\"rank-math-question\"><span class=\"ez-toc-section\" id=\"What_is_U-Box_and_How_Does_It_Work\"><\/span><strong>Hvad er U-Box, og hvordan fungerer det?<\/strong><span class=\"ez-toc-section-end\"><\/span><\/h3>\n<div class=\"rank-math-answer\">\n\n<p>U-Box er en transportabel opbevaringsl\u00f8sning, der tilbyder bekvemmeligheden ved leverede opbevaringscontainere. Du v\u00e6lger st\u00f8rrelsen p\u00e5 containeren, U-Haul leverer den til din adresse, og du l\u00e6sser dine ejendele. <\/p>\n<p>U-Haul afhenter derefter containeren til opbevaring eller transport.<\/p>\n\n<\/div>\n<\/div>\n<div id=\"faq-question-1692269827309\" class=\"rank-math-list-item\">\n<h3 class=\"rank-math-question\"><span class=\"ez-toc-section\" id=\"How_Do_I_Reserve_a_U-Box_Container\"><\/span><strong>Hvordan reserverer jeg en U-Box-container?<\/strong><span class=\"ez-toc-section-end\"><\/span><\/h3>\n<div class=\"rank-math-answer\">\n\n<p>Du kan g\u00f8re det online via U-Haul's hjemmeside eller app ved at indtaste din placering og foretrukne datoer. Alternativt kan du ringe til U-Haul's kundeservice for at foretage en reservation over telefonen.<\/p>\n\n<\/div>\n<\/div>\n<div id=\"faq-question-1692269843670\" class=\"rank-math-list-item\">\n<h3 class=\"rank-math-question\"><span class=\"ez-toc-section\" id=\"Can_U-Box_Containers_Be_Used_for_Long-Distance_Moves\"><\/span><strong>Kan U-Box containere bruges til langdistanceflytninger?<\/strong><span class=\"ez-toc-section-end\"><\/span><\/h3>\n<div class=\"rank-math-answer\">\n\n<p>Ja, U-Box-containere er designet til b\u00e5de lokale og langdistanceflytninger. Du kan l\u00e6gge dine ejendele i U-Boxen p\u00e5 dit nuv\u00e6rende sted, og U-Haul transporterer dem til din destination, uanset om det er p\u00e5 den anden side af byen eller p\u00e5 den anden side af landet.<\/p>\n\n<\/div>\n<\/div>\n<div id=\"faq-question-1692269860435\" class=\"rank-math-list-item\">\n<h3 class=\"rank-math-question\"><span class=\"ez-toc-section\" id=\"Can_I_Access_My_U-Box_While_Its_in_Storage\"><\/span><strong>Kan jeg f\u00e5 adgang til min U-Box, mens den er opmagasineret?<\/strong><span class=\"ez-toc-section-end\"><\/span><\/h3>\n<div class=\"rank-math-answer\">\n\n<p>Ja, du kan f\u00e5 adgang til din U-Box, mens den er opmagasineret. Du skal blot kontakte U-Box-faciliteten for at aftale adgang. <\/p>\n<p>Husk, at der kan v\u00e6re visse procedurer og gebyrer forbundet med at f\u00e5 adgang til din container under opbevaringen.<\/p>\n\n<\/div>\n<\/div>\n<div id=\"faq-question-1692269875232\" class=\"rank-math-list-item\">\n<h3 class=\"rank-math-question\"><span class=\"ez-toc-section\" id=\"Can_U-Haul_Help_with_Loading_and_Unloading_My_U-Box\"><\/span><strong>Kan U-Haul hj\u00e6lpe med at l\u00e6sse og afl\u00e6sse min U-Box?<\/strong><span class=\"ez-toc-section-end\"><\/span><\/h3>\n<div class=\"rank-math-answer\">\n\n<p>Ja, U-Haul tilbyder lastning og losning af U-Box containere. Hvis du har brug for hj\u00e6lp til tunge l\u00f8ft eller pakning, kan du hyre professionel arbejdskraft gennem U-Haul for at g\u00f8re processen mere smidig.<\/p>\n\n<\/div>\n<\/div>\n<\/div>\n<\/div>","protected":false},"excerpt":{"rendered":"<p>U-Box is U-Haul&#8217;s versatile and convenient storage solution designed to simplify your moving and storage needs. With U-Box, you get the flexibility to store your belongings on your terms, whether you&#8217;re relocating, decluttering, or simply in need of temporary storage.\u00a0 Our guide will cover the following: U-Box containers are portable, secure, and delivered right to [&hellip;]<\/p>\n","protected":false},"author":1,"featured_media":0,"parent":0,"menu_order":0,"comment_status":"closed","ping_status":"closed","template":"","meta":{"_genesis_hide_title":false,"_genesis_hide_breadcrumbs":false,"_genesis_hide_singular_image":false,"_genesis_hide_footer_widgets":false,"_genesis_custom_body_class":"","_genesis_custom_post_class":"","_genesis_layout":"","footnotes":""},"class_list":{"0":"post-17400","1":"page","2":"type-page","3":"status-publish","5":"entry"},"_links":{"self":[{"href":"https:\/\/moverdb.com\/da\/wp-json\/wp\/v2\/pages\/17400","targetHints":{"allow":["GET"]}}],"collection":[{"href":"https:\/\/moverdb.com\/da\/wp-json\/wp\/v2\/pages"}],"about":[{"href":"https:\/\/moverdb.com\/da\/wp-json\/wp\/v2\/types\/page"}],"author":[{"embeddable":true,"href":"https:\/\/moverdb.com\/da\/wp-json\/wp\/v2\/users\/1"}],"replies":[{"embeddable":true,"href":"https:\/\/moverdb.com\/da\/wp-json\/wp\/v2\/comments?post=17400"}],"version-history":[{"count":1,"href":"https:\/\/moverdb.com\/da\/wp-json\/wp\/v2\/pages\/17400\/revisions"}],"predecessor-version":[{"id":17401,"href":"https:\/\/moverdb.com\/da\/wp-json\/wp\/v2\/pages\/17400\/revisions\/17401"}],"wp:attachment":[{"href":"https:\/\/moverdb.com\/da\/wp-json\/wp\/v2\/media?parent=17400"}],"curies":[{"name":"wp","href":"https:\/\/api.w.org\/{rel}","templated":true}]}}