{"id":17398,"date":"2024-07-03T09:10:49","date_gmt":"2024-07-03T09:10:49","guid":{"rendered":"https:\/\/moverdb.com\/?page_id=17398"},"modified":"2026-01-08T13:18:45","modified_gmt":"2026-01-08T13:18:45","slug":"u-haul-cost","status":"publish","type":"page","link":"https:\/\/moverdb.com\/da\/u-haul-cost\/","title":{"rendered":"Hvor meget koster U-Haul? Guide til besparelser i 2024"},"content":{"rendered":"<figure class=\"wp-block-image size-full\"><img loading=\"lazy\" decoding=\"async\" width=\"1000\" height=\"667\" src=\"https:\/\/moverdb.com\/wp-content\/uploads\/u-haul-moving-1.jpg\" alt=\"\" class=\"wp-image-11040\" srcset=\"https:\/\/moverdb.com\/wp-content\/uploads\/u-haul-moving-1.jpg 1000w, https:\/\/moverdb.com\/wp-content\/uploads\/u-haul-moving-1-300x200.jpg 300w, https:\/\/moverdb.com\/wp-content\/uploads\/u-haul-moving-1-18x12.jpg 18w, https:\/\/moverdb.com\/wp-content\/uploads\/u-haul-moving-1-600x400.jpg 600w\" sizes=\"auto, (max-width: 1000px) 100vw, 1000px\" \/><\/figure>\r\n\r\n\r\n\r\n<p>U-Haul er stadig et popul\u00e6rt valg blandt g\u00f8r-det-selv-flyttere, men hvor meget koster det egentlig? I denne artikel dissekerer vi U-Haul's prismodeller og ser p\u00e5 de forskellige faktorer, der bidrager til de samlede omkostninger - og giver dig vigtige, omkostningseffektive flyttetips.<\/p>\r\n\r\n\r\n\r\n<p>Vores guide vil d\u00e6kke f\u00f8lgende:<\/p>\r\n\r\n\r\n\r\n<ul class=\"wp-block-list\">\r\n<li>S\u00e5 meget koster U-Haul<\/li>\r\n\r\n\r\n\r\n<li>Hvad p\u00e5virker prisen p\u00e5 U-Haul<\/li>\r\n\r\n\r\n\r\n<li>S\u00e5dan sparer du penge p\u00e5 U-Haul<\/li>\r\n\r\n\r\n\r\n<li>Hvad indeb\u00e6rer det at bruge U-Haul?<\/li>\r\n\r\n\r\n\r\n<li>S\u00e5dan ved du, om U-Haul er det bedste valg for dig<\/li>\r\n\r\n\r\n\r\n<li>S\u00e5dan finder og hyrer du U-Haul<\/li>\r\n<\/ul>\r\n\r\n\r\n\r\n<p>Hvis du har lyst til at holde omkostningerne nede og g\u00f8re det selv, n\u00e5r du flytter, kan det v\u00e6re en god id\u00e9 at bruge U-Haul. Lad os komme i gang.<\/p>\r\n\r\n\r\n\r\n<div id=\"ez-toc-container\" class=\"ez-toc-v2_0_82_2 ez-toc-wrap-left counter-hierarchy ez-toc-counter ez-toc-transparent ez-toc-container-direction\">\n<div class=\"ez-toc-title-container\">\n<p class=\"ez-toc-title\" style=\"cursor:inherit\">Sektioner<\/p>\n<span class=\"ez-toc-title-toggle\"><a href=\"#\" class=\"ez-toc-pull-right ez-toc-btn ez-toc-btn-xs ez-toc-btn-default ez-toc-toggle\" aria-label=\"Toggle indholdsfortegnelse\"><span class=\"ez-toc-js-icon-con\"><span class=\"\"><span class=\"eztoc-hide\" style=\"display:none;\">Toggle<\/span><span class=\"ez-toc-icon-toggle-span\"><svg style=\"fill: #999;color:#999\" xmlns=\"http:\/\/www.w3.org\/2000\/svg\" class=\"list-377408\" width=\"20px\" height=\"20px\" viewbox=\"0 0 24 24\" fill=\"none\"><path d=\"M6 6H4v2h2V6zm14 0H8v2h12V6zM4 11h2v2H4v-2zm16 0H8v2h12v-2zM4 16h2v2H4v-2zm16 0H8v2h12v-2z\" fill=\"currentColor\"><\/path><\/svg><svg style=\"fill: #999;color:#999\" class=\"arrow-unsorted-368013\" xmlns=\"http:\/\/www.w3.org\/2000\/svg\" width=\"10px\" height=\"10px\" viewbox=\"0 0 24 24\" version=\"1.2\" baseprofile=\"tiny\"><path d=\"M18.2 9.3l-6.2-6.3-6.2 6.3c-.2.2-.3.4-.3.7s.1.5.3.7c.2.2.4.3.7.3h11c.3 0 .5-.1.7-.3.2-.2.3-.5.3-.7s-.1-.5-.3-.7zM5.8 14.7l6.2 6.3 6.2-6.3c.2-.2.3-.5.3-.7s-.1-.5-.3-.7c-.2-.2-.4-.3-.7-.3h-11c-.3 0-.5.1-.7.3-.2.2-.3.5-.3.7s.1.5.3.7z\"\/><\/svg><\/span><\/span><\/span><\/a><\/span><\/div>\n<nav><ul class='ez-toc-list ez-toc-list-level-1 eztoc-toggle-hide-by-default' ><li class='ez-toc-page-1 ez-toc-heading-level-2'><a class=\"ez-toc-link ez-toc-heading-1\" href=\"https:\/\/moverdb.com\/da\/u-haul-cost\/#How_Much_Does_U-Haul_Cost\" >Hvor meget koster U-Haul?<\/a><\/li><li class='ez-toc-page-1 ez-toc-heading-level-2'><a class=\"ez-toc-link ez-toc-heading-2\" href=\"https:\/\/moverdb.com\/da\/u-haul-cost\/#What_Affects_the_Cost_of_U-Haul\" >Hvad p\u00e5virker prisen p\u00e5 U-Haul?<\/a><\/li><li class='ez-toc-page-1 ez-toc-heading-level-2'><a class=\"ez-toc-link ez-toc-heading-3\" href=\"https:\/\/moverdb.com\/da\/u-haul-cost\/#How_Can_I_Save_Money_on_U-Haul\" >Hvordan kan jeg spare penge p\u00e5 U-Haul?<\/a><\/li><li class='ez-toc-page-1 ez-toc-heading-level-2'><a class=\"ez-toc-link ez-toc-heading-4\" href=\"https:\/\/moverdb.com\/da\/u-haul-cost\/#Whats_Involved_in_Hiring_a_U-Haul\" >Hvad indeb\u00e6rer det at leje en U-Haul?<\/a><\/li><li class='ez-toc-page-1 ez-toc-heading-level-2'><a class=\"ez-toc-link ez-toc-heading-5\" href=\"https:\/\/moverdb.com\/da\/u-haul-cost\/#Is_a_U-Haul_the_Best_Choice_for_Me\" >Er en U-Haul det bedste valg for mig?<\/a><\/li><li class='ez-toc-page-1 ez-toc-heading-level-2'><a class=\"ez-toc-link ez-toc-heading-6\" href=\"https:\/\/moverdb.com\/da\/u-haul-cost\/#Final_Checklist\" >Endelig tjekliste<\/a><\/li><li class='ez-toc-page-1 ez-toc-heading-level-2'><a class=\"ez-toc-link ez-toc-heading-7\" href=\"https:\/\/moverdb.com\/da\/u-haul-cost\/#Frequently_Asked_Questions\" >Ofte stillede sp\u00f8rgsm\u00e5l<\/a><ul class='ez-toc-list-level-3' ><li class='ez-toc-heading-level-3'><a class=\"ez-toc-link ez-toc-heading-8\" href=\"https:\/\/moverdb.com\/da\/u-haul-cost\/#How_Do_I_Reserve_a_U-Haul_Truck\" >Hvordan reserverer jeg en U-Haul lastbil?<\/a><\/li><li class='ez-toc-page-1 ez-toc-heading-level-3'><a class=\"ez-toc-link ez-toc-heading-9\" href=\"https:\/\/moverdb.com\/da\/u-haul-cost\/#What_Do_I_Need_to_Bring_for_Pickup\" >Hvad skal jeg medbringe til afhentning?<\/a><\/li><li class='ez-toc-page-1 ez-toc-heading-level-3'><a class=\"ez-toc-link ez-toc-heading-10\" href=\"https:\/\/moverdb.com\/da\/u-haul-cost\/#Can_I_Extend_My_Rental_Period\" >Kan jeg forl\u00e6nge min lejeperiode?<\/a><\/li><li class='ez-toc-page-1 ez-toc-heading-level-3'><a class=\"ez-toc-link ez-toc-heading-11\" href=\"https:\/\/moverdb.com\/da\/u-haul-cost\/#What_Should_I_Do_if_I_Encounter_Issues_During_the_Rental\" >Hvad skal jeg g\u00f8re, hvis jeg st\u00f8der p\u00e5 problemer under udlejningen?<\/a><\/li><\/ul><\/li><\/ul><\/nav><\/div>\n<h2 class=\"wp-block-heading\"><span class=\"ez-toc-section\" id=\"How_Much_Does_U-Haul_Cost\"><\/span><strong>Hvor meget koster U-Haul?<\/strong><span class=\"ez-toc-section-end\"><\/span><\/h2>\r\n\r\n\r\n\r\n<p>U-Haul, et velkendt navn i flyttebranchen, tilbyder b\u00e5de containerflytning og udlejning af k\u00f8ret\u00f8jer. Selv om de m\u00e5ske forbindes med traditionel udlejning af lastbiler, giver deres containerservice en alternativ l\u00f8sning til at flytte hus.<\/p>\r\n\r\n\r\n\r\n<p>U-Hauls brandgenkendelse og landsd\u00e6kkende tilg\u00e6ngelighed bidrager til den h\u00f8jere pris sammenlignet med konkurrenterne. Lad os starte med at se p\u00e5 de gennemsnitlige omkostninger ved at leje en U-Haul.<\/p>\r\n\r\n\r\n\n<table id=\"tablepress-360\" class=\"tablepress tablepress-id-360\">\n<thead>\n<tr class=\"row-1\">\n\t<th class=\"column-1\">Afstand<\/th><th class=\"column-2\">Ansl\u00e5ede omkostninger<\/th>\n<\/tr>\n<\/thead>\n<tbody class=\"row-striping row-hover\">\n<tr class=\"row-2\">\n\t<td class=\"column-1\">50 miles<\/td><td class=\"column-2\">$25 + $0,99 pr. kilometer<\/td>\n<\/tr>\n<tr class=\"row-3\">\n\t<td class=\"column-1\">450 kilometer<\/td><td class=\"column-2\">$600+<\/td>\n<\/tr>\n<tr class=\"row-4\">\n\t<td class=\"column-1\">1.000+ kilometer<\/td><td class=\"column-2\">$1,600 til $2,300+.<\/td>\n<\/tr>\n<\/tbody>\n<\/table>\n<!-- #tablepress-360 from cache -->\n\r\n\r\n\r\n<p>For en kort rejse p\u00e5 50 kilometer er prisen omkring $25 for leje og $0,99 pr. kilometer. St\u00f8rre rejser p\u00e5 over 1.000 km kan koste mellem $1.600 og $2.300 afh\u00e6ngigt af den samlede afstand.<\/p>\r\n\r\n\r\n\r\n<p>I vores omkostningssammenligning ser vi p\u00e5 forskellige leverand\u00f8rer af udlejning af g\u00f8r-det-selv-k\u00f8ret\u00f8jer og opbevaringsenheder for at sammenligne og kontrastere deres priser, s\u00e5 du f\u00e5r en god id\u00e9 om, hvilke omkostninger du vil st\u00f8de p\u00e5, n\u00e5r du \u00f8nsker at leje flyttetjenester.<\/p>\r\n\r\n\r\n\n<table id=\"tablepress-359\" class=\"tablepress tablepress-id-359\">\n<thead>\n<tr class=\"row-1\">\n\t<th class=\"column-1\">Tjenesteudbyder<\/th><th class=\"column-2\">Gennemsnitlig pris for leje af container\/k\u00f8ret\u00f8j<\/th>\n<\/tr>\n<\/thead>\n<tbody class=\"row-striping row-hover\">\n<tr class=\"row-2\">\n\t<td class=\"column-1\">PODS<\/td><td class=\"column-2\">$6,100+<\/td>\n<\/tr>\n<tr class=\"row-3\">\n\t<td class=\"column-1\">U-Pack<\/td><td class=\"column-2\">$3,000+<\/td>\n<\/tr>\n<tr class=\"row-4\">\n\t<td class=\"column-1\">1-800-PACK-RAT<\/td><td class=\"column-2\">$3,000+<\/td>\n<\/tr>\n<tr class=\"row-5\">\n\t<td class=\"column-1\">zippyshell<\/td><td class=\"column-2\">$2,900+<\/td>\n<\/tr>\n<tr class=\"row-6\">\n\t<td class=\"column-1\">U-Haul<\/td><td class=\"column-2\">$3,500+<\/td>\n<\/tr>\n<tr class=\"row-7\">\n\t<td class=\"column-1\">SMARTBOX<\/td><td class=\"column-2\">$3,100+<\/td>\n<\/tr>\n<tr class=\"row-8\">\n\t<td class=\"column-1\">U-boks<\/td><td class=\"column-2\">$3,700+ (inklusive leje af k\u00f8ret\u00f8j og kasse)<\/td>\n<\/tr>\n<\/tbody>\n<\/table>\n<!-- #tablepress-359 from cache -->\n\r\n\r\n\r\n<p>Priserne fra andre leverand\u00f8rer ligger p\u00e5 mellem $2.900 i den laveste ende og $6.100+ i den h\u00f8jeste ende af spektret.<\/p>\r\n\r\n\r\n\r\n<h2 class=\"wp-block-heading\"><span class=\"ez-toc-section\" id=\"What_Affects_the_Cost_of_U-Haul\"><\/span><strong>Hvad p\u00e5virker prisen p\u00e5 U-Haul?<\/strong><span class=\"ez-toc-section-end\"><\/span><\/h2>\r\n\r\n\r\n\r\n<p>Nu kender vi nogle af de priser, der er forbundet med leje af U-Haul, s\u00e5 lad os se p\u00e5, hvordan du kan p\u00e5virke omkostningerne, s\u00e5 du er klar over fakta, f\u00f8r du kaster dig ud i det.<\/p>\r\n\r\n\r\n\r\n<p><strong>Afstand for flytningen<\/strong><\/p>\r\n\r\n\r\n\r\n<p>Som man kunne forvente, har den afstand, du planl\u00e6gger at tilbagel\u00e6gge med den lejede U-Haul-lastbil, stor indflydelse p\u00e5 prisen. L\u00e6ngere afstande f\u00f8rer generelt til h\u00f8jere lejepriser p\u00e5 grund af \u00f8get benzinforbrug og slitage p\u00e5 k\u00f8ret\u00f8jet.<\/p>\r\n\r\n\r\n\r\n<p><strong>Lastbilst\u00f8rrelse og -type<\/strong><\/p>\r\n\r\n\r\n\r\n<p>St\u00f8rrelsen og typen af U-Haul-lastbil, du v\u00e6lger, p\u00e5virker lejeprisen. St\u00f8rre lastbiler med mere lastrum har typisk en h\u00f8jere lejepris sammenlignet med mindre modeller.<\/p>\r\n\r\n\r\n\r\n<p><strong>Udlejningens varighed<\/strong><\/p>\r\n\r\n\r\n\r\n<p>Den tid, du har brug for U-Haul-lastbilen, spiller en rolle for de tilknyttede omkostninger, da l\u00e6ngere lejeperioder resulterer i h\u00f8jere samlede gebyrer. U-Haul tilbyder udlejningsmuligheder for forskellige varigheder, fra et par timer til flere dage, s\u00e5 du kan finde en service, der passer til din individuelle situation.<\/p>\r\n\r\n\r\n\r\n<p><strong>Tilbeh\u00f8r og add-ons til flytning<\/strong><\/p>\r\n\r\n\r\n\r\n<p>Hvis du v\u00e6lger ekstra ydelser og flyttetilbeh\u00f8r som f.eks. pakkematerialer, rullevogne og m\u00f8belpuder, kan det \u00f8ge lejeprisen. Dette ekstraudstyr kan hj\u00e6lpe med at str\u00f8mline din flytning, men kan ogs\u00e5 bidrage til h\u00f8jere udgifter.<\/p>\r\n\r\n\r\n\r\n<p><strong>Afhentnings- og afleveringssteder<\/strong><\/p>\r\n\r\n\r\n\r\n<p>Afhentnings- og afleveringsstederne for U-Haul-lejen p\u00e5virker omkostningerne, da lejepriserne kan variere afh\u00e6ngigt af eftersp\u00f8rgslen og tilg\u00e6ngeligheden af lastbiler p\u00e5 bestemte steder. Priserne kan ogs\u00e5 variere mellem envejsleje og lokalleje, hvilket er vigtigt at overveje.<\/p>\r\n\r\n\r\n\r\n<h2 class=\"wp-block-heading\"><span class=\"ez-toc-section\" id=\"How_Can_I_Save_Money_on_U-Haul\"><\/span><strong>Hvordan kan jeg spare penge p\u00e5 U-Haul?<\/strong><span class=\"ez-toc-section-end\"><\/span><\/h2>\r\n\r\n\r\n\r\n<figure class=\"wp-block-image size-full\"><img loading=\"lazy\" decoding=\"async\" width=\"1000\" height=\"667\" src=\"https:\/\/moverdb.com\/wp-content\/uploads\/u-haul-moving-2.jpg\" alt=\"\" class=\"wp-image-11041\" srcset=\"https:\/\/moverdb.com\/wp-content\/uploads\/u-haul-moving-2.jpg 1000w, https:\/\/moverdb.com\/wp-content\/uploads\/u-haul-moving-2-300x200.jpg 300w, https:\/\/moverdb.com\/wp-content\/uploads\/u-haul-moving-2-18x12.jpg 18w, https:\/\/moverdb.com\/wp-content\/uploads\/u-haul-moving-2-600x400.jpg 600w\" sizes=\"auto, (max-width: 1000px) 100vw, 1000px\" \/><\/figure>\r\n\r\n\r\n\r\n<p>Vi ved nu, hvordan U-Hauls kan stige i pris - s\u00e5 lad os im\u00f8deg\u00e5 det med nogle smarte tricks til at holde dine udgifter i skak.<\/p>\r\n\r\n\r\n\r\n<p>Hvis det er muligt, skal du v\u00e6lge en mindre lastbil, da det kan give lavere lejeomkostninger at v\u00e6lge en lastbilst\u00f8rrelse, der passer til dine ejendele uden at fylde for meget. Mindre lastbiler kommer generelt med mere overkommelige lejepriser.<\/p>\r\n\r\n\r\n\r\n<p>Hvis du lejer p\u00e5 baggrund af kilometertal, skal du planl\u00e6gge den mest effektive rute til din destination for at minimere den tilbagelagte afstand. Undg\u00e5 omveje og un\u00f8dvendige kilometer for at holde omkostningerne nede.<\/p>\r\n\r\n\r\n\r\n<p>P\u00e5 samme m\u00e5de skal du v\u00e6lge den passende lejeperiode til dine behov. Hvis du kan gennemf\u00f8re din flytning inden for en kortere tidsramme, betaler du mindre i leje - men v\u00e6r opm\u00e6rksom p\u00e5 din tidsplan og eventuel overdreven optimisme, da forsinkelsesgebyrer kan v\u00e6re lige s\u00e5 skadelige som en forl\u00e6nget lejeperiode.<\/p>\r\n\r\n\r\n\r\n<p>Flytning uden for h\u00f8js\u00e6sonen eller p\u00e5 hverdage kan resultere i lavere lejepriser. Hvis det er muligt, skal du undg\u00e5 weekender og travle flyttem\u00e5neder som f.eks. sommeren for at f\u00e5 fordel af potentielt nedsatte priser.<\/p>\r\n\r\n\r\n\r\n<p>Endelig tilbyder U-Haul forskelligt flyttetilbeh\u00f8r og ekstraudstyr, men v\u00e6lg kun det, du har brug for. <em>virkelig<\/em> behov. Hvis du dropper un\u00f8dvendigt ekstraudstyr som specialudstyr, kan du reducere dine samlede omkostninger.<\/p>\r\n\r\n\r\n\r\n<h2 class=\"wp-block-heading\"><span class=\"ez-toc-section\" id=\"Whats_Involved_in_Hiring_a_U-Haul\"><\/span><strong>Hvad er involveret i<\/strong> Lejer du en U-Haul?<span class=\"ez-toc-section-end\"><\/span><\/h2>\r\n\r\n\r\n\r\n<figure class=\"wp-block-image size-full\"><img loading=\"lazy\" decoding=\"async\" width=\"1000\" height=\"654\" src=\"https:\/\/moverdb.com\/wp-content\/uploads\/u-haul-moving-3.jpg\" alt=\"\" class=\"wp-image-11042\" srcset=\"https:\/\/moverdb.com\/wp-content\/uploads\/u-haul-moving-3.jpg 1000w, https:\/\/moverdb.com\/wp-content\/uploads\/u-haul-moving-3-300x196.jpg 300w, https:\/\/moverdb.com\/wp-content\/uploads\/u-haul-moving-3-18x12.jpg 18w, https:\/\/moverdb.com\/wp-content\/uploads\/u-haul-moving-3-600x392.jpg 600w\" sizes=\"auto, (max-width: 1000px) 100vw, 1000px\" \/><\/figure>\r\n\r\n\r\n\r\n<p>Det f\u00f8rste skridt i at leje en U-Haul er m\u00e5ske det sv\u00e6reste - du skal bestemme den passende lastbilst\u00f8rrelse til dine ejendele og beregne den afstand, du skal rejse.<\/p>\r\n\r\n\r\n\r\n<p>N\u00e5r du har valgt din lastbil, kan du reservere U-Haul-lastbilen online eller via telefon og angive afhentningssted, lejeperiode og afleveringssted.<\/p>\r\n\r\n\r\n\r\n<p>P\u00e5 den planlagte afhentningsdag skal du tage hen til det valgte U-Haul-sted for at hente udlejningsbilen, og du skal s\u00f8rge for at medbringe et gyldigt k\u00f8rekort og den betalingsmetode, du brugte til reservationen. N\u00e5r du har udfyldt papirerne, f\u00e5r du udleveret n\u00f8glerne til din U-Haul-lastbil.<\/p>\r\n\r\n\r\n\r\n<p>Derfra kan du l\u00e6sse dine ejendele, k\u00f8re til din destination og s\u00e5 l\u00e6sse af, n\u00e5r det passer dig. N\u00e5r du er f\u00e6rdig med at bruge lastbilen, skal du blot returnere den til det angivne afleveringssted inden for den aftalte lejeperiode.<\/p>\r\n\r\n\r\n\r\n<h2 class=\"wp-block-heading\"><span class=\"ez-toc-section\" id=\"Is_a_U-Haul_the_Best_Choice_for_Me\"><\/span><strong>Er en U-Haul det bedste valg for mig?<\/strong><span class=\"ez-toc-section-end\"><\/span><\/h2>\r\n\r\n\r\n\r\n<p>Det kan v\u00e6re fristende at g\u00e5 all-in og f\u00e5 en fuldt serviceret flytning for at undg\u00e5 alle de tunge l\u00f8ft og k\u00f8rsel til og fra dit nye og gamle hus - men hvis du gerne vil v\u00e6re mere praktisk anlagt, kan det v\u00e6re en god id\u00e9 at leje en U-Haul.<\/p>\r\n\r\n\r\n\n<table id=\"tablepress-344\" class=\"tablepress tablepress-id-344\">\n<thead>\n<tr class=\"row-1\">\n\t<th class=\"column-1\">Fordele ved U-Haul<\/th><th class=\"column-2\">Ulemper ved U-Haul<\/th>\n<\/tr>\n<\/thead>\n<tbody class=\"row-striping row-hover\">\n<tr class=\"row-2\">\n\t<td class=\"column-1\">Fleksibilitet i forhold til flyttetidspunkter og tidsplan<\/td><td class=\"column-2\">Arbejdskr\u00e6vende - du skal selv k\u00f8re, l\u00e6sse af og p\u00e5<\/td>\n<\/tr>\n<tr class=\"row-3\">\n\t<td class=\"column-1\">Billigere end traditionelle fuldt servicerede flyttemuligheder<\/td><td class=\"column-2\">Du er ansvarlig for forsikringen under rejsen<\/td>\n<\/tr>\n<tr class=\"row-4\">\n\t<td class=\"column-1\">Du kan holde \u00f8je med dine ejendele under flytteprocessen.<\/td><td class=\"column-2\">Der kan opst\u00e5 skader p\u00e5 k\u00f8ret\u00f8jet under flytningen, som du bliver n\u00f8dt til at reparere.<\/td>\n<\/tr>\n<\/tbody>\n<\/table>\n<!-- #tablepress-344 from cache -->\n\r\n\r\n\r\n<p>Den st\u00f8rste fordel ved at leje en U-Haul er simpelthen den st\u00f8rre kontrol, det giver dig over dine udgifter. Du kan v\u00e6lge den st\u00f8rrelse lastbil, der passer til dine ejendele, v\u00e6lge lejeperiode og beslutte, om du vil tilf\u00f8je ekstra service eller tilbeh\u00f8r.<\/p>\r\n\r\n\r\n\r\n<p>Men det kan v\u00e6re fysisk kr\u00e6vende at l\u00e6sse og afl\u00e6sse tunge m\u00f8bler og genstande. Hvis du ikke har det godt med at l\u00f8fte og b\u00e6re, eller hvis du har brug for professionel hj\u00e6lp, kan det v\u00e6re n\u00f8dvendigt at hyre ekstra hj\u00e6lp.<\/p>\r\n\r\n\r\n\r\n<h2 class=\"wp-block-heading\"><span class=\"ez-toc-section\" id=\"Final_Checklist\"><\/span><strong>Endelig tjekliste<\/strong><span class=\"ez-toc-section-end\"><\/span><\/h2>\r\n\r\n\r\n\r\n<p>Hvis du mener, at det er bedst at g\u00f8re det selv og bruge en U-Haul, skal du s\u00f8rge for at notere dig vores sidste tjekliste for at sikre, at alt er i orden, n\u00e5r det g\u00e6lder din store flytning.<\/p>\r\n\r\n\r\n\r\n<ul class=\"wp-block-list\">\r\n<li>Overvej, om du gerne vil have hj\u00e6lp fra et fuldt serviceret flyttehold, eller om du godt kan g\u00f8re det selv i stedet.<\/li>\r\n\r\n\r\n\r\n<li>Se p\u00e5 dine ejendele - kan du overhovedet sk\u00e6re ned, f\u00f8r du booker din U-Haul for at spare penge?<\/li>\r\n\r\n\r\n\r\n<li>Se udvalget af k\u00f8ret\u00f8jer, og v\u00e6lg et, der passer til din lastm\u00e6ngde og dine behov<\/li>\r\n\r\n\r\n\r\n<li>Har du brug for ekstra ydelser? Husk at tilf\u00f8je dem, f\u00f8r du booker<\/li>\r\n\r\n\r\n\r\n<li>Dobbelttjek dine datoer, og f\u00e5 booket din flytning!<\/li>\r\n<\/ul>\r\n\r\n\r\n\r\n<h2 class=\"wp-block-heading\"><span class=\"ez-toc-section\" id=\"Frequently_Asked_Questions\"><\/span><strong>Ofte stillede sp\u00f8rgsm\u00e5l<\/strong><span class=\"ez-toc-section-end\"><\/span><\/h2>\r\n\r\n\r\n<div id=\"rank-math-faq\" class=\"rank-math-block\">\n<div class=\"rank-math-list\">\n<div id=\"faq-question-1692200957678\" class=\"rank-math-list-item\">\n<h3 class=\"rank-math-question\"><span class=\"ez-toc-section\" id=\"How_Do_I_Reserve_a_U-Haul_Truck\"><\/span><strong>Hvordan reserverer jeg en U-Haul lastbil?<\/strong><span class=\"ez-toc-section-end\"><\/span><\/h3>\n<div class=\"rank-math-answer\">\n\n<p>Du kan nemt reservere en U-Haul lastbil online ved at bes\u00f8ge U-Haul's hjemmeside eller bruge deres app. Du skal blot indtaste din placering, udlejningsdato og lastbilst\u00f8rrelse for at komme i gang. <\/p>\n<p>Alternativt kan du ringe til U-Haul's kundeservice for at foretage en reservation over telefonen og for at diskutere eventuelle reservationsdetaljer.<\/p>\n\n<\/div>\n<\/div>\n<div id=\"faq-question-1692201036551\" class=\"rank-math-list-item\">\n<h3 class=\"rank-math-question\"><span class=\"ez-toc-section\" id=\"What_Do_I_Need_to_Bring_for_Pickup\"><\/span><strong>Hvad skal jeg medbringe til afhentning?<\/strong><span class=\"ez-toc-section-end\"><\/span><\/h3>\n<div class=\"rank-math-answer\">\n\n<p>N\u00e5r du henter din U-Haul-lastbil, skal du medbringe et gyldigt k\u00f8rekort og den betalingsmetode, der blev brugt til reservationen. Din udlejningsenhed kan kr\u00e6ve yderligere identifikation, s\u00e5 det er bedst at tjekke fra sag til sag med din udbyder.<\/p>\n\n<\/div>\n<\/div>\n<div id=\"faq-question-1692201050762\" class=\"rank-math-list-item\">\n<h3 class=\"rank-math-question\"><span class=\"ez-toc-section\" id=\"Can_I_Extend_My_Rental_Period\"><\/span><strong>Kan jeg forl\u00e6nge min lejeperiode?<\/strong><span class=\"ez-toc-section-end\"><\/span><\/h3>\n<div class=\"rank-math-answer\">\n\n<p>Ja, du kan forl\u00e6nge din lejeperiode, hvis det er n\u00f8dvendigt. Kontakt U-Haul's kundeservice eller bes\u00f8g et lokalt udlejningssted for at diskutere forl\u00e6ngelsen og tr\u00e6ffe de n\u00f8dvendige foranstaltninger. <\/p>\n<p>V\u00e6r opm\u00e6rksom p\u00e5, at der kan p\u00e5l\u00f8be ekstra lejegebyrer for den forl\u00e6ngede periode.<\/p>\n\n<\/div>\n<\/div>\n<div id=\"faq-question-1692201063702\" class=\"rank-math-list-item\">\n<h3 class=\"rank-math-question\"><span class=\"ez-toc-section\" id=\"What_Should_I_Do_if_I_Encounter_Issues_During_the_Rental\"><\/span><strong>Hvad skal jeg g\u00f8re, hvis jeg st\u00f8der p\u00e5 problemer under udlejningen?<\/strong><span class=\"ez-toc-section-end\"><\/span><\/h3>\n<div class=\"rank-math-answer\">\n\n<p>Hvis du oplever problemer med din U-Haul-lastbil under udlejningen, f.eks. mekaniske problemer eller sp\u00f8rgsm\u00e5l om udstyret, skal du kontakte U-Haul's vejhj\u00e6lp eller kundeservice for at f\u00e5 vejledning og st\u00f8tte.<\/p>\n<p>De vil hj\u00e6lpe med at l\u00f8se eventuelle problemer, du m\u00e5tte have, mens du bruger udlejningsbilen.<\/p>\n\n<\/div>\n<\/div>\n<\/div>\n<\/div>","protected":false},"excerpt":{"rendered":"<p>U-Haul remains a popular choice among DIY movers, but how much does it actually cost? In this article, we\u2019ll dissect the pricing models of U-Haul, looking at the various factors that contribute to the overall cost &#8211; and leave you with all-important, cost-effective moving tips. Our guide will cover the following: If you fancy keeping [&hellip;]<\/p>\n","protected":false},"author":1,"featured_media":0,"parent":0,"menu_order":0,"comment_status":"closed","ping_status":"closed","template":"","meta":{"_genesis_hide_title":false,"_genesis_hide_breadcrumbs":false,"_genesis_hide_singular_image":false,"_genesis_hide_footer_widgets":false,"_genesis_custom_body_class":"","_genesis_custom_post_class":"","_genesis_layout":"","footnotes":""},"class_list":{"0":"post-17398","1":"page","2":"type-page","3":"status-publish","5":"entry"},"_links":{"self":[{"href":"https:\/\/moverdb.com\/da\/wp-json\/wp\/v2\/pages\/17398","targetHints":{"allow":["GET"]}}],"collection":[{"href":"https:\/\/moverdb.com\/da\/wp-json\/wp\/v2\/pages"}],"about":[{"href":"https:\/\/moverdb.com\/da\/wp-json\/wp\/v2\/types\/page"}],"author":[{"embeddable":true,"href":"https:\/\/moverdb.com\/da\/wp-json\/wp\/v2\/users\/1"}],"replies":[{"embeddable":true,"href":"https:\/\/moverdb.com\/da\/wp-json\/wp\/v2\/comments?post=17398"}],"version-history":[{"count":1,"href":"https:\/\/moverdb.com\/da\/wp-json\/wp\/v2\/pages\/17398\/revisions"}],"predecessor-version":[{"id":17399,"href":"https:\/\/moverdb.com\/da\/wp-json\/wp\/v2\/pages\/17398\/revisions\/17399"}],"wp:attachment":[{"href":"https:\/\/moverdb.com\/da\/wp-json\/wp\/v2\/media?parent=17398"}],"curies":[{"name":"wp","href":"https:\/\/api.w.org\/{rel}","templated":true}]}}