{"id":17394,"date":"2024-07-03T09:08:10","date_gmt":"2024-07-03T09:08:10","guid":{"rendered":"https:\/\/moverdb.com\/?page_id=17394"},"modified":"2026-01-08T13:18:36","modified_gmt":"2026-01-08T13:18:36","slug":"pods-cost","status":"publish","type":"page","link":"https:\/\/moverdb.com\/da\/pods-cost\/","title":{"rendered":"Hvor meget koster PODS? Guide til besparelser i 2024"},"content":{"rendered":"<figure class=\"wp-block-image size-full\"><img loading=\"lazy\" decoding=\"async\" width=\"1000\" height=\"667\" class=\"wp-image-11007\" src=\"https:\/\/moverdb.com\/wp-content\/uploads\/PODS-storage-unit-costs-1.jpg\" alt=\"\" srcset=\"https:\/\/moverdb.com\/wp-content\/uploads\/PODS-storage-unit-costs-1.jpg 1000w, https:\/\/moverdb.com\/wp-content\/uploads\/PODS-storage-unit-costs-1-300x200.jpg 300w, https:\/\/moverdb.com\/wp-content\/uploads\/PODS-storage-unit-costs-1-18x12.jpg 18w, https:\/\/moverdb.com\/wp-content\/uploads\/PODS-storage-unit-costs-1-600x400.jpg 600w\" sizes=\"auto, (max-width: 1000px) 100vw, 1000px\" \/><\/figure>\r\n\r\n\r\n\r\n<p><span style=\"font-weight: 400;\">Flyttestresset kan forv\u00e6rres af, at man skal l\u00e6sse og losse et k\u00f8ret\u00f8j p\u00e5 samme dag og efterlade sit nye hjem fyldt med kasser, s\u00e5 man har sv\u00e6rt ved at se skoven for bare tr\u00e6er. En alternativ forsendelsesmetode er at bruge PODS, b\u00e6rbare containere, der kan l\u00e6sses og losses i dit eget tempo.<\/span><\/p>\r\n\r\n\r\n\r\n<p><span style=\"font-weight: 400;\">Hvis du ikke har brugt transportable opbevaringsenheder f\u00f8r, kan tanken v\u00e6re skr\u00e6mmende - vores guide d\u00e6kker det:<\/span><\/p>\r\n\r\n\r\n\r\n<ul class=\"wp-block-list\">\r\n<li><span style=\"font-weight: 400;\">S\u00e5 meget koster det at leje PODS<\/span><\/li>\r\n\r\n\r\n\r\n<li><span style=\"font-weight: 400;\">Hvad p\u00e5virker prisen p\u00e5 PODS-leje<\/span><\/li>\r\n\r\n\r\n\r\n<li><span style=\"font-weight: 400;\">S\u00e5dan sparer du penge p\u00e5 leje af PODS<\/span><\/li>\r\n\r\n\r\n\r\n<li><span style=\"font-weight: 400;\">Hvad indeb\u00e6rer PODS-udlejning?\u00a0<\/span><\/li>\r\n\r\n\r\n\r\n<li><span style=\"font-weight: 400;\">S\u00e5dan ved du, om PODS-udlejning er det bedste valg for dig<\/span><\/li>\r\n\r\n\r\n\r\n<li><span style=\"font-weight: 400;\">S\u00e5dan starter du PODS-ans\u00e6ttelsesprocessen<\/span><\/li>\r\n<\/ul>\r\n\r\n\r\n\r\n<p><span style=\"font-weight: 400;\">Hvis den konventionelle flyttemetode ikke har fungeret for dig tidligere, er det m\u00e5ske p\u00e5 tide at pr\u00f8ve noget nyt med hj\u00e6lp fra PODS. L\u00e6s videre for at finde ud af, hvordan du g\u00f8r det p\u00e5 den bedst mulige m\u00e5de.\u00a0<\/span><\/p>\r\n\r\n\r\n\r\n<div id=\"ez-toc-container\" class=\"ez-toc-v2_0_82_2 ez-toc-wrap-left counter-hierarchy ez-toc-counter ez-toc-transparent ez-toc-container-direction\">\n<div class=\"ez-toc-title-container\">\n<p class=\"ez-toc-title\" style=\"cursor:inherit\">Sektioner<\/p>\n<span class=\"ez-toc-title-toggle\"><a href=\"#\" class=\"ez-toc-pull-right ez-toc-btn ez-toc-btn-xs ez-toc-btn-default ez-toc-toggle\" aria-label=\"Toggle indholdsfortegnelse\"><span class=\"ez-toc-js-icon-con\"><span class=\"\"><span class=\"eztoc-hide\" style=\"display:none;\">Toggle<\/span><span class=\"ez-toc-icon-toggle-span\"><svg style=\"fill: #999;color:#999\" xmlns=\"http:\/\/www.w3.org\/2000\/svg\" class=\"list-377408\" width=\"20px\" height=\"20px\" viewbox=\"0 0 24 24\" fill=\"none\"><path d=\"M6 6H4v2h2V6zm14 0H8v2h12V6zM4 11h2v2H4v-2zm16 0H8v2h12v-2zM4 16h2v2H4v-2zm16 0H8v2h12v-2z\" fill=\"currentColor\"><\/path><\/svg><svg style=\"fill: #999;color:#999\" class=\"arrow-unsorted-368013\" xmlns=\"http:\/\/www.w3.org\/2000\/svg\" width=\"10px\" height=\"10px\" viewbox=\"0 0 24 24\" version=\"1.2\" baseprofile=\"tiny\"><path d=\"M18.2 9.3l-6.2-6.3-6.2 6.3c-.2.2-.3.4-.3.7s.1.5.3.7c.2.2.4.3.7.3h11c.3 0 .5-.1.7-.3.2-.2.3-.5.3-.7s-.1-.5-.3-.7zM5.8 14.7l6.2 6.3 6.2-6.3c.2-.2.3-.5.3-.7s-.1-.5-.3-.7c-.2-.2-.4-.3-.7-.3h-11c-.3 0-.5.1-.7.3-.2.2-.3.5-.3.7s.1.5.3.7z\"\/><\/svg><\/span><\/span><\/span><\/a><\/span><\/div>\n<nav><ul class='ez-toc-list ez-toc-list-level-1 eztoc-toggle-hide-by-default' ><li class='ez-toc-page-1 ez-toc-heading-level-2'><a class=\"ez-toc-link ez-toc-heading-1\" href=\"https:\/\/moverdb.com\/da\/pods-cost\/#How_Much_Do_PODS_Cost\" >Hvor meget koster PODS?<\/a><\/li><li class='ez-toc-page-1 ez-toc-heading-level-2'><a class=\"ez-toc-link ez-toc-heading-2\" href=\"https:\/\/moverdb.com\/da\/pods-cost\/#What_Affects_the_Cost_of_PODS\" >Hvad p\u00e5virker prisen p\u00e5 PODS?<\/a><\/li><li class='ez-toc-page-1 ez-toc-heading-level-2'><a class=\"ez-toc-link ez-toc-heading-3\" href=\"https:\/\/moverdb.com\/da\/pods-cost\/#How_Can_I_Save_Money_on_PODS\" >Hvordan kan jeg spare penge p\u00e5 PODS?<\/a><\/li><li class='ez-toc-page-1 ez-toc-heading-level-2'><a class=\"ez-toc-link ez-toc-heading-4\" href=\"https:\/\/moverdb.com\/da\/pods-cost\/#Whats_Involved_in_Hiring_PODS\" >Hvad indeb\u00e6rer det at leje PODS?<\/a><\/li><li class='ez-toc-page-1 ez-toc-heading-level-2'><a class=\"ez-toc-link ez-toc-heading-5\" href=\"https:\/\/moverdb.com\/da\/pods-cost\/#Are_PODS_the_Best_Choice_for_My_Home_Move\" >Er PODS det bedste valg til min hjemmeflytning?<\/a><\/li><li class='ez-toc-page-1 ez-toc-heading-level-2'><a class=\"ez-toc-link ez-toc-heading-6\" href=\"https:\/\/moverdb.com\/da\/pods-cost\/#How_Do_I_Find_and_Hire_PODS\" >Hvordan finder og lejer jeg PODS?<\/a><\/li><li class='ez-toc-page-1 ez-toc-heading-level-2'><a class=\"ez-toc-link ez-toc-heading-7\" href=\"https:\/\/moverdb.com\/da\/pods-cost\/#Finding_the_Best_Container_Shipping_Service_For_Your_Needs\" >Find den bedste service til containerforsendelse til dine behov<\/a><\/li><li class='ez-toc-page-1 ez-toc-heading-level-2'><a class=\"ez-toc-link ez-toc-heading-8\" href=\"https:\/\/moverdb.com\/da\/pods-cost\/#Final_Checklist\" >Endelig tjekliste<\/a><\/li><li class='ez-toc-page-1 ez-toc-heading-level-2'><a class=\"ez-toc-link ez-toc-heading-9\" href=\"https:\/\/moverdb.com\/da\/pods-cost\/#Frequently_Asked_Questions\" >Ofte stillede sp\u00f8rgsm\u00e5l<\/a><ul class='ez-toc-list-level-3' ><li class='ez-toc-heading-level-3'><a class=\"ez-toc-link ez-toc-heading-10\" href=\"https:\/\/moverdb.com\/da\/pods-cost\/#What_Is_PODS_and_How_Does_It_Work\" >Hvad er PODS, og hvordan fungerer det?<\/a><\/li><li class='ez-toc-page-1 ez-toc-heading-level-3'><a class=\"ez-toc-link ez-toc-heading-11\" href=\"https:\/\/moverdb.com\/da\/pods-cost\/#How_Much_Does_PODS_Cost\" >Hvor meget koster PODS?<\/a><\/li><li class='ez-toc-page-1 ez-toc-heading-level-3'><a class=\"ez-toc-link ez-toc-heading-12\" href=\"https:\/\/moverdb.com\/da\/pods-cost\/#Can_I_Use_PODS_for_Both_Moving_and_Storage\" >Kan jeg bruge PODS til b\u00e5de flytning og opbevaring?<\/a><\/li><li class='ez-toc-page-1 ez-toc-heading-level-3'><a class=\"ez-toc-link ez-toc-heading-13\" href=\"https:\/\/moverdb.com\/da\/pods-cost\/#Do_I_Need_to_Load_the_PODS_Container_Myself\" >Skal jeg selv l\u00e6sse PODS-containeren?<\/a><\/li><\/ul><\/li><\/ul><\/nav><\/div>\n<h2 class=\"wp-block-heading\"><span class=\"ez-toc-section\" id=\"How_Much_Do_PODS_Cost\"><\/span><b>Hvor meget koster PODS?<\/b><span class=\"ez-toc-section-end\"><\/span><\/h2>\r\n\r\n\r\n\r\n<p>PODS st\u00e5r for \"Portable On Demand Storage\", og det er en service, der tilbyder en bekvem og fleksibel m\u00e5de at opbevare og flytte dine ejendele p\u00e5. Konceptet g\u00e5r ud p\u00e5 at bruge transportable opbevaringscontainere, som kan leveres til dit hjem, s\u00e5 du kan l\u00e6sse dine personlige ejendele af og p\u00e5 i dit eget tempo - og n\u00e5r containeren er pakket, bliver den enten opbevaret p\u00e5 et sikkert anl\u00e6g eller transporteret til din nye destination.<\/p>\r\n\r\n\r\n\r\n<p>Lad os se p\u00e5 nogle eksempler p\u00e5 omkostninger.<\/p>\r\n\r\n\r\n\n<table id=\"tablepress-354\" class=\"tablepress tablepress-id-354\">\n<thead>\n<tr class=\"row-1\">\n\t<th class=\"column-1\">Afstand for flytning<\/th><th class=\"column-2\">Omkostninger pr. sovev\u00e6relse<\/th><th class=\"column-3\">Samlede omkostninger pr. 3-v\u00e6relses hus<\/th>\n<\/tr>\n<\/thead>\n<tbody class=\"row-striping row-hover\">\n<tr class=\"row-2\">\n\t<td class=\"column-1\">Lokal (inden for 250 miles)<\/td><td class=\"column-2\">$200 til $225<\/td><td class=\"column-3\">$600 til $675<\/td>\n<\/tr>\n<tr class=\"row-3\">\n\t<td class=\"column-1\">Mere end 250 kilometer<\/td><td class=\"column-2\">$400 til $460<\/td><td class=\"column-3\">$1,200 til $1,380<\/td>\n<\/tr>\n<tr class=\"row-4\">\n\t<td class=\"column-1\">Langrend<\/td><td class=\"column-2\">$2,000 til $2,250<\/td><td class=\"column-3\">$6,000 til $6,750<\/td>\n<\/tr>\n<\/tbody>\n<\/table>\n<!-- #tablepress-354 from cache -->\n\r\n\r\n\r\n<p>N\u00f8jagtige tilbud skal indhentes direkte fra PODS under hensyntagen til dine faktiske arrangementer og m\u00e6ngden af genstande, men som et groft sk\u00f8n kan en lokal flytning p\u00e5 under 250 km koste omkring $200 til $225 pr. v\u00e6relse. For et standardhus med tre senge kan dette bel\u00f8be sig til omkring $600 til $675.<\/p>\r\n\r\n\r\n\r\n<p>St\u00f8rre ejendomme og st\u00f8rre afstande vil medf\u00f8re h\u00f8jere priser, og en flytning p\u00e5 over 500 kilometer koster n\u00e6rmere $2.000 pr. v\u00e6relse, i alt $6.000 til $6.750 for en flytning af et hus med tre senge.<\/p>\r\n\r\n\r\n\r\n<h2 class=\"wp-block-heading\"><span class=\"ez-toc-section\" id=\"What_Affects_the_Cost_of_PODS\"><\/span><b>Hvad p\u00e5virker prisen p\u00e5 PODS?<\/b><span class=\"ez-toc-section-end\"><\/span><\/h2>\r\n\r\n\r\n\r\n<p>PODS tilbyder en skr\u00e6ddersyet l\u00f8sning til dine opbevarings- og flyttebehov, hvilket betyder, at der er forskellige priser for de forskellige tjenester. Lad os tale om de vigtigste punkter, der kan p\u00e5virke omkostningerne ved leje af PODS.<\/p>\r\n\r\n\r\n\r\n<p><strong><a href=\"https:\/\/moverdb.com\/da\/shipping-container-sizes-and-dimensions\/\" data-internallinksmanager029f6b8e52c=\"247\" title=\"Den ultimative guide til st\u00f8rrelser og dimensioner af skibscontainere\">Beholderst\u00f8rrelse<\/a><\/strong><\/p>\r\n\r\n\r\n\r\n<p>St\u00f8rrelsen p\u00e5 den container, du v\u00e6lger, har direkte indflydelse p\u00e5 prisen. St\u00f8rre containere giver mere plads, men har en h\u00f8jere pris, s\u00e5 det er bedst at v\u00e6lge en st\u00f8rrelse, der passer til dine ejendele for at optimere v\u00e6rdien.<\/p>\r\n<p>P\u00e5 samme m\u00e5de er det kontraproduktivt at v\u00e6lge en for lille container, da du bliver n\u00f8dt til at fylde og genfylde containeren for at gennemf\u00f8re din flytning.\u00a0<\/p>\r\n\r\n\r\n\r\n<p><strong>Afstand og placering<\/strong><\/p>\r\n\r\n\r\n\r\n<p>Afstanden mellem din placering og PODS-opbevaringsanl\u00e6gget kan p\u00e5virke omkostningerne, herunder leverings- og transportgebyrer. At flytte containeren l\u00e6ngere v\u00e6k kan f\u00f8re til lidt h\u00f8jere udgifter, som vist i tabellen ovenfor.<\/p>\r\n<p>N\u00e5r du overvejer at bruge PODS, skal du sammenligne omkostningerne ved en traditionel flytteservice for at se, om det er en v\u00e6rdifuld investering i forhold til den bekvemmelighed, det giver.<\/p>\r\n\r\n\r\n\r\n<p><strong>Varighed af brug<\/strong><\/p>\r\n\r\n\r\n\r\n<p>Jo l\u00e6ngere tid du har brug for containeren, jo mere kan det koste. Priserne tager h\u00f8jde for lejeperioden, s\u00e5 v\u00e6r opm\u00e6rksom p\u00e5, hvor lang tid du har brug for, da ekstra dage eller uger kan p\u00e5virke dine omkostninger betydeligt.<\/p>\r\n\r\n\r\n\r\n<p><strong>Yderligere tjenester<\/strong><\/p>\r\n\r\n\r\n\r\n<p>PODS tilbyder forskellige tjenester, f.eks. hj\u00e6lp til l\u00e6sning eller opbevaring. At v\u00e6lge disse tjenester kan \u00f8ge omkostningerne, s\u00e5 v\u00e6r opm\u00e6rksom p\u00e5 at tilf\u00f8je dem, medmindre de er n\u00f8dvendige for at lette din flytning.<\/p>\r\n\r\n\r\n\r\n<h2 class=\"wp-block-heading\"><span class=\"ez-toc-section\" id=\"How_Can_I_Save_Money_on_PODS\"><\/span><strong>Hvordan kan jeg spare penge p\u00e5 PODS?<\/strong><span class=\"ez-toc-section-end\"><\/span><\/h2>\r\n\r\n\r\n\r\n<figure class=\"wp-block-image size-full\"><img loading=\"lazy\" decoding=\"async\" width=\"1000\" height=\"667\" class=\"wp-image-11008\" src=\"https:\/\/moverdb.com\/wp-content\/uploads\/PODS-storage-unit-costs-2.jpg\" alt=\"\" srcset=\"https:\/\/moverdb.com\/wp-content\/uploads\/PODS-storage-unit-costs-2.jpg 1000w, https:\/\/moverdb.com\/wp-content\/uploads\/PODS-storage-unit-costs-2-300x200.jpg 300w, https:\/\/moverdb.com\/wp-content\/uploads\/PODS-storage-unit-costs-2-18x12.jpg 18w, https:\/\/moverdb.com\/wp-content\/uploads\/PODS-storage-unit-costs-2-600x400.jpg 600w\" sizes=\"auto, (max-width: 1000px) 100vw, 1000px\" \/><\/figure>\r\n\r\n\r\n\r\n<p>Nu hvor vi ved, hvad der p\u00e5virker prisen p\u00e5 PODS-udlejning, skal vi se p\u00e5, hvordan du kan spare penge, n\u00e5r du bruger tjenesten.<\/p>\r\n\r\n\r\n\r\n<p>F\u00f8rst og fremmest skal du s\u00f8rge for at v\u00e6lge den rigtige containerst\u00f8rrelse, hvilket betyder, at du skal v\u00e6lge en containerst\u00f8rrelse, der matcher dine behov uden at fylde for meget. St\u00f8rre containere koster mere, s\u00e5 v\u00e6lg den mindste st\u00f8rrelse, der kan rumme dine ejendele - men s\u00f8rg for, at den er stor nok, da leje af ekstra containere uden tvivl vil f\u00f8je flere nuller til din regning.<\/p>\r\n\r\n\r\n\r\n<p>Hvis det er muligt, s\u00e5 overvej at booke din PODS-container i lavs\u00e6sonen, hvor eftersp\u00f8rgslen er lavere. Det kan f\u00f8re til potentielle rabatter p\u00e5 lejepriserne og spare dig penge i din flytteproces, da containerfirmaerne gerne vil fylde deres kalendere i disse s\u00e6sonudsving.<\/p>\r\n\r\n\r\n\r\n<p>Selv om det kan v\u00e6re kedeligt, er det en god id\u00e9 at f\u00e5 mest muligt ud af pladsen i containeren ved at pakke dine ting effektivt. S\u00f8rg for at udnytte den lodrette plads, skil m\u00f8bler ad, hvis det er muligt, og brug kasser, der passer godt sammen, s\u00e5 du minimerer spildplads - smid ikke bare tingene ind og h\u00e5b p\u00e5 det bedste!<\/p>\r\n\r\n\r\n\r\n<p>Hvis du har mulighed for det, kan du spare penge ved selv at l\u00e6sse og t\u00f8mme containeren i forhold til at hyre arbejdskraft. F\u00e5 hj\u00e6lp af venner og familie til at g\u00f8re processen mere smidig - men husk, at du kan hyre hj\u00e6lp, hvis det ikke er en mulighed for dig.<\/p>\r\n\r\n\r\n\r\n<p>Endelig kan du overveje at forkorte lejeperioden. Jo l\u00e6ngere du beholder containeren, jo mere kan den \u00f8ge dine omkostninger - at have en klar plan og v\u00e6re organiseret kan hj\u00e6lpe dig med at gennemf\u00f8re processen hurtigere.<\/p>\r\n\r\n\r\n\r\n<h2 class=\"wp-block-heading\"><span class=\"ez-toc-section\" id=\"Whats_Involved_in_Hiring_PODS\"><\/span><strong>Hvad indeb\u00e6rer det at leje PODS?<\/strong><span class=\"ez-toc-section-end\"><\/span><\/h2>\r\n\r\n\r\n\r\n<p>N\u00e5r du hyrer en PODS-service, f\u00e5r du ganske enkelt leveret en transportabel opbevaringscontainer til din adresse. Du pakker den i dit eget tempo, og s\u00e5 henter firmaet den og kan opbevare den p\u00e5 deres anl\u00e6g eller flytte den til din nye destination, hvilket g\u00f8r det til en fleksibel og praktisk m\u00e5de at h\u00e5ndtere en flytning p\u00e5 uden at skulle l\u00e6sse og losse p\u00e5 \u00e9n dag.<\/p>\r\n\r\n\r\n\r\n<p>For at komme i kontakt med PODS og aftale leje kan du bes\u00f8ge deres hjemmeside eller ringe til deres kundeservicenummer. Du kan give oplysninger om dine behov, f\u00e5 et tilbud og planl\u00e6gge levering af en transportabel lagercontainer til din adresse.<\/p>\r\n\r\n\r\n\r\n<h2 class=\"wp-block-heading\"><span class=\"ez-toc-section\" id=\"Are_PODS_the_Best_Choice_for_My_Home_Move\"><\/span><strong>Er PODS det bedste valg til min hjemmeflytning?<\/strong><span class=\"ez-toc-section-end\"><\/span><\/h2>\r\n\r\n\r\n\r\n<p>Selv om det ikke er en traditionel flyttemetode, bliver PODS stadig mere popul\u00e6re for at str\u00f8mline flytteprocessen og fjerne noget af den stress, man normalt f\u00f8ler under en flytning. Lad os se p\u00e5 de vigtigste fordele og ulemper ved at bruge tjenesten sammenlignet med traditionelle flyttemetoder.<\/p>\r\n\r\n\r\n\n<table id=\"tablepress-341\" class=\"tablepress tablepress-id-341\">\n<thead>\n<tr class=\"row-1\">\n\t<th class=\"column-1\">Fordele ved PODS<\/th><th class=\"column-2\">Ulemper ved PODS<\/th>\n<\/tr>\n<\/thead>\n<tbody class=\"row-striping row-hover\">\n<tr class=\"row-2\">\n\t<td class=\"column-1\">Fleksibilitet - den st\u00f8rste fordel ved at bruge PODS ved flytning er den fleksibilitet, det giver sammenlignet med traditionelle flyttemetoder, hvor du skal l\u00e6sse dine ejendele af og p\u00e5 samme dag.<\/td><td class=\"column-2\">Selvl\u00e6ssende - PODS serviceres af dig, hvilket betyder, at du skal l\u00e6sse og losse uden nogen form for arbejdsassistance.<\/td>\n<\/tr>\n<tr class=\"row-3\">\n\t<td class=\"column-1\">Faste omkostninger - PODS opkr\u00e6ves til en fast pris, hvilket giver dig st\u00f8rre kontrol over din \u00f8konomi<\/td><td class=\"column-2\">Forsikring - traditionelle flyttefirmaer har en forsikring, der d\u00e6kker dine varer under transporten; med PODS skal du selv s\u00f8rge for det.<\/td>\n<\/tr>\n<tr class=\"row-4\">\n\t<td class=\"column-1\">Valgmuligheder - der er masser af containerst\u00f8rrelser og lejeperioder at v\u00e6lge imellem, hvilket giver dig mange muligheder<\/td><td class=\"column-2\">Mulighed for forsinkelser - tilg\u00e6ngelighed og eftersp\u00f8rgsel kan p\u00e5virke tidsplanen, hvilket betyder, at dine datoer kan \u00e6ndres med kort varsel.<\/td>\n<\/tr>\n<\/tbody>\n<\/table>\n<!-- #tablepress-341 from cache -->\n\r\n\r\n\r\n<p>Den st\u00f8rste fordel er st\u00f8rre fleksibilitet for dig som flyttemand, n\u00e5r det g\u00e6lder af- og p\u00e5l\u00e6sning af dine ejendele, da det ikke beh\u00f8ver at ske samme dag, som det er tilf\u00e6ldet med traditionelle flyttefirmaer. Ulemperne er dog de samme - du skal selv st\u00e5 for af- og p\u00e5l\u00e6sning, hvilket kan v\u00e6re tidskr\u00e6vende og arbejdskr\u00e6vende.<\/p>\r\n\r\n\r\n\r\n<h2 class=\"wp-block-heading\"><span class=\"ez-toc-section\" id=\"How_Do_I_Find_and_Hire_PODS\"><\/span><strong>Hvordan finder og lejer jeg PODS?<\/strong><span class=\"ez-toc-section-end\"><\/span><\/h2>\r\n\r\n\r\n\r\n<figure class=\"wp-block-image size-full\"><img loading=\"lazy\" decoding=\"async\" width=\"1000\" height=\"667\" class=\"wp-image-11009\" src=\"https:\/\/moverdb.com\/wp-content\/uploads\/PODS-storage-unit-costs-3.jpg\" alt=\"\" srcset=\"https:\/\/moverdb.com\/wp-content\/uploads\/PODS-storage-unit-costs-3.jpg 1000w, https:\/\/moverdb.com\/wp-content\/uploads\/PODS-storage-unit-costs-3-300x200.jpg 300w, https:\/\/moverdb.com\/wp-content\/uploads\/PODS-storage-unit-costs-3-18x12.jpg 18w, https:\/\/moverdb.com\/wp-content\/uploads\/PODS-storage-unit-costs-3-600x400.jpg 600w\" sizes=\"auto, (max-width: 1000px) 100vw, 1000px\" \/><\/figure>\r\n\r\n\r\n\r\n<p>At finde og hyre PODS er en ligetil proces.<\/p>\r\n\r\n\r\n\r\n<p>F\u00f8rst skal du bes\u00f8ge hjemmesiden og anmode om et tilbud ved at indtaste oplysninger om din placering og dine krav for at f\u00e5 et tilbud p\u00e5 de tjenester, du har brug for. Herefter skal du v\u00e6lge den containerst\u00f8rrelse, der passer til dine behov, og eventuelle ekstra ydelser, som du \u00f8nsker, f.eks. l\u00e6ngden af containeropbevaring eller hj\u00e6lp til l\u00e6sning.<\/p>\r\n\r\n\r\n\r\n\r\n\r\n<p>Derefter kan der fasts\u00e6ttes en dato for levering af PODS-containeren til din adresse. N\u00e5r PODS-containeren er ankommet, kan du tage dig god tid til at pakke dine ejendele ned i containeren i dit eget tempo.<\/p>\r\n\r\n\r\n\r\n<p>N\u00e5r du er klar, planl\u00e6gger du afhentning af containeren til transport eller opbevaring p\u00e5 et PODS-anl\u00e6g.<\/p>\r\n\r\n\r\n\r\n<h2 class=\"wp-block-heading\"><span class=\"ez-toc-section\" id=\"Finding_the_Best_Container_Shipping_Service_For_Your_Needs\"><\/span><strong>Find den bedste service til containerforsendelse til dine behov<\/strong><span class=\"ez-toc-section-end\"><\/span><\/h2>\r\n\r\n\r\n\r\n<p>For at finde ud af, om PODS er det rigtige valg for dig, skal du overveje dine specifikke behov og pr\u00e6ferencer. Den vigtigste overvejelse er, at hvis du foretr\u00e6kker at pakke og l\u00e6sse dine ejendele i dit eget tempo og har en fleksibel tidslinje for flytningen, kan PODS give dig den bekvemmelighed, du leder efter.<\/p>\r\n\r\n\r\n\r\n<p>Og hvis du har brug for midlertidig opbevaring mellem flytninger, kan PODS' opbevaringsmuligheder v\u00e6re ideelle, da de tilbyder b\u00e5de flytte- og opbevaringsservice. Og vigtigst af alt: Hvis du har det godt med selv at l\u00e6sse af og p\u00e5, kan PODS v\u00e6re en god l\u00f8sning.<\/p>\r\n\r\n\r\n\r\n<p>Men hvis du vil have noget mere standardiseret, tilbyder traditionelle flyttefirmaer ofte faste tidsplaner for levering og afhentning, hvilket kan v\u00e6re en fordel, hvis du arbejder med specifikke ud- og indflytningsdatoer. Det er is\u00e6r vigtigt, hvis du har en stram tidsramme og skal flytte hurtigt, da traditionelle flyttefirmaers ekspertise i effektiv pakning og transport kan hj\u00e6lpe dig mere, end PODS kan.<\/p>\r\n\r\n\r\n\r\n<h2 class=\"wp-block-heading\"><span class=\"ez-toc-section\" id=\"Final_Checklist\"><\/span><strong>Endelig tjekliste<\/strong><span class=\"ez-toc-section-end\"><\/span><\/h2>\r\n\r\n\r\n\r\n<p>N\u00e5r det er tid til at flytte, er det en god id\u00e9 at fjerne s\u00e5 meget usikkerhed som muligt - og det kan v\u00e6re en god m\u00e5de at opn\u00e5 ro i sindet p\u00e5, hvis man har styr p\u00e5 sine opbevarings- og flyttemuligheder i god tid.<\/p>\r\n\r\n\r\n\r\n<ul class=\"wp-block-list\">\r\n<li>Overvej, om PODS er det rigtige for dig - se vores tabel med fordele og ulemper for at sammenligne tjenesten med traditionelle flyttefirmaer.<\/li>\r\n\r\n\r\n\r\n<li>Hvis du er tilfreds med manuelt arbejde (l\u00e6sning og afl\u00e6sning af din container), kan PODS tilbyde en fleksibel l\u00f8sning til din flytning.<\/li>\r\n\r\n\r\n\r\n<li>Tal med en PODS-s\u00e6lger om dine behov, og s\u00f8rg for at v\u00e6lge en containerst\u00f8rrelse, der passer til dig (s\u00e5 du ikke v\u00e6lger noget, der er st\u00f8rre, end du har brug for).<\/li>\r\n\r\n\r\n\r\n<li>Diskuter tidsrammer, og hvorn\u00e5r afleveringen kan ske<\/li>\r\n\r\n\r\n\r\n<li>Bekr\u00e6ft alt, og g\u00f8r dig klar til den store flytning!<\/li>\r\n<\/ul>\r\n\r\n\r\n\r\n<h2 class=\"wp-block-heading\"><span class=\"ez-toc-section\" id=\"Frequently_Asked_Questions\"><\/span><strong>Ofte stillede sp\u00f8rgsm\u00e5l<\/strong><span class=\"ez-toc-section-end\"><\/span><\/h2>\r\n\r\n\r\n<div id=\"rank-math-faq\" class=\"rank-math-block\">\n<div class=\"rank-math-list\">\n<div id=\"faq-question-1692186207327\" class=\"rank-math-list-item\">\n<h3 class=\"rank-math-question\"><span class=\"ez-toc-section\" id=\"What_Is_PODS_and_How_Does_It_Work\"><\/span><strong>Hvad er PODS, og hvordan fungerer det?<\/strong><span class=\"ez-toc-section-end\"><\/span><\/h3>\n<div class=\"rank-math-answer\">\n\n<p>PODS st\u00e5r for \"Portable On Demand Storage\". Det er en tjeneste, der leverer transportable opbevaringscontainere til dit sted. Du pakker containeren i dit eget tempo, og s\u00e5 henter PODS den og opbevarer den enten p\u00e5 deres anl\u00e6g eller transporterer den til din nye destination.<\/p>\n\n<\/div>\n<\/div>\n<div id=\"faq-question-1692186261517\" class=\"rank-math-list-item\">\n<h3 class=\"rank-math-question\"><span class=\"ez-toc-section\" id=\"How_Much_Does_PODS_Cost\"><\/span><strong>Hvor meget koster PODS?<\/strong><span class=\"ez-toc-section-end\"><\/span><\/h3>\n<div class=\"rank-math-answer\">\n\n<p>Prisen for PODS afh\u00e6nger af faktorer som containerst\u00f8rrelse, brugstid, afstand og eventuelle ekstra tjenester, du v\u00e6lger. For at f\u00e5 et pr\u00e6cist overslag kan du anmode om et tilbud p\u00e5 PODS' hjemmeside.<\/p>\n\n<\/div>\n<\/div>\n<div id=\"faq-question-1692186274267\" class=\"rank-math-list-item\">\n<h3 class=\"rank-math-question\"><span class=\"ez-toc-section\" id=\"Can_I_Use_PODS_for_Both_Moving_and_Storage\"><\/span><strong>Kan jeg bruge PODS til b\u00e5de flytning og opbevaring?<\/strong><span class=\"ez-toc-section-end\"><\/span><\/h3>\n<div class=\"rank-math-answer\">\n\n<p>Ja, helt sikkert! PODS tilbyder b\u00e5de flytte- og opbevaringsl\u00f8sninger. Du kan bruge PODS-containere til midlertidig opbevaring under en flytning eller til l\u00e6ngerevarende opbevaringsbehov.<\/p>\n\n<\/div>\n<\/div>\n<div id=\"faq-question-1692186288599\" class=\"rank-math-list-item\">\n<h3 class=\"rank-math-question\"><span class=\"ez-toc-section\" id=\"Do_I_Need_to_Load_the_PODS_Container_Myself\"><\/span><strong>Skal jeg selv l\u00e6sse PODS-containeren?<\/strong><span class=\"ez-toc-section-end\"><\/span><\/h3>\n<div class=\"rank-math-answer\">\n\n<p>Ja, du er ansvarlig for at l\u00e6sse dine ejendele i PODS-containeren. Denne selvl\u00e6sning giver dig mulighed for at pakke i dit eget tempo og sikrer, at dine ting bliver pakket pr\u00e6cis, som du vil have dem.<\/p>\n\n<\/div>\n<\/div>\n<\/div>\n<\/div>","protected":false},"excerpt":{"rendered":"<p>The stress of moving house can be exasperated by the need to load and unload a vehicle in the same day, leaving your new home full of boxes, making it hard for you to see the wood from the trees. An alternative method of shipment is to use PODS, portable containers that can be loaded [&hellip;]<\/p>\n","protected":false},"author":1,"featured_media":0,"parent":0,"menu_order":0,"comment_status":"closed","ping_status":"closed","template":"","meta":{"_genesis_hide_title":false,"_genesis_hide_breadcrumbs":false,"_genesis_hide_singular_image":false,"_genesis_hide_footer_widgets":false,"_genesis_custom_body_class":"","_genesis_custom_post_class":"","_genesis_layout":"","footnotes":""},"class_list":{"0":"post-17394","1":"page","2":"type-page","3":"status-publish","5":"entry"},"_links":{"self":[{"href":"https:\/\/moverdb.com\/da\/wp-json\/wp\/v2\/pages\/17394","targetHints":{"allow":["GET"]}}],"collection":[{"href":"https:\/\/moverdb.com\/da\/wp-json\/wp\/v2\/pages"}],"about":[{"href":"https:\/\/moverdb.com\/da\/wp-json\/wp\/v2\/types\/page"}],"author":[{"embeddable":true,"href":"https:\/\/moverdb.com\/da\/wp-json\/wp\/v2\/users\/1"}],"replies":[{"embeddable":true,"href":"https:\/\/moverdb.com\/da\/wp-json\/wp\/v2\/comments?post=17394"}],"version-history":[{"count":1,"href":"https:\/\/moverdb.com\/da\/wp-json\/wp\/v2\/pages\/17394\/revisions"}],"predecessor-version":[{"id":17395,"href":"https:\/\/moverdb.com\/da\/wp-json\/wp\/v2\/pages\/17394\/revisions\/17395"}],"wp:attachment":[{"href":"https:\/\/moverdb.com\/da\/wp-json\/wp\/v2\/media?parent=17394"}],"curies":[{"name":"wp","href":"https:\/\/api.w.org\/{rel}","templated":true}]}}