{"id":1684,"date":"2017-02-23T19:16:05","date_gmt":"2017-02-23T19:16:05","guid":{"rendered":"http:\/\/moverdb.com\/?page_id=1684"},"modified":"2026-01-08T14:45:54","modified_gmt":"2026-01-08T14:45:54","slug":"1-800-pack-rat","status":"publish","type":"page","link":"https:\/\/moverdb.com\/da\/1-800-pack-rat\/","title":{"rendered":"1-800-Pack-Rat - International flytning Anmeldelser"},"content":{"rendered":"<p>1-800-Pack-Rat tilbyder sine kunder en nem l\u00f8sning, n\u00e5r de skal flytte. Nedenfor er der en liste over detaljerne samt en virksomhedsprofil og anmeldelser.<\/p>\n<p><strong>Langdistance og lokale flytninger<\/strong><\/p>\n<ul>\n<li> Levere beholderen mindst 30 dage f\u00f8r flytning<\/li>\n<li> Pak selv containeren eller ans\u00e6t professionelle pakkerier<\/li>\n<li> Gratis no-cut containerl\u00e5s<\/li>\n<li> Gratis $10.000 beskyttelse af indholdet<\/li>\n<li> Mulighed for lang og kort opbevaring<\/li>\n<li> Afhentning og levering af containere til bestemmelsesstedet<\/li>\n<\/ul>\n<p><strong>Milit\u00e6re bev\u00e6gelser<\/strong><\/p>\n<ul>\n<li> Milit\u00e6rpersonale kan v\u00e6lge en personligt indk\u00f8bt flytning (PPM)<\/li>\n<li> Regeringen vil refundere 95% af professionelle <a href=\"https:\/\/moverdb.com\/da\/flytteudgifter\/\">flytteomkostninger<\/a><\/li>\n<li> Container leveret til d\u00f8ren<\/li>\n<li> 30 dage eller mere til at pakke<\/li>\n<li> <a href=\"https:\/\/moverdb.com\/da\/containerforsendelse\/\">Containertransport<\/a> til ny placering<\/li>\n<\/ul>\n<p><strong>Opbevaring<\/strong><\/p>\n<ul>\n<li> Videooverv\u00e5gning 24\/7<\/li>\n<li> Automatiserede sprinklere<\/li>\n<li> Klima kontrolleret<\/li>\n<li> Let adgang p\u00e5 stedet<\/li>\n<li> Ingen besv\u00e6rlig levering<\/li>\n<\/ul>\n<p><strong>Anvendelse af beholdere<\/strong><\/p>\n<ul>\n<li> Restaurering og sanering<\/li>\n<li> Entrepren\u00f8rydelser<\/li>\n<li> S\u00e6sonbestemt oplagring<\/li>\n<li> Ejendomstjenester<\/li>\n<li> Katastrofehj\u00e6lp<\/li>\n<li> Opbevaring af begivenheder<\/li>\n<li> Opbevaring i detailhandel og erhverv<\/li>\n<li> Forsikringsselskaber<\/li>\n<li> Flytning af virksomheder eller milit\u00e6r<\/li>\n<li> Fragt- og logistikl\u00f8sninger<\/li>\n<\/ul>\n<h2>1-800-Pack-Rat virksomhedsprofil<\/h2>\n<p>1-800-Pack-Rat har adskillige faciliteter i <a href=\"https:\/\/moverdb.com\/da\/moving-to-the-united-states\/\" data-internallinksmanager029f6b8e52c=\"94\" title=\"Flytter du til USA? 2022 Leveomkostninger og flyttetips\">USA<\/a> og <a href=\"https:\/\/moverdb.com\/da\/moving-to-canada\/\" data-internallinksmanager029f6b8e52c=\"265\" title=\"Flytte til Canada? 2026 Leveomkostninger og flyttetips\">Canada<\/a>. Virksomheden har over 10 \u00e5rs erfaring med opbevaring og flytning af personer og virksomheder lokalt og over lange afstande.<\/p>\n<p>1-800-Pack-Rat har f\u00f8lgende akkrediteringer og tilknytninger:<\/p>\n<ul>\n<li> Ingen vist p\u00e5 hjemmesiden, selv om den <a href=\"https:\/\/moverdb.com\/da\/iam\/\" target=\"_blank\" rel=\"noopener\">Den internationale sammenslutning af flyttefirmaer<\/a> opf\u00f8rer dem i sit medlemsregister.<\/li>\n<\/ul>\n<h2>1-800-Pack-Rat Anmeldelser<\/h2>\n<p><strong>Positiv:<\/strong><\/p>\n<ul>\n<li> <em>\"Det var dejligt ikke at skulle bekymre sig om dette aspekt af vores flytning. Hele oplevelsen fra mit f\u00f8rste opkald, til at f\u00e5 konkurrencedygtige tilbud, til online planl\u00e6gning, til automatisk betaling og til at h\u00e5ndtere det kyndige og venlige personale, n\u00e5r jeg havde sp\u00f8rgsm\u00e5l, var stressfri. Jeg er ikke f\u00e6rdig med at pakke ud, men indtil videre er det godt, at mine ejendele ankommer sikkert og forsvarligt.\"<\/em> - Heather via <a href=\"https:\/\/www.1800packrat.com\/reviews\" target=\"_blank\" rel=\"noopener\">kundeudtalelse<\/a><\/li>\n<li> <em>\"Vi flyttede alle vores ejendele med 1-800-PACK-RAT, og det var en fantastisk oplevelse. De stod til r\u00e5dighed for sp\u00f8rgsm\u00e5l, selv om natten, og de var h\u00f8flige og venlige. De overholdt alle tidsfrister, gav os mulighed for at pakke vores egne ting i l\u00f8bet af et par dage &amp; k\u00f8rte dem derefter inden for 10 dage til vores nye adresse.\"<\/em> - via <a href=\"https:\/\/uk.trustpilot.com\/reviews\/58acb46d883cc60a283ce37e\" target=\"_blank\" rel=\"noopener\">TrustPilot<\/a><\/li>\n<li> <em>\"Jeg flyttede for nylig langt v\u00e6k fra <a href=\"https:\/\/moverdb.com\/da\/moving-to-the-united-states\/moving-to-california\/\" data-internallinksmanager029f6b8e52c=\"330\" title=\"Flytning til Californien? 2026 Leveomkostninger og tips til flytning\">Californien<\/a> til <a href=\"https:\/\/moverdb.com\/da\/moving-to-the-united-states\/moving-to-florida\/\" data-internallinksmanager029f6b8e52c=\"331\" title=\"Flytning til Florida? 2026 Leveomkostninger og tips til flytning\">Florida<\/a> at bruge Pack Rat Storage. Og jeg vil bruge dem igen, de kom til tiden fra aflevering til levering, og Pack Rat var billigere end PODS.\"<\/em> - Paul via <a href=\"https:\/\/www.yelp.co.uk\/biz\/1-800-pack-rat-tampa?hrid=sQKUV3MPkChipe8OJiZIcQ&#038;utm_campaign=www_review_share_popup&#038;utm_medium=copy_link&#038;utm_source=(direct)\" target=\"_blank\" rel=\"noopener\">Yelp<\/a><\/li>\n<\/ul>\n<p><strong>Negativ:<\/strong><\/p>\n<ul>\n<li> <em>\"De er et mareridt. Ingen af dem ved, hvad den anden laver.\"<\/em> - Mia via <a href=\"https:\/\/www.yelp.com\/biz\/1-800-pack-rat-fremont?hrid=YhOaE8BWuhGeu6UpKuLVVQ&#038;utm_campaign=www_review_share_popup&#038;utm_medium=copy_link&#038;utm_source=(direct)\" target=\"_blank\" rel=\"noopener\">Yelp<\/a><\/li>\n<li> <em>\"De var ikke i stand til eller snarere uvillige til at levere pod'en til mit hus. Chauff\u00f8ren m\u00e5lte ikke noget. Var der i 2 minutter og k\u00f8rte v\u00e6k. Da jeg ringede til kundeservice var de s\u00e5 utroligt uh\u00f8flige!\"<\/em> - Leila via <a href=\"https:\/\/www.bbb.org\/boston\/business-reviews\/storage-units-household-and-commercial\/1-800-pack-rat-in-foxboro-ma-116673\/reviews-and-complaints\" target=\"_blank\" rel=\"noopener\">BBB.org<\/a><\/li>\n<li> <em>\"Jeg er s\u00e5 vred p\u00e5 1-800-PackRat\"<\/em> - via <a href=\"https:\/\/www.pissedconsumer.com\/company\/1800-pack-rat\/so-angry-with-1-800-packrat-20161024942159.html\" target=\"_blank\" rel=\"noopener\">Vred forbruger<\/a><\/li>\n<\/ul>\n<div itemprop=\"review\" itemscope itemtype=\"http:\/\/schema.org\/Review\">\n<span itemprop=\"author\" itemscope=\"\" itemtype=\"http:\/\/schema.org\/Organization\"><span itemprop=\"name\">MoverDB.com<\/span><\/span> Online website anmeldelse for <span itemprop=\"itemreviewed\" itemscope=\"\" itemtype=\"http:\/\/schema.org\/Brand\"><span itemprop=\"name\">1-800-Pack-Rat<\/span><\/span>:<\/p>\n<ol>\n<li> Tydelige kontaktoplysninger p\u00e5 webstedet (herunder telefonnummer): <strong>Ja<\/strong><\/li>\n<li> Let at f\u00e5 <a href=\"https:\/\/moverdb.com\/da\/citater\/\">flyttetilbud<\/a>? (Formular til anmodning om online overslag): <strong>Ja<\/strong><\/li>\n<li> Klare oplysninger p\u00e5 webstedet: <strong>Ja,<\/strong> Websitet beskriver klart og tydeligt alle de tjenester, som virksomheden tilbyder.<\/li>\n<li> Medlemskab af internationalt anerkendte flytteorganisationer: <strong>Ja<\/strong>, men ikke opf\u00f8rt p\u00e5 webstedet.<\/li>\n<li> Liste over kunder og\/eller tidligere kundeudtalelser: <strong>Ja,<\/strong> men anmeldelserne fra resten af internettet er meget blandede.<\/li>\n<\/ol>\n<div itemprop=\"reviewRating\" itemscope itemtype=\"http:\/\/schema.org\/Rating\"><meta itemprop=\"worstRating\" content = \"0\" \/><meta itemprop=\"bestRating\" content=\"5\" \/><meta itemprop=\"ratingValue\" content=\"4\"><\/div>\n<p><strong>Samlet score: 4\/5<\/strong><br \/>\n<strong>Dato for gennemgang:<\/strong> <span itemprop=\"datePublished\" content=\"2017-02-23\">23\/02\/2017<\/span>\n<\/div>\n<p>L\u00e6s mere om <a href=\"https:\/\/moverdb.com\/da\/flyttefirmaer\/\">internationale flyttefirmaer<\/a> og vores <a href=\"https:\/\/moverdb.com\/da\/anmeldelser\/\">gennemgangsproces<\/a>.<\/p>\n<p><strong>Hjemmeside:<\/strong> <a href=\"https:\/\/www.1800packrat.com\/\" target=\"_blank\" rel=\"noopener\">https:\/\/www.1800packrat.com\/<\/a><\/p>","protected":false},"excerpt":{"rendered":"<p>1-800-Pack-Rat offers its customers an easy option when it comes to moving. The details are listed below, together with a company profile and reviews. Long Distance and Local Moves Deliver container at least 30 days prior to moving Self-pack container or employ professional packers Complimentary no-cut container lock Complimentary $10,000 contents protection Long and short [&hellip;]<\/p>\n","protected":false},"author":1,"featured_media":0,"parent":0,"menu_order":0,"comment_status":"closed","ping_status":"closed","template":"","meta":{"_genesis_hide_title":false,"_genesis_hide_breadcrumbs":false,"_genesis_hide_singular_image":false,"_genesis_hide_footer_widgets":false,"_genesis_custom_body_class":"","_genesis_custom_post_class":"","_genesis_layout":"","footnotes":""},"class_list":{"0":"post-1684","1":"page","2":"type-page","3":"status-publish","5":"entry"},"_links":{"self":[{"href":"https:\/\/moverdb.com\/da\/wp-json\/wp\/v2\/pages\/1684","targetHints":{"allow":["GET"]}}],"collection":[{"href":"https:\/\/moverdb.com\/da\/wp-json\/wp\/v2\/pages"}],"about":[{"href":"https:\/\/moverdb.com\/da\/wp-json\/wp\/v2\/types\/page"}],"author":[{"embeddable":true,"href":"https:\/\/moverdb.com\/da\/wp-json\/wp\/v2\/users\/1"}],"replies":[{"embeddable":true,"href":"https:\/\/moverdb.com\/da\/wp-json\/wp\/v2\/comments?post=1684"}],"version-history":[{"count":3,"href":"https:\/\/moverdb.com\/da\/wp-json\/wp\/v2\/pages\/1684\/revisions"}],"predecessor-version":[{"id":6165,"href":"https:\/\/moverdb.com\/da\/wp-json\/wp\/v2\/pages\/1684\/revisions\/6165"}],"wp:attachment":[{"href":"https:\/\/moverdb.com\/da\/wp-json\/wp\/v2\/media?parent=1684"}],"curies":[{"name":"wp","href":"https:\/\/api.w.org\/{rel}","templated":true}]}}