{"id":1680,"date":"2017-01-25T11:25:11","date_gmt":"2017-01-25T11:25:11","guid":{"rendered":"http:\/\/moverdb.com\/?page_id=1680"},"modified":"2026-01-08T14:47:26","modified_gmt":"2026-01-08T14:47:26","slug":"smidighed","status":"publish","type":"page","link":"https:\/\/moverdb.com\/da\/agility\/","title":{"rendered":"Agility - International flytning og forsendelse Anmeldelser"},"content":{"rendered":"<p>Agility er den st\u00f8rste logistik- og <a href=\"https:\/\/moverdb.com\/da\/moving-companies\/\" data-internallinksmanager029f6b8e52c=\"79\" title=\"Top 25 internationale flyttefirmaer online\">flyttefirma<\/a> i Mellem\u00f8sten. Virksomheden tilbyder sine kunder en bred vifte af tjenester, som er anf\u00f8rt nedenfor, sammen med en virksomhedsprofil og anmeldelser. <strong>Bem\u00e6rk, at Agility ikke flytter husholdningsgods eller personlige ejendele for privatpersoner<\/strong>.<\/p>\n<p><strong>Internationale flytninger<\/strong><\/p>\n<ul>\n<li> D\u00f8r til d\u00f8r-service<\/li>\n<li> S\u00f8fragt eller luftfragt<\/li>\n<li> Ekspertpakningsservice<\/li>\n<li> Ekspert udpakningsservice<\/li>\n<li> Fjernelse af affald<\/li>\n<li> H\u00e5ndtering af toldformidling og toldklareringssp\u00f8rgsm\u00e5l<\/li>\n<li> Overv\u00e5gning p\u00e5 stedet af lastning af specialcontainere<\/li>\n<li> Lang- og kortsigtet opbevaring<\/li>\n<li> Forsikring<\/li>\n<li> Specialiseret kasseringsudstyr<\/li>\n<li> Service af hvidevarer<\/li>\n<li> Handyman service<\/li>\n<li> Elektriker<\/li>\n<li> Demontering og genmontering af m\u00f8bler og varer<\/li>\n<li> S\u00e6rlig h\u00e5ndtering af store og\/eller skr\u00f8belige genstande<\/li>\n<\/ul>\n<p><strong>Oplagring og distribution<\/strong><\/p>\n<ul>\n<li> Fuld service management<\/li>\n<li> Vej-, luft- og s\u00f8transport<\/li>\n<li> Fleksibilitet med hensyn til facilitetens st\u00f8rrelse og type<\/li>\n<li> Administrer end-to-end lagerplanl\u00e6gning og genopfyldning af lagerbeholdninger<\/li>\n<\/ul>\n<p><strong>Industrielle l\u00f8sninger<\/strong><\/p>\n<ul>\n<li> Automobilindustrien flytter<\/li>\n<li> Sikre, p\u00e5lidelige kemiske flytninger<\/li>\n<li> Forbrugsvarer<\/li>\n<li> Flytning af internationale organisationer, regeringer, n\u00f8dhj\u00e6lpsgrupper og milit\u00e6r<\/li>\n<li> Industrielle flytninger<\/li>\n<li> Logistiske l\u00f8sninger til olie og gas<\/li>\n<li> Pharma og life sciences forsyningsk\u00e6de<\/li>\n<li> Teknologi<\/li>\n<li> Messer og begivenheder flytter sig<\/li>\n<\/ul>\n<h2>Agility virksomhedsprofil<\/h2>\n<p>Agility er en global logistikvirksomhed med hoveds\u00e6de i Sulaibiya, <a href=\"https:\/\/moverdb.com\/da\/moving-to-kuwait\/\" data-internallinksmanager029f6b8e52c=\"354\" title=\"Flytter du til Kuwait? 2026 Leveomkostninger og tips til flytning\">Kuwait<\/a>. Agility betjener virksomheder, regeringer, n\u00f8dhj\u00e6lpsorganisationer, milit\u00e6ret og internationale organisationer ved at levere transport, opbevaring og transport, <a href=\"https:\/\/moverdb.com\/da\/speditor\/\">spedition<\/a> og logistiske l\u00f8sninger. Virksomheden besk\u00e6ftiger over 22.000 medarbejdere og har over 500 kontorer fordelt p\u00e5 100 lande.<\/p>\n<p>Agility startede i 1979 som et statsejet kuwaitisk selskab - Public Warehousing Co. I 1997 blev selskabet privatiseret, og Tarek Sultan Al Essa blev formand. Agility besluttede sig for at g\u00e5 ind p\u00e5 uudnyttede markeder som Afrika, Asien, Mellem\u00f8sten og Latinamerika. Virksomheden ekspanderede hurtigt og opk\u00f8bte over 40 logistikvirksomheder og aktiver rundt om i verden. <\/p>\n<p>I 2004 var Agility den st\u00f8rste logistikleverand\u00f8r i Mellem\u00f8sten. Det var f\u00f8rst i 2006, at PWC blev kendt som Agility med det nye slogan \"A New Logistics Leader\".<\/p>\n<p>Agility har to forretningsgrene - Agility Global Integrated Logistics og Agility Infrastructure. F\u00f8rstn\u00e6vnte leverer forsyningsk\u00e6del\u00f8sninger til sine kunder. Agility har udf\u00f8rt 2,14 mio. forsendelser og betjent 60.500 kunder. Virksomheden har flyttet 372 700 tons luftfragt og 513 100 TEU'er luftfragt. Agility Infrastructure hj\u00e6lper v\u00e6kstmarkederne med logistikrelaterede problemer.<\/p>\n<p>Agility giver noget tilbage ved at yde pro bono logistisk st\u00f8tte i tilf\u00e6lde af humanit\u00e6re katastrofer. Medarbejderne st\u00f8tter ogs\u00e5 lokalsamfundene<br \/>\n.<br \/>\nAgility har f\u00f8lgende tilknytninger og akkrediteringer:<\/p>\n<ul>\n<li> Ikke opf\u00f8rt p\u00e5 hjemmesiden<\/li>\n<\/ul>\n<h2>Agility Moving Anmeldelser<\/h2>\n<p><em>Bem\u00e6rk venligst, at vi i skrivende stund ikke kunne finde nogen anmeldelser online af Agility's flytteydelser.<\/em> <\/p>\n<div itemprop=\"review\" itemscope itemtype=\"http:\/\/schema.org\/Review\">\n<span itemprop=\"author\" itemscope=\"\" itemtype=\"http:\/\/schema.org\/Organization\"><span itemprop=\"name\">MoverDB.com<\/span><\/span> Online website anmeldelse for <span itemprop=\"itemreviewed\" itemscope=\"\" itemtype=\"http:\/\/schema.org\/Brand\"><span itemprop=\"name\">Agility Moving<\/span><\/span>:<\/p>\n<ol>\n<li> Tydelige kontaktoplysninger p\u00e5 webstedet (herunder telefonnummer): <strong>Ja<\/strong><\/li>\n<li> Let at f\u00e5 <a href=\"https:\/\/moverdb.com\/da\/citater\/\">citater for international flytning<\/a>? (Formular til anmodning om online overslag): <strong>Ja<\/strong><\/li>\n<li> Klare oplysninger p\u00e5 webstedet: <strong>Ja,<\/strong> De opregner de tjenester, de tilbyder.<\/li>\n<li> Medlemskab af internationalt anerkendte flytteorganisationer: <strong>Ikke opf\u00f8rt p\u00e5 hjemmesiden<\/strong><\/li>\n<li> Liste over kunder og\/eller tidligere kundeudtalelser. <strong>Ja,<\/strong> Der findes detaljerede beskrivelser af forskellige specialiserede flytninger p\u00e5 webstedet.<\/li>\n<\/ol>\n<div itemprop=\"reviewRating\" itemscope itemtype=\"http:\/\/schema.org\/Rating\"><meta itemprop=\"worstRating\" content = \"0\" \/><meta itemprop=\"bestRating\" content=\"5\" \/><meta itemprop=\"ratingValue\" content=\"4\"><\/div>\n<p><strong>Samlet score: 4\/5<\/strong><br \/>\n<strong>Dato for gennemgang:<\/strong> <span itemprop=\"datePublished\" content=\"2017-01-25\">25\/01\/2017<\/span>\n<\/div>\n<p>L\u00e6s mere om <a href=\"https:\/\/moverdb.com\/da\/flyttefirmaer\/\">de bedste internationale flyttefirmaer<\/a> og vores <a href=\"https:\/\/moverdb.com\/da\/anmeldelser\/\">gennemgangsproces<\/a>.<\/p>\n<p><strong>Websteder:<\/strong> <a href=\"http:\/\/www.agility.com\/EN\/products-and-services\/Pages\/Household-Goods-Movement.aspx\" target=\"_blank\" rel=\"noopener\">Smidighed Bev\u00e6gelse af husholdningsgods<\/a><\/p>","protected":false},"excerpt":{"rendered":"<p>Agility is the largest logistics and moving company in the Middle East. It offers its customers a wide range of services which are listed below, together with a company profile and reviews. Note that Agility does not move household goods or personal effects for individuals. International Moves Door to door service Sea freight or airfreight [&hellip;]<\/p>\n","protected":false},"author":1,"featured_media":0,"parent":0,"menu_order":0,"comment_status":"closed","ping_status":"closed","template":"","meta":{"_genesis_hide_title":false,"_genesis_hide_breadcrumbs":false,"_genesis_hide_singular_image":false,"_genesis_hide_footer_widgets":false,"_genesis_custom_body_class":"","_genesis_custom_post_class":"","_genesis_layout":"","footnotes":""},"class_list":{"0":"post-1680","1":"page","2":"type-page","3":"status-publish","5":"entry"},"_links":{"self":[{"href":"https:\/\/moverdb.com\/da\/wp-json\/wp\/v2\/pages\/1680","targetHints":{"allow":["GET"]}}],"collection":[{"href":"https:\/\/moverdb.com\/da\/wp-json\/wp\/v2\/pages"}],"about":[{"href":"https:\/\/moverdb.com\/da\/wp-json\/wp\/v2\/types\/page"}],"author":[{"embeddable":true,"href":"https:\/\/moverdb.com\/da\/wp-json\/wp\/v2\/users\/1"}],"replies":[{"embeddable":true,"href":"https:\/\/moverdb.com\/da\/wp-json\/wp\/v2\/comments?post=1680"}],"version-history":[{"count":3,"href":"https:\/\/moverdb.com\/da\/wp-json\/wp\/v2\/pages\/1680\/revisions"}],"predecessor-version":[{"id":6167,"href":"https:\/\/moverdb.com\/da\/wp-json\/wp\/v2\/pages\/1680\/revisions\/6167"}],"wp:attachment":[{"href":"https:\/\/moverdb.com\/da\/wp-json\/wp\/v2\/media?parent=1680"}],"curies":[{"name":"wp","href":"https:\/\/api.w.org\/{rel}","templated":true}]}}