{"id":1678,"date":"2017-01-25T12:00:23","date_gmt":"2017-01-25T12:00:23","guid":{"rendered":"http:\/\/moverdb.com\/?page_id=1678"},"modified":"2026-01-08T14:47:27","modified_gmt":"2026-01-08T14:47:27","slug":"aires","status":"publish","type":"page","link":"https:\/\/moverdb.com\/da\/aires\/","title":{"rendered":"Aires - Anmeldelser af internationale flytninger og flytning"},"content":{"rendered":"<p>Aires tilbyder sine kunder, b\u00e5de privatpersoner og virksomheder, en r\u00e6kke forskellige flyttetjenester. Disse er anf\u00f8rt nedenfor sammen med en virksomhedsprofil og anmeldelser.<\/p>\n<p><strong>Internationale flytninger<\/strong><\/p>\n<ul>\n<li> Komplet pakning og indpakning af alle husholdningsartikler og personlige ejendele<\/li>\n<li> Fra d\u00f8r til d\u00f8r<\/li>\n<li> Direkte lastning af husholdningsgods i den relevante container eller varevogn<\/li>\n<li> Udarbejdelse af al dokumentation<\/li>\n<li> Normal, direkte levering og bortskaffelse af affald til beboere<\/li>\n<li> Returnering af tomme containere p\u00e5 det internationale bestemmelsessted<\/li>\n<li> Komplet sporing og kommunikation af forsendelsesstatus<\/li>\n<li> Biler<\/li>\n<li> Lang- og kortsigtet opbevaring<\/li>\n<li> Flytning af k\u00e6ledyr<\/li>\n<\/ul>\n<p><strong>Rejsedestination og indflytningstjenester<\/strong><\/p>\n<ul>\n<li> M\u00f8d og hils p\u00e5<\/li>\n<li> Omr\u00e5deorientering<\/li>\n<li> S\u00f8gning og registrering af skoler<\/li>\n<li> Hj\u00e6lp til at finde en lejebolig<\/li>\n<li> Hj\u00e6lp til forhandling af lejekontrakt<\/li>\n<li> Indskolingstjenester<\/li>\n<li> Bistand til \u00e6gtef\u00e6lle\/partner<\/li>\n<li> Midlertidig boligtjeneste<\/li>\n<li> Hj\u00e6lp til visum, pas og immigration<\/li>\n<li> Kultur- og sprogundervisningstjenester<\/li>\n<li> Hj\u00e6lp til hjemsendelse<\/li>\n<\/ul>\n<p><strong>Virksomhedstjenester<\/strong><\/p>\n<ul>\n<li> Forvaltning af flytninger<\/li>\n<li> Forvaltning af flytningsprogrammer<\/li>\n<li> ReloNet Web Services Site - Virksomhedsv\u00e6rkt\u00f8jer<\/li>\n<li> Revision og udvikling af politikker<\/li>\n<li> Ejendomstjenester<\/li>\n<li> Forvaltning af ejendomme og lejem\u00e5l<\/li>\n<li> Inspektionstjenester<\/li>\n<li> Fremskrivninger af leveomkostningerne<\/li>\n<li> Udgiftsstyring<\/li>\n<li> Forsikring og risikostyring<\/li>\n<li> Gruppeflytningstjenester<\/li>\n<li> Internationale kompensations- og dataindsamlingstjenester<\/li>\n<li> Forsyningsk\u00e6deforvaltning<\/li>\n<\/ul>\n<h2>Aires virksomhedsprofil<\/h2>\n<p>Aires, eller American International Relocation Solutions LLC, blev grundlagt i 1981 af Jim Putt. Virksomhedens fokus var p\u00e5 internationale flytninger og opbevaring for virksomheder og deres ansatte. Dette er nu vokset til at omfatte en komplet flytningsservice, der hj\u00e6lper medarbejderne med hurtigt at finde sig til rette i deres nye omgivelser. Aires er stadig en familieejet og -drevet privat virksomhed.<\/p>\n<p>Aires tager deres milj\u00f8ansvar meget alvorligt og \"tackler gr\u00f8nt fra alle vinkler\". Deres fuldautomatiske systemer reducerer i h\u00f8j grad behovet for papirarbejde, og alle deres kontorer og lokationer er energibesparende og milj\u00f8venlige.<\/p>\n<p>Aires har f\u00f8lgende akkrediteringer og tilknytninger:<\/p>\n<ul>\n<li> <a href=\"https:\/\/moverdb.com\/da\/medarbejderflytningsrad\/\">Verdensd\u00e6kkende ERC<\/a><\/li>\n<li> CERC (Canadian Employee Relocation Council)<\/li>\n<li> SHRM (Society for Human Resource Management)<\/li>\n<li> <a href=\"https:\/\/moverdb.com\/da\/iam\/\">IAM<\/a> (<a href=\"https:\/\/moverdb.com\/da\/iam\/\" data-internallinksmanager029f6b8e52c=\"23\" title=\"International Association of Movers (IAM) Forklaret\">Den internationale sammenslutning af flyttefirmaer<\/a>)<\/li>\n<li> OSA (Overseas Shippers Association)<\/li>\n<li> <a href=\"https:\/\/moverdb.com\/da\/fidi-faim\/\">FIDI<\/a> (Federation of International Furniture Removers)<\/li>\n<li> <a href=\"https:\/\/moverdb.com\/da\/eura\/\">EuRA<\/a> (<a href=\"https:\/\/moverdb.com\/da\/eura\/\" data-internallinksmanager029f6b8e52c=\"13\" title=\"Den europ\u00e6iske forening for flytning (EuRA) forklaret\">EuRA<\/a> Flytning)<\/li>\n<li> PAIMA (Pan American International Movers Association)<\/li>\n<li> <a href=\"https:\/\/moverdb.com\/da\/lacma\/\">LACMA<\/a> (Latinamerikansk og caribisk sammenslutning af flyttefirmaer)<\/li>\n<li> OMNI (Overseas Moving Network International)<\/li>\n<\/ul>\n<h2>Anmeldelser af Aires<\/h2>\n<p><em>I skrivende stund kunne vi ikke finde nogen anmeldelser af Aires online.<\/em><\/p>\n<div itemprop=\"review\" itemscope itemtype=\"http:\/\/schema.org\/Review\">\n<span itemprop=\"author\" itemscope=\"\" itemtype=\"http:\/\/schema.org\/Organization\"><span itemprop=\"name\">MoverDB.com<\/span><\/span> Online website anmeldelse for <span itemprop=\"itemreviewed\" itemscope=\"\" itemtype=\"http:\/\/schema.org\/Brand\"><span itemprop=\"name\">Aires<\/span><\/span>:<\/p>\n<ol>\n<li> Tydelige kontaktoplysninger p\u00e5 webstedet (herunder telefonnummer): <strong>Ja<\/strong><\/li>\n<li> Let at f\u00e5 <a href=\"https:\/\/moverdb.com\/da\/citater\/\">citater for international flytning<\/a>? (Formular til anmodning om online overslag): <strong>Ja<\/strong><\/li>\n<li> Klare oplysninger p\u00e5 webstedet: <strong>Ja,<\/strong> indeholder en masse meget detaljerede oplysninger om de tjenester, som virksomheden tilbyder.<\/li>\n<li> Medlemskab af internationalt anerkendte flytteorganisationer: <strong>Ja<\/strong>, (se ovenfor)<\/li>\n<li> Liste over kunder og\/eller tidligere kundeudtalelser. <strong>Nej,<\/strong> selv om de har en sektion med priser.<\/li>\n<\/ol>\n<div itemprop=\"reviewRating\" itemscope itemtype=\"http:\/\/schema.org\/Rating\"><meta itemprop=\"worstRating\" content = \"0\" \/><meta itemprop=\"bestRating\" content=\"5\" \/><meta itemprop=\"ratingValue\" content=\"4\"><\/div>\n<p><strong>Samlet score: 4\/5<\/strong><br \/>\n<strong>Dato for gennemgang:<\/strong> <span itemprop=\"datePublished\" content=\"2017-01-25\">25\/01\/2017<\/span>\n<\/div>\n<p>L\u00e6s mere om <a href=\"https:\/\/moverdb.com\/da\/flyttefirmaer\/\">internationale flyttefirmaer<\/a> og vores <a href=\"https:\/\/moverdb.com\/da\/anmeldelser\/\">gennemgangsproces<\/a>.<\/p>\n<p><strong>Websteder:<\/strong> <a href=\"https:\/\/www.aires.com\/\" target=\"_blank\" rel=\"noopener\">https:\/\/www.aires.com\/<\/a><\/p>","protected":false},"excerpt":{"rendered":"<p>Aires offers its clients, both individual and corporate, a variety of moving services. These are listed below together with a company profile and reviews. International Moves Complete packing and wrapping of all household goods and personal effects Door to door Direct loading of household goods into appropriate container or van Preparation of all documentation Normal, [&hellip;]<\/p>\n","protected":false},"author":1,"featured_media":0,"parent":0,"menu_order":0,"comment_status":"closed","ping_status":"closed","template":"","meta":{"_genesis_hide_title":false,"_genesis_hide_breadcrumbs":false,"_genesis_hide_singular_image":false,"_genesis_hide_footer_widgets":false,"_genesis_custom_body_class":"","_genesis_custom_post_class":"","_genesis_layout":"","footnotes":""},"class_list":{"0":"post-1678","1":"page","2":"type-page","3":"status-publish","5":"entry"},"_links":{"self":[{"href":"https:\/\/moverdb.com\/da\/wp-json\/wp\/v2\/pages\/1678","targetHints":{"allow":["GET"]}}],"collection":[{"href":"https:\/\/moverdb.com\/da\/wp-json\/wp\/v2\/pages"}],"about":[{"href":"https:\/\/moverdb.com\/da\/wp-json\/wp\/v2\/types\/page"}],"author":[{"embeddable":true,"href":"https:\/\/moverdb.com\/da\/wp-json\/wp\/v2\/users\/1"}],"replies":[{"embeddable":true,"href":"https:\/\/moverdb.com\/da\/wp-json\/wp\/v2\/comments?post=1678"}],"version-history":[{"count":3,"href":"https:\/\/moverdb.com\/da\/wp-json\/wp\/v2\/pages\/1678\/revisions"}],"predecessor-version":[{"id":6168,"href":"https:\/\/moverdb.com\/da\/wp-json\/wp\/v2\/pages\/1678\/revisions\/6168"}],"wp:attachment":[{"href":"https:\/\/moverdb.com\/da\/wp-json\/wp\/v2\/media?parent=1678"}],"curies":[{"name":"wp","href":"https:\/\/api.w.org\/{rel}","templated":true}]}}