{"id":1662,"date":"2017-02-23T10:26:07","date_gmt":"2017-02-23T10:26:07","guid":{"rendered":"http:\/\/moverdb.com\/?page_id=1662"},"modified":"2026-05-15T14:55:43","modified_gmt":"2026-05-15T14:55:43","slug":"bolliger","status":"publish","type":"page","link":"https:\/\/moverdb.com\/da\/bolliger\/","title":{"rendered":"Bolliger - Internationale flytninger og flytning Anmeldelser"},"content":{"rendered":"<p>Bolliger tilbyder sine kunder en bred vifte af flytteydelser. Disse er anf\u00f8rt nedenfor sammen med en virksomhedsprofil og anmeldelser.<\/p>\n<p><strong>International flytning<\/strong><\/p>\n<ul>\n<li> Et verdensomsp\u00e6ndende netv\u00e6rk af flytteressourcer<\/li>\n<li> Fra d\u00f8r til d\u00f8r<\/li>\n<li> Move Manager med mindst 5 \u00e5rs erfaring<\/li>\n<li> Spor din forsendelse 24\/7<\/li>\n<li> Husunders\u00f8gelse for at fastsl\u00e5 emballagebehov osv.<\/li>\n<li> Forsikring arrangeret<\/li>\n<li> Personlig koordinator vil hj\u00e6lpe med den n\u00f8dvendige dokumentation<\/li>\n<li> Pakning og lastning<\/li>\n<li> Toldklarering<\/li>\n<li> Levering og udpakning<\/li>\n<li> Alle varer vil blive afl\u00e6sset omhyggeligt og krydstjekket med din inventarliste og vil blive placeret i de rigtige rum.<\/li>\n<li> Skr\u00f8belige genstande, s\u00e5som glas og <a href=\"https:\/\/moverdb.com\/da\/moving-to-china\/\" data-internallinksmanager029f6b8e52c=\"357\" title=\"Flytter du til Kina? 2026 Leveomkostninger og tips til flytning\">porcel\u00e6n<\/a>, skal pakkes ud p\u00e5 flade overflader<\/li>\n<li> Alle emballagematerialer og affald vil hurtigt blive fjernet fra dit hjem<\/li>\n<\/ul>\n<p><strong>Flytning af virksomheder<\/strong><\/p>\n<ul>\n<li> Indk\u00f8ring af tjenester<\/li>\n<li> S\u00f8gning efter skole og hjem<\/li>\n<li> Kulturel information<\/li>\n<li> Bistand til partner\/\u00e6gtef\u00e6lle<\/li>\n<li> Indkvartering p\u00e5 kort sigt<\/li>\n<li> Udlejning af m\u00f8bler<\/li>\n<\/ul>\n<p><strong>Flyttetjenester<\/strong><\/p>\n<ul>\n<li> Levering af emballagematerialer<\/li>\n<li> Komplette pakningsservices<\/li>\n<li> Specialiseret pakning<\/li>\n<li> Tilpassede kasser<\/li>\n<li> H\u00e5ndtering af klaverer og pengeskabe<\/li>\n<li> Motoriserede stiger<\/li>\n<li> Forsendelse via vej, luft og s\u00f8<\/li>\n<li> Toldm\u00e6ssige transaktioner<\/li>\n<li> Agenter i hele verden.<\/li>\n<\/ul>\n<p><strong>Flytning af kontorer<\/strong><\/p>\n<ul>\n<li> Udformning og planl\u00e6gning af flytninger<\/li>\n<li> Specialiseret personale og udstyr<\/li>\n<li> Motoriserede stiger og kraner<\/li>\n<li> Oprettelse af kontorer<\/li>\n<li> Genanvendelse og bortskaffelse af affald<\/li>\n<li> Operationer dag og nat<\/li>\n<\/ul>\n<p><strong>Billedkunst<\/strong><\/p>\n<ul>\n<li> Design og konstruktion af skr\u00e6ddersyede kasser og kasser<\/li>\n<li> Formaliteter vedr\u00f8rende kunst i forbindelse med import\/eksport af moderne og antikke kunstv\u00e6rker<\/li>\n<li> Forsendelse ad vej\/s\u00f8\/luft<\/li>\n<li> Specialiserede agenter rundt om i verden<\/li>\n<li> Indretning af udstillingslokaler<\/li>\n<\/ul>\n<p><strong>Opbevaring<\/strong><\/p>\n<ul>\n<li> Opbevaring p\u00e5 kort og lang sigt<\/li>\n<li> Beholdere, kasser eller paller af metal<\/li>\n<li> 24\/7 sikkerhed<\/li>\n<li> R\u00f8galarmer<\/li>\n<li> Kontrolleret temperatur og luftfugtighed<\/li>\n<li> Dokumentar arkiver<\/li>\n<\/ul>\n<h2>Bolliger virksomhedsprofil<\/h2>\n<p>Arthur Bolliger \u00e5bnede det f\u00f8rste Bolliger-kontor i Rom i 1909. Virksomheden drives nu af fjerde generation Bolliger's og har kontorer i Milano, Lugano og Firenze samt <a href=\"https:\/\/moverdb.com\/da\/moving-to-switzerland\/\" data-internallinksmanager029f6b8e52c=\"327\" title=\"Flytter du til Schweiz? 2026 Leveomkostninger og flyttetips\">Schweiz<\/a>, den <a href=\"https:\/\/moverdb.com\/da\/moving-to-the-uk\/\" data-internallinksmanager029f6b8e52c=\"93\" title=\"Flytter du til Det Forenede Kongerige? 2022 Leveomkostninger og flyttetips\">UK<\/a>, den <a href=\"https:\/\/moverdb.com\/da\/moving-to-the-united-states\/\" data-internallinksmanager029f6b8e52c=\"94\" title=\"Flytter du til USA? 2022 Leveomkostninger og flyttetips\">USA<\/a> og <a href=\"https:\/\/moverdb.com\/da\/moving-to-spain\/\" data-internallinksmanager029f6b8e52c=\"266\" title=\"Flytter du til Spanien? 2026 Leveomkostninger og flyttetips\">Spanien<\/a>.<\/p>\n<p>Virksomhedens f\u00f8rste lastbiler blev k\u00f8bt i 1919 og blev brugt under F\u00f8rste Verdenskrig. I dag r\u00e5der virksomheden over en fl\u00e5de p\u00e5 over 200 flyttebiler og sender varer til privatpersoner og virksomheder over hele verden. Bolliger var et af de stiftende medlemmer af <a href=\"https:\/\/moverdb.com\/da\/fidi-faim\/\" data-internallinksmanager029f6b8e52c=\"16\" title=\"FIDI &amp; FAIM (FIDI Accredited International Mover) forklaret\">FIDI<\/a>. I dag er FIDI den st\u00f8rste sammenslutning af sin art i verden med 600 agenter i 100 lande. <\/p>\n<p>I 1982 blev Bolliger Allied Internationals eneste italienske agent.<\/p>\n<p>I 1985 blev Bolliger et af de stiftende medlemmer af Overseas Moving Network International (OMNI). I 2002 blev virksomhedens ekspertise bel\u00f8nnet med ISO 9001-certificeringen - den f\u00f8rste <a href=\"https:\/\/moverdb.com\/da\/moving-companies\/\" data-internallinksmanager029f6b8e52c=\"79\" title=\"Top 25 internationale flyttefirmaer online\">flyttefirma<\/a> p\u00e5 <a href=\"https:\/\/moverdb.com\/da\/moving-to-italy\/\" data-internallinksmanager029f6b8e52c=\"346\" title=\"Flytter du til Italien? 2026 Leveomkostninger og tips til flytning\">Italien<\/a> for at opn\u00e5 det.<\/p>\n<p>Bollinger fors\u00f8ger konsekvent at reducere virksomhedens milj\u00f8p\u00e5virkning af planeten ved at v\u00e6re s\u00e6rlig opm\u00e6rksom p\u00e5 de emballagematerialer, de bruger, de k\u00f8ret\u00f8jer, de k\u00f8rer med, og ved at fors\u00f8ge at genbruge s\u00e5 meget som muligt. De k\u00f8rer ogs\u00e5 velg\u00f8renhedsprogrammer i underudviklede lande i Sydamerika og Afrika.<\/p>\n<p>Bolliger har f\u00f8lgende akkrediteringer og tilknytninger:<\/p>\n<ul>\n<li> <a href=\"https:\/\/moverdb.com\/da\/allied-van-lines\/\">Allied International<\/a><\/li>\n<li> ISO 9001<\/li>\n<li> <a href=\"https:\/\/moverdb.com\/da\/fidi-faim\/\">Sammenslutningen af internationale flyttefirmaer<\/a> (FIDI)<\/li>\n<li> Internationalt netv\u00e6rk for overs\u00f8iske flytninger (OMNI)<\/li>\n<li> <a href=\"https:\/\/moverdb.com\/da\/fidi-faim\/\">FIDI akkrediteret international flyttemand<\/a> (FAIM)<\/li>\n<li> <a href=\"https:\/\/moverdb.com\/da\/iam\/\">Den internationale sammenslutning af flyttefirmaer<\/a> (<a href=\"https:\/\/moverdb.com\/da\/iam\/\" data-internallinksmanager029f6b8e52c=\"23\" title=\"International Association of Movers (IAM) Forklaret\">IAM<\/a>)<\/li>\n<li> <a href=\"https:\/\/moverdb.com\/da\/iata\/\">Den internationale lufttransportforening<\/a> (<a href=\"https:\/\/moverdb.com\/da\/iata\/\" data-internallinksmanager029f6b8e52c=\"22\" title=\"International Air Transport Association (IATA) forklaret\">IATA<\/a>)<\/li>\n<li> <a href=\"https:\/\/moverdb.com\/da\/fedemac\/\">Sammenslutningen af europ\u00e6iske flytteforeninger<\/a> (<a href=\"https:\/\/moverdb.com\/da\/fedemac\/\" data-internallinksmanager029f6b8e52c=\"15\" title=\"Federation of European Movers Association (FEDEMAC) Forklaret\">FEDEMAC<\/a>)<\/li>\n<\/ul>\n<h2>Bolliger Anmeldelser<\/h2>\n<p><strong>Positiv:<\/strong><\/p>\n<ul>\n<li> \"Vores koordinator var yderst professionel og hj\u00e6lpsom. Hun svarede p\u00e5 alle vores sp\u00f8rgsm\u00e5l og gjorde vores flytning fra Rom til Rom til en god oplevelse. <a href=\"https:\/\/moverdb.com\/da\/moving-to-london\/\">London<\/a> f\u00f8le sig let og sikker. Hun tog sig af absolut alt. Vi vil helt sikkert bruge Bolliger igen til vores n\u00e6ste flytning og kan anbefale dem til alle.\" - Bolliger kunde <a href=\"http:\/\/www.bolliger.co.uk\/testimonials.html\" target=\"_blank\" rel=\"noopener\">Vidnesbyrd<\/a><\/li>\n<li> <em>\"Alt i alt er jeg meget tilfreds med denne flytteoplevelse. Det var trommer og b\u00e6kkener, s\u00e5 det var ret f\u00f8lsomme ting. Alt ankom sikkert og til tiden. Kontakterne og kommunikationen var up\u00e5klagelig og rettidig omhu.\"<\/em> - Andrea via <a href=\"http:\/\/www.removalreviews.co.uk\/movers\/bolliger-352#2761  Read more: http:\/\/www.removalreviews.co.uk\/movers\/bolliger-352\" target=\"_blank\" rel=\"noopener\">Anmeldelser af flytning<\/a><\/li>\n<li> <em>\"Jeg skriver ikke ofte den slags anbefalinger eller anmeldelser, men jeg m\u00e5tte lige tage et par minutter for at takke Bolliger for det fantastiske arbejde med at flytte mig fra London til Berlin for nylig.\"<\/em> - davelucas via <a href=\"https:\/\/www.yell.com\/biz\/bolliger-uk-ltd-west-drayton-7150125\/\" target=\"_blank\" rel=\"noopener\">R\u00e5b<\/a><\/li>\n<\/ul>\n<p><strong>Negativ:<\/strong><\/p>\n<ul>\n<li> <em>\"Lad dig ikke narre af Bolligers salgstale og p\u00e5stande om ekspertise...\"<\/em> - Mr D Bruce via <a href=\"http:\/\/www.removalreviews.co.uk\/movers\/bolliger-352#10617  Read more: http:\/\/www.removalreviews.co.uk\/movers\/bolliger-352\" target=\"_blank\" rel=\"noopener\">Anmeldelser af flytning<\/a><\/li>\n<li> <em>\"Bolliger UK var helt forf\u00e6rdelige...... Uerfarne, ubeh\u00f8vlede og ubeh\u00f8vlede bureaufolk kom for sent og havde intet flytteudstyr med, selv om vores bookede flytning omfattede vores flygel.\"<\/em> - Don.Br via <a href=\"http:\/\/www.reviewcentre.com\/Removal-Companies\/Bolliger-www-bolliger-co-uk-reviews_2387554\" target=\"_blank\" rel=\"noopener\">Anmeldelsescenter<\/a><\/li>\n<\/ul>\n<div itemprop=\"review\" itemscope itemtype=\"http:\/\/schema.org\/Review\">\n<span itemprop=\"author\" itemscope=\"\" itemtype=\"http:\/\/schema.org\/Organization\"><span itemprop=\"name\">MoverDB.com<\/span><\/span> Online website anmeldelse for <span itemprop=\"itemreviewed\" itemscope=\"\" itemtype=\"http:\/\/schema.org\/Brand\"><span itemprop=\"name\">Bolliger<\/span><\/span>:<\/p>\n<ol>\n<li> Tydelige kontaktoplysninger p\u00e5 webstedet (herunder telefonnummer): <strong>Ja<\/strong><\/li>\n<li> Let at f\u00e5 <a href=\"https:\/\/moverdb.com\/da\/citater\/\">citater for international flytning<\/a>? (Formular til anmodning om online overslag): <strong>Ja<\/strong><\/li>\n<li> Klare oplysninger p\u00e5 webstedet: <strong>Ja,<\/strong> men ikke altid meget detaljerede.<\/li>\n<li> Medlemskab af internationalt anerkendte flytteorganisationer: <strong>Ja<\/strong>, (se ovenfor)<\/li>\n<li> Liste over kunder og\/eller tidligere kundeudtalelser: <strong>Ja,<\/strong> mange positive kundeudtalelser og generelt gode anmeldelser fra resten af internettet.<\/li>\n<\/ol>\n<div itemprop=\"reviewRating\" itemscope itemtype=\"http:\/\/schema.org\/Rating\"><meta itemprop=\"worstRating\" content = \"0\" \/><meta itemprop=\"bestRating\" content=\"5\" \/><meta itemprop=\"ratingValue\" content=\"4.5\"><\/div>\n<p><strong>Samlet score: 4.5\/5<\/strong><br \/>\n<strong>Dato for gennemgang:<\/strong> <span itemprop=\"datePublished\" content=\"2017-02-23\">23\/02\/2017<\/span>\n<\/div>\n<p>L\u00e6s mere om <a href=\"https:\/\/moverdb.com\/da\/flyttefirmaer\/\">internationale flyttefirmaer<\/a> og vores <a href=\"https:\/\/moverdb.com\/da\/anmeldelser\/\">gennemgangsproces<\/a>.<\/p>\n<p><strong>Websteder:<\/strong> IT: <a href=\"http:\/\/www.bolliger.it\/\" target=\"_blank\" rel=\"noopener\">http:\/\/www.bolliger.it\/<\/a> STORBRITANNIEN: <a href=\"http:\/\/www.bolliger.co.uk\/\" target=\"_blank\" rel=\"noopener\">http:\/\/www.bolliger.co.uk\/<\/a><\/p>","protected":false},"excerpt":{"rendered":"<p>Bolliger offers its customers a wide variety of moving services. These are listed below together with a company profile and reviews. International Moving Worldwide network of moving resources Door to door Move Manager with at least 5 years&#8217; experience Track your shipment 24\/7 House survey to ascertain packing requirements etc Insurance arranged Personal coordinator will [&hellip;]<\/p>\n","protected":false},"author":1,"featured_media":0,"parent":0,"menu_order":0,"comment_status":"closed","ping_status":"closed","template":"","meta":{"_genesis_hide_title":false,"_genesis_hide_breadcrumbs":false,"_genesis_hide_singular_image":false,"_genesis_hide_footer_widgets":false,"_genesis_custom_body_class":"","_genesis_custom_post_class":"","_genesis_layout":"","footnotes":""},"class_list":{"0":"post-1662","1":"page","2":"type-page","3":"status-publish","5":"entry"},"_links":{"self":[{"href":"https:\/\/moverdb.com\/da\/wp-json\/wp\/v2\/pages\/1662","targetHints":{"allow":["GET"]}}],"collection":[{"href":"https:\/\/moverdb.com\/da\/wp-json\/wp\/v2\/pages"}],"about":[{"href":"https:\/\/moverdb.com\/da\/wp-json\/wp\/v2\/types\/page"}],"author":[{"embeddable":true,"href":"https:\/\/moverdb.com\/da\/wp-json\/wp\/v2\/users\/1"}],"replies":[{"embeddable":true,"href":"https:\/\/moverdb.com\/da\/wp-json\/wp\/v2\/comments?post=1662"}],"version-history":[{"count":5,"href":"https:\/\/moverdb.com\/da\/wp-json\/wp\/v2\/pages\/1662\/revisions"}],"predecessor-version":[{"id":6184,"href":"https:\/\/moverdb.com\/da\/wp-json\/wp\/v2\/pages\/1662\/revisions\/6184"}],"wp:attachment":[{"href":"https:\/\/moverdb.com\/da\/wp-json\/wp\/v2\/media?parent=1662"}],"curies":[{"name":"wp","href":"https:\/\/api.w.org\/{rel}","templated":true}]}}