{"id":1648,"date":"2017-04-21T14:26:25","date_gmt":"2017-04-21T14:26:25","guid":{"rendered":"http:\/\/moverdb.com\/?page_id=1648"},"modified":"2026-01-08T14:47:58","modified_gmt":"2026-01-08T14:47:58","slug":"cma-cgm","status":"publish","type":"page","link":"https:\/\/moverdb.com\/da\/cma-cgm\/","title":{"rendered":"CMA CGM Group - Internationale skibsfartstjenester og anmeldelser"},"content":{"rendered":"<p>CMA CGM Group tilbyder sine kunder en bred vifte af shipping- og logistikl\u00f8sninger. Disse er anf\u00f8rt nedenfor sammen med en virksomhedsprofil og anmeldelser.<\/p>\n<h3>International forsendelse<\/h3>\n<p><strong>T\u00f8rre beholdere<\/strong><\/p>\n<ul>\n<li> Containere til almindelig brug (20'\/40'\/40\u2032 HC\/45\u2032 HC);<\/li>\n<li> Pallebrede containere (40\u2032 HC PW\/45\u2032 HC PW);<\/li>\n<li> Specialcontainere (flat-rack, open-top, open-side, platform, tank osv.)<\/li>\n<li> Personlig service<\/li>\n<\/ul>\n<p><strong>Reefer containere<\/strong><\/p>\n<ul>\n<li> 20\u2032 RE\/40\u2032 RH Reefercontainere,<\/li>\n<li> Markedets st\u00f8rste fl\u00e5de af 45\u2032 RH Pallet brede containere, dedikeret til intra-europ\u00e6isk handel.<\/li>\n<li> Dedikeret afdeling<\/li>\n<\/ul>\n<p><strong>XXL Cargo<\/strong><\/p>\n<ul>\n<li> Skibsfart\u00f8jer med gods med ikke-standardiserede dimensioner og v\u00e6gte<\/li>\n<li> Luksusbiler<\/li>\n<li> Helikoptere<\/li>\n<li> Store maskiner<\/li>\n<li> Jernbanevogne<\/li>\n<li> Overdimensionerede turbiner og generatorer<\/li>\n<li> Ekspertise inden for transport af breakbulk-last<\/li>\n<\/ul>\n<p><strong>Indlandstransport - Intermodale tjenester - Alle kontinenter<\/strong><\/p>\n<ul>\n<li> Omfattende d\u00f8r-til-d\u00f8r-service<\/li>\n<li> Skr\u00e6ddersyede l\u00f8sninger til indlandstransport - (jernbane, vej og flod)<\/li>\n<li> Optimer forsyningsk\u00e6den med omkostningsbesparende d\u00f8r-til-d\u00f8r-muligheder<\/li>\n<li> Attraktive specifikke tilbageholdelses- og overliggergebyrer<\/li>\n<li> N\u00f8jagtig overv\u00e5gning for rettidige leverancer<\/li>\n<li> Nem booking og opf\u00f8lgning via en<a>e-business-platform<\/a><\/li>\n<\/ul>\n<p><strong>AQUAVIVA - Forsendelse af levende hummere<\/strong><\/p>\n<ul>\n<li> D\u00f8r-til-d\u00f8r-service<\/li>\n<li> Nyt alternativ til b\u00e5de nedfrysning og dyr luftfragt<\/li>\n<li> Bevarer det naturlige hummerhabitat<\/li>\n<li> Garanterer friskhed og kvalitet fra f\u00f8rste dag, selv ved langtidsopbevaring<\/li>\n<li> Respektfuldt over for milj\u00f8et<\/li>\n<\/ul>\n<p><strong>RORO (Roll on Roll off)<\/strong><\/p>\n<ul>\n<li> <strong><a href=\"https:\/\/moverdb.com\/da\/moving-companies\/algeria\/\" data-internallinksmanager029f6b8e52c=\"166\" title=\"3 bedste internationale flyttefirmaer i Algeriet\">Algeriet<\/a><\/strong>: en rute til Mostaganem og Oran og en rute til B\u00e9ja<\/li>\n<li> <strong><a href=\"https:\/\/moverdb.com\/da\/moving-companies\/moving-companies-morocco\/\" data-internallinksmanager029f6b8e52c=\"287\" title=\"4 bedste internationale flyttefirmaer i Marokko\">Marokko<\/a><\/strong>: en rute til Casablanca<\/li>\n<li> <strong>Tunesien<\/strong>: en tjeneste til Rades og La Goulette<\/li>\n<\/ul>\n<p><strong>Fragt krydstogter<\/strong><\/p>\n<ul>\n<li> Del dagligdagen med bes\u00e6tningen<\/li>\n<li> 170 s\u00f8fartslinjer, 450 <a href=\"https:\/\/moverdb.com\/da\/top-49-container-ports\/\" data-internallinksmanager029f6b8e52c=\"80\" title=\"Top 49 st\u00f8rste og travleste containerhavne i 2025\">havne<\/a> og 150 lande<\/li>\n<li> Book for et par dage eller et par m\u00e5neder<\/li>\n<li> G\u00e5 i land i en dag eller en uge og tag det n\u00e6ste skib<\/li>\n<\/ul>\n<h2>CMA CGM Group Virksomhedsprofil<\/h2>\n<p>CMA CGM-koncernen blev startet i Marseille af Jacques R. Saad\u00e9 i 1978, som startede Compagnie Maritime d'Affr\u00e8tement (CMA). CMA havde et skib og fire ansatte, som arbejdede p\u00e5 en skibslinje mellem Beirut, Lattakia, Marseille og Livorno. <\/p>\n<p>I 1980 har CMA to skibe, 65 ansatte og har \u00e5bnet kontorer i Europa. I 1983 startede CMA sin multimodale service, som g\u00f8r det muligt at sende varer fra d\u00f8r til d\u00f8r.<\/p>\n<p>I 1999 fusionerede CGM og CMA, hvilket gjorde selskabet til nummer 12 i verden. I 2003 var selskabet steget til 5<sup>th<\/sup> stilling. I 2006 blev CMA CGM verdens 3.<sup>rd<\/sup> st\u00f8rste <a href=\"https:\/\/moverdb.com\/da\/rederier\/\" target=\"_blank\" rel=\"noopener\">container shipping og transport virksomhed<\/a>, og det er det stadig indtil i dag.<\/p>\n<p>I dag besk\u00e6ftiger CMA CGM-koncernen n\u00e6sten 25.000 mennesker p\u00e5 verdensplan og har 64 kontorer og agenturer rundt om i verden. Virksomheden har to hovedkvarterer, et i Marseille og et i Norfolk, <a href=\"https:\/\/moverdb.com\/da\/moving-to-the-united-states\/moving-to-virginia\/\" data-internallinksmanager029f6b8e52c=\"442\" title=\"Flytte til Virginia? 2026 Leveomkostninger og tips til flytning\">Virginia<\/a>. Selskabet opererer p\u00e5 170 maritime linjer og anl\u00f8ber 450 havne i 150 lande. Det er nu det tredjest\u00f8rste <a href=\"https:\/\/moverdb.com\/da\/shipping-companies\/\" data-internallinksmanager029f6b8e52c=\"4\" title=\"De 10 st\u00f8rste internationale containerrederier\">rederi<\/a> i verden og har en fl\u00e5de p\u00e5 428 skibe.<\/p>\n<p>CMA CGM har f\u00f8lgende akkrediteringer og tilknytninger:<\/p>\n<ul>\n<li> Internationalt skibssikkerhedscertifikat (ISSC)<\/li>\n<li> Sikkerhedsstyringscertifikat (SMC)<\/li>\n<li> Konventionen om s\u00f8farendes arbejde (MLC)<\/li>\n<li> <a href=\"https:\/\/moverdb.com\/da\/world-shipping-council\/\">Verdensskibsfartr\u00e5det<\/a> (<a href=\"https:\/\/moverdb.com\/da\/world-shipping-council\/\" data-internallinksmanager029f6b8e52c=\"82\" title=\"Forklaring af World Shipping Council (WSC)\">WSC<\/a>)<\/li>\n<\/ul>\n<h2>Anmeldelser af CMA CGM Group<\/h2>\n<p><em>I skrivende stund kunne vi ikke finde nogen anmeldelser af CMA CGM Group's shipping services online.<\/em><\/p>\n<div itemprop=\"review\" itemscope itemtype=\"http:\/\/schema.org\/Review\">\n<strong><span itemprop=\"author\" itemscope=\"\" itemtype=\"http:\/\/schema.org\/Organization\"><span itemprop=\"name\">MoverDB.com<\/span><\/span> Online website anmeldelse for <span itemprop=\"itemreviewed\" itemscope=\"\" itemtype=\"http:\/\/schema.org\/Brand\"><span itemprop=\"name\">CMA CGM-koncernen<\/span><\/span>:<\/strong><\/p>\n<ol>\n<li> Tydelige kontaktoplysninger p\u00e5 webstedet (herunder telefonnummer): <strong>Ja<\/strong><\/li>\n<li> Let at f\u00e5 <a href=\"https:\/\/moverdb.com\/da\/container-shipping\/\" data-internallinksmanager029f6b8e52c=\"3\" title=\"Diagram over internationale containerpriser: April 2026\">international forsendelse<\/a> citater? (Formular til anmodning om online tilbud): <strong>Nej<\/strong>, det ser ud til, at du skal registrere dig for at f\u00e5 tilbud.<\/li>\n<li> Klare oplysninger p\u00e5 webstedet: <strong>Ja,<\/strong> hjemmesiden indeholder detaljerede oplysninger om alle deres tjenester.<\/li>\n<li> Medlemskab af internationalt anerkendte s\u00f8fartsorganisationer: <strong>Ja<\/strong><\/li>\n<li> Liste over kunder og\/eller tidligere kundeudtalelser. <strong>Nej,<\/strong> der er ingen p\u00e5 deres websted.<\/li>\n<\/ol>\n<div itemprop=\"reviewRating\" itemscope itemtype=\"http:\/\/schema.org\/Rating\"><meta itemprop=\"worstRating\" content = \"0\" \/><meta itemprop=\"bestRating\" content=\"5\" \/><meta itemprop=\"ratingValue\" content=\"3.5\"><\/div>\n<p><strong>Samlet score: 3.5\/5<\/strong><br \/>\n<strong>Dato for gennemgang:<\/strong> <span itemprop=\"datePublished\" content=\"2017-04-21\">21\/04\/2017<\/span>\n<\/div>\n<p>Mere om andre <a href=\"https:\/\/moverdb.com\/da\/rederier\/\">internationale rederier<\/a>, <a href=\"https:\/\/moverdb.com\/da\/containerforsendelse\/\">priser for containertransport<\/a> og vores <a href=\"https:\/\/moverdb.com\/da\/anmeldelser\/\">gennemgangsproces<\/a>.<\/p>\n<p><strong>Hjemmeside:<\/strong> <a href=\"http:\/\/www.cma-cgm.com\/\" target=\"_blank\" rel=\"noopener\">http:\/\/www.cma-cgm.com\/<\/a><\/p>","protected":false},"excerpt":{"rendered":"<p>CMA CGM Group offers its clients a wide range of shipping and logistics solutions. These are listed below together with a company profile and reviews. International Shipping Dry Containers General-use containers (20&#8217;\/40&#8217;\/40&#8242; HC\/45&#8242; HC); Pallet wide containers (40&#8242; HC PW\/45&#8242; HC PW); Specialised containers (flat-rack, open-top, open-side, platform, tank, etc.) Personalised service Reefer Containers 20&#8242; [&hellip;]<\/p>\n","protected":false},"author":1,"featured_media":0,"parent":0,"menu_order":0,"comment_status":"closed","ping_status":"closed","template":"","meta":{"_genesis_hide_title":false,"_genesis_hide_breadcrumbs":false,"_genesis_hide_singular_image":false,"_genesis_hide_footer_widgets":false,"_genesis_custom_body_class":"","_genesis_custom_post_class":"","_genesis_layout":"","footnotes":""},"class_list":{"0":"post-1648","1":"page","2":"type-page","3":"status-publish","5":"entry"},"_links":{"self":[{"href":"https:\/\/moverdb.com\/da\/wp-json\/wp\/v2\/pages\/1648","targetHints":{"allow":["GET"]}}],"collection":[{"href":"https:\/\/moverdb.com\/da\/wp-json\/wp\/v2\/pages"}],"about":[{"href":"https:\/\/moverdb.com\/da\/wp-json\/wp\/v2\/types\/page"}],"author":[{"embeddable":true,"href":"https:\/\/moverdb.com\/da\/wp-json\/wp\/v2\/users\/1"}],"replies":[{"embeddable":true,"href":"https:\/\/moverdb.com\/da\/wp-json\/wp\/v2\/comments?post=1648"}],"version-history":[{"count":5,"href":"https:\/\/moverdb.com\/da\/wp-json\/wp\/v2\/pages\/1648\/revisions"}],"predecessor-version":[{"id":6192,"href":"https:\/\/moverdb.com\/da\/wp-json\/wp\/v2\/pages\/1648\/revisions\/6192"}],"wp:attachment":[{"href":"https:\/\/moverdb.com\/da\/wp-json\/wp\/v2\/media?parent=1648"}],"curies":[{"name":"wp","href":"https:\/\/api.w.org\/{rel}","templated":true}]}}