{"id":1642,"date":"2017-07-04T10:17:22","date_gmt":"2017-07-04T10:17:22","guid":{"rendered":"http:\/\/moverdb.com\/?page_id=1642"},"modified":"2026-01-08T14:48:07","modified_gmt":"2026-01-08T14:48:07","slug":"kroneflytning","status":"publish","type":"page","link":"https:\/\/moverdb.com\/da\/crown-moving\/","title":{"rendered":"Crown Moving Co Inc - Anmeldelser af internationale flytninger"},"content":{"rendered":"<p>Crown Moving Co Inc var baseret i <a href=\"https:\/\/moverdb.com\/da\/flytning-til-seattle\/\">Seattle<\/a> og tilb\u00f8d sine kunder en r\u00e6kke forskellige tjenester. Disse er anf\u00f8rt nedenfor sammen med en virksomhedsprofil og anmeldelser.<\/p>\n<p><strong>Internationale flytninger<\/strong><\/p>\n<p>Tjenester forud for tildeling<\/p>\n<ul>\n<li> Visum og indvandringstjenester<\/li>\n<li> Forh\u00e5ndsvisning af turen og orientering om omr\u00e5det<\/li>\n<li> Oplysninger om land og kultur<\/li>\n<\/ul>\n<p>Flyttetjenester<\/p>\n<ul>\n<li> Planl\u00e6gning f\u00f8r flytning<\/li>\n<li> Transport af ejendele<\/li>\n<li> Styring af flytningen<\/li>\n<li> Sporing af forsendelser<\/li>\n<\/ul>\n<p>Internationale destinationstjenester<\/p>\n<ul>\n<li> Kulturel og sproglig uddannelse<\/li>\n<li> Skolebistand<\/li>\n<li> St\u00f8tte fra partner\/\u00e6gtef\u00e6lle<\/li>\n<li> Indk\u00f8ring i tjenesten<\/li>\n<li> Bistand ved afrejse<\/li>\n<\/ul>\n<p>Beskyttelsestjenester<\/p>\n<ul>\n<li> V\u00e6gtmultiplikator<\/li>\n<li> Inventar af h\u00f8j v\u00e6rdi<\/li>\n<li> Opdelt v\u00e6rdifuldt inventar<\/li>\n<\/ul>\n<p>Boligst\u00f8tte<\/p>\n<ul>\n<li> Tjenester til at finde hjem<\/li>\n<li> Midlertidig indkvartering<\/li>\n<li> Forvaltning af ejendomme og lejem\u00e5l<\/li>\n<\/ul>\n<p><strong>Lokale og langdistance flytninger<\/strong><\/p>\n<ul>\n<li> Personlig flyttechef<\/li>\n<li> D\u00f8r til d\u00f8r-service<\/li>\n<li> Fuld servicepakning, skr\u00f8belig pakning eller selvpakning<\/li>\n<li> Demontering og genmontering af m\u00f8bler<\/li>\n<li> Udpakningstjeneste<\/li>\n<li> Forsikring arrangeret<\/li>\n<li> Opbevaring p\u00e5 kort og lang sigt<\/li>\n<\/ul>\n<p><strong>Kontor, industri og messer<\/strong><\/p>\n<ul>\n<li> Personlig r\u00e5dgiver i forbindelse med flytning<\/li>\n<li> Planl\u00e6gning med pr\u00e6cision<\/li>\n<li> Fra d\u00f8r til d\u00f8r<\/li>\n<li> Pakning<\/li>\n<li> Flytninger efter arbejdstid og i weekenden<\/li>\n<li> Demontering og genmontering af m\u00f8bler<\/li>\n<li> Udpakning<\/li>\n<li> IT-fjernelse og installation<\/li>\n<li> Lang- og kortsigtet opbevaring<\/li>\n<\/ul>\n<p><strong>Opbevaring<\/strong><\/p>\n<ul>\n<li> P\u00e5 lang og kort sigt<\/li>\n<li> Temperaturstyret opbevaring af arkivalier<\/li>\n<li> 24\/7 CCTV<\/li>\n<li> Brandsikring<\/li>\n<\/ul>\n<h2>Crown Moving Co Inc. virksomhedsprofil<\/h2>\n<p><em><strong>Bem\u00e6rk venligst<\/strong>: Crown Moving Co Inc er nu lukket ned. De anbefaler deres kunder at bruge: <a href=\"https:\/\/moverdb.com\/da\/bekins-van-lines\/\">Bekins Northwest<\/a> i stedet.<\/em><\/p>\n<p>Crown Moving Co Inc. blev startet i 1967 og var baseret i <a href=\"https:\/\/moverdb.com\/da\/moving-to-seattle\/\" data-internallinksmanager029f6b8e52c=\"65\" title=\"Flytter du til Seattle? 2022 Leveomkostninger og tips til flytning\">Seattle<\/a>, Washington. I 1978 blev virksomheden k\u00f8bt, og der blev \u00e5bnet nye kontorer i Moses Lake og Spokane. <\/p>\n<p>Crown Moving blev agenter for <a href=\"https:\/\/moverdb.com\/da\/mayflower-transit\/\">Mayflower<\/a> i 1982 og har derfor hele Mayflowers ekspertise samt deres egen at tr\u00e6kke p\u00e5. Selskabet var Mayflowers st\u00f8rste agent i Washington.<\/p>\n<p>Crown Moving Co Inc havde f\u00f8lgende akkrediteringer og tilknytninger:<\/p>\n<ul>\n<li> <a href=\"https:\/\/moverdb.com\/da\/amsa\/\">Amerikansk sammenslutning af flyttefirmaer<\/a> (<a href=\"https:\/\/moverdb.com\/da\/amsa\/\" data-internallinksmanager029f6b8e52c=\"5\" title=\"American Moving &amp; Storage Association (AMSA) Forklaret\">AMSA<\/a>)<\/li>\n<li> Better Business Bureau (BBB)<\/li>\n<\/ul>\n<p><strong>Crown Moving Co Inc Anmeldelser<\/strong><\/p>\n<p><strong>Positiv:<\/strong><\/p>\n<ul>\n<li> <em>\"Han m\u00f8dte op til tiden, med en vidunderlig personlighed, og vi begyndte straks at tale om de vigtige ting, som jeg havde brug for at f\u00e5 flyttet med ekstra omhu.\"<\/em> Jackie R via <a href=\"https:\/\/www.yelp.com\/biz\/crown-moving-co-seattle-2?hrid=jSdhPA7gxsSt8Syf1zSn4w&#038;utm_campaign=www_review_share_popup&#038;utm_medium=copy_link&#038;utm_source=(direct)\" target=\"_blank\" rel=\"noopener\">Yelp<\/a><\/li>\n<li> <em>\"Crown gennemf\u00f8rte mit milit\u00e6rt instruerede stationsskifte.\" <\/em> Timothy M via <a href=\"https:\/\/www.bbb.org\/\" target=\"_blank\" rel=\"noopener\">BBB<\/a><\/li>\n<\/ul>\n<p><strong>Negativ:<\/strong><\/p>\n<ul>\n<li> <em>\"Min oplevelse med Crown Moving var en oplevelse, som jeg h\u00e5ber, at jeg sent vil glemme.\"<\/em> - Rob D. via <a href=\"https:\/\/www.yelp.com\/biz\/crown-moving-co-seattle-2?hrid=i13sBXhBe0pzOXO2FJYCQQ&#038;utm_campaign=www_review_share_popup&#038;utm_medium=copy_link&#038;utm_source=(direct)\" target=\"_blank\" rel=\"noopener\">Yelp<\/a><\/li>\n<\/ul>\n<div itemprop=\"review\" itemscope itemtype=\"http:\/\/schema.org\/Review\">\n<span itemprop=\"author\" itemscope=\"\" itemtype=\"http:\/\/schema.org\/Organization\"><span itemprop=\"name\">MoverDB.com<\/span><\/span> Online website anmeldelse for <span itemprop=\"itemreviewed\" itemscope=\"\" itemtype=\"http:\/\/schema.org\/Brand\"><span itemprop=\"name\">Crown Moving Co Inc<\/span><\/span>:<\/p>\n<ol>\n<li> Tydelige kontaktoplysninger p\u00e5 webstedet (herunder telefonnummer): <strong>Ja<\/strong><\/li>\n<li> Let at f\u00e5 <a href=\"https:\/\/moverdb.com\/da\/citater\/\">citater for international flytning<\/a>? (Formular til anmodning om online overslag): <strong>Ja<\/strong><\/li>\n<li> Klare oplysninger p\u00e5 webstedet: <strong>Nej<\/strong><\/li>\n<li> Medlemskab af internationalt anerkendte flytteorganisationer: <strong>Ja<\/strong>, (se ovenfor)<\/li>\n<li> Liste over kunder og\/eller tidligere kundeudtalelser. <strong>Ikke relevant,<\/strong> da virksomheden er g\u00e5et konkurs.<\/li>\n<\/ol>\n<div itemprop=\"reviewRating\" itemscope itemtype=\"http:\/\/schema.org\/Rating\"><meta itemprop=\"worstRating\" content = \"0\" \/><meta itemprop=\"bestRating\" content=\"5\" \/><meta itemprop=\"ratingValue\" content=\"4\"><\/div>\n<p><strong>Samlet score: 4\/5<\/strong><br \/>\n<strong>Dato for gennemgang:<\/strong> <span itemprop=\"datePublished\" content=\"2017-07-04\">04\/07\/2017<\/span>\n<\/div>\n<p>L\u00e6s mere om <a href=\"https:\/\/moverdb.com\/da\/flyttefirmaer\/\">internationale flyttefirmaer<\/a>, <a href=\"https:\/\/moverdb.com\/da\/us-canada-movers\/\">indenlandske flyttefirmaer<\/a> og vores <a href=\"https:\/\/moverdb.com\/da\/anmeldelser\/\">gennemgangsprocessen forklaret<\/a>.<\/p>\n<p><strong>Hjemmeside:<\/strong> <a href=\"http:\/\/www.crownmoving.com\/\" target=\"_blank\" rel=\"noopener\">http:\/\/www.crownmoving.com\/<\/a><\/p>","protected":false},"excerpt":{"rendered":"<p>Crown Moving Co Inc was based in Seattle and offered its customers a variety of services. These are listed below together with a company profile and reviews. International Moves Pre-assignment Services Visa and immigration services Preview trip and area orientation Country and culture information Moving Services Pre-move planning Transportation of belongings Managing the move Shipment [&hellip;]<\/p>\n","protected":false},"author":1,"featured_media":0,"parent":0,"menu_order":0,"comment_status":"closed","ping_status":"closed","template":"","meta":{"_genesis_hide_title":false,"_genesis_hide_breadcrumbs":false,"_genesis_hide_singular_image":false,"_genesis_hide_footer_widgets":false,"_genesis_custom_body_class":"","_genesis_custom_post_class":"","_genesis_layout":"","footnotes":""},"class_list":{"0":"post-1642","1":"page","2":"type-page","3":"status-publish","5":"entry"},"_links":{"self":[{"href":"https:\/\/moverdb.com\/da\/wp-json\/wp\/v2\/pages\/1642","targetHints":{"allow":["GET"]}}],"collection":[{"href":"https:\/\/moverdb.com\/da\/wp-json\/wp\/v2\/pages"}],"about":[{"href":"https:\/\/moverdb.com\/da\/wp-json\/wp\/v2\/types\/page"}],"author":[{"embeddable":true,"href":"https:\/\/moverdb.com\/da\/wp-json\/wp\/v2\/users\/1"}],"replies":[{"embeddable":true,"href":"https:\/\/moverdb.com\/da\/wp-json\/wp\/v2\/comments?post=1642"}],"version-history":[{"count":5,"href":"https:\/\/moverdb.com\/da\/wp-json\/wp\/v2\/pages\/1642\/revisions"}],"predecessor-version":[{"id":6198,"href":"https:\/\/moverdb.com\/da\/wp-json\/wp\/v2\/pages\/1642\/revisions\/6198"}],"wp:attachment":[{"href":"https:\/\/moverdb.com\/da\/wp-json\/wp\/v2\/media?parent=1642"}],"curies":[{"name":"wp","href":"https:\/\/api.w.org\/{rel}","templated":true}]}}