{"id":1628,"date":"2017-04-24T11:01:52","date_gmt":"2017-04-24T11:01:52","guid":{"rendered":"http:\/\/moverdb.com\/?page_id=1628"},"modified":"2026-01-08T14:48:18","modified_gmt":"2026-01-08T14:48:18","slug":"evergreen-marine","status":"publish","type":"page","link":"https:\/\/moverdb.com\/da\/evergreen-marine\/","title":{"rendered":"Evergreen Marine (Line) - Internationale forsendelsestjenester og anmeldelser"},"content":{"rendered":"<p>Evergreen Marine, ogs\u00e5 kendt som Evergreen Line, er en taiwansk containertransport- og <a href=\"https:\/\/moverdb.com\/da\/shipping-companies\/\" data-internallinksmanager029f6b8e52c=\"4\" title=\"De 10 st\u00f8rste internationale containerrederier\">rederi<\/a>. Virksomheden tilbyder sine kunder en bred vifte af tjenester. Disse er anf\u00f8rt nedenfor sammen med en virksomhedsprofil og anmeldelser.<\/p>\n<h3>International forsendelse<\/h3>\n<p><strong>Alt-i-en service<\/strong><\/p>\n<ul>\n<li> Oversigt over forsendelser<\/li>\n<li> Booking<\/li>\n<li> B\/L-instruktion<\/li>\n<li> B\/L korrekturl\u00e6sning<\/li>\n<li> <a href=\"https:\/\/moverdb.com\/da\/moving-to-the-united-states\/\" data-internallinksmanager029f6b8e52c=\"94\" title=\"Flytter du til USA? 2022 Leveomkostninger og flyttetips\">USA<\/a> import\u00f8rens sikkerhedsdokumentation (ISF)<\/li>\n<\/ul>\n<p><strong>Intermodale tjenester<\/strong><\/p>\n<ul>\n<li> Levering fra d\u00f8r til d\u00f8r<\/li>\n<li> Hav, flod, vej og jernbane<\/li>\n<\/ul>\n<p><strong>T\u00f8rlastcontainere<\/strong><\/p>\n<ul>\n<li> S\u00e6rligt udpeget salgsperson<\/li>\n<li> 20\u2032 st\u00e5l t\u00f8rlastcontainer<\/li>\n<li> 40\u2032 st\u00e5l t\u00f8rlastcontainer<\/li>\n<li> 40\u2032 Hi-Cube t\u00f8rlastcontainer<\/li>\n<li> 45\u2032 Hi-Cube t\u00f8rlastcontainer<\/li>\n<\/ul>\n<p><strong>Reefer Container<\/strong><\/p>\n<ul>\n<li> 20\u2032 MGSS-k\u00f8lebeholder<\/li>\n<li> 20\u2032 k\u00f8lecontainer af aluminium<\/li>\n<li> 40\u2032 Hi-Cube k\u00f8lecontainer<\/li>\n<li> 40\u2032 Hi-Cube k\u00f8lecontainer af aluminium<\/li>\n<\/ul>\n<p><strong>S\u00e6rlig beholder<\/strong><\/p>\n<ul>\n<li> 20\u2032 \u00e5ben topbeholder i fuld h\u00f8jde<\/li>\n<li> 20\u2032 flad rackbeholder med fire fritst\u00e5ende stolper<\/li>\n<li> 20\u2032 flad rackbeholder med sammenklappelig ende<\/li>\n<li> 40\u2032 flad rackcontainer med fire fritst\u00e5ende stolper<\/li>\n<li> 40\u2032 flad rackcontainer med sammenklappelig ende<\/li>\n<li> 40\u2032 \u00e5ben topbeholder i fuld h\u00f8jde<\/li>\n<li> 40\u2032 Hi-cube hangar container<\/li>\n<\/ul>\n<h2>Evergreen Marine virksomhedsprofil<\/h2>\n<p>Evergreen-koncernens f\u00f8rste selskab, Evergreen Marine Corporation, blev etableret i Taiwan den 1.<sup>st<\/sup> September 1968 af Dr. Yung-Fa Chang med et brugt fragtskib. Evergreen begyndte <a href=\"https:\/\/moverdb.com\/da\/container-shipping\/\" data-internallinksmanager029f6b8e52c=\"3\" title=\"Diagram over internationale containerpriser: Marts 2026\">containertransport<\/a> i 1975, og i 1985 var selskabet blevet verdens st\u00f8rste inden for containertransport.<\/p>\n<p>Selskabet opererer nu under varem\u00e6rket \"Evergreen Line\" sammen med Evergreen Marine Corp. (Taiwan) Ltd., Evergreen Marine (<a href=\"https:\/\/moverdb.com\/da\/moving-to-the-uk\/\" data-internallinksmanager029f6b8e52c=\"93\" title=\"Flytter du til Det Forenede Kongerige? 2022 Leveomkostninger og flyttetips\">UK<\/a>) Ltd., Evergreen Marine (<a href=\"https:\/\/moverdb.com\/da\/moving-to-hong-kong\/\" data-internallinksmanager029f6b8e52c=\"350\" title=\"Flytter du til Hong Kong? 2026 Leveomkostninger og tips til flytning\">Hong Kong<\/a>) Ltd., Italia Marittima S.p.A. og Evergreen Marine (<a href=\"https:\/\/moverdb.com\/da\/moving-to-singapore\/\" data-internallinksmanager029f6b8e52c=\"68\" title=\"Flytter du til Singapore? 2022 Leveomkostninger og tips til flytning\">Singapore<\/a>) Pte Ltd.<\/p>\n<p>Evergreen lever op til sit navn med sine st\u00f8rste skibe i 7024 TEU S-serien, som er specielt konstrueret til at have den mindst mulige indvirkning p\u00e5 milj\u00f8et.<\/p>\n<p>Evergreen Marine har f\u00f8lgende akkrediteringer og tilknytninger:<\/p>\n<ul>\n<li> ISO 9001 2000<\/li>\n<li> ISO 9002<\/li>\n<li> International sikkerhedsstyring (ISM)<\/li>\n<li> SOLAS<\/li>\n<li> OPA90<\/li>\n<li> IMDG<\/li>\n<li> <a href=\"https:\/\/moverdb.com\/da\/world-shipping-council\/\">Verdensskibsfartr\u00e5det<\/a> (<a href=\"https:\/\/moverdb.com\/da\/world-shipping-council\/\" data-internallinksmanager029f6b8e52c=\"82\" title=\"Forklaring af World Shipping Council (WSC)\">WSC<\/a>)<\/li>\n<li> M\u00e5ling af drivhusgasser i Stillehavet (PGGM)<\/li>\n<\/ul>\n<h2>Evergreen Marine Anmeldelser<\/h2>\n<p>P\u00e5 tidspunktet for offentligg\u00f8relsen kunne vi ikke finde nogen positive eller negative anmeldelser af Evergreen Marine eller Evergreen lines p\u00e5 nettet.<\/p>\n<div itemprop=\"review\" itemscope itemtype=\"http:\/\/schema.org\/Review\">\n<strong><span itemprop=\"author\" itemscope=\"\" itemtype=\"http:\/\/schema.org\/Organization\"><span itemprop=\"name\">MoverDB.com<\/span><\/span> Online website anmeldelse for <span itemprop=\"itemreviewed\" itemscope=\"\" itemtype=\"http:\/\/schema.org\/Brand\"><span itemprop=\"name\">Evergreen Marine<\/span><\/span>:<\/strong><\/p>\n<ol>\n<li> Tydelige kontaktoplysninger p\u00e5 webstedet (herunder telefonnummer): <strong>Ja<\/strong><\/li>\n<li> Er det nemt at f\u00e5 tilbud p\u00e5 international forsendelse? (Formular til anmodning om online-estimat): <strong>Ja<\/strong>, kan rekvireres via kontaktformularen.<\/li>\n<li> Klare oplysninger p\u00e5 webstedet: <strong>Ja,<\/strong> hjemmesiden indeholder detaljerede oplysninger om alle deres tjenester.<\/li>\n<li> Medlemskab af internationalt anerkendte s\u00f8fartsorganisationer: <strong>Ja<\/strong><\/li>\n<li> Liste over kunder og\/eller tidligere kundeudtalelser. <strong>Nej,<\/strong> der er ingen p\u00e5 deres websted.<\/li>\n<\/ol>\n<div itemprop=\"reviewRating\" itemscope itemtype=\"http:\/\/schema.org\/Rating\"><meta itemprop=\"worstRating\" content = \"0\" \/><meta itemprop=\"bestRating\" content=\"5\" \/><meta itemprop=\"ratingValue\" content=\"4\"><\/div>\n<p><strong>Samlet score: 4\/5<\/strong><br \/>\n<strong>Dato for gennemgang:<\/strong> <span itemprop=\"datePublished\" content=\"2017-04-24\">24\/04\/2017<\/span>\n<\/div>\n<p>Mere om andre <a href=\"https:\/\/moverdb.com\/da\/rederier\/\">containerrederier<\/a>, <a href=\"https:\/\/moverdb.com\/da\/containerforsendelse\/\">internationale containerforsendelsesomkostninger<\/a> og vores <a href=\"https:\/\/moverdb.com\/da\/anmeldelser\/\">gennemgangsproces<\/a>.<\/p>\n<p><strong>Websteder:<\/strong> <\/p>\n<ul>\n<li> <a href=\"http:\/\/www.evergreen-line.com\/\" target=\"_blank\" rel=\"noopener\">http:\/\/www.evergreen-line.com\/<\/a><\/li>\n<li> <a href=\"http:\/\/www.evergreen-marine.co.uk\/\" target=\"_blank\" rel=\"noopener\">http:\/\/www.evergreen-marine.co.uk\/<\/a><\/li>\n<li> <a href=\"http:\/\/www.evergreen-marine.com\/\" target=\"_blank\" rel=\"noopener\">http:\/\/www.evergreen-marine.com\/<\/a><\/li>\n<li> <a href=\"http:\/\/www.evergreen-marine.com.hk\/\" target=\"_blank\" rel=\"noopener\">http:\/\/www.evergreen-marine.com.hk\/<\/a><\/li>\n<li> <a href=\"http:\/\/www.evergreen-marine.com.sg\/\" target=\"_blank\" rel=\"noopener\">http:\/\/www.evergreen-marine.com.sg\/<\/a><\/li>\n<li> <a href=\"http:\/\/www.italiamarittima.it\/\" target=\"_blank\" rel=\"noopener\">http:\/\/www.italiamarittima.it\/<\/a><\/li>\n<\/ul>","protected":false},"excerpt":{"rendered":"<p>Evergreen Marine, also known as Evergreen Line, is a Taiwanese container transportation and shipping company. It offers its clients a wide array of services. These are listed below together with a company profile and reviews. International Shipping All-in-one Service Shipment overview Booking B\/L instruction B\/L proofreading US importer security filing (ISF) Intermodal Services Door to [&hellip;]<\/p>\n","protected":false},"author":1,"featured_media":0,"parent":0,"menu_order":0,"comment_status":"closed","ping_status":"closed","template":"","meta":{"_genesis_hide_title":false,"_genesis_hide_breadcrumbs":false,"_genesis_hide_singular_image":false,"_genesis_hide_footer_widgets":false,"_genesis_custom_body_class":"","_genesis_custom_post_class":"","_genesis_layout":"","footnotes":""},"class_list":{"0":"post-1628","1":"page","2":"type-page","3":"status-publish","5":"entry"},"_links":{"self":[{"href":"https:\/\/moverdb.com\/da\/wp-json\/wp\/v2\/pages\/1628","targetHints":{"allow":["GET"]}}],"collection":[{"href":"https:\/\/moverdb.com\/da\/wp-json\/wp\/v2\/pages"}],"about":[{"href":"https:\/\/moverdb.com\/da\/wp-json\/wp\/v2\/types\/page"}],"author":[{"embeddable":true,"href":"https:\/\/moverdb.com\/da\/wp-json\/wp\/v2\/users\/1"}],"replies":[{"embeddable":true,"href":"https:\/\/moverdb.com\/da\/wp-json\/wp\/v2\/comments?post=1628"}],"version-history":[{"count":3,"href":"https:\/\/moverdb.com\/da\/wp-json\/wp\/v2\/pages\/1628\/revisions"}],"predecessor-version":[{"id":6206,"href":"https:\/\/moverdb.com\/da\/wp-json\/wp\/v2\/pages\/1628\/revisions\/6206"}],"wp:attachment":[{"href":"https:\/\/moverdb.com\/da\/wp-json\/wp\/v2\/media?parent=1628"}],"curies":[{"name":"wp","href":"https:\/\/api.w.org\/{rel}","templated":true}]}}