{"id":16251,"date":"2024-05-15T12:46:06","date_gmt":"2024-05-15T12:46:06","guid":{"rendered":"https:\/\/moverdb.com\/?page_id=16251"},"modified":"2026-01-08T15:04:50","modified_gmt":"2026-01-08T15:04:50","slug":"best-places-to-live-estonia","status":"publish","type":"page","link":"https:\/\/moverdb.com\/da\/moving-to-estonia\/best-places-to-live-estonia\/","title":{"rendered":"De 12 bedste steder at bo i Estland"},"content":{"rendered":"<p><a href=\"https:\/\/moverdb.com\/da\/moving-to-estonia\/\" data-internallinksmanager029f6b8e52c=\"430\" title=\"Flytter du til Estland? 2026 Leveomkostninger og tips til flytning\">Estland<\/a> er et nordeurop\u00e6isk land, der gr\u00e6nser op til Golfen <a href=\"https:\/\/moverdb.com\/da\/moving-to-finland\/\" data-internallinksmanager029f6b8e52c=\"345\" title=\"Flytter du til Finland? 2026 Leveomkostninger og tips til flytning\">Finland<\/a> og \u00d8sters\u00f8en. Estland er kendt for sine spektakul\u00e6re skove, charmerende gamle byer og rige historie og er i de senere \u00e5r blevet en popul\u00e6r destination for expats, der \u00f8nsker at flytte.<\/p>\n<p>Vi kigger p\u00e5 de bedste steder at bo i Estland for arbejde, familier, immigranter og meget mere.<\/p>\n<p>Lad os starte med at se p\u00e5 de bedste steder at bo i Estland.<\/p>\n<div id=\"ez-toc-container\" class=\"ez-toc-v2_0_82_2 ez-toc-wrap-left counter-hierarchy ez-toc-counter ez-toc-transparent ez-toc-container-direction\">\n<div class=\"ez-toc-title-container\">\n<p class=\"ez-toc-title\" style=\"cursor:inherit\">Sektioner<\/p>\n<span class=\"ez-toc-title-toggle\"><a href=\"#\" class=\"ez-toc-pull-right ez-toc-btn ez-toc-btn-xs ez-toc-btn-default ez-toc-toggle\" aria-label=\"Toggle indholdsfortegnelse\"><span class=\"ez-toc-js-icon-con\"><span class=\"\"><span class=\"eztoc-hide\" style=\"display:none;\">Toggle<\/span><span class=\"ez-toc-icon-toggle-span\"><svg style=\"fill: #999;color:#999\" xmlns=\"http:\/\/www.w3.org\/2000\/svg\" class=\"list-377408\" width=\"20px\" height=\"20px\" viewbox=\"0 0 24 24\" fill=\"none\"><path d=\"M6 6H4v2h2V6zm14 0H8v2h12V6zM4 11h2v2H4v-2zm16 0H8v2h12v-2zM4 16h2v2H4v-2zm16 0H8v2h12v-2z\" fill=\"currentColor\"><\/path><\/svg><svg style=\"fill: #999;color:#999\" class=\"arrow-unsorted-368013\" xmlns=\"http:\/\/www.w3.org\/2000\/svg\" width=\"10px\" height=\"10px\" viewbox=\"0 0 24 24\" version=\"1.2\" baseprofile=\"tiny\"><path d=\"M18.2 9.3l-6.2-6.3-6.2 6.3c-.2.2-.3.4-.3.7s.1.5.3.7c.2.2.4.3.7.3h11c.3 0 .5-.1.7-.3.2-.2.3-.5.3-.7s-.1-.5-.3-.7zM5.8 14.7l6.2 6.3 6.2-6.3c.2-.2.3-.5.3-.7s-.1-.5-.3-.7c-.2-.2-.4-.3-.7-.3h-11c-.3 0-.5.1-.7.3-.2.2-.3.5-.3.7s.1.5.3.7z\"\/><\/svg><\/span><\/span><\/span><\/a><\/span><\/div>\n<nav><ul class='ez-toc-list ez-toc-list-level-1 eztoc-toggle-hide-by-default' ><li class='ez-toc-page-1 ez-toc-heading-level-2'><a class=\"ez-toc-link ez-toc-heading-1\" href=\"https:\/\/moverdb.com\/da\/moving-to-estonia\/best-places-to-live-estonia\/#Best_Places_To_Live_In_Estonia\" >De bedste steder at bo i Estland<\/a><\/li><li class='ez-toc-page-1 ez-toc-heading-level-2'><a class=\"ez-toc-link ez-toc-heading-2\" href=\"https:\/\/moverdb.com\/da\/moving-to-estonia\/best-places-to-live-estonia\/#Best_Places_To_Live_In_Estonia_for_Work\" >De bedste steder at bo i Estland for at arbejde<\/a><\/li><li class='ez-toc-page-1 ez-toc-heading-level-2'><a class=\"ez-toc-link ez-toc-heading-3\" href=\"https:\/\/moverdb.com\/da\/moving-to-estonia\/best-places-to-live-estonia\/#Cheapest_Places_To_Live_In_Estonia\" >De billigste steder at bo i Estland<\/a><\/li><li class='ez-toc-page-1 ez-toc-heading-level-2'><a class=\"ez-toc-link ez-toc-heading-4\" href=\"https:\/\/moverdb.com\/da\/moving-to-estonia\/best-places-to-live-estonia\/#Best_Places_To_Live_In_Estonia_for_Families\" >De bedste steder at bo i Estland for familier<\/a><\/li><li class='ez-toc-page-1 ez-toc-heading-level-2'><a class=\"ez-toc-link ez-toc-heading-5\" href=\"https:\/\/moverdb.com\/da\/moving-to-estonia\/best-places-to-live-estonia\/#Best_Places_To_Live_In_Estonia_for_Immigrants\" >De bedste steder at bo i Estland for immigranter<\/a><\/li><li class='ez-toc-page-1 ez-toc-heading-level-2'><a class=\"ez-toc-link ez-toc-heading-6\" href=\"https:\/\/moverdb.com\/da\/moving-to-estonia\/best-places-to-live-estonia\/#Best_Places_To_Live_In_Estonia_for_Retirement\" >De bedste steder at bo i Estland som pensionist<\/a><\/li><li class='ez-toc-page-1 ez-toc-heading-level-2'><a class=\"ez-toc-link ez-toc-heading-7\" href=\"https:\/\/moverdb.com\/da\/moving-to-estonia\/best-places-to-live-estonia\/#Best_Places_To_Live_In_Estonia_for_Young_Adults\" >De bedste steder at bo i Estland for unge voksne<\/a><\/li><li class='ez-toc-page-1 ez-toc-heading-level-2'><a class=\"ez-toc-link ez-toc-heading-8\" href=\"https:\/\/moverdb.com\/da\/moving-to-estonia\/best-places-to-live-estonia\/#Best_Places_To_Live_In_Estonia_for_Students\" >De bedste steder at bo i Estland for studerende<\/a><\/li><li class='ez-toc-page-1 ez-toc-heading-level-2'><a class=\"ez-toc-link ez-toc-heading-9\" href=\"https:\/\/moverdb.com\/da\/moving-to-estonia\/best-places-to-live-estonia\/#Best_Places_To_Live_In_Estonia_for_Food_and_Nightlife\" >De bedste steder at bo i Estland, n\u00e5r det g\u00e6lder mad og natteliv<\/a><\/li><li class='ez-toc-page-1 ez-toc-heading-level-2'><a class=\"ez-toc-link ez-toc-heading-10\" href=\"https:\/\/moverdb.com\/da\/moving-to-estonia\/best-places-to-live-estonia\/#Best_Places_To_Live_In_Estonia_for_Singles\" >De bedste steder at bo i Estland for singler<\/a><\/li><li class='ez-toc-page-1 ez-toc-heading-level-2'><a class=\"ez-toc-link ez-toc-heading-11\" href=\"https:\/\/moverdb.com\/da\/moving-to-estonia\/best-places-to-live-estonia\/#Best_Places_To_Live_In_Estonia_for_the_Weather\" >De bedste steder at bo i Estland p\u00e5 grund af vejret<\/a><\/li><li class='ez-toc-page-1 ez-toc-heading-level-2'><a class=\"ez-toc-link ez-toc-heading-12\" href=\"https:\/\/moverdb.com\/da\/moving-to-estonia\/best-places-to-live-estonia\/#Best_Places_To_Live_In_Estonia_Near_Beaches\" >Bedste steder at bo i Estland n\u00e6r strande<\/a><\/li><li class='ez-toc-page-1 ez-toc-heading-level-2'><a class=\"ez-toc-link ez-toc-heading-13\" href=\"https:\/\/moverdb.com\/da\/moving-to-estonia\/best-places-to-live-estonia\/#Other_Useful_Guides_to_Estonia\" >Andre nyttige guider til Estland<\/a><\/li><\/ul><\/nav><\/div>\n<h2><span class=\"ez-toc-section\" id=\"Best_Places_To_Live_In_Estonia\"><\/span>De bedste steder at bo i Estland<span class=\"ez-toc-section-end\"><\/span><\/h2>\n\n<table id=\"tablepress-447\" class=\"tablepress tablepress-id-447\">\n<thead>\n<tr class=\"row-1\">\n\t<th class=\"column-1\">By<\/th><th class=\"column-2\">Begrundelse<\/th>\n<\/tr>\n<\/thead>\n<tbody class=\"row-striping row-hover\">\n<tr class=\"row-2\">\n\t<td class=\"column-1\">Tallinn<\/td><td class=\"column-2\">Bedst til arbejde<\/td>\n<\/tr>\n<tr class=\"row-3\">\n\t<td class=\"column-1\">Viljandi<\/td><td class=\"column-2\">Bedst med hensyn til prisvenlighed<\/td>\n<\/tr>\n<tr class=\"row-4\">\n\t<td class=\"column-1\">Tallinn<\/td><td class=\"column-2\">Bedst for familier<\/td>\n<\/tr>\n<tr class=\"row-5\">\n\t<td class=\"column-1\">Parnu<\/td><td class=\"column-2\">Bedst for indvandrere<\/td>\n<\/tr>\n<tr class=\"row-6\">\n\t<td class=\"column-1\">Hiiumaa<\/td><td class=\"column-2\">Bedst til pensionering<\/td>\n<\/tr>\n<tr class=\"row-7\">\n\t<td class=\"column-1\">Tallinn<\/td><td class=\"column-2\">Bedst for unge voksne<\/td>\n<\/tr>\n<tr class=\"row-8\">\n\t<td class=\"column-1\">Tartu<\/td><td class=\"column-2\">Bedst for studerende<\/td>\n<\/tr>\n<tr class=\"row-9\">\n\t<td class=\"column-1\">Tallinn<\/td><td class=\"column-2\">Bedst for mad og natteliv<\/td>\n<\/tr>\n<tr class=\"row-10\">\n\t<td class=\"column-1\">Tartu<\/td><td class=\"column-2\">Bedst for singler<\/td>\n<\/tr>\n<tr class=\"row-11\">\n\t<td class=\"column-1\">Viljandi<\/td><td class=\"column-2\">Bedst til vejret<\/td>\n<\/tr>\n<tr class=\"row-12\">\n\t<td class=\"column-1\">Saaremaa<\/td><td class=\"column-2\">Bedst til strande<\/td>\n<\/tr>\n<\/tbody>\n<\/table>\n<!-- #tablepress-447 from cache -->\n<h2><span class=\"ez-toc-section\" id=\"Best_Places_To_Live_In_Estonia_for_Work\"><\/span>De bedste steder at bo i Estland for at arbejde<span class=\"ez-toc-section-end\"><\/span><\/h2>\n<p><img loading=\"lazy\" decoding=\"async\" class=\"alignnone size-full wp-image-15229\" src=\"https:\/\/moverdb.com\/wp-content\/uploads\/estonia-tallinn-best-for-work.jpg\" alt=\"\" width=\"1000\" height=\"663\" srcset=\"https:\/\/moverdb.com\/wp-content\/uploads\/estonia-tallinn-best-for-work.jpg 1000w, https:\/\/moverdb.com\/wp-content\/uploads\/estonia-tallinn-best-for-work-300x200.jpg 300w, https:\/\/moverdb.com\/wp-content\/uploads\/estonia-tallinn-best-for-work-18x12.jpg 18w\" sizes=\"auto, (max-width: 1000px) 100vw, 1000px\" \/><\/p>\n<p>Tallinn er Estlands hovedstad og en af de bedste byer for expats at overveje, hvis man h\u00e5ber p\u00e5 at flytte til et sted med gode jobmuligheder. Tallinn ligger ved \u00d8sters\u00f8en og er ogs\u00e5 kendt for at v\u00e6re et kulturelt knudepunkt for landet og har en unik kulturarv.<\/p>\n<p>De vigtigste arbejdsomr\u00e5der i Tallinn er energisektoren, industrisektoren og servicesektoren. Der er ogs\u00e5 et stort marked for engelskl\u00e6rere i Estland, og de, der leder efter et job inden for dette omr\u00e5de, kan finde mange muligheder.<\/p>\n<p>Tartu er den n\u00e6stst\u00f8rste by i Estland og er en anden god mulighed for expats, der h\u00e5ber p\u00e5 at finde et job.<\/p>\n<h2><span class=\"ez-toc-section\" id=\"Cheapest_Places_To_Live_In_Estonia\"><\/span>De billigste steder at bo i Estland<span class=\"ez-toc-section-end\"><\/span><\/h2>\n<p><img loading=\"lazy\" decoding=\"async\" class=\"alignnone size-full wp-image-15232\" src=\"https:\/\/moverdb.com\/wp-content\/uploads\/estonia-viljandi-best-for-affordability.jpg\" alt=\"\" width=\"1000\" height=\"667\" srcset=\"https:\/\/moverdb.com\/wp-content\/uploads\/estonia-viljandi-best-for-affordability.jpg 1000w, https:\/\/moverdb.com\/wp-content\/uploads\/estonia-viljandi-best-for-affordability-300x200.jpg 300w, https:\/\/moverdb.com\/wp-content\/uploads\/estonia-viljandi-best-for-affordability-18x12.jpg 18w\" sizes=\"auto, (max-width: 1000px) 100vw, 1000px\" \/><\/p>\n<p>Estland anses for at v\u00e6re et ganske overkommeligt land med lave leveomkostninger og rimelige boligudgifter. Hvis du h\u00e5ber p\u00e5 at kunne flytte med et mindre budget, kan Estland v\u00e6re det perfekte land for dig.<\/p>\n<p>En af de mest prisvenlige byer i Estland er Viljandi, som ligger i den sydlige del af landet mellem P\u00e4rnu og Tartu. Den har en charmerende atmosf\u00e6re med masser af gr\u00f8nne omr\u00e5der og smukke s\u00f8er.<\/p>\n<p>Der er meget historie i Viljandi, og byen har slotte og museer, og der er flere festivaler, som finder sted hvert \u00e5r.<\/p>\n<p>P\u00e4rnu er en anden god by, som har mere overkommelige omkostninger end nogle af de andre byer i landet, og som har en sjov og livlig stemning med gode faciliteter.<\/p>\n<h2><span class=\"ez-toc-section\" id=\"Best_Places_To_Live_In_Estonia_for_Families\"><\/span>De bedste steder at bo i Estland for familier<span class=\"ez-toc-section-end\"><\/span><\/h2>\n<p><img loading=\"lazy\" decoding=\"async\" class=\"alignnone size-full wp-image-15233\" src=\"https:\/\/moverdb.com\/wp-content\/uploads\/estonia-tallinn-best-for-families.jpg\" alt=\"\" width=\"1000\" height=\"667\" srcset=\"https:\/\/moverdb.com\/wp-content\/uploads\/estonia-tallinn-best-for-families.jpg 1000w, https:\/\/moverdb.com\/wp-content\/uploads\/estonia-tallinn-best-for-families-300x200.jpg 300w, https:\/\/moverdb.com\/wp-content\/uploads\/estonia-tallinn-best-for-families-18x12.jpg 18w\" sizes=\"auto, (max-width: 1000px) 100vw, 1000px\" \/><\/p>\n<p>N\u00e5r man skal flytte med en familie p\u00e5 sl\u00e6b, er det vigtigt at sikre sig, at det sted, man v\u00e6lger, har alle de faktorer, man skal bruge for at holde familien sikker og glad. Hovedstaden Tallinn er en af de bedste byer at overveje for expats, der flytter med deres familier.<\/p>\n<p>Den er kendt som landets kulturelle og sociale hovedstad og har overkommelige leveomkostninger samt adgang til gratis offentlig transport for indbyggerne. Der tales meget engelsk i byen, og der er flere gode skoler for internationale studerende.<\/p>\n<p>Tartu er en anden god by at overveje for udstationerede familier. Tartu er en universitetsby med en stor studenterbefolkning og er ogs\u00e5 et godt valg for dem, der nyder nattelivet.<\/p>\n<h2><span class=\"ez-toc-section\" id=\"Best_Places_To_Live_In_Estonia_for_Immigrants\"><\/span>De bedste steder at bo i Estland for immigranter<span class=\"ez-toc-section-end\"><\/span><\/h2>\n<p><img loading=\"lazy\" decoding=\"async\" class=\"alignnone size-full wp-image-15235\" src=\"https:\/\/moverdb.com\/wp-content\/uploads\/estonia-parnu-best-for-immigrants.jpg\" alt=\"\" width=\"1000\" height=\"563\" srcset=\"https:\/\/moverdb.com\/wp-content\/uploads\/estonia-parnu-best-for-immigrants.jpg 1000w, https:\/\/moverdb.com\/wp-content\/uploads\/estonia-parnu-best-for-immigrants-300x169.jpg 300w, https:\/\/moverdb.com\/wp-content\/uploads\/estonia-parnu-best-for-immigrants-18x10.jpg 18w\" sizes=\"auto, (max-width: 1000px) 100vw, 1000px\" \/><\/p>\n<p>Parnu ligger i det sydvestlige Estland og er prim\u00e6rt kendt som en ferieby. Den ligger ca. 80 km fra byens centrum og tiltr\u00e6kker masser af turister hvert \u00e5r med sine dramatiske strande.<\/p>\n<p>Parnu er en god mulighed for immigranter, der gerne vil undg\u00e5 at bo i byens centrum og i stedet v\u00e6lge en mere afslappet by. Indbyggerne i Parnu er venlige, og der tales meget engelsk; det er ogs\u00e5 kendt for at v\u00e6re en familievenlig by.<\/p>\n<p>Tallinn er en anden god mulighed for immigranter. Som hovedstad er der et stort eksisterende expat-samfund og masser af jobmuligheder.<\/p>\n<h2><span class=\"ez-toc-section\" id=\"Best_Places_To_Live_In_Estonia_for_Retirement\"><\/span>De bedste steder at bo i Estland som pensionist<span class=\"ez-toc-section-end\"><\/span><\/h2>\n<p><img loading=\"lazy\" decoding=\"async\" class=\"alignnone size-full wp-image-15236\" src=\"https:\/\/moverdb.com\/wp-content\/uploads\/estonia-hiiumaa-best-for-retirement.jpg\" alt=\"\" width=\"1000\" height=\"667\" srcset=\"https:\/\/moverdb.com\/wp-content\/uploads\/estonia-hiiumaa-best-for-retirement.jpg 1000w, https:\/\/moverdb.com\/wp-content\/uploads\/estonia-hiiumaa-best-for-retirement-300x200.jpg 300w, https:\/\/moverdb.com\/wp-content\/uploads\/estonia-hiiumaa-best-for-retirement-18x12.jpg 18w\" sizes=\"auto, (max-width: 1000px) 100vw, 1000px\" \/><\/p>\n<p class=\"MuiTypography-root MuiTypography-body1 mui-tw73me-bold-title\" data-automation=\"asset-title\">Hiiumaa er en af de st\u00f8rre \u00f8er i Estland og er en god mulighed for dem, der h\u00e5ber p\u00e5 at g\u00e5 p\u00e5 pension i landet. Da \u00f8en ligger s\u00e5 afsides (man kan tage f\u00e6rgen over til fastlandet, eller der er en lille lufthavn), er den bedst for dem, der flytter hertil, eller for dem, der har en fjern arbejdsplads.<\/p>\n<p data-automation=\"asset-title\">Med endel\u00f8se kystlinjer har Hiiumaa flere fyrt\u00e5rne, som tiltr\u00e6kker masser af turister, og de, der nyder naturen, vil opdage, at der er masser af udend\u00f8rs aktiviteter. Byen<\/p>\n<p data-automation=\"asset-title\">For dem, der er p\u00e5 udkig efter noget, der g\u00e5r lidt langsommere, er byen Haapsalu et perfekt valg, fordi det er en kystby, der nyder den enest\u00e5ende natur og sin spakultur; der er flere mudderspa, tr\u00e6bygninger og restauranter.<\/p>\n<h2 data-automation=\"asset-title\"><span class=\"ez-toc-section\" id=\"Best_Places_To_Live_In_Estonia_for_Young_Adults\"><\/span>De bedste steder at bo i Estland for unge voksne<span class=\"ez-toc-section-end\"><\/span><\/h2>\n<p><img loading=\"lazy\" decoding=\"async\" class=\"alignnone size-full wp-image-15245\" src=\"https:\/\/moverdb.com\/wp-content\/uploads\/estonia-tallinn-best-for-young-adults.jpg\" alt=\"\" width=\"1000\" height=\"591\" srcset=\"https:\/\/moverdb.com\/wp-content\/uploads\/estonia-tallinn-best-for-young-adults.jpg 1000w, https:\/\/moverdb.com\/wp-content\/uploads\/estonia-tallinn-best-for-young-adults-300x177.jpg 300w, https:\/\/moverdb.com\/wp-content\/uploads\/estonia-tallinn-best-for-young-adults-18x12.jpg 18w\" sizes=\"auto, (max-width: 1000px) 100vw, 1000px\" \/><\/p>\n<p>Estlands hovedstad, Tallinn, er uden sammenligning den bedste by i landet for unge voksne. Der tales meget engelsk i landet, og det betragtes ogs\u00e5 som det kulturelle centrum, da der afholdes flere festivaler og begivenheder i l\u00f8bet af \u00e5ret.<\/p>\n<p>Byens fantastiske arkitektur bidrager til dens charme, og der er flere steder, man kan tage hen for at finde nye f\u00e6llesskaber og m\u00f8de ligesindede. Der er flere barer, natklubber og spisesteder i hele byen, og du vil opdage, at Tallinn er relativt billig i forhold til andre europ\u00e6iske lande.<\/p>\n<p>Unge voksne, der h\u00e5ber p\u00e5 at komme t\u00e6ttere p\u00e5 havet, b\u00f8r overveje byen Parnu. Kystbyen er ideel for dem, der elsker stranden, og har stadig alle de overkommelige faciliteter, man kan forvente i en moderne by.<\/p>\n<h2><span class=\"ez-toc-section\" id=\"Best_Places_To_Live_In_Estonia_for_Students\"><\/span>De bedste steder at bo i Estland for studerende<span class=\"ez-toc-section-end\"><\/span><\/h2>\n<p><img loading=\"lazy\" decoding=\"async\" class=\"alignnone size-full wp-image-15246\" src=\"https:\/\/moverdb.com\/wp-content\/uploads\/estonia-tartu-best-for-students.jpg\" alt=\"\" width=\"1000\" height=\"667\" srcset=\"https:\/\/moverdb.com\/wp-content\/uploads\/estonia-tartu-best-for-students.jpg 1000w, https:\/\/moverdb.com\/wp-content\/uploads\/estonia-tartu-best-for-students-300x200.jpg 300w, https:\/\/moverdb.com\/wp-content\/uploads\/estonia-tartu-best-for-students-18x12.jpg 18w\" sizes=\"auto, (max-width: 1000px) 100vw, 1000px\" \/><\/p>\n<p>Tartu er den bedste by i landet for internationale studerende, der \u00f8nsker at studere i landet. Ud over sine fremragende uddannelsesinstitutioner har byen ogs\u00e5 et pulserende natteliv med masser af caf\u00e9er, klubber og barer.<\/p>\n<p>Byen er hjemsted for Tartu Universitet, som er en af de \u00e6ldste uddannelsesinstitutioner i landet og arbejder med Erasmus-programmet for at st\u00f8tte studerende, der h\u00e5ber p\u00e5 at studere i landet. Tartu ligger t\u00e6t p\u00e5 hovedstaden og har en livlig atmosf\u00e6re med en stor studenterbefolkning.<\/p>\n<p>Tallinn er en anden god by for internationale studerende at overveje - byen er hjemsted for Tallinn University of Technology, som i \u00f8jeblikket er v\u00e6rt for internationale studerende fra mere end 60 lande. Hovedstadens gratis offentlige transportsystem og billige boliger g\u00f8r den ogs\u00e5 til en god mulighed.<\/p>\n<h2><span class=\"ez-toc-section\" id=\"Best_Places_To_Live_In_Estonia_for_Food_and_Nightlife\"><\/span>De bedste steder at bo i Estland, n\u00e5r det g\u00e6lder mad og natteliv<span class=\"ez-toc-section-end\"><\/span><\/h2>\n<p><img loading=\"lazy\" decoding=\"async\" class=\"alignnone size-full wp-image-15248\" src=\"https:\/\/moverdb.com\/wp-content\/uploads\/estonia-tallinn-best-for-food-and-nightlife.jpg\" alt=\"\" width=\"1000\" height=\"678\" srcset=\"https:\/\/moverdb.com\/wp-content\/uploads\/estonia-tallinn-best-for-food-and-nightlife.jpg 1000w, https:\/\/moverdb.com\/wp-content\/uploads\/estonia-tallinn-best-for-food-and-nightlife-300x203.jpg 300w, https:\/\/moverdb.com\/wp-content\/uploads\/estonia-tallinn-best-for-food-and-nightlife-18x12.jpg 18w\" sizes=\"auto, (max-width: 1000px) 100vw, 1000px\" \/><\/p>\n<p>Tallinn er den bedste by i Estland for b\u00e5de mad- og nattelivselskere. Med en charmerende, men levende atmosf\u00e6re har byen arrangementer og m\u00f8desteder for alle slags festdeltagere samt mange forskellige spisesteder med nationale og internationale retter.<\/p>\n<p>Hovedstaden er ber\u00f8mt for nationalretten r\u00e4im (baltisk dv\u00e6rgsild), og mange retter indeholder kartofler, fisk og k\u00f8d. En s\u00e6rlig sandwich ved navn kiluv\u00f5ileib er en af de mest elskede retter og best\u00e5r af sm\u00f8r, asier, salat, pocherede \u00e6g og meget mere.<\/p>\n<p>N\u00e5r det g\u00e6lder nattelivet, har Tallinn den mest aktive og livlige festscene med mange forskellige steder som barer, klubber og raves. Der afholdes ogs\u00e5 masser af festivaler i byen i l\u00f8bet af \u00e5ret, som tr\u00e6kker masser af turister til hvert \u00e5r.<\/p>\n<h2><span class=\"ez-toc-section\" id=\"Best_Places_To_Live_In_Estonia_for_Singles\"><\/span>De bedste steder at bo i Estland for singler<span class=\"ez-toc-section-end\"><\/span><\/h2>\n<p><img loading=\"lazy\" decoding=\"async\" class=\"alignnone size-full wp-image-15250\" src=\"https:\/\/moverdb.com\/wp-content\/uploads\/estonia-tartu-best-for-singles.jpg\" alt=\"\" width=\"1000\" height=\"749\" srcset=\"https:\/\/moverdb.com\/wp-content\/uploads\/estonia-tartu-best-for-singles.jpg 1000w, https:\/\/moverdb.com\/wp-content\/uploads\/estonia-tartu-best-for-singles-300x225.jpg 300w, https:\/\/moverdb.com\/wp-content\/uploads\/estonia-tartu-best-for-singles-16x12.jpg 16w\" sizes=\"auto, (max-width: 1000px) 100vw, 1000px\" \/><\/p>\n<p>Tartu er en af de bedste byer i Estland for singler, der h\u00e5ber p\u00e5 at finde nye venner og danne nye f\u00e6llesskaber. Der er masser af underholdningssteder i byen, s\u00e5som caf\u00e9er, vinbarer, teatre, museer og meget mere.<\/p>\n<p>Ud over at byde p\u00e5 en rig kultur er byen en af de bedste, n\u00e5r det g\u00e6lder leveomkostninger og billige boliger. Der er flere forskellige kvarterer at v\u00e6lge imellem i Tartu, og der er allerede etableret et stort expat-samfund i byen.<\/p>\n<p>Tallinn er en anden god by for dem, der h\u00e5ber p\u00e5 at flytte til Estland for at f\u00e5 nye venner og etablere et f\u00e6llesskab med hinanden. Boligerne er til at betale i hovedstaden, og der er allerede etableret flere expat-f\u00e6llesskaber i forskellige kvarterer.<\/p>\n<h2><span class=\"ez-toc-section\" id=\"Best_Places_To_Live_In_Estonia_for_the_Weather\"><\/span>De bedste steder at bo i Estland p\u00e5 grund af vejret<span class=\"ez-toc-section-end\"><\/span><\/h2>\n<p><img loading=\"lazy\" decoding=\"async\" class=\"alignnone size-full wp-image-15251\" src=\"https:\/\/moverdb.com\/wp-content\/uploads\/estonia-viljandi-best-for-weather.jpg\" alt=\"\" width=\"1000\" height=\"667\" srcset=\"https:\/\/moverdb.com\/wp-content\/uploads\/estonia-viljandi-best-for-weather.jpg 1000w, https:\/\/moverdb.com\/wp-content\/uploads\/estonia-viljandi-best-for-weather-300x200.jpg 300w, https:\/\/moverdb.com\/wp-content\/uploads\/estonia-viljandi-best-for-weather-18x12.jpg 18w\" sizes=\"auto, (max-width: 1000px) 100vw, 1000px\" \/><\/p>\n<p>De, der gerne vil nyde den estiske sommer, opfordres til at flytte til byen Viljandi. Estlands klima er tempereret og mildt med varme somre og ret strenge vintre.<\/p>\n<p>Da landet ligger ret t\u00e6t p\u00e5 \u00d8sters\u00f8en, kan vejret v\u00e6re omskifteligt, og der er ofte ret kraftige briser. Viljandi ligger i den sydlige del af landet og er en af de bedre muligheder for expats, der \u00f8nsker at flytte til et sted, hvor de kan nyde det varme solskin.<\/p>\n<p>Viljandi er omgivet af bjerge, s\u00f8er og enest\u00e5ende naturudsigter og er samtidig et vigtigt kulturelt sted i byen. De, der h\u00e5ber p\u00e5 at komme t\u00e6ttere p\u00e5 kysten, kan v\u00e6lge mellem de mange \u00f8er, som landet best\u00e5r af, herunder Hiiumaa Island og Kihnu Island.<\/p>\n<h2><span class=\"ez-toc-section\" id=\"Best_Places_To_Live_In_Estonia_Near_Beaches\"><\/span>Bedste steder at bo i Estland n\u00e6r strande<span class=\"ez-toc-section-end\"><\/span><\/h2>\n<p><img loading=\"lazy\" decoding=\"async\" class=\"alignnone size-full wp-image-15253\" src=\"https:\/\/moverdb.com\/wp-content\/uploads\/estonia-saaremaa-best-for-beaches.jpg\" alt=\"\" width=\"1000\" height=\"563\" srcset=\"https:\/\/moverdb.com\/wp-content\/uploads\/estonia-saaremaa-best-for-beaches.jpg 1000w, https:\/\/moverdb.com\/wp-content\/uploads\/estonia-saaremaa-best-for-beaches-300x169.jpg 300w, https:\/\/moverdb.com\/wp-content\/uploads\/estonia-saaremaa-best-for-beaches-18x10.jpg 18w\" sizes=\"auto, (max-width: 1000px) 100vw, 1000px\" \/><\/p>\n<p>Saaremaa er Estlands st\u00f8rste \u00f8 og er en af de bedste muligheder for expats, der \u00f8nsker at tilbringe s\u00e5 meget tid som muligt ved kysten. Hovedstaden Kuressaare er et popul\u00e6rt sted for dem, der er nye p\u00e5 \u00f8en, og det er nemt at g\u00e5 rundt.<\/p>\n<p>Tuhkana er en af de bedste strande p\u00e5 Saaremaa og et af de bedste steder at sv\u00f8mme og dyrke anden vandsport. Der er mange gallerier, museer og andre kulturelle steder, som beboerne kan bes\u00f8ge, samt spisesteder.<\/p>\n<p>Parnu er en anden fremragende mulighed for dem, der h\u00e5ber p\u00e5 at flytte t\u00e6t p\u00e5 kysten. Der er masser af strande omkring byen, herunder P\u00e4rnu Beach, Valgerand og Kabli Beach. Der er ogs\u00e5 masser at lave i byen, og leveomkostningerne er overkommelige.<\/p>\n<h2><span class=\"ez-toc-section\" id=\"Other_Useful_Guides_to_Estonia\"><\/span>Andre nyttige guider til Estland<span class=\"ez-toc-section-end\"><\/span><\/h2>\n<ul>\n<li> <a href=\"https:\/\/moverdb.com\/da\/moving-to-estonia\/\">Flytter du til Estland? 2026 Leveomkostninger og tips til flytning<\/a><\/li>\n<li> <a href=\"https:\/\/moverdb.com\/da\/flyttefirmaer\/flyttefirmaer-estland\/\">4 bedste internationale flyttefirmaer i Estland<\/a><\/li>\n<li> <a href=\"https:\/\/moverdb.com\/da\/containerforsendelse\/estland\/\">2023 S\u00f8fragt containerforsendelsespriser til og fra Estland<\/a><\/li>\n<\/ul>","protected":false},"excerpt":{"rendered":"<p>Estonia is a northern European country that borders the Gulf of Finland and the Baltic Sea. Known for its spectacular woodlands, charming old town and rich history, Estonia has become a popular destination for expats looking to relocate in recent years. We&#8217;ll be taking a look at the best places to live in Estonia for [&hellip;]<\/p>\n","protected":false},"author":1,"featured_media":0,"parent":5702,"menu_order":0,"comment_status":"closed","ping_status":"closed","template":"","meta":{"_genesis_hide_title":false,"_genesis_hide_breadcrumbs":false,"_genesis_hide_singular_image":false,"_genesis_hide_footer_widgets":false,"_genesis_custom_body_class":"","_genesis_custom_post_class":"","_genesis_layout":"","footnotes":""},"class_list":{"0":"post-16251","1":"page","2":"type-page","3":"status-publish","5":"entry"},"_links":{"self":[{"href":"https:\/\/moverdb.com\/da\/wp-json\/wp\/v2\/pages\/16251","targetHints":{"allow":["GET"]}}],"collection":[{"href":"https:\/\/moverdb.com\/da\/wp-json\/wp\/v2\/pages"}],"about":[{"href":"https:\/\/moverdb.com\/da\/wp-json\/wp\/v2\/types\/page"}],"author":[{"embeddable":true,"href":"https:\/\/moverdb.com\/da\/wp-json\/wp\/v2\/users\/1"}],"replies":[{"embeddable":true,"href":"https:\/\/moverdb.com\/da\/wp-json\/wp\/v2\/comments?post=16251"}],"version-history":[{"count":2,"href":"https:\/\/moverdb.com\/da\/wp-json\/wp\/v2\/pages\/16251\/revisions"}],"predecessor-version":[{"id":16253,"href":"https:\/\/moverdb.com\/da\/wp-json\/wp\/v2\/pages\/16251\/revisions\/16253"}],"up":[{"embeddable":true,"href":"https:\/\/moverdb.com\/da\/wp-json\/wp\/v2\/pages\/5702"}],"wp:attachment":[{"href":"https:\/\/moverdb.com\/da\/wp-json\/wp\/v2\/media?parent=16251"}],"curies":[{"name":"wp","href":"https:\/\/api.w.org\/{rel}","templated":true}]}}