{"id":1624,"date":"2017-02-24T09:47:42","date_gmt":"2017-02-24T09:47:42","guid":{"rendered":"http:\/\/moverdb.com\/?page_id=1624"},"modified":"2026-01-08T13:18:22","modified_gmt":"2026-01-08T13:18:22","slug":"gil-stauffer","status":"publish","type":"page","link":"https:\/\/moverdb.com\/da\/gil-stauffer\/","title":{"rendered":"Gil Stauffer - Anmeldelser af internationale flytninger og flytninger"},"content":{"rendered":"<p>Gil Stauffer er en spansk <a href=\"https:\/\/moverdb.com\/da\/international-removals\/\" data-internallinksmanager029f6b8e52c=\"27\" title=\"De 36 bedste internationale flyttefirmaer i Storbritannien\">flyttefirma<\/a> med hovedkvarter i <a href=\"https:\/\/moverdb.com\/da\/moving-to-spain\/moving-to-madrid\/\" data-internallinksmanager029f6b8e52c=\"413\" title=\"Flytter du til Madrid? 2026 Leveomkostninger og tips til flytning\">Madrid<\/a>. Virksomheden har mange tjenester at tilbyde sine kunder, og disse er anf\u00f8rt nedenfor sammen med en virksomhedsprofil og anmeldelser.<\/p>\n<p><strong>Internationale flytninger<\/strong><\/p>\n<ul>\n<li> Personlig flytteplan<\/li>\n<li> Fra d\u00f8r til d\u00f8r<\/li>\n<li> S\u00f8fragt eller luftfragt<\/li>\n<li> Fuld pakningsservice, delvis pakning eller selvpakning<\/li>\n<li> Demontering og genmontering af m\u00f8bler<\/li>\n<li> Udpakningsservice tilg\u00e6ngelig<\/li>\n<li> Toldklarering og hj\u00e6lp med dokumentation<\/li>\n<li> Forsikring arrangeret<\/li>\n<li> Kort- og langtidsopbevaring tilg\u00e6ngelig<\/li>\n<\/ul>\n<p><strong>Nationale og lokale flytninger<\/strong><\/p>\n<ul>\n<li> Personlig flytteplan<\/li>\n<li> Fra d\u00f8r til d\u00f8r<\/li>\n<li> Fuld pakningsservice, delvis pakning eller selvpakning<\/li>\n<li> Udpakningsservice tilg\u00e6ngelig<\/li>\n<li> Demontering og genmontering af m\u00f8bler<\/li>\n<li> Rydning af affald<\/li>\n<li> Forsikring arrangeret<\/li>\n<li> Kort- og langtidsopbevaring tilg\u00e6ngelig<\/li>\n<\/ul>\n<p><strong>Kommercielle flytninger<\/strong><\/p>\n<ul>\n<li> Logistisk plan<\/li>\n<li> Flytning efter arbejdstid<\/li>\n<li> Fra d\u00f8r til d\u00f8r<\/li>\n<li> Demontering og genmontering af alle m\u00f8bler<\/li>\n<li> Fjernelse og geninstallation af computere<\/li>\n<li> Rydning af affald<\/li>\n<li> Flytning af personale<\/li>\n<\/ul>\n<p><strong>Flytning af medarbejdere<\/strong><\/p>\n<ul>\n<li> Arbejdstilladelser<\/li>\n<li> Husjagt<\/li>\n<li> Sprogundervisning<\/li>\n<li> Midlertidige boliger<\/li>\n<li> Udlejning af m\u00f8bler<\/li>\n<li> S\u00f8gning efter en skole<\/li>\n<li> Hotelreservationer<\/li>\n<li> Bankkonti<\/li>\n<li> Leasing- og lejeaftaler<\/li>\n<li> Aftaler om v\u00e6sentlige tjenesteydelser<\/li>\n<li> Kurser i kultur og skikke<\/li>\n<\/ul>\n<p><strong>Beholdere og opbevaring<\/strong><\/p>\n<ul>\n<li> Varer, der opbevares i hermetisk forseglede tr\u00e6beholdere<\/li>\n<li> 24\/7 sikkerhed<\/li>\n<li> Klima kontrolleret<\/li>\n<li> Beholdere, der er behandlet til skadedyrsbek\u00e6mpelse<\/li>\n<li> Forholdsregler mod brand<\/li>\n<\/ul>\n<p><strong>Afdelingen for dokumenter<\/strong><\/p>\n<ul>\n<li> Dokumenter arkiver<\/li>\n<li> Opbevaring af fortrolig dokumentation<\/li>\n<li> Elektronisk opbevaring af arkiver er tilg\u00e6ngelig<\/li>\n<li> H\u00f8j grad af sikkerhed<\/li>\n<li> Klima kontrolleret<\/li>\n<\/ul>\n<p><strong>Transport af kunstv\u00e6rker<\/strong><\/p>\n<ul>\n<li> Flytteudstillinger<\/li>\n<li> H\u00f8j grad af teknisk ekspertise<\/li>\n<li> S\u00e6rlige h\u00e5ndteringsteknikker<\/li>\n<li> Flyttebiler er klimakontrollerede<\/li>\n<\/ul>\n<p><strong>Kurertjeneste<\/strong><\/p>\n<ul>\n<li> Lokale og internationale<\/li>\n<li> Pakker eller dokumenter<\/li>\n<li> Spor online<\/li>\n<li> Ingen v\u00e6gtgr\u00e6nse<\/li>\n<li> Luftfragt, s\u00f8fragt eller landtransport<\/li>\n<\/ul>\n<h2>Gil Stauffer virksomhedsprofil<\/h2>\n<p>Gil Stauffer er et spansk flyttefirma, som blev grundlagt i 1905. Virksomhedens hovedkontor ligger i Madrid, og der er 33 kontorer fordelt rundt om i <a href=\"https:\/\/moverdb.com\/da\/moving-to-spain\/\" data-internallinksmanager029f6b8e52c=\"266\" title=\"Flytter du til Spanien? 2026 Leveomkostninger og flyttetips\">Spanien<\/a> og Balearerne. Virksomheden kan prale af, at den kan flytte kunderne hvor som helst og p\u00e5 alle \u00e5rets dage. Selskabet har kontorer i Europa, Europa <a href=\"https:\/\/moverdb.com\/da\/moving-to-the-united-states\/\" data-internallinksmanager029f6b8e52c=\"94\" title=\"Flytter du til USA? 2022 Leveomkostninger og flyttetips\">USA<\/a>, Oceanien, Asien og Afrika.<\/p>\n<p>Gil Stauffer er stolt af sin pioner\u00e5nd. I 1950'erne konstruerede virksomheden den eneste lastbil i Spanien, som kunne flytte enkeltlast p\u00e5 op til 200 tons. Virksomheden var ogs\u00e5 en af de f\u00f8rste til at anvende containerekspresstogssystemet (TECO) for over 70 \u00e5r siden.<\/p>\n<p>Virksomheden har specialiserede uddannelsesprogrammer og insisterer p\u00e5, at personalet i den internationale afdeling taler fremragende engelsk og andre sprog. Virksomheden r\u00e5der over en imponerende vognpark, der d\u00e6kker alle mulige kundebehov.<\/p>\n<p>Virksomheden tilbyder sine kunder internationale og indenlandske flytninger, samt virksomheds- og kontorflytninger og flytning af medarbejdere.<br \/>\nGil Stauffer har f\u00f8lgende akkrediteringer og tilknytninger:<\/p>\n<ul>\n<li> <a href=\"https:\/\/moverdb.com\/da\/fidi-faim\/\">FIDI<\/a><\/li>\n<li> <a href=\"https:\/\/moverdb.com\/da\/iam\/\">IAM<\/a><\/li>\n<li> <a href=\"https:\/\/moverdb.com\/da\/amsa\/\">AMSA<\/a><\/li>\n<li> <a href=\"https:\/\/moverdb.com\/da\/fedemac\/\">FEDEMAC<\/a><\/li>\n<li> <a href=\"https:\/\/moverdb.com\/da\/lacma\/\">LACMA<\/a><\/li>\n<li> PAIMA<\/li>\n<\/ul>\n<h2>Anmeldelser af Gil Stauffer Company<\/h2>\n<p><strong>Positiv:<\/strong><\/p>\n<ul>\n<li> Ingen tilg\u00e6ngelige, og der kunne ikke findes nogen udtalelser p\u00e5 stedet<\/li>\n<\/ul>\n<p><strong>Negativ:<\/strong><\/p>\n<ul>\n<li> <em>\"Du skal ikke bruge Gil Stauffer til at flytte dine ting. Du vil fortryde det.\"<\/em> - Craig Bugden via <a href=\"https:\/\/uk.trustpilot.com\/reviews\/56ec28640000ff00094734c0\" target=\"_blank\" rel=\"noopener\">Trustpilot<\/a><\/li>\n<\/ul>\n<div itemprop=\"review\" itemscope itemtype=\"http:\/\/schema.org\/Review\">\n<span itemprop=\"author\" itemscope=\"\" itemtype=\"http:\/\/schema.org\/Organization\"><span itemprop=\"name\">MoverDB.com<\/span><\/span> Online website anmeldelse for <span itemprop=\"itemreviewed\" itemscope=\"\" itemtype=\"http:\/\/schema.org\/Brand\"><span itemprop=\"name\">Gil Stauffer<\/span><\/span>:<\/p>\n<ol>\n<li> Tydelige kontaktoplysninger p\u00e5 webstedet (herunder telefonnummer): <strong>Ja<\/strong><\/li>\n<li> Let at f\u00e5 <a href=\"https:\/\/moverdb.com\/da\/citater\/\">citater for international flytning<\/a>? (Formular til anmodning om online overslag): <strong>Ja<\/strong>, men kun via e-mail (ingen formular)<\/li>\n<li> Klare oplysninger p\u00e5 webstedet: <strong>Nogle,<\/strong> Hjemmesiden indeholder en rimelig m\u00e6ngde oplysninger om deres tjenester, men g\u00e5r ikke s\u00e5 meget i detaljer.<\/li>\n<li> Medlemskab af internationalt anerkendte flytteorganisationer: <strong>Ja<\/strong>, men de er ikke opf\u00f8rt p\u00e5 deres websted<\/li>\n<li> Liste over kunder og\/eller tidligere kundeudtalelser: <strong>Nej,<\/strong> og den eneste anmeldelse, vi kunne finde om dem p\u00e5 engelsk, var negativ.<\/li>\n<\/ol>\n<div itemprop=\"reviewRating\" itemscope itemtype=\"http:\/\/schema.org\/Rating\"><meta itemprop=\"worstRating\" content = \"0\" \/><meta itemprop=\"bestRating\" content=\"5\" \/><meta itemprop=\"ratingValue\" content=\"3.5\"><\/div>\n<p><strong>Samlet score: 3.5\/5<\/strong><br \/>\n<strong>Dato for gennemgang:<\/strong> <span itemprop=\"datePublished\" content=\"2017-02-24\">24\/02\/2017<\/span>\n<\/div>\n<p>L\u00e6s mere om <a href=\"https:\/\/moverdb.com\/da\/flyttefirmaer\/\">internationale flyttefirmaer<\/a> og vores <a href=\"https:\/\/moverdb.com\/da\/anmeldelser\/\">gennemgangsproces<\/a>.<\/p>\n<p><strong>Hjemmeside:<\/strong> <a href=\"http:\/\/www.gil-stauffer.com\/?lang=en\" target=\"_blank\" rel=\"noopener\">http:\/\/www.gil-stauffer.com\/<\/a><\/p>","protected":false},"excerpt":{"rendered":"<p>Gil Stauffer is a Spanish removal company with its headquarters in Madrid. The company has many services to offer its customers and these are listed below together with a company profile and reviews. International Moves Personalised moving plan Door to door Sea freight or air freight Full packing service, partial packing or self-packing Disassembly and [&hellip;]<\/p>\n","protected":false},"author":1,"featured_media":0,"parent":0,"menu_order":0,"comment_status":"closed","ping_status":"closed","template":"","meta":{"_genesis_hide_title":false,"_genesis_hide_breadcrumbs":false,"_genesis_hide_singular_image":false,"_genesis_hide_footer_widgets":false,"_genesis_custom_body_class":"","_genesis_custom_post_class":"","_genesis_layout":"","footnotes":""},"class_list":{"0":"post-1624","1":"page","2":"type-page","3":"status-publish","5":"entry"},"_links":{"self":[{"href":"https:\/\/moverdb.com\/da\/wp-json\/wp\/v2\/pages\/1624","targetHints":{"allow":["GET"]}}],"collection":[{"href":"https:\/\/moverdb.com\/da\/wp-json\/wp\/v2\/pages"}],"about":[{"href":"https:\/\/moverdb.com\/da\/wp-json\/wp\/v2\/types\/page"}],"author":[{"embeddable":true,"href":"https:\/\/moverdb.com\/da\/wp-json\/wp\/v2\/users\/1"}],"replies":[{"embeddable":true,"href":"https:\/\/moverdb.com\/da\/wp-json\/wp\/v2\/comments?post=1624"}],"version-history":[{"count":3,"href":"https:\/\/moverdb.com\/da\/wp-json\/wp\/v2\/pages\/1624\/revisions"}],"predecessor-version":[{"id":6215,"href":"https:\/\/moverdb.com\/da\/wp-json\/wp\/v2\/pages\/1624\/revisions\/6215"}],"wp:attachment":[{"href":"https:\/\/moverdb.com\/da\/wp-json\/wp\/v2\/media?parent=1624"}],"curies":[{"name":"wp","href":"https:\/\/api.w.org\/{rel}","templated":true}]}}