{"id":1610,"date":"2017-04-24T11:17:52","date_gmt":"2017-04-24T11:17:52","guid":{"rendered":"http:\/\/moverdb.com\/?page_id=1610"},"modified":"2026-01-08T13:18:28","modified_gmt":"2026-01-08T13:18:28","slug":"hapag-lloyd","status":"publish","type":"page","link":"https:\/\/moverdb.com\/da\/hapag-lloyd\/","title":{"rendered":"Hapag-Lloyd - Internationale forsendelsestjenester og anmeldelser"},"content":{"rendered":"<p>Hapag-Lloyd er et globalt <a href=\"https:\/\/moverdb.com\/da\/shipping-companies\/\" data-internallinksmanager029f6b8e52c=\"4\" title=\"De 10 st\u00f8rste internationale containerrederier\">rederi<\/a> med hoveds\u00e6de i Hamborg, <a href=\"https:\/\/moverdb.com\/da\/moving-to-germany\/\" data-internallinksmanager029f6b8e52c=\"321\" title=\"Flytter du til Tyskland? 2026 Leveomkostninger og flyttetips\">Tyskland<\/a>. Virksomheden tilbyder sine kunder en bred vifte af shipping- og logistikl\u00f8sninger. Disse er anf\u00f8rt nedenfor sammen med en virksomhedsprofil og anmeldelser.<\/p>\n<h3>International forsendelse<\/h3>\n<p><strong>T\u00f8rlast<\/strong><\/p>\n<ul>\n<li> Bredt udvalg af containerl\u00f8sninger<\/li>\n<li> Hurtige transittider<\/li>\n<li> P\u00e5lidelighed i tidsplanen<\/li>\n<li> D\u00f8r til d\u00f8r service tilbydes<\/li>\n<li> Kemiske forsendelser, overholdelse af regler<\/li>\n<\/ul>\n<p><strong>Reefer Cargo<\/strong><\/p>\n<ul>\n<li> Frugt, gr\u00f8ntsager, k\u00f8d, fisk, blomster<\/li>\n<li> Farmaceutiske produkter af h\u00f8j v\u00e6rdi<\/li>\n<li> Kontrolleret atmosf\u00e6re<\/li>\n<li> ExtraFresh- og EverFresh-teknologi anvendes til at reducere kondensering<\/li>\n<li> Professionelle behandlere<\/li>\n<\/ul>\n<p><strong>Farligt gods<\/strong><\/p>\n<ul>\n<li> Personlige l\u00f8sninger til enhver kompleks transport af farligt gods<\/li>\n<li> 24\/7 support fra eksperter i farligt gods p\u00e5 alle regionale hovedkontorer (Hamburg, Valparaiso, Piscataway og <a href=\"https:\/\/moverdb.com\/da\/moving-to-singapore\/\" data-internallinksmanager029f6b8e52c=\"68\" title=\"Flytter du til Singapore? 2022 Leveomkostninger og tips til flytning\">Singapore<\/a>)<\/li>\n<li> Flere eksperter i farligt gods p\u00e5 vagt i weekenderne<\/li>\n<li> Hurtig og p\u00e5lidelig bookingkontrol for at sikre internationale lovkrav og en smidig transport af varer<\/li>\n<li> Korrekt stuvning og adskillelse om bord for at sikre en sikker s\u00f8rejse for al last<\/li>\n<li> Anvend i givet fald sikre transportforanstaltninger, der g\u00e5r ud over kravene i IMDG-koden.<\/li>\n<\/ul>\n<p><strong>S\u00e6rlig last<\/strong><\/p>\n<ul>\n<li> Specialiseret team<\/li>\n<li> Breakbulk - eksperter planl\u00e6gger overdimensionerede projekter<\/li>\n<\/ul>\n<p><strong>Beholdere<\/strong><\/p>\n<ul>\n<li> Opfylde ISO-kravene<\/li>\n<li> T\u00f8rlast - Standard, Standard High Cube, Standard Hardtop, Standard High Cube Hardtop<\/li>\n<li> Reefer Cargo - opretholder temperaturen fra -35\u00b0C til +30\u00b0C<\/li>\n<li> Lav egenv\u00e6gt = design med h\u00f8j nyttelast<\/li>\n<li> Special Cargo - Flatrack\/Platform, Flatrack High Cube, Open Top\/Hard Top, Open Top High Cube, Hardtop High Cube, Hardtop High Cube.<\/li>\n<\/ul>\n<p><strong>Krydstogter<\/strong><\/p>\n<ul>\n<li> 125 \u00e5rs erfaring<\/li>\n<li> Krydstogter i hele verden<\/li>\n<\/ul>\n<h2>Hapag-Lloyds virksomhedsprofil<\/h2>\n<p>Hapag-Lloyd blev grundlagt i 1970, da Hamburg-Amerikanische Packetfahrt-Actien-Gesellschaft (Hapag) og Norddeutscher Lloyd fusionerede. Begge disse selskaber begyndte i midten af det 19. \u00e5rhundrede, da udvandringen fra Europa til <a href=\"https:\/\/moverdb.com\/da\/moving-to-the-united-states\/\" data-internallinksmanager029f6b8e52c=\"94\" title=\"Flytter du til USA? 2022 Leveomkostninger og flyttetips\">USA<\/a> begyndte for alvor.<\/p>\n<p>I dag betjener Hapag-Lloyd markeder og kunder globalt og har et omfattende netv\u00e6rk af linjeskibe, der forbinder verden. Der er over 190 skibe, som i gennemsnit transporterer 7,4 TEU om \u00e5ret. Virksomheden besk\u00e6ftiger ca. 9 300 medarbejdere og har over 600 kontorer i 120 lande rundt om i verden. <\/p>\n<p>Hapag-Lloyds fl\u00e5de har en samlet kapacitet p\u00e5 955.000 TEU og en containerbeholdning p\u00e5 1,5 millioner TEU. Den har en af verdens st\u00f8rste og mest moderne k\u00f8lecontainerfl\u00e5der.<\/p>\n<p>Hapag-Lloyd har f\u00f8lgende akkrediteringer og tilknytninger:<\/p>\n<ul>\n<li> Internationalt skibssikkerhedscertifikat (ISSC)<\/li>\n<li> Sikkerhedsstyringscertifikat (SMC)<\/li>\n<li> Konventionen om s\u00f8farendes arbejde (MLC)<\/li>\n<li> <a href=\"https:\/\/moverdb.com\/da\/world-shipping-council\/\">Verdensskibsfartr\u00e5det<\/a> (<a href=\"https:\/\/moverdb.com\/da\/world-shipping-council\/\" data-internallinksmanager029f6b8e52c=\"82\" title=\"Forklaring af World Shipping Council (WSC)\">WSC<\/a>)<\/li>\n<\/ul>\n<h2>Hapag-Lloyd Shipping Anmeldelser<\/h2>\n<p><em>I skrivende stund kunne vi ikke finde nogen anmeldelser af Hapag-Lloyds skibsfartstjenester p\u00e5 nettet.<\/em>  <\/p>\n<p><strong><\/p>\n<div itemprop=\"review\" itemscope itemtype=\"http:\/\/schema.org\/Review\">\n<span itemprop=\"author\" itemscope=\"\" itemtype=\"http:\/\/schema.org\/Organization\"><span itemprop=\"name\">MoverDB.com<\/span><\/span> Online website anmeldelse for <span itemprop=\"itemreviewed\" itemscope=\"\" itemtype=\"http:\/\/schema.org\/Brand\"><span itemprop=\"name\">Hapag-Lloyd<\/span><\/span>:<\/strong>.<\/p>\n<ol>\n<li> Tydelige kontaktoplysninger p\u00e5 webstedet (herunder telefonnummer): <strong>Ja<\/strong><\/li>\n<li> Let at f\u00e5 <a href=\"https:\/\/moverdb.com\/da\/container-shipping\/\" data-internallinksmanager029f6b8e52c=\"3\" title=\"Diagram over internationale containerpriser: April 2026\">international forsendelse<\/a> citater? (Formular til anmodning om online tilbud): <strong>Ja<\/strong><\/li>\n<li> Klare oplysninger p\u00e5 webstedet: <strong>Ja,<\/strong> Hjemmesiden er meget detaljeret og godt designet.<\/li>\n<li> Medlemskab af internationalt anerkendte s\u00f8fartsorganisationer: <strong>Ja<\/strong>, (se ovenfor).<\/li>\n<li> Liste over kunder og\/eller tidligere kundeudtalelser. <strong>Nej,<\/strong> men de angiver priser og certificeringer.<\/li>\n<\/ol>\n<div itemprop=\"reviewRating\" itemscope itemtype=\"http:\/\/schema.org\/Rating\"><meta itemprop=\"worstRating\" content = \"0\" \/><meta itemprop=\"bestRating\" content=\"5\" \/><meta itemprop=\"ratingValue\" content=\"4.5\"><\/div>\n<p><strong>Samlet score: 4.5\/5<\/strong><br \/>\n<strong>Dato for gennemgang:<\/strong> <span itemprop=\"datePublished\" content=\"2017-04-24\">24\/04\/2017<\/span>\n<\/div>\n<p>Mere om andre <a href=\"https:\/\/moverdb.com\/da\/rederier\/\">internationale rederier<\/a>, <a href=\"https:\/\/moverdb.com\/da\/containerforsendelse\/\">omkostninger til containertransport<\/a> og vores <a href=\"https:\/\/moverdb.com\/da\/anmeldelser\/\">gennemgangsproces<\/a>.<\/p>\n<p><strong>Hjemmeside:<\/strong> <a href=\"https:\/\/www.hapag-lloyd.com\/en\/home.html\" target=\"_blank\" rel=\"noopener\">https:\/\/www.hapag-lloyd.com\/en\/home.html<\/a><\/p>","protected":false},"excerpt":{"rendered":"<p>Hapag-Lloyd is a global shipping company with its head office in Hamburg, Germany. It offers its clients a wide range of shipping and logistics solutions. These are listed below together with a company profile and reviews. International Shipping Dry Cargo Broad range of container solutions Fast transit times On point schedule reliability Door to door [&hellip;]<\/p>\n","protected":false},"author":1,"featured_media":0,"parent":0,"menu_order":0,"comment_status":"closed","ping_status":"closed","template":"","meta":{"_genesis_hide_title":false,"_genesis_hide_breadcrumbs":false,"_genesis_hide_singular_image":false,"_genesis_hide_footer_widgets":false,"_genesis_custom_body_class":"","_genesis_custom_post_class":"","_genesis_layout":"","footnotes":""},"class_list":{"0":"post-1610","1":"page","2":"type-page","3":"status-publish","5":"entry"},"_links":{"self":[{"href":"https:\/\/moverdb.com\/da\/wp-json\/wp\/v2\/pages\/1610","targetHints":{"allow":["GET"]}}],"collection":[{"href":"https:\/\/moverdb.com\/da\/wp-json\/wp\/v2\/pages"}],"about":[{"href":"https:\/\/moverdb.com\/da\/wp-json\/wp\/v2\/types\/page"}],"author":[{"embeddable":true,"href":"https:\/\/moverdb.com\/da\/wp-json\/wp\/v2\/users\/1"}],"replies":[{"embeddable":true,"href":"https:\/\/moverdb.com\/da\/wp-json\/wp\/v2\/comments?post=1610"}],"version-history":[{"count":3,"href":"https:\/\/moverdb.com\/da\/wp-json\/wp\/v2\/pages\/1610\/revisions"}],"predecessor-version":[{"id":6218,"href":"https:\/\/moverdb.com\/da\/wp-json\/wp\/v2\/pages\/1610\/revisions\/6218"}],"wp:attachment":[{"href":"https:\/\/moverdb.com\/da\/wp-json\/wp\/v2\/media?parent=1610"}],"curies":[{"name":"wp","href":"https:\/\/api.w.org\/{rel}","templated":true}]}}