{"id":1592,"date":"2017-04-21T13:39:38","date_gmt":"2017-04-21T13:39:38","guid":{"rendered":"http:\/\/moverdb.com\/?page_id=1592"},"modified":"2026-01-08T14:40:07","modified_gmt":"2026-01-08T14:40:07","slug":"maersk","status":"publish","type":"page","link":"https:\/\/moverdb.com\/da\/maersk\/","title":{"rendered":"Maersk Line - Internationale skibsfartstjenester og anmeldelser"},"content":{"rendered":"<p>Maersk Line er en del af A.P. Moller-Maersk Group, en verdensomsp\u00e6ndende <a href=\"https:\/\/moverdb.com\/da\/shipping-companies\/\" data-internallinksmanager029f6b8e52c=\"4\" title=\"De 10 st\u00f8rste internationale containerrederier\">rederi<\/a> med hjemsted i K\u00f8benhavn, <a href=\"https:\/\/moverdb.com\/da\/moving-to-denmark\/\" data-internallinksmanager029f6b8e52c=\"335\" title=\"Flytter du til Danmark? 2026 Leveomkostninger og tips til flytning\">Danmark<\/a>. Virksomheden tilbyder sine kunder en bred vifte af tjenester, som er anf\u00f8rt nedenfor, sammen med en virksomhedsprofil og anmeldelser.<\/p>\n<p><strong>International fragt og forsendelsesydelser<\/strong><\/p>\n<ul>\n<li> T\u00f8rlast<\/li>\n<li> Fra d\u00f8r til d\u00f8r<\/li>\n<li> 20\u2032 containere med en nyttelast p\u00e5 op til 28,2 tons<\/li>\n<li> 40\u2032 8\u2032 6\u2033 containere med en nyttelast p\u00e5 op til 28,8 tons<\/li>\n<li> 45\u2032 9\u2032 6\u2033 h\u00f8j med en samlet kapacitet p\u00e5 85 kubikmeter<\/li>\n<li> B\u00f8jlebj\u00e6lker, der muligg\u00f8r transport af bekl\u00e6dningsgenstande p\u00e5 b\u00f8jler uden yderligere pakning<\/li>\n<li> Surringsst\u00e6nger og surringsringe for at give din last ekstra sikkerhed<\/li>\n<li> Opbevaring tilg\u00e6ngelig<\/li>\n<li> Toldklarering<\/li>\n<\/ul>\n<p><strong>Reefer Cargo<\/strong><\/p>\n<ul>\n<li> K\u00f8lede skibscontainere<\/li>\n<li> Fra d\u00f8r til d\u00f8r<\/li>\n<li> Omhyggelig h\u00e5ndtering af lasten for at sikre friskhed af produkterne<\/li>\n<li> Unikt containerdesign sikrer maksimal nyttelast<\/li>\n<li> Reduceret CO2-udledning<\/li>\n<li> Optimal produkttemperatur<\/li>\n<li> Reduceret energiforbrug<\/li>\n<li> 3 typer k\u00f8lecontainere, fra 27 til 67 CBM lastrum<\/li>\n<li> Toldklarering<\/li>\n<\/ul>\n<p><strong>S\u00e6rlig last<\/strong><\/p>\n<ul>\n<li> Rettidig levering af out of Gauge, In Gauge og Break Bulk-last<\/li>\n<li> Levering til tiden af din specielle last i hele verden<\/li>\n<li> Eksperter inden for specialfragt p\u00e5 tv\u00e6rs af alle tidszoner til \u00f8jeblikkelig respons og support<\/li>\n<li> En topmoderne fl\u00e5de af flade reoler og \u00e5bne reoler, der er tilg\u00e6ngelige, hvor og n\u00e5r du har brug for dem<\/li>\n<li> Fra d\u00f8r til d\u00f8r<\/li>\n<li> Opbevaring tilg\u00e6ngelig<\/li>\n<li> Toldklarering<\/li>\n<\/ul>\n<p><strong>Indenlandsk transport<\/strong><\/p>\n<ul>\n<li> Transportl\u00f8sning med fuld service<\/li>\n<li> Fra d\u00f8r til d\u00f8r<\/li>\n<li> Rettidig afhentning og levering<\/li>\n<li> Stort netv\u00e6rk af transportudbydere af h\u00f8j kvalitet<\/li>\n<li> One-stop-shopping, der kombinerer dine behov for land- og s\u00f8transport<\/li>\n<li> Konstant overv\u00e5gning og kvalitetssikring<\/li>\n<li> Forsikring arrangeret<\/li>\n<\/ul>\n<p><strong>Brugte containere til salg<\/strong><\/p>\n<ul>\n<li> Anvendelse til opbevaring, kontor, hus og endda til en swimmingpool<\/li>\n<li> Adgang til lagerbeholdningen for at opfylde dine behov<\/li>\n<li> Et omfattende netv\u00e6rk af brugte containere<\/li>\n<li> Enkle systemer p\u00e5 plads for at overholde din afhentningsplan<\/li>\n<li> Garanteret beholderkvalitet<\/li>\n<\/ul>\n<h2>Maersk Line<\/h2>\n<p>Maersk Line blev grundlagt i 1928. Maersk Line er ejet af A.P. Moller-Maersk-koncernen og er et af verdens st\u00f8rste rederier. <a href=\"https:\/\/moverdb.com\/da\/rederier\/\">st\u00f8rste containerrederi<\/a>, der er kendt for sin fleksibilitet, p\u00e5lidelighed og milj\u00f8effektive tjenester. <\/p>\n<p>Hovedkontoret ligger i K\u00f8benhavn, Danmark. Virksomheden har over 630 skibe med en kapacitet p\u00e5 3,3 millioner TEU, som betjener 59.000 kunder verden over.<\/p>\n<p>Sidste \u00e5r fragtede Maersk ca. 12 millioner containere rundt om i verden og anl\u00f8b 46.000 havne i 343 havne. <a href=\"https:\/\/moverdb.com\/da\/top-49-container-ports\/\" data-internallinksmanager029f6b8e52c=\"80\" title=\"Top 49 st\u00f8rste og travleste containerhavne i 2025\">havne<\/a> i 121 lande. Maersk tilbyder flere daglige afgange p\u00e5 alle st\u00f8rre skibsruter. For at alting kan fungere gnidningsl\u00f8st, besk\u00e6ftiger selskabet 7.000 s\u00f8folk og 25.000 landbaserede medarbejdere p\u00e5 374 kontorer rundt om i verden.<\/p>\n<p>Maersk er forpligtet til at give noget tilbage til samfundet og st\u00f8tter projekter rundt om i verden, som falder ind under tre globale ordninger - katastrofehj\u00e6lp og beredskab, beskyttelse af milj\u00f8et og fremme af iv\u00e6rks\u00e6tteri i underprivilegerede samfund.<\/p>\n<p>Maersk Line har f\u00f8lgende akkrediteringer og tilknytninger:<\/p>\n<ul>\n<li> Den internationale luft- og s\u00f8fartssammenslutning (IASA)<\/li>\n<li> <a href=\"https:\/\/moverdb.com\/da\/international-chamber-shipping\/\">Det Internationale Skibsfartskammer<\/a> (<a href=\"https:\/\/moverdb.com\/da\/international-chamber-shipping\/\" data-internallinksmanager029f6b8e52c=\"78\" title=\"Det Internationale Skibsfartskammer (ICS) forklaret\">ICS<\/a>)<\/li>\n<li> WTO's globale alliance for handelslettelser<\/li>\n<li> Sikkerhed for menneskeliv til s\u00f8s (SOLAS)<\/li>\n<li> Federation of National Associations of Ship Brokers and Agents (FONASBA)<\/li>\n<\/ul>\n<h2>Maersk Line Company Anmeldelser<\/h2>\n<p><em>I skrivende stund kunne vi ikke finde nogen online anmeldelser af Maersk Lines skibstjenester.<\/em><\/p>\n<p><strong><\/p>\n<div itemprop=\"review\" itemscope itemtype=\"http:\/\/schema.org\/Review\">\n<span itemprop=\"author\" itemscope=\"\" itemtype=\"http:\/\/schema.org\/Organization\"><span itemprop=\"name\">MoverDB.com<\/span><\/span> Online website anmeldelse for <span itemprop=\"itemreviewed\" itemscope=\"\" itemtype=\"http:\/\/schema.org\/Brand\"><span itemprop=\"name\">Maersk Line<\/span><\/span>:<\/strong>.<\/p>\n<ol>\n<li> Tydelige kontaktoplysninger p\u00e5 webstedet (herunder telefonnummer): <strong>Ja<\/strong><\/li>\n<li> Let at f\u00e5 <a href=\"https:\/\/moverdb.com\/da\/container-shipping\/\" data-internallinksmanager029f6b8e52c=\"3\" title=\"Diagram over internationale containerpriser: April 2026\">international forsendelse<\/a> citater? (Formular til anmodning om online tilbud): <strong>Ja<\/strong><\/li>\n<li> Klare oplysninger p\u00e5 webstedet: <strong>Ja,<\/strong> Hjemmesiden indeholder en klar beskrivelse af alle de tjenester, som virksomheden tilbyder<\/li>\n<li> Medlemskab af internationalt anerkendte s\u00f8fartsorganisationer: <strong>Ja<\/strong>, men ikke mange af dem er opf\u00f8rt p\u00e5 deres websted.<\/li>\n<li> Liste over kunder og\/eller tidligere kundeudtalelser. <strong>Nej,<\/strong> der er ingen p\u00e5 deres websted.<\/li>\n<\/ol>\n<div itemprop=\"reviewRating\" itemscope itemtype=\"http:\/\/schema.org\/Rating\"><meta itemprop=\"worstRating\" content = \"0\" \/><meta itemprop=\"bestRating\" content=\"5\" \/><meta itemprop=\"ratingValue\" content=\"4\"><\/div>\n<p><strong>Samlet score: 4\/5<\/strong><br \/>\n<strong>Dato for gennemgang:<\/strong> <span itemprop=\"datePublished\" content=\"2017-04-21\">21\/04\/2017<\/span>\n<\/div>\n<p>Mere om andre <a href=\"https:\/\/moverdb.com\/da\/rederier\/\">internationale rederier<\/a>, <a href=\"https:\/\/moverdb.com\/da\/containerforsendelse\/\">priser for containertransport<\/a> og vores <a href=\"https:\/\/moverdb.com\/da\/anmeldelser\/\">gennemgangsproces<\/a>.<\/p>\n<p><strong>Hjemmeside:<\/strong> <a href=\"https:\/\/www2.maerskline.com\/\" target=\"_blank\" rel=\"noopener\">https:\/\/www2.maerskline.com\/<\/a><\/p>","protected":false},"excerpt":{"rendered":"<p>Maersk Line, is part of A.P. Moller\u2013Maersk Group, a worldwide shipping company based in Copenhagen, Denmark. It offers its customers a wide range of services which are listed below, together with a company profile and reviews. International Freight and Shipping Services Dry Cargo Door to door 20&#8242; containers with payload up to 28.2 metric tons [&hellip;]<\/p>\n","protected":false},"author":1,"featured_media":0,"parent":0,"menu_order":0,"comment_status":"closed","ping_status":"closed","template":"","meta":{"_genesis_hide_title":false,"_genesis_hide_breadcrumbs":false,"_genesis_hide_singular_image":false,"_genesis_hide_footer_widgets":false,"_genesis_custom_body_class":"","_genesis_custom_post_class":"","_genesis_layout":"","footnotes":""},"class_list":{"0":"post-1592","1":"page","2":"type-page","3":"status-publish","5":"entry"},"_links":{"self":[{"href":"https:\/\/moverdb.com\/da\/wp-json\/wp\/v2\/pages\/1592","targetHints":{"allow":["GET"]}}],"collection":[{"href":"https:\/\/moverdb.com\/da\/wp-json\/wp\/v2\/pages"}],"about":[{"href":"https:\/\/moverdb.com\/da\/wp-json\/wp\/v2\/types\/page"}],"author":[{"embeddable":true,"href":"https:\/\/moverdb.com\/da\/wp-json\/wp\/v2\/users\/1"}],"replies":[{"embeddable":true,"href":"https:\/\/moverdb.com\/da\/wp-json\/wp\/v2\/comments?post=1592"}],"version-history":[{"count":7,"href":"https:\/\/moverdb.com\/da\/wp-json\/wp\/v2\/pages\/1592\/revisions"}],"predecessor-version":[{"id":13172,"href":"https:\/\/moverdb.com\/da\/wp-json\/wp\/v2\/pages\/1592\/revisions\/13172"}],"wp:attachment":[{"href":"https:\/\/moverdb.com\/da\/wp-json\/wp\/v2\/media?parent=1592"}],"curies":[{"name":"wp","href":"https:\/\/api.w.org\/{rel}","templated":true}]}}