{"id":1570,"date":"2017-02-24T09:05:40","date_gmt":"2017-02-24T09:05:40","guid":{"rendered":"http:\/\/moverdb.com\/?page_id=1570"},"modified":"2026-01-08T15:20:24","modified_gmt":"2026-01-08T15:20:24","slug":"mudanzas-gou","status":"publish","type":"page","link":"https:\/\/moverdb.com\/da\/mudanzas-gou\/","title":{"rendered":"Mudanzas Gou - Anmeldelser af internationale flytninger"},"content":{"rendered":"<p>Mudanzas Gou er en mexicansk <a href=\"https:\/\/moverdb.com\/da\/moving-companies\/\" data-internallinksmanager029f6b8e52c=\"79\" title=\"Top 25 internationale flyttefirmaer online\">flyttefirma<\/a> som tilbyder sine kunder en bred vifte af tjenester, som er anf\u00f8rt nedenfor, sammen med en virksomhedsprofil og anmeldelser.<\/p>\n<p><strong>Internationale flytninger<\/strong><\/p>\n<ul>\n<li> Fra d\u00f8r til d\u00f8r<\/li>\n<li> Fuld pakningsservice, skr\u00f8belig pakning eller g\u00f8r-det-selv-pakning<\/li>\n<li> Demontering og genmontering af m\u00f8bler<\/li>\n<li> Toldklarering og hj\u00e6lp med dokumentation<\/li>\n<li> Forsikring arrangeret<\/li>\n<li> Udpakningsservice tilg\u00e6ngelig<\/li>\n<li> Kort- og langtidsopbevaring tilg\u00e6ngelig<\/li>\n<\/ul>\n<p><strong>Indenlandske flytninger og langdistanceflytninger<\/strong><\/p>\n<ul>\n<li> Fra d\u00f8r til d\u00f8r<\/li>\n<li> Fuld pakningsservice, skr\u00f8belig pakning eller g\u00f8r-det-selv-pakning<\/li>\n<li> Demontering og genmontering af m\u00f8bler<\/li>\n<li> Forsikring arrangeret<\/li>\n<li> Udpakningsservice tilg\u00e6ngelig<\/li>\n<li> Lang- og korttidsopbevaring tilg\u00e6ngelig<\/li>\n<\/ul>\n<p><strong>Kommercielle flytninger<\/strong><\/p>\n<ul>\n<li> Flytning efter arbejdstid<\/li>\n<li> Logistikplan<\/li>\n<li> IT p\u00e5 vej<\/li>\n<li> Demontering og genmontering af alle m\u00f8bler<\/li>\n<\/ul>\n<p><strong>S\u00e6rlig transport og forsendelse<\/strong><\/p>\n<ul>\n<li> <a href=\"https:\/\/moverdb.com\/da\/biltransport-forsendelse\/\">Biler<\/a><\/li>\n<li> Vans<\/li>\n<li> Motorcykler<\/li>\n<li> Pansrede k\u00f8ret\u00f8jer<\/li>\n<li> Indsamlingsk\u00f8ret\u00f8jer<\/li>\n<li> Forskellige maskiner<\/li>\n<li> Motorb\u00e5de<\/li>\n<li> Sejlb\u00e5de<\/li>\n<li> Medicinske forsyninger og hospitaler<\/li>\n<li> Uddannelsesinstitutioner<\/li>\n<li> Kunst og antikviteter<\/li>\n<li> Specialiseret udstyr<\/li>\n<\/ul>\n<p><strong>Opbevaring<\/strong><\/p>\n<ul>\n<li> P\u00e5 lang og kort sigt<\/li>\n<li> 24\/7 sikkerhed<\/li>\n<li> Inventarsystem<\/li>\n<li> Klimakontrolleret tilg\u00e6ngelig<\/li>\n<li> Bek\u00e6mpelse af skadedyr<\/li>\n<li> Brandanl\u00e6g<\/li>\n<li> Opbevaring af arkiver<\/li>\n<\/ul>\n<h2>Mudanzas Gou virksomhedsprofil<\/h2>\n<p>Mudanzas Gou er en af de \u00e6ldste <a href=\"https:\/\/moverdb.com\/da\/moving-companies\/moving-companies-mexico\/\" data-internallinksmanager029f6b8e52c=\"288\" title=\"18 bedste internationale flyttefirmaer i Mexico\">flyttefirmaer i Mexico<\/a>, hvor den begyndte i 1900. Den har nu 10 kontorer i Mexico og har forbindelser med agenter rundt om i verden. Gou var med til at grundl\u00e6gge <a href=\"https:\/\/moverdb.com\/da\/fidi-faim\/\" data-internallinksmanager029f6b8e52c=\"16\" title=\"FIDI &amp; FAIM (FIDI Accredited International Mover) forklaret\">FIDI<\/a>, OMNI, <a href=\"https:\/\/moverdb.com\/da\/lacma\/\" data-internallinksmanager029f6b8e52c=\"28\" title=\"Sammenslutningen af latinamerikanske og caribiske internationale flyttefirmaer (LACMA)\">LACMA<\/a>, AMI og <a href=\"https:\/\/moverdb.com\/da\/amsa\/\" data-internallinksmanager029f6b8e52c=\"5\" title=\"American Moving &amp; Storage Association (AMSA) Forklaret\">AMSA<\/a>.<\/p>\n<p>Gou er stolt af sin personlige service og insisterer p\u00e5 at tale med hver enkelt kunde ansigt til ansigt for at give dem den bedst mulige service. Alle k\u00f8ret\u00f8jer har satellitsporing og bliver lastet og k\u00f8rt af eget personale.<\/p>\n<p>Mudanzas Gou har f\u00f8lgende akkrediteringer og tilknytninger:<\/p>\n<ul>\n<li> <a href=\"https:\/\/moverdb.com\/da\/fidi-faim\/\">F\u00e9d\u00e9ration Internationale des D\u00e9m\u00e9nageurs Internationaux<\/a> (FIDI)<\/li>\n<li> Internationalt netv\u00e6rk for overs\u00f8iske flytninger (OMNI)<\/li>\n<li> <a href=\"https:\/\/moverdb.com\/da\/lacma\/\">Sammenslutningen af internationale flyttefirmaer i Latinamerika og Caribien<\/a> (LACMA)<\/li>\n<li> <a href=\"https:\/\/moverdb.com\/da\/hgfaa\/\">Household Goods Forwarders Association of America<\/a> (HHGFA)<\/li>\n<li> <a href=\"https:\/\/moverdb.com\/da\/amsa\/\" target=\"_blank\" rel=\"noopener\">Amerikansk sammenslutning for flytning og opbevaring<\/a> (AMSA)<\/li>\n<li> Pan American International Movers Association (PAIMA)<\/li>\n<li> <a href=\"https:\/\/moverdb.com\/da\/fidi-faim\/\">FAIM<\/a><\/li>\n<li> Told- og handelspartnerskab mod terrorisme (C-PAT)<\/li>\n<\/ul>\n<h2>Anmeldelser af Mudanzas Gou<\/h2>\n<p>Vi kunne ikke finde nogen anmeldelser af Mudanzas Gou p\u00e5 engelsk p\u00e5 nettet, og det ser heller ikke ud til, at de har kundeudtalelser p\u00e5 hjemmesiden.<\/p>\n<div itemprop=\"review\" itemscope itemtype=\"http:\/\/schema.org\/Review\">\n<span itemprop=\"author\" itemscope=\"\" itemtype=\"http:\/\/schema.org\/Organization\"><span itemprop=\"name\">MoverDB.com<\/span><\/span> Online website anmeldelse for <span itemprop=\"itemreviewed\" itemscope=\"\" itemtype=\"http:\/\/schema.org\/Brand\"><span itemprop=\"name\">Mudanzas Gou<\/span><\/span>:<\/p>\n<ol>\n<li> Tydelige kontaktoplysninger p\u00e5 webstedet (herunder telefonnummer): <strong>Ja<\/strong><\/li>\n<li> Let at f\u00e5 <a href=\"https:\/\/moverdb.com\/da\/citater\/\">flyttetilbud<\/a>? (Formular til anmodning om online overslag): <strong>Ja<\/strong><\/li>\n<li> Klare oplysninger p\u00e5 webstedet: <strong>Ja,<\/strong> Selv om den er grundl\u00e6ggende, beskriver den deres tjenester b\u00e5de p\u00e5 engelsk og spansk.<\/li>\n<li> Medlemskab af internationalt anerkendte flytteorganisationer: <strong>Ja<\/strong>, (mange se ovenfor)<\/li>\n<li> Liste over kunder og\/eller tidligere kundeudtalelser: <strong>Nej,<\/strong> vi kunne ikke finde nogen anmeldelser eller kundeudtalelser.<\/li>\n<\/ol>\n<div itemprop=\"reviewRating\" itemscope itemtype=\"http:\/\/schema.org\/Rating\"><meta itemprop=\"worstRating\" content = \"0\" \/><meta itemprop=\"bestRating\" content=\"5\" \/><meta itemprop=\"ratingValue\" content=\"4\"><\/div>\n<p><strong>Samlet score: 4\/5<\/strong><br \/>\n<strong>Dato for gennemgang:<\/strong> <span itemprop=\"datePublished\" content=\"2017-02-24\">24\/02\/2017<\/span>\n<\/div>\n<p>L\u00e6s mere om <a href=\"https:\/\/moverdb.com\/da\/flyttefirmaer\/\">internationale flyttefirmaer<\/a> og vores <a href=\"https:\/\/moverdb.com\/da\/anmeldelser\/\">gennemgangsproces<\/a>.<\/p>\n<p><strong>Websteder:<\/strong> Spansk: <a href=\"http:\/\/www.mudanzasgou.com.mx\/\" target=\"_blank\" rel=\"noopener\">http:\/\/www.mudanzasgou.com.mx\/<\/a> Engelsk: <a href=\"http:\/\/www.mudanzasgou.com\/\" target=\"_blank\" rel=\"noopener\">http:\/\/www.mudanzasgou.com\/<\/a><\/p>","protected":false},"excerpt":{"rendered":"<p>Mudanzas Gou is a Mexican moving company which offers its clients a wide range of services which are listed below, together with a company profile and reviews. International Moves Door to door Full packing service, fragile packing or DIY packing Disassembly and reassembly of furniture Customs clearance and assistance with documentation Insurance arranged Unpacking service [&hellip;]<\/p>\n","protected":false},"author":1,"featured_media":0,"parent":0,"menu_order":0,"comment_status":"closed","ping_status":"closed","template":"","meta":{"_genesis_hide_title":false,"_genesis_hide_breadcrumbs":false,"_genesis_hide_singular_image":false,"_genesis_hide_footer_widgets":false,"_genesis_custom_body_class":"","_genesis_custom_post_class":"","_genesis_layout":"","footnotes":""},"class_list":{"0":"post-1570","1":"page","2":"type-page","3":"status-publish","5":"entry"},"_links":{"self":[{"href":"https:\/\/moverdb.com\/da\/wp-json\/wp\/v2\/pages\/1570","targetHints":{"allow":["GET"]}}],"collection":[{"href":"https:\/\/moverdb.com\/da\/wp-json\/wp\/v2\/pages"}],"about":[{"href":"https:\/\/moverdb.com\/da\/wp-json\/wp\/v2\/types\/page"}],"author":[{"embeddable":true,"href":"https:\/\/moverdb.com\/da\/wp-json\/wp\/v2\/users\/1"}],"replies":[{"embeddable":true,"href":"https:\/\/moverdb.com\/da\/wp-json\/wp\/v2\/comments?post=1570"}],"version-history":[{"count":4,"href":"https:\/\/moverdb.com\/da\/wp-json\/wp\/v2\/pages\/1570\/revisions"}],"predecessor-version":[{"id":6222,"href":"https:\/\/moverdb.com\/da\/wp-json\/wp\/v2\/pages\/1570\/revisions\/6222"}],"wp:attachment":[{"href":"https:\/\/moverdb.com\/da\/wp-json\/wp\/v2\/media?parent=1570"}],"curies":[{"name":"wp","href":"https:\/\/api.w.org\/{rel}","templated":true}]}}