{"id":1568,"date":"2017-02-01T16:22:03","date_gmt":"2017-02-01T16:22:03","guid":{"rendered":"http:\/\/moverdb.com\/?page_id=1568"},"modified":"2026-01-08T14:40:03","modified_gmt":"2026-01-08T14:40:03","slug":"leo-packers-movers","status":"publish","type":"page","link":"https:\/\/moverdb.com\/da\/leo-packers-movers\/","title":{"rendered":"Leo Packers and Movers - International flytning Anmeldelser"},"content":{"rendered":"<p>Leo Packers and Movers er baseret i Bangalore, <a href=\"https:\/\/moverdb.com\/da\/moving-to-india\/\" data-internallinksmanager029f6b8e52c=\"356\" title=\"Flytter du til Indien? 2026 Leveomkostninger og tips til flytning\">Indien<\/a>. Virksomheden tilbyder sine kunder en bred vifte af tjenester, som er anf\u00f8rt nedenfor, sammen med en virksomhedsprofil og anmeldelser.<\/p>\n<p><strong>Internationale flytninger<\/strong><\/p>\n<ul>\n<li> Fra d\u00f8r til d\u00f8r<\/li>\n<li> D\u00f8r til terminal<\/li>\n<li> Fuld pakningsservice, skr\u00f8belige genstande eller g\u00f8r-det-selv-pakning<\/li>\n<li> Demontering og genmontering af m\u00f8bler<\/li>\n<li> Fuld udpakningsservice tilg\u00e6ngelig<\/li>\n<li> Fjernelse af affald<\/li>\n<li> Lang- og korttidsopbevaring tilg\u00e6ngelig<\/li>\n<li> Toldklarering og bistand med dokumentation<\/li>\n<li> Luftfragt<\/li>\n<li> S\u00f8transport<\/li>\n<li> Forsikring arrangeret<\/li>\n<\/ul>\n<p><strong>Flytning af boliger<\/strong><\/p>\n<ul>\n<li> Fra d\u00f8r til d\u00f8r<\/li>\n<li> Fuld pakningsservice tilg\u00e6ngelig<\/li>\n<li> Demontering og genmontering af m\u00f8bler<\/li>\n<li> Udpakningsservice tilg\u00e6ngelig<\/li>\n<li> Fjernelse af affald<\/li>\n<li> Specialbyggede containerk\u00f8ret\u00f8jer<\/li>\n<li> Lang- og kortsigtet opbevaring<\/li>\n<li> Forsikring arrangeret<\/li>\n<\/ul>\n<p><strong>Flytning af virksomheder<\/strong><\/p>\n<ul>\n<li> D\u00f8r til d\u00f8r-service<\/li>\n<li> Demontering og genmontering af m\u00f8bler<\/li>\n<li> Fuld servicepakning<\/li>\n<li> Korrekt m\u00e6rkning<\/li>\n<li> Opstilling af arbejdsstationer<\/li>\n<li> Flytninger efter arbejdstid og i weekenden<\/li>\n<li> Fjernelse af affald<\/li>\n<\/ul>\n<p><strong>Opbevaring<\/strong><\/p>\n<ul>\n<li> Skr\u00e6ddersyede individuelle hytter<\/li>\n<li> St\u00f8vfri, termitfri, lugtfri (skadedyrsbek\u00e6mpet)<\/li>\n<li> RCC-bygning med faciliteter p\u00e5 f\u00f8rste sal<\/li>\n<li> Selvejende lagre<\/li>\n<li> Sikkerhed d\u00f8gnet rundt<\/li>\n<li> Overv\u00e5gning<\/li>\n<\/ul>\n<h2>Leo Packers and Movers virksomhedsprofil<\/h2>\n<p>Leo Packers and Movers \u00e5bnede sine d\u00f8re i 1975 i Bangalore, Indien. Virksomheden drives stadig af den stiftende familie, Shah'erne, og har nu tre generationer af medarbejdere. Virksomheden er et uafh\u00e6ngigt flyttefirma og er kendt i Indien som en af de bedste virksomheder inden for husholdnings- og virksomhedsflytninger, b\u00e5de lokalt, regionalt og internationalt.<\/p>\n<p>Virksomheden tror p\u00e5 at pleje og vedligeholde et godt forhold til sine kunder. De ved, at omkostningerne er en vigtig faktor, og de bestr\u00e6ber sig p\u00e5 at holde priserne nede, samtidig med at de opretholder en fremragende service. Leo Packers and Movers siger, at hver flytning er forskellig, og derfor tilpasses hver flytning, s\u00e5 den passer til kunden.<\/p>\n<p>Leo Packers and Movers har f\u00f8lgende akkrediteringer og tilknytninger: -<\/p>\n<ul>\n<li> Ikke n\u00e6vnt p\u00e5 virksomhedens websted<\/li>\n<\/ul>\n<h2>Leo Packers and Movers Anmeldelser<\/h2>\n<p><strong>Positiv:<\/strong><\/p>\n<ul>\n<li> <em>\"Medlemmerne af holdet opf\u00f8rte sig ikke kun godt, men holdt sig ogs\u00e5 til deres opgave og var fokuserede og t\u00e5lmodige i deres arbejde.\"<\/em> rarami20000 via <a href=\"http:\/\/www.mouthshut.com\/review\/Leo-Packers-and-Movers-Hyderabad-review-mmqtqrslsnm\" target=\"_blank\" rel=\"noopener\">MouthShut.com<\/a>\n<\/ul>\n<p><strong>Negativ:<\/strong><\/p>\n<ul>\n<li> <em>\"Disse mennesker er de v\u00e6rste fyre, f\u00f8rst vil de tage pengene fra dig, og derefter vil de aldrig lytte til dig.\"<\/em> subbu2001978 via <a href=\"http:\/\/www.mouthshut.com\/review\/Leo-Packers-and-Movers-Hyderabad-review-sqtrrrmoqqm\" target=\"_blank\" rel=\"noopener\">MouthShut.com<\/a><\/li>\n<\/ul>\n<div itemprop=\"review\" itemscope itemtype=\"http:\/\/schema.org\/Review\">\n<span itemprop=\"author\" itemscope=\"\" itemtype=\"http:\/\/schema.org\/Organization\"><span itemprop=\"name\">MoverDB.com<\/span><\/span> Online website anmeldelse for <span itemprop=\"itemreviewed\" itemscope=\"\" itemtype=\"http:\/\/schema.org\/Brand\"><span itemprop=\"name\">Leo Packers and Movers<\/span><\/span>:<\/p>\n<ol>\n<li> Tydelige kontaktoplysninger p\u00e5 webstedet (herunder telefonnummer): <strong>Ja<\/strong><\/li>\n<li> Let at f\u00e5 <a href=\"https:\/\/moverdb.com\/da\/citater\/\">citater for international flytning<\/a>? (Formular til anmodning om online overslag): <strong>Ja<\/strong><\/li>\n<li> Klare oplysninger p\u00e5 webstedet: <strong>Begr\u00e6nset<\/strong> webstedet indeholder kun begr\u00e6nsede oplysninger om deres tjenester.<\/li>\n<li> Medlemskab af internationalt anerkendte flytteorganisationer: <strong>Ikke opf\u00f8rt<\/strong><\/li>\n<li> Liste over kunder og\/eller tidligere kundeudtalelser. <strong>Nej,<\/strong> men de har et galleri med billeder.<\/li>\n<\/ol>\n<div itemprop=\"reviewRating\" itemscope itemtype=\"http:\/\/schema.org\/Rating\"><meta itemprop=\"worstRating\" content = \"0\" \/><meta itemprop=\"bestRating\" content=\"5\" \/><meta itemprop=\"ratingValue\" content=\"3\"><\/div>\n<p><strong>Samlet score: 3\/5<\/strong><br \/>\n<strong>Dato for gennemgang:<\/strong> <span itemprop=\"datePublished\" content=\"2017-02-01\">01\/02\/2017<\/span>\n<\/div>\n<p>L\u00e6s mere om <a href=\"https:\/\/moverdb.com\/da\/flyttefirmaer\/\">internationale flyttefirmaer<\/a> og vores <a href=\"https:\/\/moverdb.com\/da\/anmeldelser\/\">gennemgangsproces<\/a>.<\/p>\n<p><strong>Hjemmeside:<\/strong> <a href=\"http:\/\/www.leopackersindia.com\/\" target=\"_blank\" rel=\"noopener\">http:\/\/www.leopackersindia.com\/<\/a><\/p>","protected":false},"excerpt":{"rendered":"<p>Leo Packers and Movers is based in Bangalore, India. The company offers its customers a wide range of services which are listed below, together with a company profile and reviews. International Moves Door to door Door to terminal Full packing service, fragile items or DIY packing Dismantling and reassembly of furniture Full unpacking service available [&hellip;]<\/p>\n","protected":false},"author":1,"featured_media":0,"parent":0,"menu_order":0,"comment_status":"closed","ping_status":"closed","template":"","meta":{"_genesis_hide_title":false,"_genesis_hide_breadcrumbs":false,"_genesis_hide_singular_image":false,"_genesis_hide_footer_widgets":false,"_genesis_custom_body_class":"","_genesis_custom_post_class":"","_genesis_layout":"","footnotes":""},"class_list":{"0":"post-1568","1":"page","2":"type-page","3":"status-publish","5":"entry"},"_links":{"self":[{"href":"https:\/\/moverdb.com\/da\/wp-json\/wp\/v2\/pages\/1568","targetHints":{"allow":["GET"]}}],"collection":[{"href":"https:\/\/moverdb.com\/da\/wp-json\/wp\/v2\/pages"}],"about":[{"href":"https:\/\/moverdb.com\/da\/wp-json\/wp\/v2\/types\/page"}],"author":[{"embeddable":true,"href":"https:\/\/moverdb.com\/da\/wp-json\/wp\/v2\/users\/1"}],"replies":[{"embeddable":true,"href":"https:\/\/moverdb.com\/da\/wp-json\/wp\/v2\/comments?post=1568"}],"version-history":[{"count":3,"href":"https:\/\/moverdb.com\/da\/wp-json\/wp\/v2\/pages\/1568\/revisions"}],"predecessor-version":[{"id":13170,"href":"https:\/\/moverdb.com\/da\/wp-json\/wp\/v2\/pages\/1568\/revisions\/13170"}],"wp:attachment":[{"href":"https:\/\/moverdb.com\/da\/wp-json\/wp\/v2\/media?parent=1568"}],"curies":[{"name":"wp","href":"https:\/\/api.w.org\/{rel}","templated":true}]}}