{"id":1558,"date":"2017-07-10T10:38:01","date_gmt":"2017-07-10T10:38:01","guid":{"rendered":"http:\/\/moverdb.com\/?page_id=1558"},"modified":"2026-01-08T15:20:30","modified_gmt":"2026-01-08T15:20:30","slug":"packimpex","status":"publish","type":"page","link":"https:\/\/moverdb.com\/da\/packimpex\/","title":{"rendered":"Packimpex - International flytning og flytning Anmeldelser"},"content":{"rendered":"<p>Packimpex er et flytte- og <a href=\"https:\/\/moverdb.com\/da\/international-removals\/\" data-internallinksmanager029f6b8e52c=\"27\" title=\"De 36 bedste internationale flyttefirmaer i Storbritannien\">flyttefirma<\/a> med hjemsted i <a href=\"https:\/\/moverdb.com\/da\/moving-to-bern\/\" data-internallinksmanager029f6b8e52c=\"262\" title=\"Flytter du til Bern? 2026 Leveomkostninger og flyttetips\">Bern<\/a>, <a href=\"https:\/\/moverdb.com\/da\/moving-to-switzerland\/\" data-internallinksmanager029f6b8e52c=\"327\" title=\"Flytter du til Schweiz? 2026 Leveomkostninger og flyttetips\">Schweiz<\/a>. Det tilbyder sine kunder en r\u00e6kke tjenester, som er anf\u00f8rt nedenfor sammen med en virksomhedsprofil og anmeldelser.<\/p>\n<p><strong>Internationale flytninger<\/strong><\/p>\n<ul>\n<li> Dedikeret flytteansvarlig<\/li>\n<li> Fuld pakningsservice, delvis pakning eller DIY-pakning<\/li>\n<li> Flersprogede pakkere<\/li>\n<li> Genbrugs- og genanvendelig emballage, hvor det er muligt<\/li>\n<li> Luft-, vej- eller s\u00f8transport<\/li>\n<li> Flytning af k\u00e6ledyr<\/li>\n<li> <a href=\"https:\/\/moverdb.com\/da\/biltransport-forsendelse\/\">Biler<\/a><\/li>\n<li> Lang- og kortsigtet opbevaring<\/li>\n<li> Hj\u00e6lp til toldklarering og dokumentation<\/li>\n<li> Fuld udpakningsservice tilg\u00e6ngelig<\/li>\n<li> Forsikring arrangeret<\/li>\n<\/ul>\n<p><strong>Destinationstjenester - Schweiz<\/strong><\/p>\n<ul>\n<li> R\u00e5dgivning<\/li>\n<li> Indvandringstjenester<\/li>\n<li> Orienterende rundvisning<\/li>\n<li> Ankomsttjeneste<\/li>\n<li> Midlertidig indkvartering arrangeret<\/li>\n<li> S\u00f8gning i hjemmet<\/li>\n<li> St\u00f8tte til uddannelse og b\u00f8rnepasning<\/li>\n<li> Indk\u00f8ring af tjenester<\/li>\n<li> St\u00f8tteprogram for integration<\/li>\n<li> Biler - import eller k\u00f8b<\/li>\n<li> Gruppens flytninger<\/li>\n<li> Afgangstjenester<\/li>\n<\/ul>\n<p><strong>Corporate Housing Services<\/strong><\/p>\n<ul>\n<li> Forvaltning af reservationer<\/li>\n<li> Administration af lejligheder<\/li>\n<li> Udgiftsstyring<\/li>\n<li> St\u00f8tte til \u00e6ndring af lejer<\/li>\n<li> Samleje af lejligheder til virksomheder<\/li>\n<li> Udlejning af m\u00f8bler<\/li>\n<li> Forvaltning af m\u00f8bler<\/li>\n<li> M\u00f8blerede lejligheder fra Packimpex<\/li>\n<\/ul>\n<p><strong>Lokale flytninger<\/strong><\/p>\n<ul>\n<li> Fra d\u00f8r til d\u00f8r<\/li>\n<li> Full service flytning<\/li>\n<li> Begr\u00e6nset service flytning<\/li>\n<li> Lang- og kortsigtet opbevaring<\/li>\n<li> Udpakningsservice tilg\u00e6ngelig<\/li>\n<li> Forsyning<\/li>\n<li> Fjernelse af affald<\/li>\n<\/ul>\n<h2>Packimpex virksomhedsprofil<\/h2>\n<p>Packimpex begyndte at koncentrere sig om internationale flytninger i 1977 og er nu f\u00f8rende inden for internationale flytninger og flytning i Schweiz. Virksomheden har ti kontorer forskellige steder i Schweiz og et i <a href=\"https:\/\/moverdb.com\/da\/moving-to-germany\/\" data-internallinksmanager029f6b8e52c=\"321\" title=\"Flytter du til Tyskland? 2026 Leveomkostninger og flyttetips\">Tyskland<\/a>. Packimpex besk\u00e6ftiger over 300 medarbejdere, som alle er eksperter p\u00e5 deres eget omr\u00e5de. Virksomheden har sit eget uddannelsesakademi for at holde sig p\u00e5 forkant med de seneste innovationer inden for flyttebranchen.<\/p>\n<p>Over 60% af Schweiz' 100 st\u00f8rste virksomheder bruger Packimpex til deres lokale flytninger og personaleflytninger. Packimpex er en del af UniGroup Relocation Network, hvilket giver adgang til flyttefirmaer i 63 lande og 1200 lokationer. Virksomheden ejer ogs\u00e5 40 m\u00f8blerede lejligheder i st\u00f8rre byer i Schweiz, som udlejes til virksomheder og deres udenlandske personale.<\/p>\n<p>Packimpex er stolt af sin milj\u00f8venlige forretningsmodel og genbruger sin emballage, hvor det er muligt. Der er hele tiden forskellige CO2-kompensationsprojekter i gang for at reducere virksomhedens CO2-fodaftryk.<\/p>\n<p>Packimpex har f\u00f8lgende akkrediteringer og tilknytninger:<\/p>\n<ul>\n<li> <a href=\"https:\/\/moverdb.com\/da\/fidi-faim\/\">FIDI<\/a><\/li>\n<li> <a href=\"https:\/\/moverdb.com\/da\/fidi-faim\/\" data-internallinksmanager029f6b8e52c=\"16\" title=\"FIDI &amp; FAIM (FIDI Accredited International Mover) forklaret\">FAIM<\/a>-ISO<\/li>\n<li> UniGroup Relocation Network<\/li>\n<li> OMNI<\/li>\n<li> <a href=\"https:\/\/moverdb.com\/da\/medarbejderflytningsrad\/\">R\u00e5det for flytning af arbejdstagere<\/a> (<a href=\"https:\/\/moverdb.com\/da\/employee-relocation-council\/\" data-internallinksmanager029f6b8e52c=\"83\" title=\"Forklaring af det verdensomsp\u00e6ndende Employee Relocation Council (ERC)\">ERC<\/a>)<\/li>\n<li> <a href=\"https:\/\/moverdb.com\/da\/eura\/\">Den europ\u00e6iske sammenslutning for flytning<\/a> (<a href=\"https:\/\/moverdb.com\/da\/eura\/\" data-internallinksmanager029f6b8e52c=\"13\" title=\"Den europ\u00e6iske forening for flytning (EuRA) forklaret\">EURA<\/a>)<\/li>\n<li> ISO 9001<\/li>\n<li> ISO 14001<\/li>\n<li> ISO 27001<\/li>\n<\/ul>\n<h2>Anmeldelser af Packimpex<\/h2>\n<p><strong>Positiv:<\/strong><\/p>\n<p><em>\"De var fantastiske. Jeg har ingen id\u00e9 om den <a href=\"https:\/\/moverdb.com\/da\/flytteudgifter\/\" target=\"_blank\" rel=\"noopener\">omkostninger<\/a> da firmaet tog sig af dette, men den omhu, de havde, da de pakkede mit hus ned i <a href=\"https:\/\/moverdb.com\/da\/moving-to-london\/\" target=\"_blank\" rel=\"noopener\">London<\/a> og den omhu, de lagde i at samle alt p\u00e5 denne side, var fantastisk.\"<\/em> - via <a href=\"https:\/\/www.englishforum.ch\/housing-general\/131431-packimpex-review.html\" target=\"_blank\" rel=\"noopener\">Engelsk Forum Schweiz<\/a><\/p>\n<p><strong>Negativ: <\/strong><\/p>\n<p><em>\"Ekstremt d\u00e5rlig h\u00e5ndtering af afrejsearrangementer\"<\/em> - Anu via <a href=\"https:\/\/www.facebook.com\/pg\/packimpex\/reviews\/?ref=page_internal\" target=\"_blank\" rel=\"noopener\">Facebook<\/a><\/p>\n<div itemprop=\"review\" itemscope itemtype=\"http:\/\/schema.org\/Review\">\n<span itemprop=\"author\" itemscope=\"\" itemtype=\"http:\/\/schema.org\/Organization\"><span itemprop=\"name\">MoverDB.com<\/span><\/span> Online website anmeldelse for <span itemprop=\"itemreviewed\" itemscope=\"\" itemtype=\"http:\/\/schema.org\/Brand\"><span itemprop=\"name\">Packimpex<\/span><\/span>:<\/p>\n<ol>\n<li> Tydelige kontaktoplysninger p\u00e5 webstedet (herunder telefonnummer): <strong>Ja<\/strong><\/li>\n<li> Let at f\u00e5 <a href=\"https:\/\/moverdb.com\/da\/citater\/\">citater for international flytning<\/a>? (Formular til anmodning om online overslag): <strong>Ja<\/strong><\/li>\n<li> Klare oplysninger p\u00e5 webstedet: <strong>Ja,<\/strong> Websitet beskriver klart og tydeligt alle de tjenester, de tilbyder.<\/li>\n<li> medlemskab af internationalt anerkendte flytteorganisationer: <strong>Ja<\/strong>, (se ovenfor)<\/li>\n<li> Liste over kunder og\/eller tidligere kundeudtalelser. <strong>Nej,<\/strong> men de fleste online anmeldelser af virksomheden synes at v\u00e6re positive.<\/li>\n<\/ol>\n<div itemprop=\"reviewRating\" itemscope itemtype=\"http:\/\/schema.org\/Rating\"><meta itemprop=\"worstRating\" content = \"0\" \/><meta itemprop=\"bestRating\" content=\"5\" \/><meta itemprop=\"ratingValue\" content=\"4.5\"><\/div>\n<p><strong>Samlet score: 4.5\/5<\/strong><br \/>\n<strong>Dato for gennemgang:<\/strong> <span itemprop=\"datePublished\" content=\"2017-07-10\">10\/07\/2017<\/span>\n<\/div>\n<p>L\u00e6s mere om <a href=\"https:\/\/moverdb.com\/da\/flyttefirmaer\/\">internationale flyttefirmaer<\/a> og vores <a href=\"https:\/\/moverdb.com\/da\/anmeldelser\/\">gennemgangsprocessen forklaret<\/a>.<\/p>\n<p><strong>Hjemmeside:<\/strong> <a href=\"http:\/\/www.packimpex.ch\/\" target=\"_blank\" rel=\"noopener\">http:\/\/www.packimpex.ch\/<\/a><\/p>","protected":false},"excerpt":{"rendered":"<p>Packimpex is a relocation and removal company based in Bern, Switzerland. It offers its clients a range of services which are listed below, together with a company profile and reviews. International Moves Dedicated move manager Full packing service, partial packing or DIY packing Multilingual packers Reusable and recyclable packing where possible Air, road or sea [&hellip;]<\/p>\n","protected":false},"author":1,"featured_media":0,"parent":0,"menu_order":0,"comment_status":"closed","ping_status":"closed","template":"","meta":{"_genesis_hide_title":false,"_genesis_hide_breadcrumbs":false,"_genesis_hide_singular_image":false,"_genesis_hide_footer_widgets":false,"_genesis_custom_body_class":"","_genesis_custom_post_class":"","_genesis_layout":"","footnotes":""},"class_list":{"0":"post-1558","1":"page","2":"type-page","3":"status-publish","5":"entry"},"_links":{"self":[{"href":"https:\/\/moverdb.com\/da\/wp-json\/wp\/v2\/pages\/1558","targetHints":{"allow":["GET"]}}],"collection":[{"href":"https:\/\/moverdb.com\/da\/wp-json\/wp\/v2\/pages"}],"about":[{"href":"https:\/\/moverdb.com\/da\/wp-json\/wp\/v2\/types\/page"}],"author":[{"embeddable":true,"href":"https:\/\/moverdb.com\/da\/wp-json\/wp\/v2\/users\/1"}],"replies":[{"embeddable":true,"href":"https:\/\/moverdb.com\/da\/wp-json\/wp\/v2\/comments?post=1558"}],"version-history":[{"count":4,"href":"https:\/\/moverdb.com\/da\/wp-json\/wp\/v2\/pages\/1558\/revisions"}],"predecessor-version":[{"id":6228,"href":"https:\/\/moverdb.com\/da\/wp-json\/wp\/v2\/pages\/1558\/revisions\/6228"}],"wp:attachment":[{"href":"https:\/\/moverdb.com\/da\/wp-json\/wp\/v2\/media?parent=1558"}],"curies":[{"name":"wp","href":"https:\/\/api.w.org\/{rel}","templated":true}]}}