{"id":1548,"date":"2017-02-01T15:00:53","date_gmt":"2017-02-01T15:00:53","guid":{"rendered":"http:\/\/moverdb.com\/?page_id=1548"},"modified":"2026-01-08T15:20:43","modified_gmt":"2026-01-08T15:20:43","slug":"sirva","status":"publish","type":"page","link":"https:\/\/moverdb.com\/da\/sirva\/","title":{"rendered":"SIRVA - International flytning og flytning Anmeldelser"},"content":{"rendered":"<p>SIRVA er en global udstationeringsvirksomhed med hovedkontor i <a href=\"https:\/\/moverdb.com\/da\/moving-to-the-united-states\/moving-to-illinois\/\" data-internallinksmanager029f6b8e52c=\"401\" title=\"Flytning til Illinois? 2026 Leveomkostninger og tips til flytning\">Illinois<\/a>. Virksomheden tilbyder b\u00e5de virksomheder og privatpersoner en r\u00e6kke flyttetjenester. Disse er anf\u00f8rt nedenfor sammen med en firmaprofil og anmeldelser.<\/p>\n<p><strong>International flytning<\/strong><\/p>\n<ul>\n<li> Et verdensomsp\u00e6ndende netv\u00e6rk af flytteressourcer<\/li>\n<li> Spor din forsendelse 24\/7<\/li>\n<li> Husunders\u00f8gelse for at fastsl\u00e5 emballagebehov osv.<\/li>\n<li> Forsikring arrangeret<\/li>\n<li> Personlig koordinator vil hj\u00e6lpe med den n\u00f8dvendige dokumentation<\/li>\n<li> Pakning og lastning<\/li>\n<li> Toldklarering<\/li>\n<li> Levering og udpakning<\/li>\n<li> Engelsktalende bes\u00e6tningsledere vil v\u00e6re til r\u00e5dighed for at hj\u00e6lpe dig ved levering<\/li>\n<li> Alle varer vil blive afl\u00e6sset omhyggeligt og krydstjekket med din inventarliste og vil blive placeret i de rigtige rum.<\/li>\n<li> Skr\u00f8belige genstande, s\u00e5som glas og <a href=\"https:\/\/moverdb.com\/da\/moving-to-china\/\" data-internallinksmanager029f6b8e52c=\"357\" title=\"Flytter du til Kina? 2026 Leveomkostninger og tips til flytning\">porcel\u00e6n<\/a>, skal pakkes ud p\u00e5 flade overflader<\/li>\n<li> Alle emballagematerialer og affald vil hurtigt blive fjernet fra dit hjem<\/li>\n<\/ul>\n<p><strong>Flytning af virksomheder<\/strong><\/p>\n<ul>\n<li> Indk\u00f8ring af tjenester<\/li>\n<li> Visum og arbejdstilladelser<\/li>\n<li> S\u00f8gning efter skole og hjem<\/li>\n<li> Kulturel information<\/li>\n<li> Bistand til partner\/\u00e6gtef\u00e6lle<\/li>\n<li> Specialiseret emballage<\/li>\n<\/ul>\n<p><strong>Flyttetjenester<\/strong><\/p>\n<ul>\n<li> Flytning af husholdningen<\/li>\n<li> Flytning af virksomheder<\/li>\n<li> Lokal flytning<\/li>\n<li> Flytning mellem lande<\/li>\n<li> International flytning<\/li>\n<li> Personlig flytteplan<\/li>\n<\/ul>\n<h2>SIRVAs virksomhedsprofil<\/h2>\n<p>Sirva Inc. blev oprettet i 1997 og er en virksomhed, der leverer flytte- og forflytningstjenester til virksomheder og privatpersoner. Virksomheden opererer i mere end 170 lande i over 1.400 byer, og dens nordamerikanske m\u00e6rker omfatter <a href=\"https:\/\/moverdb.com\/da\/allied-van-lines\/\">Allied Van Lines<\/a> og <a href=\"https:\/\/moverdb.com\/da\/north-american-van-lines\/\">North American Van Lines<\/a>.<\/p>\n<p>Sirva udf\u00f8rer omkring 385.000 flytninger om \u00e5ret i 43 lande rundt om i verden. Det drejer sig b\u00e5de om erhvervskunder og milit\u00e6r- og regeringspersonale.<\/p>\n<p>Sirva har f\u00f8lgende akkrediteringer og tilknytninger:<\/p>\n<ul>\n<li> <a href=\"https:\/\/moverdb.com\/da\/iam\/\">Den internationale sammenslutning af flyttefirmaer<\/a> (<a href=\"https:\/\/moverdb.com\/da\/iam\/\" data-internallinksmanager029f6b8e52c=\"23\" title=\"International Association of Movers (IAM) Forklaret\">IAM<\/a>)<\/li>\n<\/ul>\n<h2>SIRVA Anmeldelser<\/h2>\n<p><strong>Positiv:<\/strong><\/p>\n<ul>\n<li> <em>\"Min mand og jeg havde en vidunderlig oplevelse med Sirva-hypothek i forbindelse med vores nylige flytning.\"<\/em> Karlee via <a href=\"https:\/\/www.reputada.com\/company\/sirva.com\" target=\"_blank\" rel=\"noopener\">Renommee<\/a>.\n<\/ul>\n<p><strong>Negativ:<\/strong><\/p>\n<ul>\n<li> <em>\"Alt sammen for at mit svar ikke skal opfattes som nogen form for \"bagvaskelse\", vil jeg g\u00f8re mit bedste for blot at skildre, hvad der skete, og fors\u00f8ge at bruge s\u00e5 f\u00e5 entusiastiske ord som det med rimelighed kan forventes\" <\/em> - Lilaora via <a href=\"https:\/\/www.trulia.com\/voices\/Home_Selling\/Has_anyone_dealt_with_a_relocation_firm_called_SIR-29232\" target=\"_blank\" rel=\"noopener\">Trulia<\/a>.\n<\/ul>\n<p>For SIRVA-m\u00e6rker b\u00f8r du ogs\u00e5 l\u00e6se <a href=\"https:\/\/moverdb.com\/da\/allied-van-lines\/\">Allied Van Lines anmeldelser<\/a> og <a href=\"https:\/\/moverdb.com\/da\/north-american-van-lines\/\">North American Van Lines anmeldelser<\/a>.<\/p>\n<div itemprop=\"review\" itemscope itemtype=\"http:\/\/schema.org\/Review\">\n<span itemprop=\"author\" itemscope=\"\" itemtype=\"http:\/\/schema.org\/Organization\"><span itemprop=\"name\">MoverDB.com<\/span><\/span> Online website anmeldelse for <span itemprop=\"itemreviewed\" itemscope=\"\" itemtype=\"http:\/\/schema.org\/Brand\"><span itemprop=\"name\">SIRVA<\/span><\/span>:<\/p>\n<ol>\n<li> Tydelige kontaktoplysninger p\u00e5 webstedet (herunder telefonnummer): <strong>Ja<\/strong><\/li>\n<li> Let at f\u00e5 <a href=\"https:\/\/moverdb.com\/da\/citater\/\">citater for international flytning<\/a>? (Formular til anmodning om online overslag): <strong>Ja<\/strong><\/li>\n<li> Klare oplysninger p\u00e5 webstedet: <strong>Ja,<\/strong> Websitet beskriver klart og tydeligt alle de tjenester, de tilbyder.<\/li>\n<li> Medlemskab af internationalt anerkendte flytteorganisationer: <strong>Ja<\/strong>, (dog kun IAM)<\/li>\n<li> Liste over kunder og\/eller tidligere kundeudtalelser. <strong>Ja,<\/strong> de har en sektion med casestudier p\u00e5 deres websted. Der er dog et begr\u00e6nset antal anmeldelser fra hele nettet, hvoraf de fleste er neutrale eller negative.<\/li>\n<\/ol>\n<div itemprop=\"reviewRating\" itemscope itemtype=\"http:\/\/schema.org\/Rating\"><meta itemprop=\"worstRating\" content = \"0\" \/><meta itemprop=\"bestRating\" content=\"5\" \/><meta itemprop=\"ratingValue\" content=\"4.5\"><\/div>\n<p><strong>Samlet score: 4.5\/5<\/strong><br \/>\n<strong>Dato for gennemgang:<\/strong> <span itemprop=\"datePublished\" content=\"2016-02-01\">01\/02\/2017<\/span>\n<\/div>\n<p>L\u00e6s mere om <a href=\"https:\/\/moverdb.com\/da\/flyttefirmaer\/\">internationale flyttefirmaer<\/a> og vores <a href=\"https:\/\/moverdb.com\/da\/anmeldelser\/\">gennemgangsproces<\/a>.<\/p>\n<p><strong>Hjemmeside:<\/strong> <a href=\"https:\/\/www.sirva.com\/\" target=\"_blank\" rel=\"noopener\">https:\/\/www.sirva.com\/<\/a> <\/p>","protected":false},"excerpt":{"rendered":"<p>SIRVA is a global relocation company with its head office in Illinois. It offers its corporate and individual clients a variety of moving services. These are listed below together with a company profile and reviews. International Moving Worldwide network of moving resources Track your shipment 24\/7 House survey to ascertain packing requirements etc Insurance arranged [&hellip;]<\/p>\n","protected":false},"author":1,"featured_media":0,"parent":0,"menu_order":0,"comment_status":"closed","ping_status":"closed","template":"","meta":{"_genesis_hide_title":false,"_genesis_hide_breadcrumbs":false,"_genesis_hide_singular_image":false,"_genesis_hide_footer_widgets":false,"_genesis_custom_body_class":"","_genesis_custom_post_class":"","_genesis_layout":"","footnotes":""},"class_list":{"0":"post-1548","1":"page","2":"type-page","3":"status-publish","5":"entry"},"_links":{"self":[{"href":"https:\/\/moverdb.com\/da\/wp-json\/wp\/v2\/pages\/1548","targetHints":{"allow":["GET"]}}],"collection":[{"href":"https:\/\/moverdb.com\/da\/wp-json\/wp\/v2\/pages"}],"about":[{"href":"https:\/\/moverdb.com\/da\/wp-json\/wp\/v2\/types\/page"}],"author":[{"embeddable":true,"href":"https:\/\/moverdb.com\/da\/wp-json\/wp\/v2\/users\/1"}],"replies":[{"embeddable":true,"href":"https:\/\/moverdb.com\/da\/wp-json\/wp\/v2\/comments?post=1548"}],"version-history":[{"count":5,"href":"https:\/\/moverdb.com\/da\/wp-json\/wp\/v2\/pages\/1548\/revisions"}],"predecessor-version":[{"id":6239,"href":"https:\/\/moverdb.com\/da\/wp-json\/wp\/v2\/pages\/1548\/revisions\/6239"}],"wp:attachment":[{"href":"https:\/\/moverdb.com\/da\/wp-json\/wp\/v2\/media?parent=1548"}],"curies":[{"name":"wp","href":"https:\/\/api.w.org\/{rel}","templated":true}]}}