{"id":1542,"date":"2017-02-01T16:45:14","date_gmt":"2017-02-01T16:45:14","guid":{"rendered":"http:\/\/moverdb.com\/?page_id=1542"},"modified":"2026-01-08T15:30:38","modified_gmt":"2026-01-08T15:30:38","slug":"vip-transport","status":"publish","type":"page","link":"https:\/\/moverdb.com\/da\/vip-transport\/","title":{"rendered":"VIP Transport - Anmeldelser af internationale flytninger"},"content":{"rendered":"<p>VIP Transports hovedkontor ligger i Corona, CA. Virksomheden tilbyder sine kunder en r\u00e6kke forskellige flyttetjenester, som er anf\u00f8rt nedenfor, sammen med en virksomhedsprofil og anmeldelser.<\/p>\n<p><strong>Internationale flytninger<\/strong><\/p>\n<p>Tjenester forud for tildeling<\/p>\n<ul>\n<li>Visum og indvandringstjenester<\/li>\n<li>Forh\u00e5ndsvisning af turen og orientering om omr\u00e5det<\/li>\n<li>Oplysninger om land og kultur<\/li>\n<\/ul>\n<p>Flyttetjenester<\/p>\n<ul>\n<li>Planl\u00e6gning f\u00f8r flytning<\/li>\n<li>Transport af ejendele<\/li>\n<li>Styring af flytningen<\/li>\n<li>Sporing af forsendelser<\/li>\n<\/ul>\n<p>Internationale destinationstjenester<\/p>\n<ul>\n<li>Kulturel og sproglig uddannelse<\/li>\n<li>Skolebistand<\/li>\n<li>St\u00f8tte fra partner\/\u00e6gtef\u00e6lle<\/li>\n<li>Indk\u00f8ring i tjenesten<\/li>\n<li>Bistand ved afrejse<\/li>\n<\/ul>\n<p>Beskyttelsestjenester<\/p>\n<ul>\n<li>V\u00e6gtmultiplikator<\/li>\n<li>Inventar af h\u00f8j v\u00e6rdi<\/li>\n<li>Opdelt v\u00e6rdifuldt inventar<\/li>\n<\/ul>\n<p>Boligst\u00f8tte<\/p>\n<ul>\n<li>Tjenester til at finde hjem<\/li>\n<li>Midlertidig indkvartering<\/li>\n<li>Forvaltning af ejendomme og lejem\u00e5l<\/li>\n<\/ul>\n<p><strong>Flytning af hjem<\/strong><\/p>\n<ul>\n<li>Lokal, langdistance og international flytning<\/li>\n<li>Opbevaring og klimakontrolleret opbevaring<\/li>\n<li>Tilpasset kasse<\/li>\n<li>Indpakning og udpakning<\/li>\n<li>Biltransport<\/li>\n<li>Tilslutning af netv\u00e6rk, pc og teater<\/li>\n<li>Ejendomstjenester<\/li>\n<li>White glove-tjenester<\/li>\n<\/ul>\n<p><strong>Flytning af virksomheder<\/strong><\/p>\n<ul>\n<li>Personlig koordinator<\/li>\n<li>Fra d\u00f8r til d\u00f8r<\/li>\n<li>Fuld service med indpakning og udpakning<\/li>\n<li>Lang- og kortsigtet opbevaring<\/li>\n<li>Omfattende rapportering og udgiftssporing<\/li>\n<li>Trinvise tjenesteudbud<\/li>\n<li>Fleksible tjenester til brug for udgifter baseret p\u00e5 godtg\u00f8relse<\/li>\n<li>Brugerdefinerede velkomstfoldere<\/li>\n<li>Online sporing<\/li>\n<li>Dedikeret account manager udelukkende for medarbejdere<\/li>\n<li>Midlertidige boliger<\/li>\n<\/ul>\n<p><strong>Specialiserede tjenester<\/strong><\/p>\n<ul>\n<li>Flytning og forsendelse af vin<\/li>\n<li>Brugerdefineret kasse<\/li>\n<li>White Glove-service<\/li>\n<li>Samlerobjekter af h\u00f8j v\u00e6rdi<\/li>\n<li>Transport af medicinsk udstyr<\/li>\n<li>Elektronik og robotteknologi<\/li>\n<li>Hotel- og sundhedssektoren<\/li>\n<li>Musikalsk og underholdning<\/li>\n<li>Luft- og rumfartslogistik<\/li>\n<li>Flytning af atleter og sportshold<\/li>\n<li>Tjenester til Hawaii\u00f8erne<\/li>\n<li>Flytning af laboratorier<\/li>\n<li>Billedkunst og antikviteter<\/li>\n<li>Milit\u00e6r og GSA<\/li>\n<li>Flytning af universiteter og akademiske institutioner<\/li>\n<\/ul>\n<p><strong>Logistik<\/strong><\/p>\n<ul>\n<li>Logistik\/ LTL\/lastvognsl\u00e6sning<\/li>\n<li>Oplagring og distribution<\/li>\n<li>Fl\u00e5dens kapacitet<\/li>\n<li>Tjenester til messer<\/li>\n<li>Kommerciel flytning<\/li>\n<li>Flatbed-tjenester<\/li>\n<li>Rigging-tjenester<\/li>\n<li><a href=\"https:\/\/moverdb.com\/da\/container-shipping\/\" data-internallinksmanager029f6b8e52c=\"3\" title=\"Diagram over internationale containerpriser: April 2026\">International forsendelse<\/a><\/li>\n<\/ul>\n<p><strong>Opbevaring<\/strong><\/p>\n<ul>\n<li>P\u00e5 lang og kort sigt<\/li>\n<li>Klimakontrolleret med minimal UV-belysning<\/li>\n<li>Privat vinopbevaring<\/li>\n<li>24 timers sikkerhed<\/li>\n<li>Strenge test af brand, alarm og sikkerhed<\/li>\n<li>Private klimakontrollerede v\u00e6relser med sikrede kodeadgangssystemer<\/li>\n<\/ul>\n<h2>VIP Transport virksomhedsprofil<\/h2>\n<p>VIP Transport er en del af UniGroup, som er moderselskab for <a href=\"https:\/\/moverdb.com\/da\/mayflower-transit\/\">Mayflower Transit<\/a> og <a href=\"https:\/\/moverdb.com\/da\/united-van-lines\/\">United Van Lines<\/a>. Virksomheden, der startede i 1982, transporterer personer og varer over hele verden ved hj\u00e6lp af UniGroups agenturnetv\u00e6rk. <\/p>\n<p>I den <a href=\"https:\/\/moverdb.com\/da\/moving-to-the-united-states\/\" data-internallinksmanager029f6b8e52c=\"94\" title=\"Flytter du til USA? 2022 Leveomkostninger og flyttetips\">USA<\/a> alene er der 1.100 agenter, som man kan henvende sig til, og p\u00e5 internationalt plan er der over 1.350 agenter. VIP Transport har ogs\u00e5 adgang til 46 millioner kvadratfod lagerplads, hvoraf 7 millioner er klimakontrolleret.<\/p>\n<p>VIP Transport har en specialiseret vognpark, som omfatter klimakontrollerede trailere, generatordrevne laboratorievogne og flade senge med s\u00e6rlige lasteevner. Virksomheden f\u00f8lger et strengt gr\u00f8nt program for at minimere sit CO2-fodaftryk.<br \/>\nVIP Transport har f\u00f8lgende akkrediteringer og tilknytninger:<\/p>\n<ul>\n<li> <a href=\"https:\/\/moverdb.com\/da\/amsa\/\">Amerikansk sammenslutning for flytning og opbevaring<\/a> (<a href=\"https:\/\/moverdb.com\/da\/amsa\/\" data-internallinksmanager029f6b8e52c=\"5\" title=\"American Moving &amp; Storage Association (AMSA) Forklaret\">AMSA<\/a>)<\/li>\n<li> <a href=\"https:\/\/moverdb.com\/da\/faelge-promover\/\">ProMover<\/a><\/li>\n<li> Better Business Bureau (BBB) A+<\/li>\n<li> WBENC-certificeret<\/li>\n<li> ISO 9001<\/li>\n<\/ul>\n<h2>VIP Transport Anmeldelser<\/h2>\n<p><strong>Positiv:<\/strong><\/p>\n<ul>\n<li> <em>\"Den <a href=\"https:\/\/moverdb.com\/da\/flytte-til-los-angeles\/\">Los Angeles<\/a> Clippers og VIP Transport har haft et vidunderligt samarbejde i \u00e5renes l\u00f8b. De har altid v\u00e6ret klar til at hj\u00e6lpe os med flytninger af flere vigtige spillere, og det har de gjort uden at nogen af spillerne har klaget over det.\"<\/em> - via <a href=\"http:\/\/www.viptransport.com\/testimonials\/\" target=\"_blank\" rel=\"noopener\">Virksomhedens vidnesbyrd<\/a> side.<\/li>\n<li> <em>\"De her fyre f\u00e5r 10 ud af 10.  Fra den f\u00f8rste kontakt, til jobbet var f\u00e6rdigt, fik vi \"A-1 service\".  \"<\/em> - Robert via <a href=\"https:\/\/www.yelp.com\/biz\/vip-transport-corona-6?hrid=nuC3r_2wy6HRLOm4owqitg&#038;utm_campaign=www_review_share_popup&#038;utm_medium=copy_link&#038;utm_source=(direct)\" target=\"_blank\" rel=\"noopener\">Yelp<\/a><\/li>\n<li> <em>\"Jeg havde en fantastisk oplevelse med VIP!\"<\/em> - Michelle via <a href=\"https:\/\/www.mymovingreviews.com\/movers\/vip-transport-781#53376\" target=\"_blank\" rel=\"noopener\">MyMovingReviews<\/a><\/li>\n<\/ul>\n<p><strong>Negativ:<\/strong><\/p>\n<ul>\n<li><em>\"Jeg ville \u00f8nske, jeg kunne give dem nul stjerner.\"<\/em> - Nancy T via <a href=\"https:\/\/www.yelp.com\/biz\/vip-transport-corona-6?hrid=DvJSu2LKWnFvj2WuqZXtoQ&#038;utm_campaign=www_review_share_popup&#038;utm_medium=copy_link&#038;utm_source=(direct)\" target=\"_blank\" rel=\"noopener\">Yelp<\/a><\/li>\n<li> <em>\"Jeg valgte Mayflower\/VIP Transport p\u00e5 grund af den repr\u00e6sentant, der kom og lavede et overslag p\u00e5 stedet. Hans forklaringer gav mest mening for mig i forhold til andre overslag. Det viste sig imidlertid, at hans v\u00e6gtsk\u00f8n var 6.000 pund over det, som min faktiske v\u00e6gt viste sig at v\u00e6re.\"<\/em> - Ruthie via <a href=\"https:\/\/www.mymovingreviews.com\/movers\/vip-transport-781#50382\" target=\"_blank\" rel=\"noopener\">MyMovingReviews<\/a><\/li>\n<\/ul>\n<div itemprop=\"review\" itemscope itemtype=\"http:\/\/schema.org\/Review\">\n<span itemprop=\"author\" itemscope=\"\" itemtype=\"http:\/\/schema.org\/Organization\"><span itemprop=\"name\">MoverDB.com<\/span><\/span> Online website anmeldelse for <span itemprop=\"itemreviewed\" itemscope=\"\" itemtype=\"http:\/\/schema.org\/Brand\"><span itemprop=\"name\">VIP-transport<\/span><\/span>:<\/p>\n<ol>\n<li> Tydelige kontaktoplysninger p\u00e5 webstedet (herunder telefonnummer): <strong>Ja<\/strong><\/li>\n<li> Let at f\u00e5 <a href=\"https:\/\/moverdb.com\/da\/citater\/\">citater for international flytning<\/a>? (Formular til anmodning om online overslag): <strong>Ja<\/strong><\/li>\n<li> Klare oplysninger p\u00e5 webstedet: <strong>Ja,<\/strong> webstedet indeholder en masse detaljerede oplysninger om flytning.<\/li>\n<li> Medlemskab af internationalt anerkendte flytteorganisationer: <strong>Ja<\/strong>, (se ovenfor)<\/li>\n<li> Liste over kunder og\/eller tidligere kundeudtalelser. <strong>Ja,<\/strong> Der findes mange positive kundeudtalelser p\u00e5 deres hjemmeside, og de har for det meste positive anmeldelser andre steder p\u00e5 nettet.<\/li>\n<\/ol>\n<div itemprop=\"reviewRating\" itemscope itemtype=\"http:\/\/schema.org\/Rating\"><meta itemprop=\"worstRating\" content = \"0\" \/><meta itemprop=\"bestRating\" content=\"5\" \/><meta itemprop=\"ratingValue\" content=\"5\"><\/div>\n<p><strong>Samlet score: 5\/5<\/strong><br \/>\n<strong>Dato for gennemgang:<\/strong> <span itemprop=\"datePublished\" content=\"2017-02-01\">01\/02\/2017<\/span>\n<\/div>\n<p>L\u00e6s mere om <a href=\"https:\/\/moverdb.com\/da\/flyttefirmaer\/\">internationale flyttefirmaer<\/a> og vores <a href=\"https:\/\/moverdb.com\/da\/anmeldelser\/\">gennemgangsproces<\/a>.<\/p>\n<p><strong>Websteder:<\/strong> <a href=\"http:\/\/www.viptransport.com\/\" target=\"_blank\" rel=\"noopener\">http:\/\/www.viptransport.com\/<\/a><\/p>","protected":false},"excerpt":{"rendered":"<p>VIP Transport&#8217;s head office is in Corona, CA. The company offers its clients a variety of moving services which are listed below, together with a company profile and reviews. International Moves Pre-assignment Services Visa and immigration services Preview trip and area orientation Country and culture information Moving Services Pre-move planning Transportation of belongings Managing the [&hellip;]<\/p>\n","protected":false},"author":1,"featured_media":0,"parent":0,"menu_order":0,"comment_status":"closed","ping_status":"closed","template":"","meta":{"_genesis_hide_title":false,"_genesis_hide_breadcrumbs":false,"_genesis_hide_singular_image":false,"_genesis_hide_footer_widgets":false,"_genesis_custom_body_class":"","_genesis_custom_post_class":"","_genesis_layout":"","footnotes":""},"class_list":{"0":"post-1542","1":"page","2":"type-page","3":"status-publish","5":"entry"},"_links":{"self":[{"href":"https:\/\/moverdb.com\/da\/wp-json\/wp\/v2\/pages\/1542","targetHints":{"allow":["GET"]}}],"collection":[{"href":"https:\/\/moverdb.com\/da\/wp-json\/wp\/v2\/pages"}],"about":[{"href":"https:\/\/moverdb.com\/da\/wp-json\/wp\/v2\/types\/page"}],"author":[{"embeddable":true,"href":"https:\/\/moverdb.com\/da\/wp-json\/wp\/v2\/users\/1"}],"replies":[{"embeddable":true,"href":"https:\/\/moverdb.com\/da\/wp-json\/wp\/v2\/comments?post=1542"}],"version-history":[{"count":5,"href":"https:\/\/moverdb.com\/da\/wp-json\/wp\/v2\/pages\/1542\/revisions"}],"predecessor-version":[{"id":6250,"href":"https:\/\/moverdb.com\/da\/wp-json\/wp\/v2\/pages\/1542\/revisions\/6250"}],"wp:attachment":[{"href":"https:\/\/moverdb.com\/da\/wp-json\/wp\/v2\/media?parent=1542"}],"curies":[{"name":"wp","href":"https:\/\/api.w.org\/{rel}","templated":true}]}}