{"id":1540,"date":"2017-02-26T17:21:37","date_gmt":"2017-02-26T17:21:37","guid":{"rendered":"http:\/\/moverdb.com\/?page_id=1540"},"modified":"2026-01-08T15:20:37","modified_gmt":"2026-01-08T15:20:37","slug":"royal-hawaiian-movers","status":"publish","type":"page","link":"https:\/\/moverdb.com\/da\/royal-hawaiian-movers\/","title":{"rendered":"Royal Hawaiian Movers - Anmeldelser af internationale flytninger"},"content":{"rendered":"<p>Royal Hawaiian Movers tilbyder sine kunder forskellige lokale flytninger, flytninger mellem \u00f8er og p\u00e5 fastlandet. Deres tjenester er anf\u00f8rt nedenfor, sammen med en virksomhedsprofil og anmeldelser.<\/p>\n<p><strong>Internationale flytninger, flytninger til fastlandet og flytninger mellem \u00f8er<\/strong><\/p>\n<ul>\n<li> Fra d\u00f8r til d\u00f8r<\/li>\n<li >Fuld pakningsservice, kun skr\u00f8belige genstande eller g\u00f8r-det-selv-pakning<\/li>\n<li> Demontering og genmontering af m\u00f8bler<\/li>\n<li> Flytning og ops\u00e6tning af IT<\/li>\n<li> Udpakningstjeneste<\/li>\n<li> Lang- og korttidsopbevaring arrangeret<\/li>\n<li> Luftfragt eller s\u00f8fragt<\/li>\n<li> Forsikring arrangeret<\/li>\n<\/ul>\n<p><strong>Lokale og milit\u00e6re flytninger<\/strong><\/p>\n<ul>\n<li> Fra d\u00f8r til d\u00f8r<\/li>\n<li> Pakningsmaterialer leveres<\/li>\n<li> Lang- og kortsigtet opbevaring<\/li>\n<li> Fuld servicepakning tilg\u00e6ngelig eller DIY-pakning<\/li>\n<li> Demontering og genmontering af m\u00f8bler<\/li>\n<li> Udpakningstjeneste<\/li>\n<li> Forsikring arrangeret<\/li>\n<\/ul>\n<p><strong>Specialiserede flyttetjenester<\/strong><\/p>\n<ul>\n<li> Tunge maskiner<\/li>\n<li> Flytning af medicinske tjenester<\/li>\n<li> Overdimensioneret udstyr<\/li>\n<\/ul>\n<p><strong>Installation<\/strong><\/p>\n<ul>\n<li> Hotel<\/li>\n<li> FF&amp;E (m\u00f8bler, inventar og udstyr)<\/li>\n<li> Kontor<\/li>\n<li> Specialitet<\/li>\n<\/ul>\n<h2>Royal Hawaiian Movers virksomhedsprofil<\/h2>\n<p>Royal Hawaiian Movers blev startet af Richard L DeWitt i 1982. Virksomheden startede med et kontor i Honolulu, hvor den betjente milit\u00e6ret p\u00e5 \u00f8en Oahu. Selv i dag er milit\u00e6ret kernen i Royal Hawaiian Movers. I slutningen af 1980'erne besluttede virksomheden at udvide og g\u00e5 ind i lastbiltransport og fragt. Virksomheden har nu en fl\u00e5de p\u00e5 over 60 flyttebiler.<\/p>\n<p>Royal Hawaiian Movers har siden udvidet deres virksomhed til at omfatte flytning af boliger, erhvervsomr\u00e5der og milit\u00e6ret lokalt, mellem \u00f8erne og internationalt. DeWitt-koncernen har flyttet mennesker og virksomheder rundt om i verden i over 80 \u00e5r, og Royal Hawaiian Movers nyder at videregive den ekspertise, de har l\u00e6rt gennem \u00e5rtier. <\/p>\n<p>Deres etik er at udvikle et tillidsfuldt forhold til deres kunder, s\u00e5 de vender tilbage til dem hver gang de flytter.<\/p>\n<p>Royal Hawaiian Movers har f\u00f8lgende akkrediteringer og tilknytninger:<\/p>\n<ul>\n<li> <a href=\"https:\/\/moverdb.com\/da\/faelge-promover\/\">AMSA Pro Movers<\/a><\/li>\n<li> Certificerede flyttekonsulenter<\/li>\n<li> Certificerede chauff\u00f8rer til farlige materialer<\/li>\n<li> Identifikationskort for transportmedarbejdere<\/li>\n<li> Better Business Bureau (BBB)<\/li>\n<li> DeWitt Move Worldwide - et medlem af <a href=\"https:\/\/moverdb.com\/da\/iam\/\">IAM<\/a><\/li>\n<li> DOT-licens #227698<\/li>\n<li> DOT Motor Carrier License #165352<\/li>\n<li> DOT <a href=\"https:\/\/moverdb.com\/da\/freight-forwarder\/\" data-internallinksmanager029f6b8e52c=\"17\" title=\"Guide til internationale omkostninger og virksomheder for spedit\u00f8rer og NVOCC&#039;er\">Spedit\u00f8r<\/a> Licens #003549<\/li>\n<\/ul>\n<h2>Royal Hawaiian Movers Anmeldelser<\/h2>\n<p><strong>Positiv:<\/strong><\/p>\n<ul>\n<li> <em>\"At flytte fra Honolulu til <a href=\"https:\/\/moverdb.com\/da\/moving-to-the-united-states\/moving-to-california\/\" data-internallinksmanager029f6b8e52c=\"330\" title=\"Flytning til Californien? 2026 Leveomkostninger og tips til flytning\">Californien<\/a>, det milit\u00e6re s\u00e6t <a href=\"https:\/\/moverdb.com\/da\/moving-to-the-united-states\/\" data-internallinksmanager029f6b8e52c=\"94\" title=\"Flytter du til USA? 2022 Leveomkostninger og flyttetips\">os<\/a> op med Royal Hawaiian Movers... ***AMAZING*** kundeservice.... De var informative, h\u00f8flige, ordentlige og effektive. Royal Hawaiian Movers er alt, hvad du har brug for til dine flytte- og forsendelsesproblemer!!!\"<\/em> - Kelly G <a href=\"http:\/\/royalhawaiianmovers.com\/our-difference\/what-customers-say\/\" target=\"_blank\" rel=\"noopener\">kundeudtalelse<\/a><\/li>\n<li> <em>\"Professionelle og tog sig godt af mine ejendele. Flyttede til fastlandet ... men de gjorde det lettere for mig at flytte. <a href=\"https:\/\/moverdb.com\/da\/moving-to-the-united-states\/moving-to-hawaii\/\" data-internallinksmanager029f6b8e52c=\"403\" title=\"Flytter du til Hawaii? 2026 Leveomkostninger og tips til flytning\">Hawaii<\/a>.\"<\/em> - Robin via <a href=\"https:\/\/www.facebook.com\/pg\/RoyalHawaiianMV\/reviews\/\" target=\"_blank\" rel=\"noopener\">Facebook<\/a><\/li>\n<li> <em>\"Alt i alt vil jeg anbefale dem p\u00e5 baggrund af pris og servicekvalitet.\"<\/em> - Ryan via <a href=\"https:\/\/www.yelp.com\/biz\/royal-hawaiian-movers-honolulu-2?hrid=ClTUD764MZQoXt6f0DBLoA&#038;utm_campaign=www_review_share_popup&#038;utm_medium=copy_link&#038;utm_source=(direct)\" target=\"_blank\" rel=\"noopener\">Yelp<\/a><\/li>\n<\/ul>\n<p><strong>Negativ:<\/strong><\/p>\n<ul>\n<li> <em>\"Jeg er ked af at sige, at Royal Hawaiian movers er forf\u00e6rdelige flyttefirmaer! De \u00f8delagde vores ting, og nogle af mine bedstefor\u00e6ldres ting forsvandt.\"<\/em> - Sharon via <a href=\"https:\/\/www.facebook.com\/pg\/RoyalHawaiianMV\/reviews\/\" target=\"_blank\" rel=\"noopener\">Facebook<\/a><\/li>\n<li> <em>\"De skyndte sig at pakke os og gjorde et forf\u00e6rdeligt stykke arbejde. En masse af vores ting var \u00f8delagt og helt \u00f8delagt.\"<\/em> - Meghan via <a href=\"https:\/\/www.yelp.com\/biz\/royal-hawaiian-movers-honolulu-2?hrid=2GCVIxDDbA41_6OusJ2KIQ&#038;utm_campaign=www_review_share_popup&#038;utm_medium=copy_link&#038;utm_source=(direct)\" target=\"_blank\" rel=\"noopener\">Yelp<\/a><\/li>\n<\/ul>\n<div itemprop=\"review\" itemscope itemtype=\"http:\/\/schema.org\/Review\">\n<span itemprop=\"author\" itemscope=\"\" itemtype=\"http:\/\/schema.org\/Organization\"><span itemprop=\"name\">MoverDB.com<\/span><\/span> Online website anmeldelse for <span itemprop=\"itemreviewed\" itemscope=\"\" itemtype=\"http:\/\/schema.org\/Brand\"><span itemprop=\"name\">Royal Hawaiian Movers<\/span><\/span>:<\/p>\n<ol>\n<li> Tydelige kontaktoplysninger p\u00e5 webstedet (herunder telefonnummer): <strong>Ja<\/strong><\/li>\n<li> Let at f\u00e5 <a href=\"https:\/\/moverdb.com\/da\/citater\/\">citater for international flytning<\/a>? (Formular til anmodning om online overslag): <strong>Ja<\/strong><\/li>\n<li> Klare oplysninger p\u00e5 webstedet: <strong>Ja,<\/strong> beskriver alle tjenester, men uden at g\u00e5 for meget i detaljer.<\/li>\n<li> Medlemskab af internationalt anerkendte flytteorganisationer: <strong>Ja<\/strong>, (se ovenfor)<\/li>\n<li> Liste over kunder og\/eller tidligere kundeudtalelser: <strong>Ja,<\/strong> og selv om der er et par negative anmeldelser p\u00e5 nettet, er de seneste anmeldelser for det meste positive.<\/li>\n<\/ol>\n<div itemprop=\"reviewRating\" itemscope itemtype=\"http:\/\/schema.org\/Rating\"><meta itemprop=\"worstRating\" content = \"0\" \/><meta itemprop=\"bestRating\" content=\"5\" \/><meta itemprop=\"ratingValue\" content=\"4.5\"><\/div>\n<p><strong>Samlet score: 4.5\/5<\/strong><br \/>\n<strong>Dato for gennemgang:<\/strong> <span itemprop=\"datePublished\" content=\"2017-02-26\">26\/02\/2017<\/span>\n<\/div>\n<p>L\u00e6s mere om <a href=\"https:\/\/moverdb.com\/da\/flyttefirmaer\/\">internationale flyttefirmaer<\/a> og vores <a href=\"https:\/\/moverdb.com\/da\/anmeldelser\/\">gennemgangsproces<\/a>.<\/p>\n<p><strong>Hjemmeside:<\/strong> <a href=\"http:\/\/royalhawaiianmovers.com\/\" target=\"_blank\" rel=\"noopener\">http:\/\/royalhawaiianmovers.com\/<\/a><\/p>","protected":false},"excerpt":{"rendered":"<p>Royal Hawaiian Movers offers its customers various local, inter island and mainland moves. Their services are listed below, together with a company profile and reviews. International, Mainland and Inter Island Moves Door to door Full packing service, fragile items only or DIY packing Disassembly and reassembly of furniture IT removal and set up Unpacking service [&hellip;]<\/p>\n","protected":false},"author":1,"featured_media":0,"parent":0,"menu_order":0,"comment_status":"closed","ping_status":"closed","template":"","meta":{"_genesis_hide_title":false,"_genesis_hide_breadcrumbs":false,"_genesis_hide_singular_image":false,"_genesis_hide_footer_widgets":false,"_genesis_custom_body_class":"","_genesis_custom_post_class":"","_genesis_layout":"","footnotes":""},"class_list":{"0":"post-1540","1":"page","2":"type-page","3":"status-publish","5":"entry"},"_links":{"self":[{"href":"https:\/\/moverdb.com\/da\/wp-json\/wp\/v2\/pages\/1540","targetHints":{"allow":["GET"]}}],"collection":[{"href":"https:\/\/moverdb.com\/da\/wp-json\/wp\/v2\/pages"}],"about":[{"href":"https:\/\/moverdb.com\/da\/wp-json\/wp\/v2\/types\/page"}],"author":[{"embeddable":true,"href":"https:\/\/moverdb.com\/da\/wp-json\/wp\/v2\/users\/1"}],"replies":[{"embeddable":true,"href":"https:\/\/moverdb.com\/da\/wp-json\/wp\/v2\/comments?post=1540"}],"version-history":[{"count":7,"href":"https:\/\/moverdb.com\/da\/wp-json\/wp\/v2\/pages\/1540\/revisions"}],"predecessor-version":[{"id":6234,"href":"https:\/\/moverdb.com\/da\/wp-json\/wp\/v2\/pages\/1540\/revisions\/6234"}],"wp:attachment":[{"href":"https:\/\/moverdb.com\/da\/wp-json\/wp\/v2\/media?parent=1540"}],"curies":[{"name":"wp","href":"https:\/\/api.w.org\/{rel}","templated":true}]}}