{"id":1538,"date":"2017-02-23T08:47:51","date_gmt":"2017-02-23T08:47:51","guid":{"rendered":"http:\/\/moverdb.com\/?page_id=1538"},"modified":"2026-01-08T15:20:39","modified_gmt":"2026-01-08T15:20:39","slug":"settelen","status":"publish","type":"page","link":"https:\/\/moverdb.com\/da\/settelen\/","title":{"rendered":"Settelen - Internationale flytninger og flytning Anmeldelser"},"content":{"rendered":"<p>Settelen er en schweizisk virksomhed med hoveds\u00e6de i <a href=\"https:\/\/moverdb.com\/da\/moving-to-basel\/\" data-internallinksmanager029f6b8e52c=\"263\" title=\"Flytter du til Basel? 2026 Leveomkostninger og flyttetips\">Basel<\/a>. Virksomheden tilbyder sine kunder en r\u00e6kke flyttetjenester, som er anf\u00f8rt nedenfor, sammen med en virksomhedsprofil og anmeldelser.<\/p>\n<p><strong>Internationale flytninger og flytninger<\/strong><\/p>\n<ul>\n<li> Dedikeret flyttekoordinator<\/li>\n<li> Fra d\u00f8r til d\u00f8r<\/li>\n<li> Fuld pakningsservice, kun skr\u00f8belige genstande eller g\u00f8r-det-selv-pakning<\/li>\n<li> Demontering og genmontering af m\u00f8bler osv.<\/li>\n<li> Tilpassede kasser<\/li>\n<li> Flytteforretning til pakkeri<\/li>\n<li> Fuld udpakningsservice tilg\u00e6ngelig<\/li>\n<li> Hj\u00e6lp med told og dokumentation<\/li>\n<li> Forsikring arrangeret<\/li>\n<li> Opbevaring p\u00e5 kort og lang sigt<\/li>\n<\/ul>\n<p><strong>Lokale og langdistanceflytninger<\/strong><\/p>\n<ul>\n<li> Dedikeret flyttekoordinator<\/li>\n<li> Fra d\u00f8r til d\u00f8r<\/li>\n<li> Fuld pakningsservice er tilg\u00e6ngelig om n\u00f8dvendigt<\/li>\n<li> Demontering og genmontering af m\u00f8bler osv.<\/li>\n<li> Fuld udpakningsservice er tilg\u00e6ngelig om n\u00f8dvendigt<\/li>\n<li> Forsikring arrangeret<\/li>\n<li> Kort- og langtidsopbevaring tilg\u00e6ngelig<\/li>\n<li> Fuldt udstyret flytteforretning til alle pakningsartikler<\/li>\n<\/ul>\n<p><strong>Flytning af virksomheder<\/strong><\/p>\n<ul>\n<li> Dedikeret flyttehold<\/li>\n<li> Fra d\u00f8r til d\u00f8r<\/li>\n<li> Flytning uden for arbejdstiden for at undg\u00e5 afbrydelser for erhvervslivet<\/li>\n<li> Demontering og genmontering af m\u00f8bler<\/li>\n<li> Fjernelse og geninstallation af IT-systemer<\/li>\n<li> Komplet pakningsservice eller delvis pakningsservice<\/li>\n<li> Forsikring arrangeret<\/li>\n<li> Kort- og langtidsopbevaring tilg\u00e6ngelig<\/li>\n<li> Specialiseret kasseringsudstyr<\/li>\n<li> Flytning af tunge maskiner<\/li>\n<li> Eksternt l\u00f8ft<\/li>\n<\/ul>\n<p><strong>S\u00e6rlige flytninger<\/strong><\/p>\n<ul>\n<li> Messer og udstillinger<\/li>\n<li> Kunst og antikviteter<\/li>\n<li> Tunge maskiner<\/li>\n<li> Skr\u00f8belige varer<\/li>\n<li> Klaverer og andre musikinstrumenter<\/li>\n<li> Eksport af varer<\/li>\n<\/ul>\n<p><strong>S\u00e6rlig transport<\/strong><\/p>\n<ul>\n<li> Til tunge, us\u00e6dvanlige genstande og steder<\/li>\n<li> Logistik og organisation<\/li>\n<li> Valg af k\u00f8ret\u00f8j<\/li>\n<li> Kortl\u00e6gning af en rute<\/li>\n<li> Indhentet de n\u00f8dvendige licenser<\/li>\n<\/ul>\n<p><strong>Opbevaring<\/strong><\/p>\n<ul>\n<li> Beholdere af tr\u00e6<\/li>\n<li> 24\/7 sikkerhed<\/li>\n<li> Regelm\u00e6ssig kontrol af beholdere<\/li>\n<li> Speciel indpakning og pakning er mulig<\/li>\n<\/ul>\n<p><strong>Biludlejning i Settelen<\/strong><\/p>\n<ul>\n<li> Personbiler<\/li>\n<li> Varebiler og pickupper<\/li>\n<li> Minibusser<\/li>\n<li> K\u00f8ret\u00f8jer til s\u00e6rlige form\u00e5l<\/li>\n<\/ul>\n<h2>Settelen virksomhedsprofil<\/h2>\n<p>Settelen AG er baseret i Basel, <a href=\"https:\/\/moverdb.com\/da\/moving-to-switzerland\/\" data-internallinksmanager029f6b8e52c=\"327\" title=\"Flytter du til Schweiz? 2026 Leveomkostninger og flyttetips\">Schweiz<\/a>. Denne privatejede virksomhed blev grundlagt i 1883. Hovedaktiviteten er transport og logistik med datterselskaber inden for biludlejning, busrejser og vedligeholdelse og reparation af motork\u00f8ret\u00f8jer.<\/p>\n<p>Settelen organiserer internationale, langdistance- og lokale flytninger for privatpersoner og virksomheder.<\/p>\n<p>Settelen har f\u00f8lgende akkrediteringer og tilknytninger:<\/p>\n<ul>\n<li> <a href=\"https:\/\/moverdb.com\/da\/fidi-faim\/\">Sammenslutningen af internationale flyttefirmaer<\/a> (<a href=\"https:\/\/moverdb.com\/da\/fidi-faim\/\" data-internallinksmanager029f6b8e52c=\"16\" title=\"FIDI &amp; FAIM (FIDI Accredited International Mover) forklaret\">FIDI<\/a>)<\/li>\n<li> Den schweiziske sammenslutning af vejtransportvirksomheder (ASTAG)<\/li>\n<li> AGVS<\/li>\n<\/ul>\n<h2>Settelen Company Anmeldelser<\/h2>\n<p>Der er ingen anmeldelser af Settelen p\u00e5 engelsk p\u00e5 nettet i \u00f8jeblikket, men det f\u00e5r dog 4,1 stjerner p\u00e5 Google Reviews.<\/p>\n<div itemprop=\"review\" itemscope itemtype=\"http:\/\/schema.org\/Review\">\n<span itemprop=\"author\" itemscope=\"\" itemtype=\"http:\/\/schema.org\/Organization\"><span itemprop=\"name\">MoverDB.com<\/span><\/span> Online website anmeldelse for <span itemprop=\"itemreviewed\" itemscope=\"\" itemtype=\"http:\/\/schema.org\/Brand\"><span itemprop=\"name\">Settelen<\/span><\/span>:<\/p>\n<ol>\n<li> Tydelige kontaktoplysninger p\u00e5 webstedet (herunder telefonnummer): <strong>Ja<\/strong><\/li>\n<li> Let at f\u00e5 <a href=\"https:\/\/moverdb.com\/da\/citater\/\">citater for international flytning<\/a>? (Formular til anmodning om online overslag): <strong>Ja<\/strong><\/li>\n<li> Klare oplysninger p\u00e5 webstedet: <strong>Begr\u00e6nset<\/strong> p\u00e5 hjemmesiden er der en liste over deres tjenester, men der er ikke mange detaljer ud over det.<\/li>\n<li> Medlemskab af internationalt anerkendte flytteorganisationer: <strong>Ja<\/strong>, (se ovenfor)<\/li>\n<li> Liste over kunder og\/eller tidligere kundeudtalelser: <strong>Nej,<\/strong> og der findes kun en begr\u00e6nset m\u00e6ngde oplysninger om dem andre steder.<\/li>\n<\/ol>\n<div itemprop=\"reviewRating\" itemscope itemtype=\"http:\/\/schema.org\/Rating\"><meta itemprop=\"worstRating\" content = \"0\" \/><meta itemprop=\"bestRating\" content=\"5\" \/><meta itemprop=\"ratingValue\" content=\"4\"><\/div>\n<p><strong>Samlet score: 4\/5<\/strong><br \/>\n<strong>Dato for gennemgang:<\/strong> <span itemprop=\"datePublished\" content=\"2017-02-23\">23\/02\/2017<\/span>\n<\/div>\n<p>L\u00e6s mere om <a href=\"https:\/\/moverdb.com\/da\/flyttefirmaer\/\">internationale flyttefirmaer<\/a> og vores <a href=\"https:\/\/moverdb.com\/da\/anmeldelser\/\">gennemgangsproces<\/a>.<\/p>\n<p><strong>Websteder:<\/strong> <a href=\"http:\/\/www.settelen.ch\/\" target=\"_blank\" rel=\"noopener\">http:\/\/www.settelen.ch\/<\/a><\/p>","protected":false},"excerpt":{"rendered":"<p>Settelen is Swiss company based in Basel. It offers its customers a range of moving services which are listed below, together with a company profile and reviews. International Moving &#038; Removals Dedicated move coordinator Door to door Full packing service, fragile items only or DIY packing Disassembly and reassembly of furniture etc Customised crates Removal [&hellip;]<\/p>\n","protected":false},"author":1,"featured_media":0,"parent":0,"menu_order":0,"comment_status":"closed","ping_status":"closed","template":"","meta":{"_genesis_hide_title":false,"_genesis_hide_breadcrumbs":false,"_genesis_hide_singular_image":false,"_genesis_hide_footer_widgets":false,"_genesis_custom_body_class":"","_genesis_custom_post_class":"","_genesis_layout":"","footnotes":""},"class_list":{"0":"post-1538","1":"page","2":"type-page","3":"status-publish","5":"entry"},"_links":{"self":[{"href":"https:\/\/moverdb.com\/da\/wp-json\/wp\/v2\/pages\/1538","targetHints":{"allow":["GET"]}}],"collection":[{"href":"https:\/\/moverdb.com\/da\/wp-json\/wp\/v2\/pages"}],"about":[{"href":"https:\/\/moverdb.com\/da\/wp-json\/wp\/v2\/types\/page"}],"author":[{"embeddable":true,"href":"https:\/\/moverdb.com\/da\/wp-json\/wp\/v2\/users\/1"}],"replies":[{"embeddable":true,"href":"https:\/\/moverdb.com\/da\/wp-json\/wp\/v2\/comments?post=1538"}],"version-history":[{"count":3,"href":"https:\/\/moverdb.com\/da\/wp-json\/wp\/v2\/pages\/1538\/revisions"}],"predecessor-version":[{"id":6236,"href":"https:\/\/moverdb.com\/da\/wp-json\/wp\/v2\/pages\/1538\/revisions\/6236"}],"wp:attachment":[{"href":"https:\/\/moverdb.com\/da\/wp-json\/wp\/v2\/media?parent=1538"}],"curies":[{"name":"wp","href":"https:\/\/api.w.org\/{rel}","templated":true}]}}