{"id":1528,"date":"2017-02-01T16:05:53","date_gmt":"2017-02-01T16:05:53","guid":{"rendered":"http:\/\/moverdb.com\/?page_id=1528"},"modified":"2026-01-08T15:20:40","modified_gmt":"2026-01-08T15:20:40","slug":"shipco-transport","status":"publish","type":"page","link":"https:\/\/moverdb.com\/da\/shipco-transport\/","title":{"rendered":"Shipco Transport - Anmeldelser af internationale flytninger"},"content":{"rendered":"<p>Shipco Transport tilbyder s\u00f8- og luftfragt til professionelle flyttefirmaer og flyttefirmaer, ikke til privatpersoner. Nedenfor er der en liste over tjenester samt en virksomhedsprofil og anmeldelser.<\/p>\n<p><strong>International bev\u00e6gelighed for husholdningsgods<\/strong><\/p>\n<ul>\n<li> <a href=\"https:\/\/moverdb.com\/da\/containerforsendelse\/\">International containertransport<\/a><\/li>\n<li>Gennem professionelle flyttefirmaer for husholdningsartikler<\/li>\n<li>Gennem professionelle flyttefirmaer<\/li>\n<li>LCL<\/li>\n<li>FCL<\/li>\n<li>Luftfragt<\/li>\n<li>Afhentning fra pakkeriets lager er mulig<\/li>\n<\/ul>\n<p><strong>Havfragt LCL<\/strong><\/p>\n<ul>\n<li>Garanteret neutral direkte intakt konsolidering med minimal lasth\u00e5ndtering<\/li>\n<li>Dedikeret kundeservice, der leverer skr\u00e6ddersyede l\u00f8sninger<\/li>\n<li>F\u00f8rsteklasses luftfartsselskaber og konkurrencedygtige priser knyttet til globale sejlplaner i realtid<\/li>\n<\/ul>\n<p><strong>Havfragt FCL<\/strong><\/p>\n<ul>\n<li> Forskellige tjenester gennem over 40 kontrakter med s\u00f8transport\u00f8rer<\/li>\n<li> Fuld d\u00e6kning af indlandstransport i <a href=\"https:\/\/moverdb.com\/da\/moving-to-the-united-states\/\" data-internallinksmanager029f6b8e52c=\"94\" title=\"Flytter du til USA? 2022 Leveomkostninger og flyttetips\">USA<\/a> fra mere end 44.000 postnumre<\/li>\n<li> Hurtig levering af priser for d\u00f8re, ramper og <a href=\"https:\/\/moverdb.com\/da\/top-49-container-ports\/\" data-internallinksmanager029f6b8e52c=\"80\" title=\"Top 49 st\u00f8rste og travleste containerhavne i 2025\">port<\/a> tjenester. Tusindvis af ruter inden for f\u00e5 \u00f8jeblikke<\/li>\n<\/ul>\n<p><strong>Havprojekter og specialiseret fragt<\/strong><\/p>\n<ul>\n<li>Break Bulk, RoRo, Out of Gauge og Reefer service<\/li>\n<li>Landsd\u00e6kkende transport af overdimensioneret gods, tilladte laster og containere<\/li>\n<li>Lastning, pakning og afstivning<\/li>\n<li>Konkurrencedygtige priser gennem vores omfattende netv\u00e6rk af s\u00f8- og lufttransport\u00f8rer, lagerhuse, vognmands- og kranfirmaer<\/li>\n<li>Split\/Full Air Charters &amp; OAG-forsendelser<\/li>\n<\/ul>\n<p><strong>Luftfragt<\/strong><\/p>\n<ul>\n<li>Kontrakter med mere end 100 luftfartsselskaber<\/li>\n<li>Afhentning<\/li>\n<li>Oplagring<\/li>\n<li>M\u00e6rknings- og dokumentationstjenester<\/li>\n<li>Opf\u00f8lgning af indk\u00f8bsordrer<\/li>\n<\/ul>\n<h2>Shipco Transport virksomhedsprofil<\/h2>\n<p>Shipco Transport Inc er et datterselskab af Scan Group A\/S, K\u00f8benhavn og begyndte at handle i september 1988 i <a href=\"https:\/\/moverdb.com\/da\/flytning-til-nyc\/\">New York City<\/a>. Det er en f\u00f8rende <a href=\"https:\/\/moverdb.com\/da\/speditor\/\">NVOCC<\/a>. Dens oprindelige form\u00e5l var at modtage FCL-last fra Asien. I dag er virksomhedens hovedfokus som LCL-konsolidator.<\/p>\n<p>I dag har Shipco over 75 kontorer i 30 lande rundt om i verden og besk\u00e6ftiger over 2.200 medarbejdere. Shipco tilbyder sine kunder LCL- og FCL-sejlads til s\u00f8transport og luftfragt.<\/p>\n<p>Shipco Transport har f\u00f8lgende akkrediteringer og tilknytninger: -<\/p>\n<ul>\n<li><a href=\"https:\/\/moverdb.com\/da\/iam\/\" target=\"_blank\" rel=\"noopener\">Den internationale sammenslutning af flyttefirmaer<\/a> (<a href=\"https:\/\/moverdb.com\/da\/iam\/\" data-internallinksmanager029f6b8e52c=\"23\" title=\"International Association of Movers (IAM) Forklaret\">IAM<\/a>)<\/li>\n<li>Scan-gruppe<\/li>\n<li>World Wide Alliance (WWA)<\/li>\n<li>Air Cargo Group<\/li>\n<\/ul>\n<h2>Anmeldelser af Shipco Transport<\/h2>\n<p><strong>Positiv:<\/strong><\/p>\n<ul>\n<li><em>\"Jeg sendte alt, hvad jeg ejede, fra San Diego til <a href=\"https:\/\/moverdb.com\/da\/moving-companies\/moving-companies-honduras\/\" data-internallinksmanager029f6b8e52c=\"233\" title=\"2 bedste internationale flyttefirmaer i Honduras\">Honduras<\/a>, Shipco var fantastisk.\" <\/em>Madison K via <a href=\"https:\/\/www.yelp.co.uk\/biz\/shipco-transport-long-beach?hrid=hfrOGEwsoHzhivf1ODT9DQ&#038;utm_campaign=www_review_share_popup&#038;utm_medium=copy_link&#038;utm_source=(direct)\" target=\"_blank\" rel=\"noopener\">Yelp<\/a>.\n<li><em>\"Rigtig god service. Ingen problemer overhovedet.\"<\/em> - Dawn C via <a href=\"https:\/\/www.tryfleet.com\/freight-forwarder-profile\/shipco-transport-inc\" target=\"_blank\" rel=\"noopener\">Fl\u00e5de<\/a><\/li>\n<\/ul>\n<p><strong>Negativ:<\/strong><\/p>\n<ul>\n<li><em>\"Det v\u00e6rste firma, jeg nogensinde har haft med at g\u00f8re. Holdt min forsendelse tilbage i 2 uger, selv om de havde betalt fuldt ud, og ville ikke frigive forsendelsen.\" <\/em>Houman M via <a href=\"https:\/\/www.yelp.co.uk\/biz\/shipco-transport-long-beach?hrid=0lZOxg3aNnePXUGvOv7fxw&#038;utm_campaign=www_review_share_popup&#038;utm_medium=copy_link&#038;utm_source=(direct)\" target=\"_blank\" rel=\"noopener\">Yelp<\/a><\/li>\n<\/ul>\n<div itemprop=\"review\" itemscope itemtype=\"http:\/\/schema.org\/Review\">\n<span itemprop=\"author\" itemscope=\"\" itemtype=\"http:\/\/schema.org\/Organization\"><span itemprop=\"name\">MoverDB.com<\/span><\/span> Online website anmeldelse for <span itemprop=\"itemreviewed\" itemscope=\"\" itemtype=\"http:\/\/schema.org\/Brand\"><span itemprop=\"name\">Shipco Transport<\/span><\/span>:<\/p>\n<ol>\n<li> Tydelige kontaktoplysninger p\u00e5 webstedet (herunder telefonnummer): <strong>Ja<\/strong><\/li>\n<li> Let at f\u00e5 <a href=\"https:\/\/moverdb.com\/da\/citater\/\">citater for international flytning<\/a>? (Formular til anmodning om online overslag): <strong>Ja<\/strong><\/li>\n<li> Klare oplysninger p\u00e5 webstedet: <strong>Ja,<\/strong> p\u00e5 webstedet er der en oversigt over alle deres fragt- og forsendelsestjenester.<\/li>\n<li> Medlemskab af internationalt anerkendte flytteorganisationer: <strong>Ja<\/strong>, (se ovenfor)<\/li>\n<li> Liste over kunder og\/eller tidligere kundeudtalelser. <strong>Nej,<\/strong> ikke p\u00e5 deres hjemmeside, men de har generelt positive anmeldelser.<\/li>\n<\/ol>\n<div itemprop=\"reviewRating\" itemscope itemtype=\"http:\/\/schema.org\/Rating\"><meta itemprop=\"worstRating\" content = \"0\" \/><meta itemprop=\"bestRating\" content=\"5\" \/><meta itemprop=\"ratingValue\" content=\"4\"><\/div>\n<p><strong>Samlet score: 4\/5<\/strong><br \/>\n<strong>Dato for gennemgang:<\/strong> <span itemprop=\"datePublished\" content=\"2017-02-01\">01\/02\/2017<\/span>\n<\/div>\n<p>L\u00e6s mere om <a href=\"https:\/\/moverdb.com\/da\/flyttefirmaer\/\">internationale flyttefirmaer<\/a>, <a href=\"https:\/\/moverdb.com\/da\/rederier\/\">containerrederier<\/a> og vores <a href=\"https:\/\/moverdb.com\/da\/anmeldelser\/\">gennemgangsproces<\/a>.<\/p>\n<p><strong>Hjemmeside:<\/strong> <a href=\"https:\/\/www.shipco.com\/\" target=\"_blank\" rel=\"noopener\">https:\/\/www.shipco.com\/<\/a><\/p>","protected":false},"excerpt":{"rendered":"<p>Shipco Transport offers ocean and air freight services to professional household goods movers and relocation companies, not individuals. Its services are listed below, together with a company profile and reviews. International Movement of Household Goods International container shipping Through professional household goods movers Through professional relocation companies LCL FCL Airfreight Collection from packer&#8217;s warehouse available [&hellip;]<\/p>\n","protected":false},"author":1,"featured_media":0,"parent":0,"menu_order":0,"comment_status":"closed","ping_status":"closed","template":"","meta":{"_genesis_hide_title":false,"_genesis_hide_breadcrumbs":false,"_genesis_hide_singular_image":false,"_genesis_hide_footer_widgets":false,"_genesis_custom_body_class":"","_genesis_custom_post_class":"","_genesis_layout":"","footnotes":""},"class_list":{"0":"post-1528","1":"page","2":"type-page","3":"status-publish","5":"entry"},"_links":{"self":[{"href":"https:\/\/moverdb.com\/da\/wp-json\/wp\/v2\/pages\/1528","targetHints":{"allow":["GET"]}}],"collection":[{"href":"https:\/\/moverdb.com\/da\/wp-json\/wp\/v2\/pages"}],"about":[{"href":"https:\/\/moverdb.com\/da\/wp-json\/wp\/v2\/types\/page"}],"author":[{"embeddable":true,"href":"https:\/\/moverdb.com\/da\/wp-json\/wp\/v2\/users\/1"}],"replies":[{"embeddable":true,"href":"https:\/\/moverdb.com\/da\/wp-json\/wp\/v2\/comments?post=1528"}],"version-history":[{"count":7,"href":"https:\/\/moverdb.com\/da\/wp-json\/wp\/v2\/pages\/1528\/revisions"}],"predecessor-version":[{"id":6237,"href":"https:\/\/moverdb.com\/da\/wp-json\/wp\/v2\/pages\/1528\/revisions\/6237"}],"wp:attachment":[{"href":"https:\/\/moverdb.com\/da\/wp-json\/wp\/v2\/media?parent=1528"}],"curies":[{"name":"wp","href":"https:\/\/api.w.org\/{rel}","templated":true}]}}