{"id":14486,"date":"2023-11-08T15:57:24","date_gmt":"2023-11-08T15:57:24","guid":{"rendered":"https:\/\/moverdb.com\/freight-forwarder\/freight-forwarding-uk\/barnsley-freight-forwarder\/"},"modified":"2026-01-08T14:50:46","modified_gmt":"2026-01-08T14:50:46","slug":"barnsley-freight-forwarder","status":"publish","type":"page","link":"https:\/\/moverdb.com\/da\/freight-forwarder\/freight-forwarding-uk\/barnsley-freight-forwarder\/","title":{"rendered":"1 bedste speditionsfirmaer i Barnsley (2024)"},"content":{"rendered":"<p>Nedenfor ser vi p\u00e5 de 1 <em>\"bedste\"<\/em> Speditionsfirmaer i Barnsley ud af 1.<\/p>\n<p>Hvis du vil vide mere om, hvordan vi v\u00e6lger de bedste, kan du l\u00e6se vores FAQ-sektion til sidst.<\/p>\n<p><em>Bem\u00e6rk venligst, at f\u00f8lgende lister ikke er i nogen bestemt r\u00e6kkef\u00f8lge, og at vi ikke anbefaler nogen bestemt virksomhed.<\/em><\/p>\n<h2>512 (Wakefield) Limited<\/h2>\n<p><img decoding=\"async\" src=\"https:\/\/moverdb.com\/wp-content\/uploads\/AF1QipPaIpgmPejBSgiOHrBplnQMFk3ZQHRLQWfRPwyDw408-h544-k-no.jpg\" alt='512 (Wakefield) Limited' class=\"aligncenter\"><\/p>\n<p><strong>Beskrivelse fra virksomheden: <\/strong>512 er en af Storbritanniens f\u00f8rende spedit\u00f8rer.<\/p>\n<p> Vi har transporteret varer over hele verden i over<br \/>\n26 \u00e5r fra vores kontorer i <a href=\"\" data-internallinksmanager029f6b8e52c=\"66\" title=\"Sheffield\">Sheffield<\/a>, Doncaster, Wakefield og nye kontorer i Nottingham og<br \/>\n<a href=\"\" data-internallinksmanager029f6b8e52c=\"52\" title=\"Manchester\">Manchester<\/a>.<\/p>\n<p> Vores ekspertteam har sendt alt fra dinosaurer til dongles, og de er altid klar til at l\u00f8se problemerne<br \/>\ndine udfordringer med forsendelser.<\/p>\n<p> Skal du have flyttet 600 paller p\u00e5 et par dage? Vi har gjort det hele<\/p>\n<p><strong>Yderligere tjenester:<\/strong><\/p>\n<p>Kurertjeneste<\/p>\n<p>Toldm\u00e6gler<\/p>\n<p>Import- og eksportvirksomhed<\/p>\n<p>Transportservice<\/p>\n<p>Lager<\/p>\n<p><strong>Adresse:<\/strong> Wharncliffe Business Park, longfields court, Middlewoods Way, Carlton, Barnsley S71 3GN<\/p>\n<p><a href=\"http:\/\/www.5-1-2.com\/\" target=\"_new\" rel=\"noopener\">512 (Wakefield) Limited hjemmeside<\/a><\/p>\n<p><strong>Bed\u00f8mmelse: <\/strong>5<br \/> <strong>Antal anmeldelser:<\/strong> 3<br \/><a href=\"https:\/\/www.google.co.uk\/maps?cid=6246970246238845507&#038;hl=en&#038;gl=GB\" target=\"_new\" rel=\"noopener\">L\u00e6s anmeldelser<\/a><\/p>\n<h2>S\u00e5dan valgte vi de bedste speditionsfirmaer i Barnsley<\/h2>\n<p>Vi startede med et datas\u00e6t p\u00e5 1 speditionsfirmaer fra Barnsley, som vi kunne finde via Google Maps, og indsn\u00e6vrede det til de 1 bedste.<\/p>\n<p>For at g\u00f8re dette fjernede vi alle virksomheder, der:<\/p>\n<ul>\n<li> Havde ingen hjemmeside<\/li>\n<li> Havde ingen anmeldelser<\/li>\n<li> Havde en gennemsnitlig anmeldelsesscore p\u00e5 under 2,0<\/li>\n<\/ul>\n<p>Hvis vi p\u00e5 dette tidspunkt havde 17 eller f\u00e6rre spedit\u00f8rer, listede vi dem alle.<\/p>\n<p>I de byer, hvor vi stod tilbage med mere end 17 spedit\u00f8rer, foretog vi yderligere \u00e6ndringer ved enten at \u00f8ge den kr\u00e6vede anmeldelsesscore (f.eks. fra minimum 2,0 til 4,0) og\/eller \u00f8ge det kr\u00e6vede minimumsantal anmeldelser (f.eks. fra mindst 1 anmeldelse til mindst 10).<\/p>\n<p>Bem\u00e6rk, at vi kun har brugt anmeldelsesdata fra Google Maps og ikke andre tredjepartswebsteder.<\/p>\n<p>Flere byer:<\/p>\n<p><a href=\"https:\/\/moverdb.com\/da\/speditor\/freight-forwarding-uk\/london-freight-forwarder\/\">London<\/a><br \/><a href=\"https:\/\/moverdb.com\/da\/speditor\/freight-forwarding-uk\/liverpool-freight-forwarder\/\">Spedit\u00f8r i Liverpool<\/a><br \/><a href=\"https:\/\/moverdb.com\/da\/speditor\/freight-forwarding-uk\/ipswich-freight-forwarder\/\">Ipswich Spedit\u00f8r<\/a><br \/><a href=\"https:\/\/moverdb.com\/da\/speditor\/freight-forwarding-uk\/feltham-freight-forwarder\/\">Feltham Spedit\u00f8r<\/a><br \/><a href=\"https:\/\/moverdb.com\/da\/speditor\/freight-forwarding-uk\/felixstowe-freight-forwarder\/\">Felixstowe Spedit\u00f8r<\/a><br \/><a href=\"https:\/\/moverdb.com\/da\/speditor\/freight-forwarding-uk\/southampton-freight-forwarder\/\">Southampton Spedit\u00f8r<\/a><\/p>","protected":false},"excerpt":{"rendered":"<p>Below we look at the 1 &#8220;best&#8221; Freight Forwarding companies in Barnsley out of 1. To learn more about how we chose the best please consult our FAQ section at the end. Please not the following listings are in no particular order and we are not making any recommendations for any particular company. 512 (Wakefield) [&hellip;]<\/p>\n","protected":false},"author":1,"featured_media":0,"parent":13427,"menu_order":0,"comment_status":"open","ping_status":"open","template":"","meta":{"_genesis_hide_title":false,"_genesis_hide_breadcrumbs":false,"_genesis_hide_singular_image":false,"_genesis_hide_footer_widgets":false,"_genesis_custom_body_class":"","_genesis_custom_post_class":"","_genesis_layout":"","footnotes":""},"class_list":{"0":"post-14486","1":"page","2":"type-page","3":"status-publish","5":"entry"},"_links":{"self":[{"href":"https:\/\/moverdb.com\/da\/wp-json\/wp\/v2\/pages\/14486","targetHints":{"allow":["GET"]}}],"collection":[{"href":"https:\/\/moverdb.com\/da\/wp-json\/wp\/v2\/pages"}],"about":[{"href":"https:\/\/moverdb.com\/da\/wp-json\/wp\/v2\/types\/page"}],"author":[{"embeddable":true,"href":"https:\/\/moverdb.com\/da\/wp-json\/wp\/v2\/users\/1"}],"replies":[{"embeddable":true,"href":"https:\/\/moverdb.com\/da\/wp-json\/wp\/v2\/comments?post=14486"}],"version-history":[{"count":1,"href":"https:\/\/moverdb.com\/da\/wp-json\/wp\/v2\/pages\/14486\/revisions"}],"predecessor-version":[{"id":15530,"href":"https:\/\/moverdb.com\/da\/wp-json\/wp\/v2\/pages\/14486\/revisions\/15530"}],"up":[{"embeddable":true,"href":"https:\/\/moverdb.com\/da\/wp-json\/wp\/v2\/pages\/13427"}],"wp:attachment":[{"href":"https:\/\/moverdb.com\/da\/wp-json\/wp\/v2\/media?parent=14486"}],"curies":[{"name":"wp","href":"https:\/\/api.w.org\/{rel}","templated":true}]}}