{"id":14476,"date":"2023-11-08T15:57:24","date_gmt":"2023-11-08T15:57:24","guid":{"rendered":"https:\/\/moverdb.com\/freight-forwarder\/freight-forwarding-uk\/wokingham-freight-forwarder\/"},"modified":"2026-01-08T14:55:17","modified_gmt":"2026-01-08T14:55:17","slug":"wokingham-freight-forwarder","status":"publish","type":"page","link":"https:\/\/moverdb.com\/da\/freight-forwarder\/freight-forwarding-uk\/wokingham-freight-forwarder\/","title":{"rendered":"1 bedste Wokingham speditionsfirmaer (2024)"},"content":{"rendered":"<p>Nedenfor ser vi p\u00e5 de 1 <em>\"bedste\"<\/em> Speditionsfirmaer i Wokingham ud af 2.<\/p>\n<p>Hvis du vil vide mere om, hvordan vi v\u00e6lger de bedste, kan du l\u00e6se vores FAQ-sektion til sidst.<\/p>\n<p><em>Bem\u00e6rk venligst, at f\u00f8lgende lister ikke er i nogen bestemt r\u00e6kkef\u00f8lge, og at vi ikke anbefaler nogen bestemt virksomhed.<\/em><\/p>\n<h2>Expro<\/h2>\n<p><img decoding=\"async\" src=\"https:\/\/moverdb.com\/wp-content\/uploads\/thumbnailpanoidF8eNJPMdoyXBxt0z_DKfbgcb_clientsearch.gws-prod.gpsw408h240yaw40.jpg\" alt='Expro' class=\"aligncenter\"><\/p>\n<p><strong>Beskrivelse fra virksomheden: <\/strong>Ingen angivet<\/p>\n<p><strong>Yderligere tjenester:<\/strong><\/p>\n<p>Ingen opf\u00f8rt p\u00e5 listen<\/p>\n<p><strong>Adresse:<\/strong> 530 Eskdale Rd, Winnersh, Wokingham RG41 5TT<\/p>\n<p><a href=\"https:\/\/www.expro.com\/\" target=\"_new\" rel=\"noopener\">Expros hjemmeside<\/a><\/p>\n<p><strong>Bed\u00f8mmelse: <\/strong>5<br \/> <strong>Antal anmeldelser:<\/strong> 1<br \/><a href=\"https:\/\/www.google.co.uk\/maps?cid=11969808024046052316&#038;hl=en&#038;gl=GB\" target=\"_new\" rel=\"noopener\">L\u00e6s anmeldelser<\/a><\/p>\n<h2>S\u00e5dan valgte vi de bedste speditionsfirmaer i Wokingham<\/h2>\n<p>Vi startede med et datas\u00e6t p\u00e5 2 Wokingham speditionsfirmaer, som vi kunne finde via Google Maps, og indsn\u00e6vrede det til de bedste 1.<\/p>\n<p>For at g\u00f8re dette fjernede vi alle virksomheder, der:<\/p>\n<ul>\n<li> Havde ingen hjemmeside<\/li>\n<li> Havde ingen anmeldelser<\/li>\n<li> Havde en gennemsnitlig anmeldelsesscore p\u00e5 under 2,0<\/li>\n<\/ul>\n<p>Hvis vi p\u00e5 dette tidspunkt havde 17 eller f\u00e6rre spedit\u00f8rer, listede vi dem alle.<\/p>\n<p>I de byer, hvor vi stod tilbage med mere end 17 spedit\u00f8rer, foretog vi yderligere \u00e6ndringer ved enten at \u00f8ge den kr\u00e6vede anmeldelsesscore (f.eks. fra minimum 2,0 til 4,0) og\/eller \u00f8ge det kr\u00e6vede minimumsantal anmeldelser (f.eks. fra mindst 1 anmeldelse til mindst 10).<\/p>\n<p>Bem\u00e6rk, at vi kun har brugt anmeldelsesdata fra Google Maps og ikke andre tredjepartswebsteder.<\/p>\n<p>Flere byer:<\/p>\n<p><a href=\"https:\/\/moverdb.com\/da\/speditor\/freight-forwarding-uk\/farnborough-freight-forwarder\/\">Farnborough Spedit\u00f8r<\/a><br \/><a href=\"https:\/\/moverdb.com\/da\/speditor\/freight-forwarding-uk\/worcester-freight-forwarder\/\">Worcester Spedit\u00f8r<\/a><br \/><a href=\"https:\/\/moverdb.com\/da\/speditor\/freight-forwarding-uk\/ruislip-freight-forwarder\/\">Ruislip Spedit\u00f8r<\/a><br \/><a href=\"https:\/\/moverdb.com\/da\/speditor\/freight-forwarding-uk\/wythenshawe-freight-forwarder\/\">Wythenshawe Spedit\u00f8r<\/a><br \/><a href=\"https:\/\/moverdb.com\/da\/speditor\/freight-forwarding-uk\/barnsley-freight-forwarder\/\">Barnsley Spedit\u00f8r<\/a><\/p>","protected":false},"excerpt":{"rendered":"<p>Below we look at the 1 &#8220;best&#8221; Freight Forwarding companies in Wokingham out of 2. To learn more about how we chose the best please consult our FAQ section at the end. Please not the following listings are in no particular order and we are not making any recommendations for any particular company. Expro Description [&hellip;]<\/p>\n","protected":false},"author":1,"featured_media":0,"parent":13427,"menu_order":0,"comment_status":"open","ping_status":"open","template":"","meta":{"_genesis_hide_title":false,"_genesis_hide_breadcrumbs":false,"_genesis_hide_singular_image":false,"_genesis_hide_footer_widgets":false,"_genesis_custom_body_class":"","_genesis_custom_post_class":"","_genesis_layout":"","footnotes":""},"class_list":{"0":"post-14476","1":"page","2":"type-page","3":"status-publish","5":"entry"},"_links":{"self":[{"href":"https:\/\/moverdb.com\/da\/wp-json\/wp\/v2\/pages\/14476","targetHints":{"allow":["GET"]}}],"collection":[{"href":"https:\/\/moverdb.com\/da\/wp-json\/wp\/v2\/pages"}],"about":[{"href":"https:\/\/moverdb.com\/da\/wp-json\/wp\/v2\/types\/page"}],"author":[{"embeddable":true,"href":"https:\/\/moverdb.com\/da\/wp-json\/wp\/v2\/users\/1"}],"replies":[{"embeddable":true,"href":"https:\/\/moverdb.com\/da\/wp-json\/wp\/v2\/comments?post=14476"}],"version-history":[{"count":1,"href":"https:\/\/moverdb.com\/da\/wp-json\/wp\/v2\/pages\/14476\/revisions"}],"predecessor-version":[{"id":15673,"href":"https:\/\/moverdb.com\/da\/wp-json\/wp\/v2\/pages\/14476\/revisions\/15673"}],"up":[{"embeddable":true,"href":"https:\/\/moverdb.com\/da\/wp-json\/wp\/v2\/pages\/13427"}],"wp:attachment":[{"href":"https:\/\/moverdb.com\/da\/wp-json\/wp\/v2\/media?parent=14476"}],"curies":[{"name":"wp","href":"https:\/\/api.w.org\/{rel}","templated":true}]}}