{"id":14115,"date":"2023-11-08T15:54:40","date_gmt":"2023-11-08T15:54:40","guid":{"rendered":"https:\/\/moverdb.com\/freight-forwarder\/freight-forwarding-uk\/denny-freight-forwarder\/"},"modified":"2026-01-08T14:56:04","modified_gmt":"2026-01-08T14:56:04","slug":"denny-freight-forwarder","status":"publish","type":"page","link":"https:\/\/moverdb.com\/da\/freight-forwarder\/freight-forwarding-uk\/denny-freight-forwarder\/","title":{"rendered":"De 2 bedste speditionsfirmaer i Denny (2024)"},"content":{"rendered":"<p>Nedenfor ser vi p\u00e5 de 2 <em>\"bedste\"<\/em> Speditionsfirmaer i Denny ud af 2.<\/p>\n<p>Hvis du vil vide mere om, hvordan vi v\u00e6lger de bedste, kan du l\u00e6se vores FAQ-sektion til sidst.<\/p>\n<p><em>Bem\u00e6rk venligst, at f\u00f8lgende lister ikke er i nogen bestemt r\u00e6kkef\u00f8lge, og at vi ikke anbefaler nogen bestemt virksomhed.<\/em><\/p>\n<h2>Professional Direct Logistics UK Ltd.<\/h2>\n<p><img decoding=\"async\" src=\"https:\/\/moverdb.com\/wp-content\/uploads\/AF1QipPOth2vGRmSchhkRx8MuVj7mWfkzJ_rQq2N5ip_w427-h240-k-no.jpg\" alt='Professional Direct Logistics UK Ltd.' class=\"aligncenter\"><\/p>\n<p><strong>Beskrivelse fra virksomheden: <\/strong>PDL blev etableret i 1996 som et kurerfirma og er vokset betydeligt til en yderst professionel international logistik- og transportudbyder.<\/p>\n<p> PDL er placeret i det centrale Skotland, midtvejs mellem <a href=\"\" data-internallinksmanager029f6b8e52c=\"44\" title=\"Edinburgh\">Edinburgh<\/a> og <a href=\"\" data-internallinksmanager029f6b8e52c=\"46\" title=\"Glasgow\">Glasgow<\/a>.<\/p>\n<p> Vores forretningsetik har altid v\u00e6ret at tilbyde vores kunder en professionel service til en konkurrencedygtig pris, hvilket er n\u00f8glefaktoren i vores virksomheds fortsatte succes.<\/p>\n<p> PDL leverer en effektiv distributions- og indsamlingsservice til vores kunder i hele Skotland.<\/p>\n<p> K\u00f8ret\u00f8jerne sp\u00e6nder fra sm\u00e5 varevogne til 44T-biler, og vores europ\u00e6iske stykgodstjeneste samler ind i hele Skotland, og afgangene er hver anden uge.<\/p>\n<p><strong>Yderligere tjenester:<\/strong><\/p>\n<p>Kurertjeneste<\/p>\n<p>Distributionsservice<\/p>\n<p>Hovedentrepren\u00f8r<\/p>\n<p>Logistik-service<\/p>\n<p>Forsendelsesservice<\/p>\n<p>Opbevaringsfacilitet<\/p>\n<p>Transportservice<\/p>\n<p>Vognmandsfirma<\/p>\n<p>Lager<\/p>\n<p><strong>Adresse:<\/strong> 1, Winchester Court, Denny FK6 6QR<\/p>\n<p><a href=\"https:\/\/professional-direct-logistics-uk-ltd.business.site\/\" target=\"_new\" rel=\"noopener\">Professional Direct Logistics UK Ltd. hjemmeside<\/a><\/p>\n<p><strong>Bed\u00f8mmelse: <\/strong>4.4<br \/> <strong>Antal anmeldelser:<\/strong> 14<br \/><a href=\"https:\/\/www.google.co.uk\/maps?cid=15794844380641143676&#038;hl=en&#038;gl=GB\" target=\"_new\" rel=\"noopener\">L\u00e6s anmeldelser<\/a><\/p>\n<h2>IFS Worldwide Ltd<\/h2>\n<p><img decoding=\"async\" src=\"https:\/\/moverdb.com\/wp-content\/uploads\/thumbnailpanoidJPXawOYBvfcLAUhvTF6JxAcb_clientsearch.gws-prod.gpsw408h240yaw144.jpg\" alt='IFS Worldwide Ltd' class=\"aligncenter\"><\/p>\n<p><strong>Beskrivelse fra virksomheden: <\/strong>Ingen angivet<\/p>\n<p><strong>Yderligere tjenester:<\/strong><\/p>\n<p>Leveringsfirma<\/p>\n<p><strong>Adresse:<\/strong> Winchester Ct, Denny FK6 6QR<\/p>\n<p><a href=\"http:\/\/www.ifsww.co.uk\/\" target=\"_new\" rel=\"noopener\">IFS Worldwide Ltd hjemmeside<\/a><\/p>\n<p><strong>Bed\u00f8mmelse: <\/strong>4.8<br \/> <strong>Antal anmeldelser:<\/strong> 12<br \/><a href=\"https:\/\/www.google.co.uk\/maps?cid=1496819135681390890&#038;hl=en&#038;gl=GB\" target=\"_new\" rel=\"noopener\">L\u00e6s anmeldelser<\/a><\/p>\n<h2>S\u00e5dan valgte vi de bedste Denny-spedit\u00f8rer<\/h2>\n<p>Vi startede med et datas\u00e6t p\u00e5 2 Denny speditionsfirmaer, som vi kunne finde via Google Maps, og indsn\u00e6vrede det til de 2 bedste.<\/p>\n<p>For at g\u00f8re dette fjernede vi alle virksomheder, der:<\/p>\n<ul>\n<li> Havde ingen hjemmeside<\/li>\n<li> Havde ingen anmeldelser<\/li>\n<li> Havde en gennemsnitlig anmeldelsesscore p\u00e5 under 2,0<\/li>\n<\/ul>\n<p>Hvis vi p\u00e5 dette tidspunkt havde 17 eller f\u00e6rre spedit\u00f8rer, listede vi dem alle.<\/p>\n<p>I de byer, hvor vi stod tilbage med mere end 17 spedit\u00f8rer, foretog vi yderligere \u00e6ndringer ved enten at \u00f8ge den kr\u00e6vede anmeldelsesscore (f.eks. fra minimum 2,0 til 4,0) og\/eller \u00f8ge det kr\u00e6vede minimumsantal anmeldelser (f.eks. fra mindst 1 anmeldelse til mindst 10).<\/p>\n<p>Bem\u00e6rk, at vi kun har brugt anmeldelsesdata fra Google Maps og ikke andre tredjepartswebsteder.<\/p>\n<p>Flere byer:<\/p>\n<p><a href=\"https:\/\/moverdb.com\/da\/speditor\/freight-forwarding-uk\/bordon-freight-forwarder\/\">Bordon Spedit\u00f8r<\/a><br \/><a href=\"https:\/\/moverdb.com\/da\/speditor\/freight-forwarding-uk\/pudsey-freight-forwarder\/\">Pudsey Spedit\u00f8r<\/a><br \/><a href=\"https:\/\/moverdb.com\/da\/speditor\/freight-forwarding-uk\/horley-freight-forwarder\/\">Horley Spedit\u00f8r<\/a><br \/><a href=\"https:\/\/moverdb.com\/da\/speditor\/freight-forwarding-uk\/enfield-freight-forwarder\/\">Enfield Spedit\u00f8r<\/a><br \/><a href=\"https:\/\/moverdb.com\/da\/speditor\/freight-forwarding-uk\/sutton-coldfield-freight-forwarder\/\">Sutton Coldfield Spedit\u00f8r<\/a><\/p>","protected":false},"excerpt":{"rendered":"<p>Below we look at the 2 &#8220;best&#8221; Freight Forwarding companies in Denny out of 2. To learn more about how we chose the best please consult our FAQ section at the end. Please not the following listings are in no particular order and we are not making any recommendations for any particular company. Professional Direct [&hellip;]<\/p>\n","protected":false},"author":1,"featured_media":0,"parent":13427,"menu_order":0,"comment_status":"open","ping_status":"open","template":"","meta":{"_genesis_hide_title":false,"_genesis_hide_breadcrumbs":false,"_genesis_hide_singular_image":false,"_genesis_hide_footer_widgets":false,"_genesis_custom_body_class":"","_genesis_custom_post_class":"","_genesis_layout":"","footnotes":""},"class_list":{"0":"post-14115","1":"page","2":"type-page","3":"status-publish","5":"entry"},"_links":{"self":[{"href":"https:\/\/moverdb.com\/da\/wp-json\/wp\/v2\/pages\/14115","targetHints":{"allow":["GET"]}}],"collection":[{"href":"https:\/\/moverdb.com\/da\/wp-json\/wp\/v2\/pages"}],"about":[{"href":"https:\/\/moverdb.com\/da\/wp-json\/wp\/v2\/types\/page"}],"author":[{"embeddable":true,"href":"https:\/\/moverdb.com\/da\/wp-json\/wp\/v2\/users\/1"}],"replies":[{"embeddable":true,"href":"https:\/\/moverdb.com\/da\/wp-json\/wp\/v2\/comments?post=14115"}],"version-history":[{"count":1,"href":"https:\/\/moverdb.com\/da\/wp-json\/wp\/v2\/pages\/14115\/revisions"}],"predecessor-version":[{"id":15714,"href":"https:\/\/moverdb.com\/da\/wp-json\/wp\/v2\/pages\/14115\/revisions\/15714"}],"up":[{"embeddable":true,"href":"https:\/\/moverdb.com\/da\/wp-json\/wp\/v2\/pages\/13427"}],"wp:attachment":[{"href":"https:\/\/moverdb.com\/da\/wp-json\/wp\/v2\/media?parent=14115"}],"curies":[{"name":"wp","href":"https:\/\/api.w.org\/{rel}","templated":true}]}}