{"id":14104,"date":"2023-11-08T15:54:40","date_gmt":"2023-11-08T15:54:40","guid":{"rendered":"https:\/\/moverdb.com\/freight-forwarder\/freight-forwarding-uk\/aldershot-freight-forwarder\/"},"modified":"2026-01-08T14:55:52","modified_gmt":"2026-01-08T14:55:52","slug":"aldershot-freight-forwarder","status":"publish","type":"page","link":"https:\/\/moverdb.com\/da\/freight-forwarder\/freight-forwarding-uk\/aldershot-freight-forwarder\/","title":{"rendered":"De 2 bedste speditionsfirmaer i Aldershot (2024)"},"content":{"rendered":"<p>Nedenfor ser vi p\u00e5 de 2 <em>\"bedste\"<\/em> Speditionsfirmaer i Aldershot ud af 3.<\/p>\n<p>Hvis du vil vide mere om, hvordan vi v\u00e6lger de bedste, kan du l\u00e6se vores FAQ-sektion til sidst.<\/p>\n<p><em>Bem\u00e6rk venligst, at f\u00f8lgende lister ikke er i nogen bestemt r\u00e6kkef\u00f8lge, og at vi ikke anbefaler nogen bestemt virksomhed.<\/em><\/p>\n<h2>TFS Handling (UK) Limited (en del af Trident Group)<\/h2>\n<p><img decoding=\"async\" src=\"https:\/\/moverdb.com\/wp-content\/uploads\/AF1QipMzS3jMHKmQ2smREuWe2wIm7nXARGnAtiycYr09w426-h240-k-no.jpg\" alt='TFS Handling (UK) Limited (en del af Trident Group)' class=\"aligncenter\"><\/p>\n<p><strong>Beskrivelse fra virksomheden: <\/strong>Spedition og h\u00e5ndtering af gods til <a href=\"https:\/\/moverdb.com\/da\/moving-to-gibraltar\/\" data-internallinksmanager029f6b8e52c=\"431\" title=\"Flytter du til Gibraltar? 2026 Leveomkostninger og tips til flytning\">Gibraltar<\/a>, Europa og resten af verden; herunder <a href=\"https:\/\/moverdb.com\/da\/moving-to-the-uk\/\" data-internallinksmanager029f6b8e52c=\"93\" title=\"Flytter du til Det Forenede Kongerige? 2022 Leveomkostninger og flyttetips\">UK<\/a> indsamlingstjenester, h\u00e5ndteringstjenester, fragtkonsolidering og fragth\u00e5ndtering med over 10 \u00e5rs erfaring i branchen.<\/p>\n<p>Leverer eksklusive h\u00e5ndterings- og speditionstjenester for Trident Freight Gibraltar.<\/p>\n<p><strong>Yderligere tjenester:<\/strong><\/p>\n<p>Toldoplag<\/p>\n<p>Logistik-service<\/p>\n<p>Leveringsfirma<\/p>\n<p><strong>Adresse:<\/strong> Enhed 8, Elliot Industrial Park, Eastern Rd, Aldershot GU12 4TF<\/p>\n<p><a href=\"http:\/\/www.tfshandling.co.uk\/\" target=\"_new\" rel=\"noopener\">TFS Handling (UK) Limited (en del af Trident Group) hjemmeside<\/a><\/p>\n<p><strong>Bed\u00f8mmelse: <\/strong>4.2<br \/> <strong>Antal anmeldelser:<\/strong> 15<br \/><a href=\"https:\/\/www.google.co.uk\/maps?cid=6518794169491197163&#038;hl=en&#038;gl=GB\" target=\"_new\" rel=\"noopener\">L\u00e6s anmeldelser<\/a><\/p>\n<h2>K R L<\/h2>\n<p><img decoding=\"async\" src=\"https:\/\/moverdb.com\/wp-content\/uploads\/AF1QipPffwS2BVvKUJolrrpP7WQbPmxLpeA7UHd0X2Usw408-h862-k-no.jpg\" alt='K R L' class=\"aligncenter\"><\/p>\n<p><strong>Beskrivelse fra virksomheden: <\/strong>Ingen angivet<\/p>\n<p><strong>Yderligere tjenester:<\/strong><\/p>\n<p>Ingen opf\u00f8rt p\u00e5 listen<\/p>\n<p><strong>Adresse:<\/strong> 3 Eastern Rd, Aldershot GU12 4TD<\/p>\n<p><a href=\"http:\/\/www.kr-l.com\/\" target=\"_new\" rel=\"noopener\">K R L hjemmeside<\/a><\/p>\n<p><strong>Bed\u00f8mmelse: <\/strong>4.2<br \/> <strong>Antal anmeldelser:<\/strong> 20<br \/><a href=\"https:\/\/www.google.co.uk\/maps?cid=10027784705620856978&#038;hl=en&#038;gl=GB\" target=\"_new\" rel=\"noopener\">L\u00e6s anmeldelser<\/a><\/p>\n<h2>S\u00e5dan valgte vi de bedste speditionsfirmaer i Aldershot<\/h2>\n<p>Vi startede med et datas\u00e6t p\u00e5 3 Aldershot speditionsfirmaer, som vi kunne finde via Google Maps, og indsn\u00e6vrede det til de 2 bedste.<\/p>\n<p>For at g\u00f8re dette fjernede vi alle virksomheder, der:<\/p>\n<ul>\n<li> Havde ingen hjemmeside<\/li>\n<li> Havde ingen anmeldelser<\/li>\n<li> Havde en gennemsnitlig anmeldelsesscore p\u00e5 under 2,0<\/li>\n<\/ul>\n<p>Hvis vi p\u00e5 dette tidspunkt havde 17 eller f\u00e6rre spedit\u00f8rer, listede vi dem alle.<\/p>\n<p>I de byer, hvor vi stod tilbage med mere end 17 spedit\u00f8rer, foretog vi yderligere \u00e6ndringer ved enten at \u00f8ge den kr\u00e6vede anmeldelsesscore (f.eks. fra minimum 2,0 til 4,0) og\/eller \u00f8ge det kr\u00e6vede minimumsantal anmeldelser (f.eks. fra mindst 1 anmeldelse til mindst 10).<\/p>\n<p>Bem\u00e6rk, at vi kun har brugt anmeldelsesdata fra Google Maps og ikke andre tredjepartswebsteder.<\/p>\n<p>Flere byer:<\/p>\n<p><a href=\"https:\/\/moverdb.com\/da\/speditor\/freight-forwarding-uk\/burntwood-freight-forwarder\/\">Burntwood Spedit\u00f8r<\/a><br \/><a href=\"https:\/\/moverdb.com\/da\/speditor\/freight-forwarding-uk\/prescot-freight-forwarder\/\">Prescot Spedit\u00f8r<\/a><br \/><a href=\"https:\/\/moverdb.com\/da\/speditor\/freight-forwarding-uk\/bury-saint-edmunds-freight-forwarder\/\">Bury Saint Edmunds Spedit\u00f8r<\/a><br \/><a href=\"https:\/\/moverdb.com\/da\/speditor\/freight-forwarding-uk\/denny-freight-forwarder\/\">Denny Spedit\u00f8r<\/a><br \/><a href=\"https:\/\/moverdb.com\/da\/speditor\/freight-forwarding-uk\/bordon-freight-forwarder\/\">Bordon Spedit\u00f8r<\/a><\/p>","protected":false},"excerpt":{"rendered":"<p>Below we look at the 2 &#8220;best&#8221; Freight Forwarding companies in Aldershot out of 3. To learn more about how we chose the best please consult our FAQ section at the end. Please not the following listings are in no particular order and we are not making any recommendations for any particular company. TFS Handling [&hellip;]<\/p>\n","protected":false},"author":1,"featured_media":0,"parent":13427,"menu_order":0,"comment_status":"open","ping_status":"open","template":"","meta":{"_genesis_hide_title":false,"_genesis_hide_breadcrumbs":false,"_genesis_hide_singular_image":false,"_genesis_hide_footer_widgets":false,"_genesis_custom_body_class":"","_genesis_custom_post_class":"","_genesis_layout":"","footnotes":""},"class_list":{"0":"post-14104","1":"page","2":"type-page","3":"status-publish","5":"entry"},"_links":{"self":[{"href":"https:\/\/moverdb.com\/da\/wp-json\/wp\/v2\/pages\/14104","targetHints":{"allow":["GET"]}}],"collection":[{"href":"https:\/\/moverdb.com\/da\/wp-json\/wp\/v2\/pages"}],"about":[{"href":"https:\/\/moverdb.com\/da\/wp-json\/wp\/v2\/types\/page"}],"author":[{"embeddable":true,"href":"https:\/\/moverdb.com\/da\/wp-json\/wp\/v2\/users\/1"}],"replies":[{"embeddable":true,"href":"https:\/\/moverdb.com\/da\/wp-json\/wp\/v2\/comments?post=14104"}],"version-history":[{"count":1,"href":"https:\/\/moverdb.com\/da\/wp-json\/wp\/v2\/pages\/14104\/revisions"}],"predecessor-version":[{"id":15702,"href":"https:\/\/moverdb.com\/da\/wp-json\/wp\/v2\/pages\/14104\/revisions\/15702"}],"up":[{"embeddable":true,"href":"https:\/\/moverdb.com\/da\/wp-json\/wp\/v2\/pages\/13427"}],"wp:attachment":[{"href":"https:\/\/moverdb.com\/da\/wp-json\/wp\/v2\/media?parent=14104"}],"curies":[{"name":"wp","href":"https:\/\/api.w.org\/{rel}","templated":true}]}}