{"id":14084,"date":"2023-11-08T15:54:18","date_gmt":"2023-11-08T15:54:18","guid":{"rendered":"https:\/\/moverdb.com\/freight-forwarder\/freight-forwarding-uk\/chertsey-freight-forwarder\/"},"modified":"2026-01-08T14:56:02","modified_gmt":"2026-01-08T14:56:02","slug":"chertsey-freight-forwarder","status":"publish","type":"page","link":"https:\/\/moverdb.com\/da\/freight-forwarder\/freight-forwarding-uk\/chertsey-freight-forwarder\/","title":{"rendered":"2 bedste Chertsey speditionsfirmaer (2024)"},"content":{"rendered":"<p>Nedenfor ser vi p\u00e5 de 2 <em>\"bedste\"<\/em> Speditionsfirmaer i Chertsey ud af 2.<\/p>\n<p>Hvis du vil vide mere om, hvordan vi v\u00e6lger de bedste, kan du l\u00e6se vores FAQ-sektion til sidst.<\/p>\n<p><em>Bem\u00e6rk venligst, at f\u00f8lgende lister ikke er i nogen bestemt r\u00e6kkef\u00f8lge, og at vi ikke anbefaler nogen bestemt virksomhed.<\/em><\/p>\n<h2>World Cargo Logistics<\/h2>\n<p><img decoding=\"async\" src=\"https:\/\/moverdb.com\/wp-content\/uploads\/AF1QipPqb64mbjkGItVzmckP2oXd9nNOY3B1EBTeolXnw426-h240-k-no.jpg\" alt='World Cargo Logistics' class=\"aligncenter\"><\/p>\n<p><strong>Beskrivelse fra virksomheden: <\/strong>World Cargo Logistics er en britisk privatejet virksomhed, der har leveret fragtydelser over hele verden siden \u00e5r 2000.<\/p>\n<p>Med 8 kontorer fordelt over hele landet er vi en af de f\u00f8rende spedit\u00f8rer i <a href=\"https:\/\/moverdb.com\/da\/moving-to-the-uk\/\" data-internallinksmanager029f6b8e52c=\"93\" title=\"Flytter du til Det Forenede Kongerige? 2022 Leveomkostninger og flyttetips\">UK<\/a> men stadig yde en meget personlig service.<\/p>\n<p><strong>Yderligere tjenester:<\/strong><\/p>\n<p>Leveringsfirma<\/p>\n<p><strong>Adresse:<\/strong> Den gamle lade, 1A Colonel's Ln, Chertsey KT16 8RH<\/p>\n<p><a href=\"http:\/\/worldcargologistics.co.uk\/\" target=\"_new\" rel=\"noopener\">World Cargo Logistics hjemmeside<\/a><\/p>\n<p><strong>Bed\u00f8mmelse: <\/strong>5<br \/> <strong>Antal anmeldelser:<\/strong> 1<br \/><a href=\"https:\/\/www.google.co.uk\/maps?cid=10781441418880932020&#038;hl=en&#038;gl=GB\" target=\"_new\" rel=\"noopener\">L\u00e6s anmeldelser<\/a><\/p>\n<h2>Liberty Express Ltd.<\/h2>\n<p><img decoding=\"async\" src=\"https:\/\/moverdb.com\/wp-content\/uploads\/thumbnailpanoidrmqn8_8TpyKF14j-BFj4yAcb_clientsearch.gws-prod.gpsw408h240yaw245.jpg\" alt='Liberty Express Ltd.' class=\"aligncenter\"><\/p>\n<p><strong>Beskrivelse fra virksomheden: <\/strong>Ingen angivet<\/p>\n<p><strong>Yderligere tjenester:<\/strong><\/p>\n<p>Kurertjeneste<\/p>\n<p><strong>Adresse:<\/strong> Foxhols Farm, Lyne Ln, Chertsey KT16 0AN<\/p>\n<p><a href=\"http:\/\/www.libertyexpressltd.com\/\" target=\"_new\" rel=\"noopener\">Liberty Express Ltd. hjemmeside<\/a><\/p>\n<p><strong>Bed\u00f8mmelse: <\/strong>4.3<br \/> <strong>Antal anmeldelser:<\/strong> 15<br \/><a href=\"https:\/\/www.google.co.uk\/maps?cid=14451072102257024833&#038;hl=en&#038;gl=GB\" target=\"_new\" rel=\"noopener\">L\u00e6s anmeldelser<\/a><\/p>\n<h2>S\u00e5dan valgte vi de bedste Chertsey-spedit\u00f8rer<\/h2>\n<p>Vi startede med et datas\u00e6t p\u00e5 2 Chertsey speditionsfirmaer, som vi kunne finde via Google Maps, og indsn\u00e6vrede det til de 2 bedste.<\/p>\n<p>For at g\u00f8re dette fjernede vi alle virksomheder, der:<\/p>\n<ul>\n<li> Havde ingen hjemmeside<\/li>\n<li> Havde ingen anmeldelser<\/li>\n<li> Havde en gennemsnitlig anmeldelsesscore p\u00e5 under 2,0<\/li>\n<\/ul>\n<p>Hvis vi p\u00e5 dette tidspunkt havde 17 eller f\u00e6rre spedit\u00f8rer, listede vi dem alle.<\/p>\n<p>I de byer, hvor vi stod tilbage med mere end 17 spedit\u00f8rer, foretog vi yderligere \u00e6ndringer ved enten at \u00f8ge den kr\u00e6vede anmeldelsesscore (f.eks. fra minimum 2,0 til 4,0) og\/eller \u00f8ge det kr\u00e6vede minimumsantal anmeldelser (f.eks. fra mindst 1 anmeldelse til mindst 10).<\/p>\n<p>Bem\u00e6rk, at vi kun har brugt anmeldelsesdata fra Google Maps og ikke andre tredjepartswebsteder.<\/p>\n<p>Flere byer:<\/p>\n<p><a href=\"https:\/\/moverdb.com\/da\/speditor\/freight-forwarding-uk\/huntingdon-freight-forwarder\/\">Huntingdon Spedit\u00f8r<\/a><br \/><a href=\"https:\/\/moverdb.com\/da\/speditor\/freight-forwarding-uk\/hornchurch-freight-forwarder\/\">Hornchurch Spedit\u00f8r<\/a><br \/><a href=\"https:\/\/moverdb.com\/da\/speditor\/freight-forwarding-uk\/pontypridd-freight-forwarder\/\">Pontypridd Spedit\u00f8r<\/a><br \/><a href=\"https:\/\/moverdb.com\/da\/speditor\/freight-forwarding-uk\/shipley-freight-forwarder\/\">Shipley Spedit\u00f8r<\/a><br \/><a href=\"https:\/\/moverdb.com\/da\/speditor\/freight-forwarding-uk\/poole-freight-forwarder\/\">Poole Spedit\u00f8r<\/a><\/p>","protected":false},"excerpt":{"rendered":"<p>Below we look at the 2 &#8220;best&#8221; Freight Forwarding companies in Chertsey out of 2. To learn more about how we chose the best please consult our FAQ section at the end. Please not the following listings are in no particular order and we are not making any recommendations for any particular company. World Cargo [&hellip;]<\/p>\n","protected":false},"author":1,"featured_media":0,"parent":13427,"menu_order":0,"comment_status":"open","ping_status":"open","template":"","meta":{"_genesis_hide_title":false,"_genesis_hide_breadcrumbs":false,"_genesis_hide_singular_image":false,"_genesis_hide_footer_widgets":false,"_genesis_custom_body_class":"","_genesis_custom_post_class":"","_genesis_layout":"","footnotes":""},"class_list":{"0":"post-14084","1":"page","2":"type-page","3":"status-publish","5":"entry"},"_links":{"self":[{"href":"https:\/\/moverdb.com\/da\/wp-json\/wp\/v2\/pages\/14084","targetHints":{"allow":["GET"]}}],"collection":[{"href":"https:\/\/moverdb.com\/da\/wp-json\/wp\/v2\/pages"}],"about":[{"href":"https:\/\/moverdb.com\/da\/wp-json\/wp\/v2\/types\/page"}],"author":[{"embeddable":true,"href":"https:\/\/moverdb.com\/da\/wp-json\/wp\/v2\/users\/1"}],"replies":[{"embeddable":true,"href":"https:\/\/moverdb.com\/da\/wp-json\/wp\/v2\/comments?post=14084"}],"version-history":[{"count":1,"href":"https:\/\/moverdb.com\/da\/wp-json\/wp\/v2\/pages\/14084\/revisions"}],"predecessor-version":[{"id":15712,"href":"https:\/\/moverdb.com\/da\/wp-json\/wp\/v2\/pages\/14084\/revisions\/15712"}],"up":[{"embeddable":true,"href":"https:\/\/moverdb.com\/da\/wp-json\/wp\/v2\/pages\/13427"}],"wp:attachment":[{"href":"https:\/\/moverdb.com\/da\/wp-json\/wp\/v2\/media?parent=14084"}],"curies":[{"name":"wp","href":"https:\/\/api.w.org\/{rel}","templated":true}]}}