{"id":14043,"date":"2023-11-08T15:54:18","date_gmt":"2023-11-08T15:54:18","guid":{"rendered":"https:\/\/moverdb.com\/freight-forwarder\/freight-forwarding-uk\/wembley-freight-forwarder\/"},"modified":"2026-01-08T14:58:43","modified_gmt":"2026-01-08T14:58:43","slug":"wembley-freight-forwarder","status":"publish","type":"page","link":"https:\/\/moverdb.com\/da\/freight-forwarder\/freight-forwarding-uk\/wembley-freight-forwarder\/","title":{"rendered":"De 2 bedste speditionsfirmaer i Wembley (2024)"},"content":{"rendered":"<p>Nedenfor ser vi p\u00e5 de 2 <em>\"bedste\"<\/em> Speditionsfirmaer i Wembley ud af 8.<\/p>\n<p>Hvis du vil vide mere om, hvordan vi v\u00e6lger de bedste, kan du l\u00e6se vores FAQ-sektion til sidst.<\/p>\n<p><em>Bem\u00e6rk venligst, at f\u00f8lgende lister ikke er i nogen bestemt r\u00e6kkef\u00f8lge, og at vi ikke anbefaler nogen bestemt virksomhed.<\/em><\/p>\n<h2>Air Cargo Global Kenya (www.Kenya-AirCargo.com)<\/h2>\n<p><img decoding=\"async\" src=\"https:\/\/moverdb.com\/wp-content\/uploads\/AF1QipOJY_kDodVzmgJtYC-sWixwmPVY3CyvwDW6i-MZw426-h240-k-no.jpg\" alt='Air Cargo Global Kenya (www.Kenya-AirCargo.com)' class=\"aligncenter\"><\/p>\n<p><strong>Beskrivelse fra virksomheden: <\/strong>Hos Air Cargo Global <a href=\"https:\/\/moverdb.com\/da\/moving-companies\/moving-companies-kenya\/\" data-internallinksmanager029f6b8e52c=\"305\" title=\"4 bedste internationale flyttefirmaer i Kenya\">Kenya<\/a> Vi tilbyder en f\u00f8rende fragtservice til Kenya, som er omkostningseffektiv og sikker.<\/p>\n<p> Vi er stolte af at kunne tilbyde d\u00f8r til d\u00f8r-forsendelse til Kenya, uanset om du har brug for luftfragt eller s\u00f8fragt til dine personlige ejendele, online shopping, overskydende bagage eller kommerciel fragt.<\/p>\n<p>Vi tilbyder:<\/p>\n<p>Fragt til Kenya<br \/>\nFragt til Zimbabwe<br \/>\nFragt til Uganda<br \/>\nFragt til Somalia<br \/>\nFragt til Afrika<br \/>\nFragt til Rwanda<br \/>\nLuftfragt til Angola<br \/>\nLuftfragt til <a href=\"https:\/\/moverdb.com\/da\/moving-companies\/burkina-faso-moving-companies\/\" data-internallinksmanager029f6b8e52c=\"221\" title=\"Bedste internationale flyttefirmaer i Burkina Faso\">Burkina Faso<\/a><br \/>\nLuftfragt til Benin<br \/>\nLuftfragt til <a href=\"https:\/\/moverdb.com\/da\/moving-companies\/botswana-moving-companies\/\" data-internallinksmanager029f6b8e52c=\"167\" title=\"Bedste internationale flyttefirmaer i Botswana\">Botswana<\/a><br \/>\nLuftfragt til Den Centralafrikanske Republik<br \/>\nLuftfragt til Elfenbenskysten<br \/>\nLuftfragt til <a href=\"https:\/\/moverdb.com\/da\/moving-companies\/cameroon-moving-companies\/\" data-internallinksmanager029f6b8e52c=\"222\" title=\"Bedste internationale flyttefirmaer i Cameroun\">Cameroun<\/a><br \/>\nLuftfragt til <a href=\"https:\/\/moverdb.com\/da\/moving-companies\/algeria\/\" data-internallinksmanager029f6b8e52c=\"166\" title=\"3 bedste internationale flyttefirmaer i Algeriet\">Algeriet<\/a><br \/>\nLuftfragt til <a href=\"https:\/\/moverdb.com\/da\/moving-companies\/egypt-moving-companies\/\" data-internallinksmanager029f6b8e52c=\"200\" title=\"11 bedste internationale flyttefirmaer i Egypten\">Egypten<\/a><br \/>\nLuftfragt til Vestsahara<br \/>\nLuftfragt til <a href=\"https:\/\/moverdb.com\/da\/moving-companies\/moving-companies-ethiopia\/\" data-internallinksmanager029f6b8e52c=\"214\" title=\"5 bedste internationale flyttefirmaer i Etiopien\">Etiopien<\/a><br \/>\nLuftfragt til Gabon<br \/>\nLuftfragt til <a href=\"https:\/\/moverdb.com\/da\/moving-companies\/moving-companies-ghana\/\" data-internallinksmanager029f6b8e52c=\"228\" title=\"2 bedste internationale flyttefirmaer i Ghana\">Ghana<\/a><br \/>\nLuftfragt til Gambia<\/p>\n<p><strong>Yderligere tjenester:<\/strong><\/p>\n<p>Kurertjeneste<\/p>\n<p><strong>Adresse:<\/strong> Wembley Park Business Centre, Access, First Way, Wembley HA9 0JD<\/p>\n<p><a href=\"http:\/\/www.kenya-aircargo.com\/\" target=\"_new\" rel=\"noopener\">Air Cargo Global Kenyas (www.Kenya-AirCargo.com) hjemmeside<\/a><\/p>\n<p><strong>Bed\u00f8mmelse: <\/strong>4.3<br \/> <strong>Antal anmeldelser:<\/strong> 11<br \/><a href=\"https:\/\/www.google.co.uk\/maps?cid=18136524815790858633&#038;hl=en&#038;gl=GB\" target=\"_new\" rel=\"noopener\">L\u00e6s anmeldelser<\/a><\/p>\n<h2>Arab Africa Cargo Ltd (DHL Express, Fragt til Mellem\u00f8sten, Afrika )<\/h2>\n<p><img decoding=\"async\" src=\"https:\/\/moverdb.com\/wp-content\/uploads\/AF1QipMecEC7NKx9s8WtQBwD4kH-jRmke_zzboxdmd5-w648-h240-k-no.jpg\" alt='Arab Africa Cargo Ltd (DHL Express, Fragt til Mellem\u00f8sten, Afrika )' class=\"aligncenter\"><\/p>\n<p><strong>Beskrivelse fra virksomheden: <\/strong>Arab Africa cargo tilbyder hurtig og sikker luftfragt og DHL Express-services fra <a href=\"https:\/\/moverdb.com\/da\/moving-to-the-uk\/\" data-internallinksmanager029f6b8e52c=\"93\" title=\"Flytter du til Det Forenede Kongerige? 2022 Leveomkostninger og flyttetips\">UK<\/a> og Europa til Mellem\u00f8sten, Afrika, Asien og resten af verden.<\/p>\n<p> Vi tilbyder et fuldt inkluderende udvalg af tjenester p\u00e5 alle ruter, herunder ekspres og direkte.<\/p>\n<p> Men n\u00e5r tiden ikke tillader det, er vi ogs\u00e5 i stand til at tilbyde alternative l\u00f8sninger som udskudte og konsoliderede tjenester for at tilpasse omkostningerne til deadlines.<\/p>\n<p>Vi har hjulpet vores kunder med at flytte personligt og kommercielt gods, uanset om det er overskydende bagage eller paller via luftfragt til resten af verden.<\/p>\n<p>+442030027757<\/p>\n<p><strong>Yderligere tjenester:<\/strong><\/p>\n<p>Kurertjeneste<\/p>\n<p><strong>Adresse:<\/strong> Access Business Centre, First Way, Wembley HA9 0JD<\/p>\n<p><a href=\"http:\/\/arabafricacargo.com\/\" target=\"_new\" rel=\"noopener\">Arab Africa Cargo Ltd (DHL Express, Fragt til Mellem\u00f8sten, Afrika ) website<\/a><\/p>\n<p><strong>Bed\u00f8mmelse: <\/strong>4.5<br \/> <strong>Antal anmeldelser:<\/strong> 8<br \/><a href=\"https:\/\/www.google.co.uk\/maps?cid=2013360732440905948&#038;hl=en&#038;gl=GB\" target=\"_new\" rel=\"noopener\">L\u00e6s anmeldelser<\/a><\/p>\n<h2>S\u00e5dan valgte vi de bedste Wembley-spedit\u00f8rer<\/h2>\n<p>Vi startede med et datas\u00e6t p\u00e5 8 Wembley-spedit\u00f8rer, som vi kunne finde via Google Maps, og indsn\u00e6vrede det til de 2 bedste.<\/p>\n<p>For at g\u00f8re dette fjernede vi alle virksomheder, der:<\/p>\n<ul>\n<li> Havde ingen hjemmeside<\/li>\n<li> Havde ingen anmeldelser<\/li>\n<li> Havde en gennemsnitlig anmeldelsesscore p\u00e5 under 2,0<\/li>\n<\/ul>\n<p>Hvis vi p\u00e5 dette tidspunkt havde 17 eller f\u00e6rre spedit\u00f8rer, listede vi dem alle.<\/p>\n<p>I de byer, hvor vi stod tilbage med mere end 17 spedit\u00f8rer, foretog vi yderligere \u00e6ndringer ved enten at \u00f8ge den kr\u00e6vede anmeldelsesscore (f.eks. fra minimum 2,0 til 4,0) og\/eller \u00f8ge det kr\u00e6vede minimumsantal anmeldelser (f.eks. fra mindst 1 anmeldelse til mindst 10).<\/p>\n<p>Bem\u00e6rk, at vi kun har brugt anmeldelsesdata fra Google Maps og ikke andre tredjepartswebsteder.<\/p>\n<p>Flere byer:<\/p>\n<p><a href=\"https:\/\/moverdb.com\/da\/speditor\/freight-forwarding-uk\/hockley-freight-forwarder\/\">Hockley Spedit\u00f8r<\/a><br \/><a href=\"https:\/\/moverdb.com\/da\/speditor\/freight-forwarding-uk\/fareham-freight-forwarder\/\">Fareham Spedit\u00f8r<\/a><br \/><a href=\"https:\/\/moverdb.com\/da\/speditor\/freight-forwarding-uk\/normanton-freight-forwarder\/\">Normanton Spedit\u00f8r<\/a><br \/><a href=\"https:\/\/moverdb.com\/da\/speditor\/freight-forwarding-uk\/solihull-freight-forwarder\/\">Solihull Spedit\u00f8r<\/a><br \/><a href=\"https:\/\/moverdb.com\/da\/speditor\/freight-forwarding-uk\/cleckheaton-freight-forwarder\/\">Cleckheaton Spedit\u00f8r<\/a><\/p>","protected":false},"excerpt":{"rendered":"<p>Below we look at the 2 &#8220;best&#8221; Freight Forwarding companies in Wembley out of 8. To learn more about how we chose the best please consult our FAQ section at the end. Please not the following listings are in no particular order and we are not making any recommendations for any particular company. Air Cargo [&hellip;]<\/p>\n","protected":false},"author":1,"featured_media":0,"parent":13427,"menu_order":0,"comment_status":"open","ping_status":"open","template":"","meta":{"_genesis_hide_title":false,"_genesis_hide_breadcrumbs":false,"_genesis_hide_singular_image":false,"_genesis_hide_footer_widgets":false,"_genesis_custom_body_class":"","_genesis_custom_post_class":"","_genesis_layout":"","footnotes":""},"class_list":{"0":"post-14043","1":"page","2":"type-page","3":"status-publish","5":"entry"},"_links":{"self":[{"href":"https:\/\/moverdb.com\/da\/wp-json\/wp\/v2\/pages\/14043","targetHints":{"allow":["GET"]}}],"collection":[{"href":"https:\/\/moverdb.com\/da\/wp-json\/wp\/v2\/pages"}],"about":[{"href":"https:\/\/moverdb.com\/da\/wp-json\/wp\/v2\/types\/page"}],"author":[{"embeddable":true,"href":"https:\/\/moverdb.com\/da\/wp-json\/wp\/v2\/users\/1"}],"replies":[{"embeddable":true,"href":"https:\/\/moverdb.com\/da\/wp-json\/wp\/v2\/comments?post=14043"}],"version-history":[{"count":1,"href":"https:\/\/moverdb.com\/da\/wp-json\/wp\/v2\/pages\/14043\/revisions"}],"predecessor-version":[{"id":15756,"href":"https:\/\/moverdb.com\/da\/wp-json\/wp\/v2\/pages\/14043\/revisions\/15756"}],"up":[{"embeddable":true,"href":"https:\/\/moverdb.com\/da\/wp-json\/wp\/v2\/pages\/13427"}],"wp:attachment":[{"href":"https:\/\/moverdb.com\/da\/wp-json\/wp\/v2\/media?parent=14043"}],"curies":[{"name":"wp","href":"https:\/\/api.w.org\/{rel}","templated":true}]}}