{"id":14021,"date":"2023-11-08T15:53:54","date_gmt":"2023-11-08T15:53:54","guid":{"rendered":"https:\/\/moverdb.com\/freight-forwarder\/freight-forwarding-uk\/stockton-on-tees-freight-forwarder\/"},"modified":"2026-01-08T14:58:35","modified_gmt":"2026-01-08T14:58:35","slug":"stockton-on-tees-freight-forwarder","status":"publish","type":"page","link":"https:\/\/moverdb.com\/da\/freight-forwarder\/freight-forwarding-uk\/stockton-on-tees-freight-forwarder\/","title":{"rendered":"2 bedste Stockton-on-Tees speditionsfirmaer (2024)"},"content":{"rendered":"<p>Nedenfor ser vi p\u00e5 de 2 <em>\"bedste\"<\/em> Speditionsfirmaer i Stockton-on-Tees ud af 3.<\/p>\n<p>Hvis du vil vide mere om, hvordan vi v\u00e6lger de bedste, kan du l\u00e6se vores FAQ-sektion til sidst.<\/p>\n<p><em>Bem\u00e6rk venligst, at f\u00f8lgende lister ikke er i nogen bestemt r\u00e6kkef\u00f8lge, og at vi ikke anbefaler nogen bestemt virksomhed.<\/em><\/p>\n<h2>Angolcsomag<\/h2>\n<p><img decoding=\"async\" src=\"https:\/\/moverdb.com\/wp-content\/uploads\/AF1QipOryNSdITJEMO39398cLDQZD5hyDZ4CQCNdQFI6w458-h240-k-no.jpg\" alt='Angolcsomag' class=\"aligncenter\"><\/p>\n<p><strong>Beskrivelse fra virksomheden: <\/strong>Nemzetk\u00f6zi csomagsz\u00c3\u00a1ll\u00c3\u00a1t\u00c3\u00a1s, k\u00c3\u00b6lt\u00c3\u00b6ztet\u00c3\u00a9s \u00c3\u00a9s rakt\u00c3\u00a1roz\u00c3\u00a1s kedvez\u00c5' \u00c3\u00a1rakon.<\/p>\n<p> Ha egy olyan c\u00e9get keres, aki t\u00f6bb \u00c3\u00a9vtizedes tapasztalattal, probl\u00c3\u00a9mamentesen v\u00c3\u00a9gez csomagsz\u00c3\u00a1ll\u00c3t\u00c3\u00a1st, k\u00c3\u00b6lt\u00c3\u00b6ztet\u00c3\u00a9st, akkor ne keresg\u00c3\u00a9ljen tov\u00c3\u00a1bb, hiszen vel\u00c3\u00bcnk biztosra megy! K\u00e9rjen \u00c3\u00a1raj\u00c3\u00a1nlatot most! C\u00e9lunk az egym\u00c3\u00a1st\u00c3\u00b3l t\u00c3\u00a1vol\u00c3\u00a9l\u00c5' csal\u00c3\u00a1dtagok, ismer\u00c5's\u00c3\u00b6k \u00c3\u00b6sszek\u00c3\u00b6t\u00c3\u00a9se! Er du sikker p\u00e5, at det er en god id\u00e9 at tage til England, udlandet, Danmark, Belgien eller Holland? Megtal\u00c3\u00a1lta a megold\u00c3\u00a1st! Rugalmas megold\u00c3\u00a1sainkat az \u00c3-n ig\u00e9nyeihez szabtuk.<\/p>\n<p> Det er Magyarorsz\u00f3g Anglia egyik legkedveltebb csomagsz\u00c3\u00a1ll\u00c3t\u00c3\u00b3j\u00c3\u00a1t \u00c3\u00a9s k\u00c3\u00b6lt\u00c3\u00b6ztet\u00c5'j\u00c3\u00a9t!<\/p>\n<p><strong>Yderligere tjenester:<\/strong><\/p>\n<p>Ingen opf\u00f8rt p\u00e5 listen<\/p>\n<p><strong>Adresse:<\/strong> 19 Redbrook Ave, Stockton-on-Tees TS19 9HJ<\/p>\n<p><a href=\"https:\/\/angolcsomag.hu\/\" target=\"_new\" rel=\"noopener\">Angolcsomags hjemmeside<\/a><\/p>\n<p><strong>Bed\u00f8mmelse: <\/strong>4.3<br \/> <strong>Antal anmeldelser:<\/strong> 4<br \/><a href=\"https:\/\/www.google.co.uk\/maps?cid=4596175838503261878&#038;hl=en&#038;gl=GB\" target=\"_new\" rel=\"noopener\">L\u00e6s anmeldelser<\/a><\/p>\n<h2>Containerskibe<\/h2>\n<p><img decoding=\"async\" src=\"https:\/\/moverdb.com\/wp-content\/uploads\/AF1QipMdrVos0_oLG82D58BbnH2sl2pgOv0-e6dvJqXKw408-h544-k-no.jpg\" alt='Containerskibe' class=\"aligncenter\"><\/p>\n<p><strong>Beskrivelse fra virksomheden: <\/strong>Ingen angivet<\/p>\n<p><strong>Yderligere tjenester:<\/strong><\/p>\n<p>Ingen opf\u00f8rt p\u00e5 listen<\/p>\n<p><strong>Adresse:<\/strong> Haverton Hill Rd, Stockton-on-Tees TS23 1PS<\/p>\n<p><a href=\"http:\/\/www.containerships.eu\/\" target=\"_new\" rel=\"noopener\">Containerships hjemmeside<\/a><\/p>\n<p><strong>Bed\u00f8mmelse: <\/strong>4.3<br \/> <strong>Antal anmeldelser:<\/strong> 35<br \/><a href=\"https:\/\/www.google.co.uk\/maps?cid=21507042716909697&#038;hl=en&#038;gl=GB\" target=\"_new\" rel=\"noopener\">L\u00e6s anmeldelser<\/a><\/p>\n<h2>S\u00e5dan valgte vi de bedste Stockton-on-Tees speditionsfirmaer<\/h2>\n<p>Vi startede med et datas\u00e6t af 3 Stockton-on-Tees speditionsfirmaer, som vi kunne finde via Google Maps, og indsn\u00e6vrede det til de 2 bedste.<\/p>\n<p>For at g\u00f8re dette fjernede vi alle virksomheder, der:<\/p>\n<ul>\n<li> Havde ingen hjemmeside<\/li>\n<li> Havde ingen anmeldelser<\/li>\n<li> Havde en gennemsnitlig anmeldelsesscore p\u00e5 under 2,0<\/li>\n<\/ul>\n<p>Hvis vi p\u00e5 dette tidspunkt havde 17 eller f\u00e6rre spedit\u00f8rer, listede vi dem alle.<\/p>\n<p>I de byer, hvor vi stod tilbage med mere end 17 spedit\u00f8rer, foretog vi yderligere \u00e6ndringer ved enten at \u00f8ge den kr\u00e6vede anmeldelsesscore (f.eks. fra minimum 2,0 til 4,0) og\/eller \u00f8ge det kr\u00e6vede minimumsantal anmeldelser (f.eks. fra mindst 1 anmeldelse til mindst 10).<\/p>\n<p>Bem\u00e6rk, at vi kun har brugt anmeldelsesdata fra Google Maps og ikke andre tredjepartswebsteder.<\/p>\n<p>Flere byer:<\/p>\n<p><a href=\"https:\/\/moverdb.com\/da\/speditor\/freight-forwarding-uk\/middlesex-freight-forwarder\/\">Middlesex Spedit\u00f8r<\/a><br \/><a href=\"https:\/\/moverdb.com\/da\/speditor\/freight-forwarding-uk\/wisbech-freight-forwarder\/\">Wisbech Spedit\u00f8r<\/a><br \/><a href=\"https:\/\/moverdb.com\/da\/speditor\/freight-forwarding-uk\/east-cowes-freight-forwarder\/\">East Cowes Spedit\u00f8r<\/a><br \/><a href=\"https:\/\/moverdb.com\/da\/speditor\/freight-forwarding-uk\/bury-freight-forwarder\/\">Bury Spedit\u00f8r<\/a><br \/><a href=\"https:\/\/moverdb.com\/da\/speditor\/freight-forwarding-uk\/newcastle-upon-tyne-freight-forwarder\/\">Newcastle upon Tyne Spedit\u00f8r<\/a><\/p>","protected":false},"excerpt":{"rendered":"<p>Below we look at the 2 &#8220;best&#8221; Freight Forwarding companies in Stockton-on-Tees out of 3. To learn more about how we chose the best please consult our FAQ section at the end. Please not the following listings are in no particular order and we are not making any recommendations for any particular company. Angolcsomag Description [&hellip;]<\/p>\n","protected":false},"author":1,"featured_media":0,"parent":13427,"menu_order":0,"comment_status":"open","ping_status":"open","template":"","meta":{"_genesis_hide_title":false,"_genesis_hide_breadcrumbs":false,"_genesis_hide_singular_image":false,"_genesis_hide_footer_widgets":false,"_genesis_custom_body_class":"","_genesis_custom_post_class":"","_genesis_layout":"","footnotes":""},"class_list":{"0":"post-14021","1":"page","2":"type-page","3":"status-publish","5":"entry"},"_links":{"self":[{"href":"https:\/\/moverdb.com\/da\/wp-json\/wp\/v2\/pages\/14021","targetHints":{"allow":["GET"]}}],"collection":[{"href":"https:\/\/moverdb.com\/da\/wp-json\/wp\/v2\/pages"}],"about":[{"href":"https:\/\/moverdb.com\/da\/wp-json\/wp\/v2\/types\/page"}],"author":[{"embeddable":true,"href":"https:\/\/moverdb.com\/da\/wp-json\/wp\/v2\/users\/1"}],"replies":[{"embeddable":true,"href":"https:\/\/moverdb.com\/da\/wp-json\/wp\/v2\/comments?post=14021"}],"version-history":[{"count":1,"href":"https:\/\/moverdb.com\/da\/wp-json\/wp\/v2\/pages\/14021\/revisions"}],"predecessor-version":[{"id":15749,"href":"https:\/\/moverdb.com\/da\/wp-json\/wp\/v2\/pages\/14021\/revisions\/15749"}],"up":[{"embeddable":true,"href":"https:\/\/moverdb.com\/da\/wp-json\/wp\/v2\/pages\/13427"}],"wp:attachment":[{"href":"https:\/\/moverdb.com\/da\/wp-json\/wp\/v2\/media?parent=14021"}],"curies":[{"name":"wp","href":"https:\/\/api.w.org\/{rel}","templated":true}]}}